{"id":11042,"date":"2026-02-04T22:07:14","date_gmt":"2026-02-04T20:07:14","guid":{"rendered":"http:\/\/iif.gdu.edu.az\/?page_id=11042"},"modified":"2026-02-15T08:16:43","modified_gmt":"2026-02-15T06:16:43","slug":"idar%c9%99etm%c9%99-kafedrasi-kafedra-mudiri-akademik-hey%c9%99t-3","status":"publish","type":"page","link":"http:\/\/iif.gdu.edu.az\/?page_id=11042","title":{"rendered":"\u0130DAR\u018fETM\u018f KAFEDRASI-KAFEDRA M\u00dcD\u0130R\u0130-AKADEM\u0130K HEY\u018fT"},"content":{"rendered":"\n<ul class=\"wp-block-list\"><li><strong>Hal haz\u0131rda kafedrada 20 n\u0259f\u0259r professor-m\u00fc\u0259llim, 2 n\u0259f\u0259r t\u0259dris-k\u00f6m\u0259k\u00e7i hey\u0259ti \u00e7al\u0131\u015f\u0131r.<\/strong><\/li><\/ul>\n\n\n\n<p><strong><a href=\"https:\/\/iif.gdu.edu.az\/?page_id=11513\">\u0130qtisad \u00fczr\u0259 f\u0259ls\u0259f\u0259 doktoru, ba\u015f m\u00fc\u0259llim \u015e\u0259lal\u0259 Qnyaz q\u0131z\u0131 H\u0259s\u0259nova<\/a><\/strong><\/p>\n\n\n\n<p><a href=\"https:\/\/iif.gdu.edu.az\/?page_id=11526\">\u00ad\u00ad\u00ad\u00ad\u00ad\u00ad\u00ad\u00ad\u00ad\u00ad<strong>\u0130qtisad \u00fczr\u0259 f\u0259ls\u0259f\u0259 doktoru, ba\u015f m\u00fc\u0259llim H\u0259c\u0259r \u018fjd\u0259r q\u0131z\u0131 Orucova<\/strong><\/a><\/p>\n\n\n\n<p><strong><a href=\"https:\/\/iif.gdu.edu.az\/?page_id=11493\">Ba\u015f m\u00fc\u0259llim R\u0259hmiyy\u0259 Ramiz q\u0131z\u0131 \u0130brahimova<\/a><\/strong><\/p>\n\n\n\n<p><strong><a href=\"https:\/\/iif.gdu.edu.az\/?page_id=11657\">Ba\u015f m\u00fc\u0259llim S\u0259buhi \u0130dris o\u011flu Ramazanov<\/a><\/strong><\/p>\n\n\n\n<p><strong><a href=\"https:\/\/iif.gdu.edu.az\/?page_id=11640\">Ba\u015f m\u00fc\u0259llim Fuad Zakir o\u011flu Abbasov<\/a><\/strong><\/p>\n\n\n\n<p><strong><a href=\"https:\/\/iif.gdu.edu.az\/?page_id=11507\">M\u00fc\u0259llim Elnar\u0259 \u015eakir q\u0131z\u0131 \u0130slamova<\/a><\/strong><\/p>\n\n\n\n<p><strong><a href=\"https:\/\/iif.gdu.edu.az\/?page_id=11455\">M\u00fc\u0259llim Kubra Sahil q\u0131z\u0131 C\u0259f\u0259rova<\/a><\/strong><\/p>\n\n\n\n<p><strong><a href=\"https:\/\/iif.gdu.edu.az\/?page_id=11462\">M\u00fc\u0259llim K\u00f6n\u00fcl Nizami q\u0131z\u0131 Quliyeva<\/a><\/strong><\/p>\n\n\n\n<p><strong><a href=\"https:\/\/iif.gdu.edu.az\/?page_id=11487\">M\u00fc\u0259llim Ulduz El\u00e7in q\u0131z\u0131 Mehdiyeva<\/a><\/strong><\/p>\n\n\n\n<p><strong><a href=\"https:\/\/iif.gdu.edu.az\/?page_id=11468\">M\u00fc\u0259llim Lami\u0259 Oqtay q\u0131z\u0131 Babayeva<\/a><\/strong><\/p>\n\n\n\n<p><strong><a href=\"https:\/\/iif.gdu.edu.az\/?page_id=11480\">M\u00fc\u0259llim G\u00fcl\u00fcstan \u018frziman q\u0131z\u0131 F\u0259r\u0259cova<\/a><\/strong><\/p>\n\n\n\n<p><strong><a href=\"https:\/\/iif.gdu.edu.az\/?page_id=11500\">M\u00fc\u0259llim Aysu M\u0259tin q\u0131z\u0131 Pa\u015fayeva<\/a><\/strong><\/p>\n\n\n\n<p><strong><a href=\"https:\/\/iif.gdu.edu.az\/?page_id=11678\">M\u00fc\u0259llim \u00dclk\u0259r Sahib q\u0131z\u0131 Na\u011f\u0131yeva<\/a><\/strong><\/p>\n\n\n\n<p><strong><a href=\"https:\/\/iif.gdu.edu.az\/?page_id=11645\">M\u00fc\u0259llim Tural \u015eahin o\u011flu \u018fliyev<\/a><\/strong><\/p>\n\n\n\n<p><strong><a href=\"https:\/\/iif.gdu.edu.az\/?page_id=11532\">M\u00fc\u0259llim El\u015fad Abdulla o\u011flu F\u0259rzal\u0131yev<\/a><\/strong><\/p>\n\n\n\n<p><strong><a href=\"https:\/\/iif.gdu.edu.az\/?page_id=11519\">M\u00fc\u0259llim  Xaliq Xanlar o\u011flu Quliyev<\/a><\/strong><\/p>\n\n\n\n<p><strong><a href=\"https:\/\/iif.gdu.edu.az\/?page_id=11585\">M\u00fc\u0259llim Bayramov Yusif Elmar o\u011flu<\/a><\/strong><\/p>\n\n\n\n<p><strong><a href=\"https:\/\/iif.gdu.edu.az\/?page_id=11624\">M\u00fc\u0259llim Mustafa Oruc o\u011flu H\u00fcseynov<\/a><\/strong><\/p>\n\n\n\n<p><strong><a href=\"https:\/\/iif.gdu.edu.az\/?page_id=11651\">M\u00fc\u0259llim Kamil Ziyad o\u011flu C\u0259f\u0259rov<\/a><\/strong><\/p>\n\n\n\n<p><strong><a href=\"https:\/\/iif.gdu.edu.az\/?page_id=11663\">Laborant Z\u00fcleyxa Rafiq q\u0131z\u0131 V\u0259lizad\u0259<\/a><\/strong><\/p>\n\n\n\n<p><strong><a href=\"https:\/\/iif.gdu.edu.az\/?page_id=11669\">Laborant Ziba Ya\u015far q\u0131z\u0131 Rzayeva<\/a><\/strong><\/p>\n","protected":false},"excerpt":{"rendered":"<p>Hal haz\u0131rda kafedrada 20 n\u0259f\u0259r professor-m\u00fc\u0259llim, 2 n\u0259f\u0259r t\u0259dris-k\u00f6m\u0259k\u00e7i hey\u0259ti \u00e7al\u0131\u015f\u0131r. \u0130qtisad \u00fczr\u0259 f\u0259ls\u0259f\u0259 doktoru, ba\u015f m\u00fc\u0259llim \u015e\u0259lal\u0259 Qnyaz q\u0131z\u0131 H\u0259s\u0259nova \u00ad\u00ad\u00ad\u00ad\u00ad\u00ad\u00ad\u00ad\u00ad\u00ad\u0130qtisad \u00fczr\u0259 f\u0259ls\u0259f\u0259 doktoru, ba\u015f m\u00fc\u0259llim H\u0259c\u0259r \u018fjd\u0259r q\u0131z\u0131 Orucova Ba\u015f m\u00fc\u0259llim R\u0259hmiyy\u0259 Ramiz q\u0131z\u0131 \u0130brahimova Ba\u015f m\u00fc\u0259llim S\u0259buhi \u0130dris o\u011flu Ramazanov Ba\u015f m\u00fc\u0259llim Fuad Zakir o\u011flu Abbasov M\u00fc\u0259llim Elnar\u0259 \u015eakir q\u0131z\u0131 \u0130slamova M\u00fc\u0259llim [&hellip;]<\/p>\n","protected":false},"author":8,"featured_media":0,"parent":0,"menu_order":0,"comment_status":"closed","ping_status":"closed","template":"","meta":{"footnotes":""},"categories":[],"tags":[],"class_list":["post-11042","page","type-page","status-publish","hentry"],"_links":{"self":[{"href":"http:\/\/iif.gdu.edu.az\/index.php?rest_route=\/wp\/v2\/pages\/11042","targetHints":{"allow":["GET"]}}],"collection":[{"href":"http:\/\/iif.gdu.edu.az\/index.php?rest_route=\/wp\/v2\/pages"}],"about":[{"href":"http:\/\/iif.gdu.edu.az\/index.php?rest_route=\/wp\/v2\/types\/page"}],"author":[{"embeddable":true,"href":"http:\/\/iif.gdu.edu.az\/index.php?rest_route=\/wp\/v2\/users\/8"}],"replies":[{"embeddable":true,"href":"http:\/\/iif.gdu.edu.az\/index.php?rest_route=%2Fwp%2Fv2%2Fcomments&post=11042"}],"version-history":[{"count":22,"href":"http:\/\/iif.gdu.edu.az\/index.php?rest_route=\/wp\/v2\/pages\/11042\/revisions"}],"predecessor-version":[{"id":11692,"href":"http:\/\/iif.gdu.edu.az\/index.php?rest_route=\/wp\/v2\/pages\/11042\/revisions\/11692"}],"wp:attachment":[{"href":"http:\/\/iif.gdu.edu.az\/index.php?rest_route=%2Fwp%2Fv2%2Fmedia&parent=11042"}],"wp:term":[{"taxonomy":"category","embeddable":true,"href":"http:\/\/iif.gdu.edu.az\/index.php?rest_route=%2Fwp%2Fv2%2Fcategories&post=11042"},{"taxonomy":"post_tag","embeddable":true,"href":"http:\/\/iif.gdu.edu.az\/index.php?rest_route=%2Fwp%2Fv2%2Ftags&post=11042"}],"curies":[{"name":"wp","href":"https:\/\/api.w.org\/{rel}","templated":true}]}}