{"id":11157,"date":"2026-02-10T08:15:02","date_gmt":"2026-02-10T06:15:02","guid":{"rendered":"http:\/\/iif.gdu.edu.az\/?page_id=11157"},"modified":"2026-02-10T08:15:02","modified_gmt":"2026-02-10T06:15:02","slug":"kazimov-x%c9%99qani-ehtiram-2","status":"publish","type":"page","link":"http:\/\/iif.gdu.edu.az\/?page_id=11157","title":{"rendered":"Kaz\u0131mov X\u0259qani Ehtiram"},"content":{"rendered":"\n<p>\u0130qtisadiyyat kafedras\u0131n\u0131n m\u00fc\u0259llimi<\/p>\n","protected":false},"excerpt":{"rendered":"<p>\u0130qtisadiyyat kafedras\u0131n\u0131n m\u00fc\u0259llimi<\/p>\n","protected":false},"author":7,"featured_media":0,"parent":0,"menu_order":0,"comment_status":"closed","ping_status":"closed","template":"","meta":{"footnotes":""},"categories":[323],"tags":[],"class_list":["post-11157","page","type-page","status-publish","hentry","category-iqtisadiyyat-kafedrasi-akademik-heyt"],"_links":{"self":[{"href":"http:\/\/iif.gdu.edu.az\/index.php?rest_route=\/wp\/v2\/pages\/11157","targetHints":{"allow":["GET"]}}],"collection":[{"href":"http:\/\/iif.gdu.edu.az\/index.php?rest_route=\/wp\/v2\/pages"}],"about":[{"href":"http:\/\/iif.gdu.edu.az\/index.php?rest_route=\/wp\/v2\/types\/page"}],"author":[{"embeddable":true,"href":"http:\/\/iif.gdu.edu.az\/index.php?rest_route=\/wp\/v2\/users\/7"}],"replies":[{"embeddable":true,"href":"http:\/\/iif.gdu.edu.az\/index.php?rest_route=%2Fwp%2Fv2%2Fcomments&post=11157"}],"version-history":[{"count":1,"href":"http:\/\/iif.gdu.edu.az\/index.php?rest_route=\/wp\/v2\/pages\/11157\/revisions"}],"predecessor-version":[{"id":11161,"href":"http:\/\/iif.gdu.edu.az\/index.php?rest_route=\/wp\/v2\/pages\/11157\/revisions\/11161"}],"wp:attachment":[{"href":"http:\/\/iif.gdu.edu.az\/index.php?rest_route=%2Fwp%2Fv2%2Fmedia&parent=11157"}],"wp:term":[{"taxonomy":"category","embeddable":true,"href":"http:\/\/iif.gdu.edu.az\/index.php?rest_route=%2Fwp%2Fv2%2Fcategories&post=11157"},{"taxonomy":"post_tag","embeddable":true,"href":"http:\/\/iif.gdu.edu.az\/index.php?rest_route=%2Fwp%2Fv2%2Ftags&post=11157"}],"curies":[{"name":"wp","href":"https:\/\/api.w.org\/{rel}","templated":true}]}}