{"id":11162,"date":"2026-02-10T08:17:24","date_gmt":"2026-02-10T06:17:24","guid":{"rendered":"http:\/\/iif.gdu.edu.az\/?page_id=11162"},"modified":"2026-02-10T08:17:24","modified_gmt":"2026-02-10T06:17:24","slug":"iqtisadiyat-k","status":"publish","type":"page","link":"http:\/\/iif.gdu.edu.az\/?page_id=11162","title":{"rendered":"iqtisadiyat k"},"content":{"rendered":"\n<p><strong>G\u0259nc\u0259 D\u00f6vl\u0259t Universitetinin \u201cMenecment v\u0259 Turizm i\u015fi\u201d kafedras\u0131n\u0131n<\/strong><\/p>\n\n\n\n<p><strong>m\u00fc\u0259llimi<\/strong> <strong>H\u0259s\u0259nov Arzu N\u0259c\u0259f o\u011flu<\/strong><\/p>\n\n\n\n<figure class=\"wp-block-image size-large\"><img loading=\"lazy\" decoding=\"async\" width=\"876\" height=\"1004\" src=\"https:\/\/iif.gdu.edu.az\/wp-content\/uploads\/2026\/02\/WhatsApp-Image-2026-02-03-at-21.16.01-1.jpeg\" alt=\"\" class=\"wp-image-11164\" srcset=\"http:\/\/iif.gdu.edu.az\/wp-content\/uploads\/2026\/02\/WhatsApp-Image-2026-02-03-at-21.16.01-1.jpeg 876w, http:\/\/iif.gdu.edu.az\/wp-content\/uploads\/2026\/02\/WhatsApp-Image-2026-02-03-at-21.16.01-1-768x880.jpeg 768w\" sizes=\"auto, (max-width: 876px) 100vw, 876px\" \/><\/figure>\n\n\n\n<p><strong>&nbsp;&nbsp;&nbsp;&nbsp; QISA B\u0130OQRAF\u0130K M\u018fLUMAT<\/strong><\/p>\n\n\n\n<ul class=\"wp-block-list\"><li>08.08.1965-ci ild\u0259 &nbsp;G\u0259d\u0259b\u0259y rayonu, S\u00f6y\u00fcdl\u00fc k\u0259ndind\u0259 ziyal\u0131 ail\u0259sind\u0259 anadan olmu\u015fdur.<\/li><li>1982- ci ild\u0259 S\u00f6y\u00fcdl\u00fc k\u0259nd orta m\u0259kt\u0259bini bitirmi\u015fdir.<\/li><li>G\u0259nc\u0259 D\u00f6vl\u0259t Universitetinin &nbsp;&#8220;Menecment v\u0259 turizm i\u015fi&#8221; kafedras\u0131n\u0131n&nbsp;professor \u0259v\u0259zi<\/li><li><strong>Telefon:<\/strong> (050)&nbsp;340-80-41&nbsp;&nbsp;&nbsp;&nbsp;&nbsp;&nbsp;&nbsp;&nbsp;&nbsp;&nbsp;&nbsp;&nbsp;&nbsp;&nbsp;&nbsp;&nbsp;&nbsp;&nbsp;&nbsp;&nbsp;&nbsp;&nbsp;&nbsp;&nbsp;&nbsp;&nbsp;&nbsp;&nbsp;&nbsp;&nbsp;&nbsp;&nbsp;&nbsp;&nbsp;&nbsp;&nbsp;&nbsp;&nbsp;&nbsp;&nbsp;&nbsp;&nbsp;&nbsp;&nbsp;&nbsp;&nbsp;&nbsp;&nbsp;&nbsp;&nbsp;<\/li><li><strong>E-mail:&nbsp; <\/strong><a href=\"mailto:arzu_hasan@mail.ru\">arzu_hasan@mail.ru<\/a><\/li><\/ul>\n\n\n\n<p><strong>&nbsp;&nbsp;&nbsp;&nbsp; T\u018fHS\u0130L&nbsp; V\u018f ELM\u0130&nbsp; D\u018fR\u018fC\u018f V\u018f ELM\u0130 ADLARI<\/strong><\/p>\n\n\n\n<ul class=\"wp-block-list\"><li>1982-1990-c\u0131 ill\u0259rd\u0259 Az\u0259rbaycan Texnologiya \u0130nstitutunun&nbsp; \u201c\u0130ctimai ia\u015f\u0259n\u0259n t\u0259\u015fkili v\u0259 texnologiyas\u0131i\u201d ixtisas\u0131n\u0131 bitirmi\u015fdir.<\/li><li>1998-ci ild\u0259 dissertasiya m\u00fcdafi\u0259 ed\u0259r\u0259k texnika elml\u0259ri namiz\u0259di elmi d\u0259r\u0259c\u0259si alm\u0131\u015fd\u0131r.<\/li><li>2016-c\u0131 ild\u0259 dissertasiya m\u00fcdafi\u0259 ed\u0259r\u0259k iqtisad \u00fczr\u0259 elml\u0259r doktoru elmi d\u0259r\u0259c\u0259si alm\u0131\u015fd\u0131r.<\/li><\/ul>\n\n\n\n<ul class=\"wp-block-list\"><li><strong>\u018fM\u018fK&nbsp; F\u018fAL\u0130YY\u018fT\u0130<\/strong><\/li><li>1982-ci il G\u0259d\u0259b\u0259y r. Orconokidze ad\u0131na sovxozda f\u0259hl\u0259 kimi \u0259m\u0259k f\u0259aliyy\u0259tin\u0259 ba\u015flay\u0131b<\/li><li>1990-c\u0131 ild\u0259 Az\u0259rbaycan Texnologiya \u0130nstitutunda laboratoriya m\u00fcd\u00fcr\u00fc, 1999-2001-ci il\u0259rd\u0259 ba\u015f m\u00fc\u0259llim, 2001-2005-ci ill\u0259rd\u0259 kafedra m\u00fcd\u00fcr\u00fc, 2005-2015-ci ill\u0259rd\u0259 dekan, 2015-2016-c\u0131 ill\u0259rd\u0259 dosent i\u015fl\u0259mi\u015fdir.<\/li><li>&nbsp;2016 \u2013 c\u0131 ild\u0259n etibar\u0259n G\u0259nc\u0259 D\u00f6vl\u0259t Universitetinin \u201c\u0130dar\u0259etm\u0259\u201d kafedras\u0131n\u0131n dosenti v\u0259zif\u0259sind\u0259 \u00e7al\u0131\u015fm\u0131\u015fd\u0131r.<\/li><li>2019-cu ild\u0259n is\u0259 G\u0259nc\u0259 D\u00f6vl\u0259t Universitetinin \u201cMenecment v\u0259 Turizm i\u015fi\u201d kafedras\u0131nda professor \u0259v\u0259zi v\u0259zif\u0259sind\u0259 \u00e7al\u0131\u015f\u0131r.<\/li><\/ul>\n\n\n\n<ul class=\"wp-block-list\"><li><strong>ELM\u0130 \u018fS\u018fRL\u018fR\u0130<\/strong><strong>:<\/strong><strong><\/strong><\/li><li>138 elmi \u0259s\u0259rin m\u00fc\u0259llifidir.<\/li><\/ul>\n\n\n\n<ul class=\"wp-block-list\"><li><strong>B<\/strong><strong>EYNALXALQ V\u018f RESPUBL\u0130KA S\u0130MPOZ\u0130UM V\u018f KONFRANSLARDA \u0130\u015eT\u0130RAKI:<\/strong><\/li><li>32 beyn\u0259lxalq, yerli elmi konfransda, 2 elmi simpoziumda i\u015ftirak etmi\u015fdir.<\/li><\/ul>\n\n\n\n<ul class=\"wp-block-list\"><li><strong>D\u0130L B\u0130LG\u0130S\u0130:<\/strong><strong><\/strong><\/li><li>T\u00fcrk dili &#8211; s\u0259rb\u0259st, rus dili -\u0259la, ingilis dili \u2013 yax\u015f\u0131 s\u0259viyy\u0259d\u0259.<\/li><\/ul>\n\n\n\n<ul class=\"wp-block-list\"><li><strong>PART\u0130YALILI\u011eI :<\/strong><strong><\/strong><\/li><li>1999-cu ild\u0259n YAP&nbsp; \u00fczv\u00fcd\u00fcr.<\/li><\/ul>\n","protected":false},"excerpt":{"rendered":"<p>G\u0259nc\u0259 D\u00f6vl\u0259t Universitetinin \u201cMenecment v\u0259 Turizm i\u015fi\u201d kafedras\u0131n\u0131n m\u00fc\u0259llimi H\u0259s\u0259nov Arzu N\u0259c\u0259f o\u011flu &nbsp;&nbsp;&nbsp;&nbsp; QISA B\u0130OQRAF\u0130K M\u018fLUMAT 08.08.1965-ci ild\u0259 &nbsp;G\u0259d\u0259b\u0259y rayonu, S\u00f6y\u00fcdl\u00fc k\u0259ndind\u0259 ziyal\u0131 ail\u0259sind\u0259 anadan olmu\u015fdur. 1982- ci ild\u0259 S\u00f6y\u00fcdl\u00fc k\u0259nd orta m\u0259kt\u0259bini bitirmi\u015fdir. G\u0259nc\u0259 D\u00f6vl\u0259t Universitetinin &nbsp;&#8220;Menecment v\u0259 turizm i\u015fi&#8221; kafedras\u0131n\u0131n&nbsp;professor \u0259v\u0259zi Telefon: (050)&nbsp;340-80-41&nbsp;&nbsp;&nbsp;&nbsp;&nbsp;&nbsp;&nbsp;&nbsp;&nbsp;&nbsp;&nbsp;&nbsp;&nbsp;&nbsp;&nbsp;&nbsp;&nbsp;&nbsp;&nbsp;&nbsp;&nbsp;&nbsp;&nbsp;&nbsp;&nbsp;&nbsp;&nbsp;&nbsp;&nbsp;&nbsp;&nbsp;&nbsp;&nbsp;&nbsp;&nbsp;&nbsp;&nbsp;&nbsp;&nbsp;&nbsp;&nbsp;&nbsp;&nbsp;&nbsp;&nbsp;&nbsp;&nbsp;&nbsp;&nbsp;&nbsp; E-mail:&nbsp; arzu_hasan@mail.ru &nbsp;&nbsp;&nbsp;&nbsp; T\u018fHS\u0130L&nbsp; V\u018f ELM\u0130&nbsp; D\u018fR\u018fC\u018f V\u018f ELM\u0130 [&hellip;]<\/p>\n","protected":false},"author":8,"featured_media":0,"parent":0,"menu_order":0,"comment_status":"closed","ping_status":"closed","template":"","meta":{"footnotes":""},"categories":[323],"tags":[],"class_list":["post-11162","page","type-page","status-publish","hentry","category-iqtisadiyyat-kafedrasi-akademik-heyt"],"_links":{"self":[{"href":"http:\/\/iif.gdu.edu.az\/index.php?rest_route=\/wp\/v2\/pages\/11162","targetHints":{"allow":["GET"]}}],"collection":[{"href":"http:\/\/iif.gdu.edu.az\/index.php?rest_route=\/wp\/v2\/pages"}],"about":[{"href":"http:\/\/iif.gdu.edu.az\/index.php?rest_route=\/wp\/v2\/types\/page"}],"author":[{"embeddable":true,"href":"http:\/\/iif.gdu.edu.az\/index.php?rest_route=\/wp\/v2\/users\/8"}],"replies":[{"embeddable":true,"href":"http:\/\/iif.gdu.edu.az\/index.php?rest_route=%2Fwp%2Fv2%2Fcomments&post=11162"}],"version-history":[{"count":1,"href":"http:\/\/iif.gdu.edu.az\/index.php?rest_route=\/wp\/v2\/pages\/11162\/revisions"}],"predecessor-version":[{"id":11167,"href":"http:\/\/iif.gdu.edu.az\/index.php?rest_route=\/wp\/v2\/pages\/11162\/revisions\/11167"}],"wp:attachment":[{"href":"http:\/\/iif.gdu.edu.az\/index.php?rest_route=%2Fwp%2Fv2%2Fmedia&parent=11162"}],"wp:term":[{"taxonomy":"category","embeddable":true,"href":"http:\/\/iif.gdu.edu.az\/index.php?rest_route=%2Fwp%2Fv2%2Fcategories&post=11162"},{"taxonomy":"post_tag","embeddable":true,"href":"http:\/\/iif.gdu.edu.az\/index.php?rest_route=%2Fwp%2Fv2%2Ftags&post=11162"}],"curies":[{"name":"wp","href":"https:\/\/api.w.org\/{rel}","templated":true}]}}