{"id":354,"date":"2016-03-17T09:01:27","date_gmt":"2016-03-17T07:01:27","guid":{"rendered":"http:\/\/ii.gdu.edu.az\/?page_id=354"},"modified":"2025-05-14T11:26:32","modified_gmt":"2025-05-14T09:26:32","slug":"t%c9%99dris-isl%c9%99ri-uzr%c9%99-dekan-muavini-2","status":"publish","type":"page","link":"http:\/\/iif.gdu.edu.az\/?page_id=354","title":{"rendered":"T\u0259dris i\u015fl\u0259ri \u00fczr\u0259 dekan m\u00fcavini"},"content":{"rendered":"\n<figure class=\"wp-block-image size-large\"><img loading=\"lazy\" decoding=\"async\" width=\"2560\" height=\"1920\" src=\"http:\/\/iif.gdu.edu.az\/wp-content\/uploads\/2025\/05\/21933e06-c2be-489c-9be4-0b82b13fb5a6-scaled.jpg\" alt=\"\" class=\"wp-image-8122\" srcset=\"http:\/\/iif.gdu.edu.az\/wp-content\/uploads\/2025\/05\/21933e06-c2be-489c-9be4-0b82b13fb5a6-scaled.jpg 2560w, http:\/\/iif.gdu.edu.az\/wp-content\/uploads\/2025\/05\/21933e06-c2be-489c-9be4-0b82b13fb5a6-768x576.jpg 768w, http:\/\/iif.gdu.edu.az\/wp-content\/uploads\/2025\/05\/21933e06-c2be-489c-9be4-0b82b13fb5a6-1536x1152.jpg 1536w, http:\/\/iif.gdu.edu.az\/wp-content\/uploads\/2025\/05\/21933e06-c2be-489c-9be4-0b82b13fb5a6-2048x1536.jpg 2048w, http:\/\/iif.gdu.edu.az\/wp-content\/uploads\/2025\/05\/21933e06-c2be-489c-9be4-0b82b13fb5a6-960x720.jpg 960w, http:\/\/iif.gdu.edu.az\/wp-content\/uploads\/2025\/05\/21933e06-c2be-489c-9be4-0b82b13fb5a6-480x360.jpg 480w, http:\/\/iif.gdu.edu.az\/wp-content\/uploads\/2025\/05\/21933e06-c2be-489c-9be4-0b82b13fb5a6-320x240.jpg 320w, http:\/\/iif.gdu.edu.az\/wp-content\/uploads\/2025\/05\/21933e06-c2be-489c-9be4-0b82b13fb5a6-240x180.jpg 240w\" sizes=\"auto, (max-width: 2560px) 100vw, 2560px\" \/><\/figure>\n\n\n\n<h2 class=\"wp-block-heading\">C\u0259f\u0259rov Mustafa \u015eahin o\u011flu<\/h2>\n\n\n\n<h4 class=\"wp-block-heading\">m\u00fc\u0259llim <\/h4>\n\n\n\n<p>\u0259laq\u0259 telefonu: 055 568 0668                                                                                                           <\/p>\n\n\n\n<p>e-mail: mustafaceferov@gmail.com                                                                                                                                                                           .            mustafa.ceferov@gdu.edu.az<\/p>\n\n\n\n<p>07.08.1992-ci ild\u0259 G\u0259nc\u0259 \u015f\u0259h\u0259rind\u0259 anadan olmu\u015fdur.<\/p>\n\n\n\n<p>1999-2010 &#8211; cu ill\u0259rd\u0259 G\u0259nc\u0259 \u015f\u0259h\u0259r M.P.Vaqif ad\u0131na 8 sayl\u0131 orta m\u0259kt\u0259bd\u0259 t\u0259hsil alm\u0131\u015fd\u0131r<\/p>\n\n\n\n<p>2010-2014-c\u00fc ill\u0259rd\u0259 G\u0259nc\u0259 D\u00f6vl\u0259t Universitetinin D\u00f6vl\u0259t v\u0259 b\u0259l\u0259diyy\u0259 idar\u0259etm\u0259si ixtisas\u0131 \u00fczr\u0259 bakalavr t\u0259hsili alm\u0131\u015fd\u0131r<\/p>\n\n\n\n<p>2014-2015-ci ill\u0259rd\u0259 h\u0259rbi xidm\u0259td\u0259 olmu\u015fdur.<\/p>\n\n\n\n<p>2015-2017-ci ill\u0259rd\u0259 Menecment (sah\u0259l\u0259r \u00fczr\u0259) ixtisas\u0131 \u00fczr\u0259 magistratura pill\u0259sind\u0259 t\u0259hsil alm\u0131\u015f v\u0259 h\u0259min ixtisas\u0131 f\u0259rql\u0259nm\u0259 diplomu il\u0259 bitirmi\u015fdir.<\/p>\n\n\n\n<p>2018-ci ild\u0259n \u0130qtisadiyyat kafedras\u0131nda m\u00fc\u0259llim v\u0259zif\u0259sind\u0259 \u00e7al\u0131\u015f\u0131r.<\/p>\n\n\n\n<p>2018-2022-ci ill\u0259rd\u0259 \u0130qtisadiyyat v\u0259 idar\u0259etm\u0259 fak\u00fclt\u0259sind\u0259 M\u00fchasibat ixtisaslar\u0131nda tyutor kimi f\u0259aliyy\u0259t g\u00f6st\u0259rmi\u015fdir.<\/p>\n\n\n\n<p>2022-ci ild\u0259n \u0130qtisadiyyat v\u0259 idar\u0259etm\u0259 fak\u00fclt\u0259sind\u0259 t\u0259dris i\u015fl\u0259ri \u00fczr\u0259 dekan m\u00fcavini v\u0259zif\u0259sind\u0259 i\u015fl\u0259yir.<\/p>\n\n\n\n<p>Ail\u0259lidir. 2 \u00f6vlad\u0131 var.<\/p>\n","protected":false},"excerpt":{"rendered":"<p>C\u0259f\u0259rov Mustafa \u015eahin o\u011flu m\u00fc\u0259llim \u0259laq\u0259 telefonu: 055 568 0668 e-mail: mustafaceferov@gmail.com . mustafa.ceferov@gdu.edu.az 07.08.1992-ci ild\u0259 G\u0259nc\u0259 \u015f\u0259h\u0259rind\u0259 anadan olmu\u015fdur. 1999-2010 &#8211; cu ill\u0259rd\u0259 G\u0259nc\u0259 \u015f\u0259h\u0259r M.P.Vaqif ad\u0131na 8 sayl\u0131 orta m\u0259kt\u0259bd\u0259 t\u0259hsil alm\u0131\u015fd\u0131r 2010-2014-c\u00fc ill\u0259rd\u0259 G\u0259nc\u0259 D\u00f6vl\u0259t Universitetinin D\u00f6vl\u0259t v\u0259 b\u0259l\u0259diyy\u0259 idar\u0259etm\u0259si ixtisas\u0131 \u00fczr\u0259 bakalavr t\u0259hsili alm\u0131\u015fd\u0131r 2014-2015-ci ill\u0259rd\u0259 h\u0259rbi xidm\u0259td\u0259 olmu\u015fdur. 2015-2017-ci ill\u0259rd\u0259 [&hellip;]<\/p>\n","protected":false},"author":1,"featured_media":0,"parent":0,"menu_order":0,"comment_status":"closed","ping_status":"closed","template":"","meta":{"footnotes":""},"categories":[19],"tags":[],"class_list":["post-354","page","type-page","status-publish","hentry","category-dekanliq"],"_links":{"self":[{"href":"http:\/\/iif.gdu.edu.az\/index.php?rest_route=\/wp\/v2\/pages\/354","targetHints":{"allow":["GET"]}}],"collection":[{"href":"http:\/\/iif.gdu.edu.az\/index.php?rest_route=\/wp\/v2\/pages"}],"about":[{"href":"http:\/\/iif.gdu.edu.az\/index.php?rest_route=\/wp\/v2\/types\/page"}],"author":[{"embeddable":true,"href":"http:\/\/iif.gdu.edu.az\/index.php?rest_route=\/wp\/v2\/users\/1"}],"replies":[{"embeddable":true,"href":"http:\/\/iif.gdu.edu.az\/index.php?rest_route=%2Fwp%2Fv2%2Fcomments&post=354"}],"version-history":[{"count":21,"href":"http:\/\/iif.gdu.edu.az\/index.php?rest_route=\/wp\/v2\/pages\/354\/revisions"}],"predecessor-version":[{"id":8123,"href":"http:\/\/iif.gdu.edu.az\/index.php?rest_route=\/wp\/v2\/pages\/354\/revisions\/8123"}],"wp:attachment":[{"href":"http:\/\/iif.gdu.edu.az\/index.php?rest_route=%2Fwp%2Fv2%2Fmedia&parent=354"}],"wp:term":[{"taxonomy":"category","embeddable":true,"href":"http:\/\/iif.gdu.edu.az\/index.php?rest_route=%2Fwp%2Fv2%2Fcategories&post=354"},{"taxonomy":"post_tag","embeddable":true,"href":"http:\/\/iif.gdu.edu.az\/index.php?rest_route=%2Fwp%2Fv2%2Ftags&post=354"}],"curies":[{"name":"wp","href":"https:\/\/api.w.org\/{rel}","templated":true}]}}