{"id":366,"date":"2022-04-20T09:18:25","date_gmt":"2022-04-20T07:18:25","guid":{"rendered":"http:\/\/ii.gdu.edu.az\/?page_id=366"},"modified":"2022-05-13T09:11:21","modified_gmt":"2022-05-13T07:11:21","slug":"muhazir%c9%99l%c9%99r","status":"publish","type":"page","link":"http:\/\/iif.gdu.edu.az\/?page_id=366","title":{"rendered":"M\u00fchazir\u0259 m\u0259tnl\u0259ri"},"content":{"rendered":"\n<ol class=\"wp-block-list\"><li><a href=\"https:\/\/drive.google.com\/file\/d\/1wHLw3RR0zHc8wc_V3cg212G5RX1NKcgn\/view?usp=drivesdk\">Antibohranli idar\u0259etm\u0259<\/a><\/li><li><a href=\"https:\/\/drive.google.com\/file\/d\/1lNfDrIoPkoPnVHlxz35bs85R2nE2-MmB\/view?usp=drivesdk\">Bank i\u015fi<\/a><\/li><li><a href=\"https:\/\/drive.google.com\/file\/d\/1_5vRSZbT1hsinuk40jWOSiGxwESBgbij\/view?usp=drivesdk\">Beyn\u0259lxalq biznes<\/a><\/li><li><a href=\"https:\/\/drive.google.com\/file\/d\/1F0TnAJil7j-0-i3SRtGr3Xnczrg5W14V\/view?usp=drivesdk\">Biznes etikas\u0131<\/a><\/li><li><a href=\"https:\/\/drive.google.com\/file\/d\/1iPfZURySpwAkovqZyYV0ex_ltfnozhZE\/view?usp=drivesdk\">Biznes riyaziyyat\u0131<\/a><\/li><li><a href=\"https:\/\/drive.google.com\/file\/d\/132a31mGBtxmc5Y5CjLAiG4Du1q7RHRxD\/view?usp=drivesdk\">biznes t\u0259hl\u00fck\u0259sizliyi<\/a><\/li><li><a href=\"https:\/\/drive.google.com\/file\/d\/1gPd28txBdj7yeem00H9XD2swP5_VHaTg\/view?usp=drivesdk\">Dovl\u0259t v\u0259 b\u0259l\u0259diyy\u0259 idar\u0259etm\u0259si<\/a><\/li><li><a href=\"https:\/\/drive.google.com\/file\/d\/1qsarStiFsdVQtEUgqYRPThan3vBm3EU3\/view?usp=drivesdk\">D\u00f6vl\u0259t idar\u0259\u00e7ilik n\u0259z\u0259riyy\u0259si<\/a><\/li><li><a href=\"https:\/\/drive.google.com\/file\/d\/1R2jmAkyqFA4u4kKzw2F3rHmoCubDjCF5\/view?usp=drivesdk\">D\u00f6vl\u0259t qullu\u011funun etikas\u0131<\/a><\/li><li><a href=\"https:\/\/drive.google.com\/file\/d\/1gsdHaFn7YS4UOWbltXhE0RjIBheciHqz\/view?usp=drivesdk\">Ekonometrika<\/a><\/li><li><a href=\"https:\/\/drive.google.com\/file\/d\/1lWl7Oy0pG74xRF2xBW0p0NJj2ogRhcea\/view?usp=drivesdk\">G\u00f6mr\u00fck i\u015fi<\/a><\/li><li><a href=\"https:\/\/drive.google.com\/file\/d\/1VWOGjEBzfMjuIN9PI8exbgtKIgTs0JT-\/view?usp=drivesdk\">\u0130ctimaiyy\u0259tl\u0259 \u0259laq\u0259<\/a><\/li><li><a href=\"https:\/\/drive.google.com\/file\/d\/1MUxxVvfn6MG-KYcTEguiFrPXBH0QX-s2\/view?usp=drivesdk\">i\u015fg\u00fczar yaz\u0131\u015fmalar<\/a><\/li><li><a href=\"https:\/\/drive.google.com\/file\/d\/1-yPbGpy4SO2P04mfY-KQriy1Q4HJsZtx\/view?usp=drivesdk\">Regional idar\u0259etm\u0259<\/a><\/li><li><a href=\"https:\/\/drive.google.com\/file\/d\/1mIXCjMih1YaEE_88EgOhy-ixPTheudCf\/view?usp=drivesdk\">R\u0259qab\u0259t v\u0259 riskin idar\u0259 edilm\u0259si<\/a><\/li><li><a href=\"https:\/\/drive.google.com\/file\/d\/1Dc0TPBPeMb_HTcFvtmp_Pex4LfxJRWTU\/view?usp=drivesdk\">Sosial m\u0259d\u0259ni sah\u0259l\u0259rin iqtisadiyyati<\/a><\/li><li><a href=\"https:\/\/drive.google.com\/file\/d\/1sCVcpbNjLZgMp6XdPzBnSi3Bkx9z8Qvh\/view?usp=drivesdk\">Statistika<\/a><\/li><li><a href=\"https:\/\/drive.google.com\/file\/d\/1atfhdEF47_bmVG5H35uij11-88M5sUXT\/view?usp=drivesdk\">Strateji planla\u015fd\u0131rma<\/a><\/li><\/ol>\n\n\n\n<p class=\"has-large-font-size\"><strong>Yaz\u0131l\u0131 imtahan suallar\u0131<\/strong><\/p>\n\n\n\n<ol class=\"wp-block-list\"><li><a href=\"https:\/\/docs.google.com\/document\/d\/1sTq6OP_LBL9D0vF8tvwthVt7DWLC5EhV\/edit?usp=sharing&amp;ouid=100915223740419504207&amp;rtpof=true&amp;sd=true\">Mikroiqtisadiyyat<\/a> (yaln\u0131z D\u00f6vl\u0259t v\u0259 b\u0259l\u0259diyy\u0259 idar\u0259etm\u0259si I kurs \u00fc\u00e7\u00fcn)<\/li><li><a href=\"https:\/\/docs.google.com\/document\/d\/1AISr6Oh8pSwW1Tx7w90iybPCe7vzgeeG\/edit?usp=sharing&amp;ouid=100915223740419504207&amp;rtpof=true&amp;sd=true\">Biznesin \u0259saslar\u0131<\/a><\/li><li><a href=\"https:\/\/docs.google.com\/document\/d\/1mbucjTbGyJRxYe17sv6niwx_Rj8vbObF\/edit?usp=sharing&amp;ouid=100915223740419504207&amp;rtpof=true&amp;sd=true\">\u0130qtisadi h\u00fcquq<\/a><\/li><li><a href=\"https:\/\/docs.google.com\/document\/d\/1DPklc6fVPCf6dPxPAIVODWylo1Usqo00\/edit?usp=sharing&amp;ouid=100915223740419504207&amp;rtpof=true&amp;sd=true\">\u0130qtisadi t\u0259hl\u00fck\u0259sizlik<\/a><\/li><li><a href=\"https:\/\/docs.google.com\/document\/d\/1p_Zfl--iVzTi5ZR3tnhq72CEMsFjyBa4\/edit?usp=sharing&amp;ouid=100915223740419504207&amp;rtpof=true&amp;sd=true\">Sosial &#8211; iqtisadi statistika<\/a><\/li><li><a href=\"https:\/\/docs.google.com\/document\/d\/1oWqrJ7EegHvwM5qSo2KVBixlCaHFw4Ui\/edit?usp=sharing&amp;ouid=100915223740419504207&amp;rtpof=true&amp;sd=true\">Turizmd\u0259 n\u0259qliyyat xidm\u0259ti<\/a><\/li><li><a href=\"https:\/\/docs.google.com\/document\/d\/1cYjzOE7u4jT9VdYTjFAUGso5i9qXdarb\/edit?usp=sharing&amp;ouid=100915223740419504207&amp;rtpof=true&amp;sd=true\">Turizmin x\u00fcsusi n\u00f6vl\u0259ri<\/a><\/li><li><a href=\"https:\/\/docs.google.com\/document\/d\/1VfjkUaozNxeDfGltY26HJ-2jqvWZRN6U\/edit?usp=sharing&amp;ouid=100915223740419504207&amp;rtpof=true&amp;sd=true\">Vergil\u0259r v\u0259 vergitutma<\/a><\/li><li><a href=\"https:\/\/docs.google.com\/document\/d\/13vLiI0e1f6PMPccPiZXGnN7YbnaloxWX\/edit?usp=sharing&amp;ouid=100915223740419504207&amp;rtpof=true&amp;sd=true\">Ekskursiyalarda \u0259yl\u0259nc\u0259 i\u015finin t\u0259\u015fkili<\/a><\/li><li><a href=\"https:\/\/docs.google.com\/document\/d\/1FbA4z72KS_q6JjrjfM3EaCdP0W2FtPLR\/edit?usp=sharing&amp;ouid=100915223740419504207&amp;rtpof=true&amp;sd=true\">Turizm h\u00fcququ<\/a><\/li><li><a href=\"https:\/\/docs.google.com\/document\/d\/1Hy-LLX3bDhyL6koPRpzVkzDK2PzrTz59\/edit?usp=sharing&amp;ouid=100915223740419504207&amp;rtpof=true&amp;sd=true\">\u0130nsan resurslar\u0131n\u0131n idar\u0259 edilm\u0259si<\/a><\/li><\/ol>\n\n\n\n<p><\/p>\n","protected":false},"excerpt":{"rendered":"<p>Antibohranli idar\u0259etm\u0259 Bank i\u015fi Beyn\u0259lxalq biznes Biznes etikas\u0131 Biznes riyaziyyat\u0131 biznes t\u0259hl\u00fck\u0259sizliyi Dovl\u0259t v\u0259 b\u0259l\u0259diyy\u0259 idar\u0259etm\u0259si D\u00f6vl\u0259t idar\u0259\u00e7ilik n\u0259z\u0259riyy\u0259si D\u00f6vl\u0259t qullu\u011funun etikas\u0131 Ekonometrika G\u00f6mr\u00fck i\u015fi \u0130ctimaiyy\u0259tl\u0259 \u0259laq\u0259 i\u015fg\u00fczar yaz\u0131\u015fmalar Regional idar\u0259etm\u0259 R\u0259qab\u0259t v\u0259 riskin idar\u0259 edilm\u0259si Sosial m\u0259d\u0259ni sah\u0259l\u0259rin iqtisadiyyati Statistika Strateji planla\u015fd\u0131rma Yaz\u0131l\u0131 imtahan suallar\u0131 Mikroiqtisadiyyat (yaln\u0131z D\u00f6vl\u0259t v\u0259 b\u0259l\u0259diyy\u0259 idar\u0259etm\u0259si I kurs \u00fc\u00e7\u00fcn) [&hellip;]<\/p>\n","protected":false},"author":5,"featured_media":0,"parent":0,"menu_order":0,"comment_status":"closed","ping_status":"closed","template":"","meta":{"footnotes":""},"categories":[19],"tags":[],"class_list":["post-366","page","type-page","status-publish","hentry","category-dekanliq"],"_links":{"self":[{"href":"http:\/\/iif.gdu.edu.az\/index.php?rest_route=\/wp\/v2\/pages\/366","targetHints":{"allow":["GET"]}}],"collection":[{"href":"http:\/\/iif.gdu.edu.az\/index.php?rest_route=\/wp\/v2\/pages"}],"about":[{"href":"http:\/\/iif.gdu.edu.az\/index.php?rest_route=\/wp\/v2\/types\/page"}],"author":[{"embeddable":true,"href":"http:\/\/iif.gdu.edu.az\/index.php?rest_route=\/wp\/v2\/users\/5"}],"replies":[{"embeddable":true,"href":"http:\/\/iif.gdu.edu.az\/index.php?rest_route=%2Fwp%2Fv2%2Fcomments&post=366"}],"version-history":[{"count":151,"href":"http:\/\/iif.gdu.edu.az\/index.php?rest_route=\/wp\/v2\/pages\/366\/revisions"}],"predecessor-version":[{"id":5595,"href":"http:\/\/iif.gdu.edu.az\/index.php?rest_route=\/wp\/v2\/pages\/366\/revisions\/5595"}],"wp:attachment":[{"href":"http:\/\/iif.gdu.edu.az\/index.php?rest_route=%2Fwp%2Fv2%2Fmedia&parent=366"}],"wp:term":[{"taxonomy":"category","embeddable":true,"href":"http:\/\/iif.gdu.edu.az\/index.php?rest_route=%2Fwp%2Fv2%2Fcategories&post=366"},{"taxonomy":"post_tag","embeddable":true,"href":"http:\/\/iif.gdu.edu.az\/index.php?rest_route=%2Fwp%2Fv2%2Ftags&post=366"}],"curies":[{"name":"wp","href":"https:\/\/api.w.org\/{rel}","templated":true}]}}