{"id":372,"date":"2016-03-17T09:22:07","date_gmt":"2016-03-17T07:22:07","guid":{"rendered":"http:\/\/ii.gdu.edu.az\/?page_id=372"},"modified":"2026-02-17T19:11:58","modified_gmt":"2026-02-17T17:11:58","slug":"professor-dasd%c9%99mir-isayev","status":"publish","type":"page","link":"http:\/\/iif.gdu.edu.az\/?page_id=372","title":{"rendered":"KAFEDRA M\u00dcD\u0130R\u0130"},"content":{"rendered":"\n<figure class=\"wp-block-image size-large is-resized\"><img loading=\"lazy\" decoding=\"async\" src=\"https:\/\/iif.gdu.edu.az\/wp-content\/uploads\/2026\/02\/ZK.png\" alt=\"\" class=\"wp-image-11719\" width=\"403\" height=\"556\"\/><\/figure>\n\n\n\n<p><strong>QISA B\u0130OQRAF\u0130K M\u018fLUMAT<\/strong>:<\/p>\n\n\n\n<p><strong>Zakir Tal\u0131b o\u011flu \u018fhm\u0259dov&nbsp;<\/strong>\u2013 \u201c\u0130qtisadiyyat\u201d kafedras\u0131n\u0131n m\u00fcdiri, iqtisad \u00fczr\u0259 f\u0259ls\u0259f\u0259 doktoru, dosent<\/p>\n\n\n\n<p>1953-c\u00fc ilin mart ay\u0131n\u0131n 19- da Tovuz rayonunun A\u011fdam k\u0259ndind\u0259 anadan olmu\u015fdur.<\/p>\n\n\n\n<p><strong>Telefon:<\/strong>&nbsp;055-311-06-56<\/p>\n\n\n\n<p><strong>&nbsp;E-mail:&nbsp;<\/strong>ahmedov53@bk.ru<\/p>\n\n\n\n<p><strong>T\u018fHS\u0130L\u0130,&nbsp;ELM\u0130&nbsp; D\u018fR\u018fC\u018fS\u0130 V\u018f ELM\u0130 ADLARI<\/strong>:<\/p>\n\n\n\n<p>1971- ci ild\u0259 Tovuz rayonunun A.S.Pu\u015fkin ad\u0131na orta m\u0259kt\u0259bi bitirib v\u0259 h\u0259min ild\u0259 Bak\u0131 Maliyy\u0259 &#8211; kredit texnikumunun \u201cM\u00fchasibat u\u00e7otu\u201d ixtisas\u0131na daxil olub. <\/p>\n\n\n\n<p>1973- c\u00fc ild\u0259 h\u0259min texnikumu bitirib v\u0259 t\u0259yinatla Rusiya Federasiyas\u0131n\u0131n Perm \u015f\u0259h\u0259ri neftay\u0131rma zavoduna m\u00fchasib kimi i\u015fl\u0259m\u0259y\u0259 g\u00f6nd\u0259rilmi\u015fdir. 1973-1975\u00a0-ci ill\u0259rd\u0259 ordu s\u0131ralar\u0131nda h\u0259rbi xidm\u0259td\u0259 olmu\u015fdur. <\/p>\n\n\n\n<p>1976-c\u0131 ild\u0259 haz\u0131rki Az\u0259rbaycan D\u00f6vl\u0259t \u0130qtisad Universitetinin \u201cXalq t\u0259s\u0259rr\u00fcfat\u0131n\u0131n iqtisadiyyat\u0131 v\u0259 planla\u015fd\u0131r\u0131lmas\u0131\u201d ixtisas\u0131na q\u0259bul olub v\u0259 1980-ci ild\u0259 h\u0259min universiteti m\u00fcv\u0259ff\u0259qiyy\u0259tl\u0259 bitirib.<\/p>\n\n\n\n<p><strong>\u018fM\u018fK&nbsp; F\u018fAL\u0130YY\u018fT\u0130<\/strong>:<\/p>\n\n\n\n<p>T\u0259yinatla o d\u00f6v\u00fcrki Kirovobad \u015f\u0259h\u0259r \u0130craiyy\u0259 Komit\u0259sinin \u00a0plan \u00a0Komissiyas\u0131na \u00a0iqtisad\u00e7\u0131 kimi i\u015fl\u0259m\u0259y\u0259 g\u00f6nd\u0259rilmi\u015fdir. <\/p>\n\n\n\n<p>1980 -1983 -c\u00fc ill\u0259rd\u0259 orada iqtisad\u00e7\u0131 kimi \u00e7al\u0131\u015f\u0131b v\u0259 1983-c\u00fc ilin sentyabr ay\u0131ndan m\u00fcsabiq\u0259 yolu il\u0259 ke\u00e7\u0259r\u0259k indiki Az\u0259rbaycan D\u00f6vl\u0259t Aqrar Universitetinin Aqrar iqtisadiyyat fak\u00fclt\u0259sind\u0259 assisent kimi \u00e7al\u0131\u015fma\u011fa ba\u015flam\u0131\u015fd\u0131r.<\/p>\n\n\n\n<p>1990-c\u0131 ilin dekabr ay\u0131nda Az\u0259rbaycan Milli Elml\u0259r Akademiyas\u0131n\u0131n \u0130qtisadiyyat Elmi T\u0259dqiqat \u0130nstitutunda iqtisadiyyat \u00fczr\u0259 namiz\u0259dlik dissertasiyas\u0131n\u0131 m\u00fcdafi\u0259 etmi\u015fdir v\u0259 <\/p>\n\n\n\n<p>1996-c\u0131 ild\u0259n dosent kimi f\u0259aliyy\u0259t g\u00f6st\u0259rir.<\/p>\n\n\n\n<p>ADAU- da \u201cG\u00f6mr\u00fck i\u015fi v\u0259 ekspertizas\u0131\u201d, \u201cAqrobiznesin t\u0259\u015fkili v\u0259 idar\u0259 etm\u0259si\u201d kafedralar\u0131n\u0131n m\u00fcdiri v\u0259 Aqrar \u0130qtisadiyyat fak\u00fclt\u0259sinin dekan\u0131 v\u0259zif\u0259l\u0259rind\u0259 \u00e7al\u0131\u015fm\u0131\u015fd\u0131r.<\/p>\n\n\n\n<p>2015-2016-c\u0131 t\u0259dris ilind\u0259 G\u0259nc\u0259 D\u00f6vl\u0259t Universitetinin \u0130qtisadiyyat v\u0259 idar\u0259etm\u0259 fak\u00fclt\u0259sinin \u201c\u0130dar\u0259etm\u0259\u201d kafedras\u0131nda dosent kimi f\u0259aliyy\u0259t g\u00f6st\u0259rmi\u015fdir.<\/p>\n\n\n\n<p>Haz\u0131rda h\u0259min Universitetin \u0130qtisadiyyat v\u0259 idar\u0259etm\u0259 fak\u00fclt\u0259sinin \u201c\u0130qtisadiyyat\u201d kafedras\u0131n\u0131n m\u00fcdiri v\u0259zif\u0259sini yerin\u0259 yetirir.<\/p>\n\n\n\n<p><strong>ELM\u0130 \u018fS\u018fRL\u018fR\u0130:<\/strong><\/p>\n\n\n\n<p>80-d\u0259n \u00e7ox elmi \u0259s\u0259srin m\u00fc\u0259llifidir.<\/p>\n\n\n\n<p><strong>BEYN\u018fLXALQ SEM\u0130NAR, S\u0130MPOZ\u0130UM V\u018f KONFRANSLARDA \u0130\u015eT\u0130RAK<\/strong>I:<\/p>\n\n\n\n<p>1.Qlobal iqtisadi b\u00f6hran\u0131n aradan qald\u0131r\u0131lmas\u0131nda v\u0259 d\u00fcnya iqtisadiyyat\u0131n\u0131n inki\u015faf\u0131nda ki\u00e7ik biznesin rolu. B\u00f6hrandan sonrak\u0131 iqtisadiyyatda maliyy\u0259 resurslar\u0131n\u0131n s\u0259m\u0259r\u0259li idar\u0259 olunmas\u0131nda \u015f\u0259ffafl\u0131\u011f\u0131n rolu. Elmi Praktik Konfrans.<\/p>\n\n\n\n<p>2.\u00d6lk\u0259nin \u0259rzaq t\u0259hl\u00fck\u0259sizliyi: probleml\u0259r v\u0259 prioritet v\u0259zif\u0259l\u0259r \u0130nnovasiyal\u0131 k\u0259nd t\u0259s\u0259rr\u00fcfat\u0131 istehsal\u0131n\u0131n formala\u015fmas\u0131 probleml\u0259rin\u0259 h\u0259sr olunmu\u015f beyn\u0259lxalq elmi-praktik konfrans\u0131n materiallar\u0131.Bak\u0131 2010,<\/p>\n\n\n\n<p>3.\u00d6lk\u0259nin iqtisadi t\u0259hl\u00fck\u0259sizlik probleml\u0259ri. Bak\u0131 2009, ADAU Beyn\u0259lxalq elmi-praktik konfrans\u0131n tezisl\u0259ri.<\/p>\n\n\n\n<p>4.D\u00fcnya t\u0259s\u0259rr\u00fcfat\u0131n\u0131n qloballa\u015fd\u0131\u011f\u0131 \u015f\u0259raitd\u0259 Az\u0259rbaycan\u0131n \u0259rzaq t\u0259hl\u00fck\u0259sizliyinin t\u0259min edilm\u0259si ADAU-nun Qloballa\u015fma \u015f\u0259raitind\u0259 t\u0259hsil v\u0259 elmin inki\u015faf probleml\u0259ri beyn\u0259lxalq elmi-praktik konfrans\u0131n tezisl\u0259ri.<\/p>\n\n\n\n<p>5.D\u00fcnya T\u0259s\u0259rr\u00fcfat\u0131n\u0131n Qloballa\u015fd\u0131\u011f\u0131 m\u00fcasir \u015f\u0259raitd\u0259 Az\u0259rbaycan \u018frzaq T\u0259hl\u00fck\u0259sizliyinin t\u0259min edilm\u0259si Qloballa\u015fma \u015f\u0259raitind\u0259 T\u0259hsil v\u0131 Elmin inki\u015fafi probleml\u0259ri. Beyn\u0259lxalq Elmi-Praktik Konfrans. G\u0259nc\u0259 2011.s\u0259h 256-257<\/p>\n\n\n\n<p>6.D\u00f6vl\u0259tin vergi politikas\u0131 v\u0259 onun geni\u015fl\u0259ndirilm\u0259si y\u00f6nl\u0259ri Uluslararas\u0131 Finansal Raporlama Stanndartlar\u0131 Sempozyumu MUMEYEK VAKFI-2012, \u0130stanbul.<\/p>\n\n\n\n<p>7. D\u00fcnya \u0259rzaq bazar\u0131 v\u0259 onun inki\u015faf x\u00fcsusiyy\u0259tl\u0259ri ADSUTEC, doktorant v\u0259 dissertantlar\u0131n elmi-praktik konfrans\u0131n\u0131n materiallar\u0131, \u0259s\u0259sl\u0259ri. G\u0259nc\u0259 2013.<\/p>\n\n\n\n<p>8. Aqrar sah\u0259d\u0259 lizinq m\u00fcnasib\u0259tl\u0259rinin inki\u015faf m\u0259rh\u0259l\u0259l\u0259ri ADAU-nun TEC, doktorant v\u0259 dissertantlar\u0131n elmi-praktik konfrans\u0131n\u0131n materiallar\u0131,\u0259s\u0259rl\u0259ri G\u0259nc\u0259 2013.<\/p>\n\n\n\n<p>9.M\u00fc\u0259ssis\u0259d\u0259 r\u0259qab\u0259t strategiyas\u0131n\u0131n formala\u015fmas\u0131n\u0131n z\u0259ruriliyiM\u00fcasir Aqrar Elm: Qloballa\u015fma \u015f\u0259raitind\u0259 \u0259srin aktual probleml\u0259ri v\u0259 inki\u015faf perspektivll\u0259ri. Beyn\u0259lxalq elmi-praktik konfrans. G\u0259nc\u0259 2014, II cild s\u0259h 287-288<\/p>\n\n\n\n<p>10. \u0130xracy\u00f6n\u00fcml\u00fc k\u0259nd t\u0259s\u0259rr\u00fcfat\u0131 m\u0259hsullar\u0131n\u0131n istehsal\u0131n\u0131n art\u0131r\u0131lmas\u0131na t\u0259sir ed\u0259n amill\u0259r Sumqay\u0131t D\u00f6vl\u0259t Universitetinin Magistrantlar\u0131n XVI Respublika Elmi Konfrans\u0131, Sumqay\u0131t \u2013 2016 II hiss\u0259<\/p>\n\n\n\n<p>11.Az\u0259rbaycanda aqrar islahatlar\u0131n apar\u0131lmas\u0131 mexanizminin t\u0259kmill\u0259\u015fdirilm\u0259sinin h\u0259d\u0259f perspektivl\u0259ri L\u0259nk\u0259ran Respublika Elmi Konfrans\u0131 2017<\/p>\n\n\n\n<p>12.\u0130poteka bazar\u0131n\u0131n formala\u015fmas\u0131 v\u0259 iki\u015faf\u0131 istiqam\u0259tl\u0259ri UNEC, Zaqatala, Respublika elmi- praktiki konfrans\u0131 2018<\/p>\n\n\n\n<p>13. K\u0259nd t\u0259s\u0259rr\u00fcfat\u0131nda istehsal\u0131n dayan\u0131ql\u0131 inki\u015faf\u0131n\u0131n \u0259sas m\u0259qs\u0259di \u0259rzaq m\u0259hsullar\u0131na t\u0259l\u0259bat\u0131n t\u0259min edilm\u0259sidir. G\u0259nc\u0259 D\u00f6vl\u0259t Universiteti beyn\u0259lxaq konfrans\u0131 2018<\/p>\n\n\n\n<p>14. Banklar\u0131n korporativ&nbsp; idar\u0259edilm\u0259sinin t\u0259kmilll\u0259\u015fdirilm\u0259si istiqa-m\u0259tl\u0259ri G\u0259nc\u0259 D\u00f6vl\u0259t Universiteti beyn\u0259lxaq konfrans\u0131 2019<\/p>\n\n\n\n<p>15. Az\u0259rbaycan Respublikas\u0131nda \u0259halinin istehlak t\u0259l\u0259binin g\u00fccl\u0259ndirilm\u0259si G\u0259nc\u0259 D\u00f6vl\u0259t Universiteti beyn\u0259lxalq konfrans\u0131&nbsp; G\u0259nc\u0259 -2020<\/p>\n\n\n\n<p>16. \u0130xrac\u0131 m\u00fcasir v\u0259ziyy\u0259ti v\u0259 inki\u015faf meyill\u0259ri T\u0259l\u0259b\u0259 v\u0259 magistrl\u0259rin elmi konfrans\u0131nm\u0131n materiallar\u0131&nbsp; G\u0259nc\u0259 -2022<\/p>\n\n\n\n<p>17. Respublikam\u0131zda \u0259rzaq t\u0259hl\u00fck\u0259siszliyinni m\u00fcasir v\u0259ziyy\u0259ti T\u0259l\u0259b\u0259 v\u0259 magistrl\u0259rin elmi konfrans\u0131nm\u0131n materiallar\u0131&nbsp; G\u0259nc\u0259 -2022<\/p>\n\n\n\n<p>18. \u018frzaq t\u0259minat\u0131n\u0131n yax\u015f\u0131la\u015fd\u0131r\u0131lmas\u0131nda m\u0259qs\u0259dli investisiya proqramlar\u0131n\u0131n rolu T\u0259l\u0259b\u0259 v\u0259 magistrl\u0259rin elmi konfrans\u0131nm\u0131n materiallar\u0131&nbsp; G\u0259nc\u0259 -2022<\/p>\n\n\n\n<p>19.Aqrar sahibkarl\u0131\u011f\u0131n iqtisadi mexanizminin t\u0259kmill\u0259\u015fdirilm\u0259si T\u0259l\u0259b\u0259 v\u0259 magistrl\u0259rin elmi konfrans\u0131nm\u0131n materiallar\u0131&nbsp; G\u0259nc\u0259 -2022<\/p>\n\n\n\n<p>20.K\u0259nd t\u0259s\u0259rr\u00fcfat\u0131nda istehsal potensial\u0131n\u0131n t\u0259rkib hiss\u0259si kimi torpaqdan istifad\u0259nin m\u00fcasir v\u0259ziyy\u0259ti. G\u0259nc\u0259 D\u00f6vl\u0259t Universiteti beyn\u0259lxaq konfrans\u0131. G\u0259nc\u0259 -2022<\/p>\n\n\n\n<p>30. S\u0259naye rayonlar\u0131n\u0131n \u0259rzaq t\u0259minat\u0131n\u0131n yax\u015f\u0131la\u015fd\u0131r\u0131lmas\u0131na t\u0259sir ed\u0259n amill\u0259r Sumqay\u0131t D\u00f6vl\u0259t Universiteti Beyn\u0259lxalq Konfrans. 2022 \u21166<\/p>\n\n\n\n<p><strong>T\u018fLT\u0130FL\u018fR\u0130<\/strong>:<\/p>\n\n\n\n<p>2013-c\u00fc ild\u0259 Az\u0259rbaycan Respublikas\u0131 T\u0259hsil Nazirliyinin \u201cT\u0259hsild\u0259 F\u0259rql\u0259nm\u0259y\u0259 g\u00f6r\u0259\u201d f\u0259xri f\u0259rman\u0131 il\u0259 t\u0259ltif edilmi\u015fdir.<\/p>\n\n\n\n<p> \u201cG\u0259nc n\u0259slin t\u0259lim-t\u0259rbiyy\u0259sind\u0259ki xidm\u0259tl\u0259rin\u0259\u00a0 g\u00f6r\u0259&#8221;,<\/p>\n\n\n\n<p> &#8220;G\u0259nc\u0259 D\u00f6vl\u0259t\u00a0 Universitetinin 80 illik yubileyi m\u00fcnasib\u0259ti il\u0259&#8221; <\/p>\n\n\n\n<p>G\u0259nc\u0259 \u015e\u0259h\u0259r \u0130cra&nbsp; hakimiyy\u0259ti ba\u015f\u00e7\u0131s\u0131n\u0131n 13.11.2018 \u2013ci il tarixli 101 n\u00f6mr\u0259li&nbsp; S\u0259r\u0259ncam\u0131 il\u0259  F\u0259xri F\u0259rman.<\/p>\n\n\n\n<p><strong>T\u018fDQ\u0130QAT SAH\u018fS\u0130:<\/strong><\/p>\n\n\n\n<p>Aqrar sah\u0259nin iqtisadiyyat\u0131<\/p>\n\n\n\n<p><strong>D\u0130L B\u0130LG\u0130S\u0130:<\/strong>&nbsp;Az\u0259rbaycan,&nbsp; rus dili<\/p>\n\n\n\n<p><strong>PART\u0130YALILI\u011eI:<\/strong>\u00a01999-cu ild\u0259n YAP \u00fczv\u00fcd\u00fcr.\u00a0<\/p>\n","protected":false},"excerpt":{"rendered":"<p>QISA B\u0130OQRAF\u0130K M\u018fLUMAT: Zakir Tal\u0131b o\u011flu \u018fhm\u0259dov&nbsp;\u2013 \u201c\u0130qtisadiyyat\u201d kafedras\u0131n\u0131n m\u00fcdiri, iqtisad \u00fczr\u0259 f\u0259ls\u0259f\u0259 doktoru, dosent 1953-c\u00fc ilin mart ay\u0131n\u0131n 19- da Tovuz rayonunun A\u011fdam k\u0259ndind\u0259 anadan olmu\u015fdur. Telefon:&nbsp;055-311-06-56 &nbsp;E-mail:&nbsp;ahmedov53@bk.ru T\u018fHS\u0130L\u0130,&nbsp;ELM\u0130&nbsp; D\u018fR\u018fC\u018fS\u0130 V\u018f ELM\u0130 ADLARI: 1971- ci ild\u0259 Tovuz rayonunun A.S.Pu\u015fkin ad\u0131na orta m\u0259kt\u0259bi bitirib v\u0259 h\u0259min ild\u0259 Bak\u0131 Maliyy\u0259 &#8211; kredit texnikumunun \u201cM\u00fchasibat u\u00e7otu\u201d ixtisas\u0131na [&hellip;]<\/p>\n","protected":false},"author":1,"featured_media":0,"parent":0,"menu_order":0,"comment_status":"closed","ping_status":"closed","template":"","meta":{"footnotes":""},"categories":[22],"tags":[],"class_list":["post-372","page","type-page","status-publish","hentry","category-professor-mullim"],"_links":{"self":[{"href":"http:\/\/iif.gdu.edu.az\/index.php?rest_route=\/wp\/v2\/pages\/372","targetHints":{"allow":["GET"]}}],"collection":[{"href":"http:\/\/iif.gdu.edu.az\/index.php?rest_route=\/wp\/v2\/pages"}],"about":[{"href":"http:\/\/iif.gdu.edu.az\/index.php?rest_route=\/wp\/v2\/types\/page"}],"author":[{"embeddable":true,"href":"http:\/\/iif.gdu.edu.az\/index.php?rest_route=\/wp\/v2\/users\/1"}],"replies":[{"embeddable":true,"href":"http:\/\/iif.gdu.edu.az\/index.php?rest_route=%2Fwp%2Fv2%2Fcomments&post=372"}],"version-history":[{"count":11,"href":"http:\/\/iif.gdu.edu.az\/index.php?rest_route=\/wp\/v2\/pages\/372\/revisions"}],"predecessor-version":[{"id":11724,"href":"http:\/\/iif.gdu.edu.az\/index.php?rest_route=\/wp\/v2\/pages\/372\/revisions\/11724"}],"wp:attachment":[{"href":"http:\/\/iif.gdu.edu.az\/index.php?rest_route=%2Fwp%2Fv2%2Fmedia&parent=372"}],"wp:term":[{"taxonomy":"category","embeddable":true,"href":"http:\/\/iif.gdu.edu.az\/index.php?rest_route=%2Fwp%2Fv2%2Fcategories&post=372"},{"taxonomy":"post_tag","embeddable":true,"href":"http:\/\/iif.gdu.edu.az\/index.php?rest_route=%2Fwp%2Fv2%2Ftags&post=372"}],"curies":[{"name":"wp","href":"https:\/\/api.w.org\/{rel}","templated":true}]}}