{"id":6790,"date":"2024-04-15T19:51:00","date_gmt":"2024-04-15T17:51:00","guid":{"rendered":"http:\/\/iif.gdu.edu.az\/?page_id=6790"},"modified":"2025-10-24T12:32:15","modified_gmt":"2025-10-24T10:32:15","slug":"proqramlar","status":"publish","type":"page","link":"http:\/\/iif.gdu.edu.az\/?page_id=6790","title":{"rendered":"Proqramlar"},"content":{"rendered":"\n<div class=\"wp-block-columns is-layout-flex wp-container-core-columns-is-layout-9d6595d7 wp-block-columns-is-layout-flex\">\n<div class=\"wp-block-column is-layout-flow wp-block-column-is-layout-flow\">\n<h3 class=\"wp-block-heading\"><strong><span class=\"has-inline-color has-vivid-red-color\">\u0130qtisadiyyat kafedras\u0131<\/span><\/strong><\/h3>\n\n\n\n<div class=\"wp-block-file\"><a href=\"http:\/\/iif.gdu.edu.az\/wp-content\/uploads\/2025\/10\/Az\u0259rbaycan-iqtisadiyyat\u0131.pdf\">1. Az\u0259rbaycan iqtisadiyyat\u0131<\/a><\/div>\n\n\n\n<div class=\"wp-block-file\"><a href=\"https:\/\/iif.gdu.edu.az\/wp-content\/uploads\/2025\/10\/B\u00fcdc\u0259-Sistemi.pdf\">2. B\u00fcdc\u0259 sistemi<\/a><\/div>\n\n\n\n<div class=\"wp-block-file\"><a href=\"https:\/\/iif.gdu.edu.az\/wp-content\/uploads\/2025\/10\/B\u00fcdc\u0259-v\u0259-x\u0259zin\u0259-u\u00e7otu.pdf\">3. B\u00fcdc\u0259 v\u0259 x\u0259zin\u0259 u\u00e7otu<\/a><\/div>\n\n\n\n<div class=\"wp-block-file\"><a href=\"https:\/\/iif.gdu.edu.az\/wp-content\/uploads\/2025\/10\/\u018fm\u0259yin-iqtisadiyyat\u0131.pdf\">4. \u018fm\u0259yin iqtisadiyyat\u0131<\/a><\/div>\n\n\n\n<div class=\"wp-block-file\"><a href=\"https:\/\/iif.gdu.edu.az\/wp-content\/uploads\/2025\/10\/Firman\u0131n-iqtisadiyyat\u0131.pdf\">5. Firman\u0131n iqtisadiyyat\u0131<\/a><\/div>\n\n\n\n<div class=\"wp-block-file\"><a href=\"https:\/\/iif.gdu.edu.az\/wp-content\/uploads\/2025\/10\/\u0130qtisadi-fikir-tarixi.pdf\">6. \u0130qtisadi fikir tarixi<\/a><\/div>\n\n\n\n<div class=\"wp-block-file\"><a href=\"https:\/\/iif.gdu.edu.az\/wp-content\/uploads\/2025\/10\/\u0130qtisadiyyata-giri\u015f.pdf\">7. \u0130qtisadiyyata giri\u015f<\/a><\/div>\n\n\n\n<div class=\"wp-block-file\"><a href=\"https:\/\/iif.gdu.edu.az\/wp-content\/uploads\/2025\/10\/\u0130nki\u015faf-iqtisadiyyat\u0131.pdf\">8. \u0130nki\u015faf iqtisadiyyat\u0131<\/a><\/div>\n\n\n\n<div class=\"wp-block-file\"><a href=\"https:\/\/iif.gdu.edu.az\/wp-content\/uploads\/2025\/10\/Makroiqtisadiyyat.pdf\">9. Makroiqtisadiyyat<\/a><\/div>\n\n\n\n<div class=\"wp-block-file\"><a href=\"https:\/\/iif.gdu.edu.az\/wp-content\/uploads\/2025\/10\/Mal.-al\u0259t.-v\u0259-s.-m\u0259sul.-hes..pdf\">10. Maliyy\u0259 al\u0259tl\u0259ri v\u0259 sair m\u0259suliyy\u0259tl\u0259rin hesabat\u0131<\/a><\/div>\n\n\n\n<div class=\"wp-block-file\"><a href=\"https:\/\/iif.gdu.edu.az\/wp-content\/uploads\/2025\/10\/Maliyy\u0259.pdf\">11. Maliyy\u0259<\/a><\/div>\n\n\n\n<div class=\"wp-block-file\"><a href=\"https:\/\/iif.gdu.edu.az\/wp-content\/uploads\/2025\/10\/Mikroiqtisadiyyat.pdf\">12. Mikroiqtisadiyyat<\/a><\/div>\n\n\n\n<div class=\"wp-block-file\"><a href=\"https:\/\/iif.gdu.edu.az\/wp-content\/uploads\/2025\/10\/R\u0259q\u0259msal-iqtisadiyyat.pdf\">13. R\u0259q\u0259msal iqtisadiyyat<\/a><\/div>\n\n\n\n<div class=\"wp-block-file\"><a href=\"https:\/\/iif.gdu.edu.az\/wp-content\/uploads\/2025\/10\/Sosial-sah\u0259l\u0259rin-iqtisadiyyat\u0131.pdf\">14. Sosial sah\u0259l\u0259rin iqtisadiyyat\u0131<\/a><\/div>\n\n\n\n<div class=\"wp-block-file\"><a href=\"https:\/\/iif.gdu.edu.az\/wp-content\/uploads\/2025\/10\/T\u0259d.metodlar.pdf\">15. T\u0259dqiqat metodlar\u0131<\/a><\/div>\n\n\n\n<div class=\"wp-block-file\"><a href=\"https:\/\/iif.gdu.edu.az\/wp-content\/uploads\/2025\/10\/T\u0259dqiqat-i\u015finin-apar\u0131lmas\u0131.pdf\">16. T\u0259dqiqat i\u015finin apar\u0131lmas\u0131<\/a><\/div>\n\n\n\n<div class=\"wp-block-file\"><a href=\"https:\/\/iif.gdu.edu.az\/wp-content\/uploads\/2025\/10\/Turizm-iqtisadiyyat\u0131.pdf\">17. Turizm iqtisadiyyat\u0131<\/a><\/div>\n<\/div>\n\n\n\n<div class=\"wp-block-column is-layout-flow wp-block-column-is-layout-flow\">\n<h3 class=\"wp-block-heading\"><strong><span class=\"has-inline-color has-vivid-red-color\">\u0130dar\u0259etm\u0259 kafedras\u0131<\/span><\/strong><\/h3>\n\n\n\n<div class=\"wp-block-file\"><a href=\"https:\/\/iif.gdu.edu.az\/wp-content\/uploads\/2025\/10\/Antib\u00f6hranl\u0131-idar\u0259etm\u0259.pdf\">1. Antib\u00f6hranl\u0131 idar\u0259etm\u0259<\/a><\/div>\n\n\n\n<div class=\"wp-block-file\"><a href=\"https:\/\/iif.gdu.edu.az\/wp-content\/uploads\/2025\/10\/Bank-i\u015fi.pdf\">2. Bank i\u015fi<\/a><\/div>\n\n\n\n<div class=\"wp-block-file\"><a href=\"https:\/\/iif.gdu.edu.az\/wp-content\/uploads\/2025\/10\/Beyn\u0259lxalq-biznes.pdf\">3. Beyn\u0259lxalq biznes<\/a><\/div>\n\n\n\n<div class=\"wp-block-file\"><a href=\"https:\/\/iif.gdu.edu.az\/wp-content\/uploads\/2025\/10\/Biznes-\u0259laq\u0259l\u0259ri.pdf\">4. Biznes \u0259laq\u0259l\u0259ri<\/a><\/div>\n\n\n\n<div class=\"wp-block-file\"><a href=\"https:\/\/iif.gdu.edu.az\/wp-content\/uploads\/2025\/10\/Biznes-riyaziyyati.pdf\">5. Biznes riyaziyyati<\/a><\/div>\n\n\n\n<div class=\"wp-block-file\"><a href=\"https:\/\/iif.gdu.edu.az\/wp-content\/uploads\/2025\/10\/Biznesd\u0259-riskl\u0259rin-idar\u0259-edilm\u0259si.pdf\">6. Biznesd\u0259 riskl\u0259rin idar\u0259 edilm\u0259si<\/a><\/div>\n\n\n\n<div class=\"wp-block-file\"><a href=\"https:\/\/iif.gdu.edu.az\/wp-content\/uploads\/2025\/10\/Davaml\u0131-v\u0259-inkluziv-inki\u015faf\u0131n-idar\u0259-edilm\u0259si.pdf\">7. Davaml\u0131 v\u0259 inkluziv inki\u015faf\u0131n idar\u0259 edilm\u0259si<\/a><\/div>\n\n\n\n<div class=\"wp-block-file\"><a href=\"https:\/\/iif.gdu.edu.az\/wp-content\/uploads\/2025\/10\/Ekonometrika.pdf\">8. Ekonometrika<\/a><\/div>\n\n\n\n<div class=\"wp-block-file\"><a href=\"https:\/\/iif.gdu.edu.az\/wp-content\/uploads\/2025\/10\/\u018fm\u0259liyyatlar\u0131n-idar\u0259-edilm\u0259si.pdf\">9. \u018fm\u0259liyyatlar\u0131n idar\u0259 edilm\u0259si<\/a><\/div>\n\n\n\n<div class=\"wp-block-file\"><a href=\"https:\/\/iif.gdu.edu.az\/wp-content\/uploads\/2025\/10\/F\u0259aliyy\u0259tin-effektiv-idare-edilmesi.pdf\">10. F\u0259aliyy\u0259tin effektiv idar\u0259 edilmesi<\/a><\/div>\n\n\n\n<div class=\"wp-block-file\"><a href=\"https:\/\/iif.gdu.edu.az\/wp-content\/uploads\/2025\/10\/Firman\u0131n-idar\u0259-edilm\u0259si.pdf\">11. Firman\u0131n idar\u0259 edilm\u0259si<\/a><\/div>\n\n\n\n<div class=\"wp-block-file\"><a href=\"https:\/\/iif.gdu.edu.az\/wp-content\/uploads\/2025\/10\/G\u00f6mr\u00fck-i\u015fi.pdf\">12. G\u00f6mr\u00fck i\u015fi<\/a><\/div>\n\n\n\n<div class=\"wp-block-file\"><a href=\"https:\/\/iif.gdu.edu.az\/wp-content\/uploads\/2025\/10\/\u0130dar\u0259etm\u0259-u\u00e7otu-v\u0259-korporativ-q\u0259rarlar\u0131n-verilm\u0259si.pdf\">13. \u0130dar\u0259etm\u0259 u\u00e7otu v\u0259 korporativ q\u0259rarlar\u0131n verilm\u0259si<\/a><\/div>\n\n\n\n<div class=\"wp-block-file\"><a href=\"https:\/\/iif.gdu.edu.az\/wp-content\/uploads\/2025\/10\/\u0130dar\u0259rtm\u0259-u\u00e7otu.pdf\">14. \u0130dar\u0259rtm\u0259 u\u00e7otu<\/a><\/div>\n\n\n\n<div class=\"wp-block-file\"><a href=\"https:\/\/iif.gdu.edu.az\/wp-content\/uploads\/2025\/10\/\u0130stehlak\u00e7\u0131-davran\u0131\u015flar\u0131.pdf\">15. \u0130stehlak\u00e7\u0131 davran\u0131\u015flar\u0131<\/a><\/div>\n\n\n\n<div class=\"wp-block-file\"><a href=\"https:\/\/iif.gdu.edu.az\/wp-content\/uploads\/2025\/10\/Keyfiyy\u0259tin-idar\u0259-edilm\u0259si.pdf\">16. Keyfiyy\u0259tin idar\u0259 edilm\u0259si<\/a><\/div>\n\n\n\n<div class=\"wp-block-file\"><a href=\"https:\/\/iif.gdu.edu.az\/wp-content\/uploads\/2025\/10\/Maliyy\u0259-riskl\u0259rinin-idar\u0259-edilm\u0259si.pdf\">17. Maliyy\u0259 riskl\u0259rinin idar\u0259 edilm\u0259si<\/a><\/div>\n\n\n\n<div class=\"wp-block-file\"><a href=\"https:\/\/iif.gdu.edu.az\/wp-content\/uploads\/2025\/10\/Regional-idar\u0259etm\u0259.pdf\">18. Regional idar\u0259etm\u0259<\/a><\/div>\n\n\n\n<div class=\"wp-block-file\"><a href=\"https:\/\/iif.gdu.edu.az\/wp-content\/uploads\/2025\/10\/Regional-layih\u0259l\u0259rin-idar\u0259-edilm\u0259si.pdf\">19. Regional layih\u0259l\u0259rin idar\u0259 edilm\u0259si<\/a><\/div>\n\n\n\n<div class=\"wp-block-file\"><a href=\"https:\/\/iif.gdu.edu.az\/wp-content\/uploads\/2025\/10\/Sahibkarl\u0131\u011f\u0131n-\u0259saslar\u0131-v\u0259-biznes\u0259-giri\u015f.pdf\">20. Sahibkarl\u0131\u011f\u0131n \u0259saslar\u0131 v\u0259 biznes\u0259 giri\u015f<\/a><\/div>\n\n\n\n<div class=\"wp-block-file\"><a href=\"https:\/\/iif.gdu.edu.az\/wp-content\/uploads\/2025\/10\/Statistika.pdf\">21. Statistika<\/a><\/div>\n\n\n\n<div class=\"wp-block-file\"><a href=\"https:\/\/iif.gdu.edu.az\/wp-content\/uploads\/2025\/10\/\u0130ctimaiyy\u0259tl\u0259-\u0259laq\u0259l\u0259r.pdf\">22. \u0130ctimaiyy\u0259tl\u0259 \u0259laq\u0259l\u0259r<\/a><\/div>\n\n\n\n<p><\/p>\n<\/div>\n\n\n\n<div class=\"wp-block-column is-layout-flow wp-block-column-is-layout-flow\">\n<h4 class=\"wp-block-heading\"><strong><span class=\"has-inline-color has-vivid-red-color\">Menecment v\u0259 turizm i\u015fi kafedras\u0131<\/span><\/strong><\/h4>\n\n\n\n<div class=\"wp-block-file\"><a href=\"https:\/\/iif.gdu.edu.az\/wp-content\/uploads\/2025\/10\/Bronla\u015fd\u0131rma-sisteml\u0259ri.pdf\">1. Bronla\u015fd\u0131rma sisteml\u0259ri<\/a><\/div>\n\n\n\n<div class=\"wp-block-file\"><a href=\"https:\/\/iif.gdu.edu.az\/wp-content\/uploads\/2025\/10\/Destinasiya-menecmenti.pdf\">2. Destinasiya menecmenti<\/a><\/div>\n\n\n\n<div class=\"wp-block-file\"><a href=\"https:\/\/iif.gdu.edu.az\/wp-content\/uploads\/2025\/10\/Ekskursiya-biznesinde-reklam.pdf\">3. Ekskursiya biznesinde reklam<\/a><\/div>\n\n\n\n<div class=\"wp-block-file\"><a href=\"https:\/\/iif.gdu.edu.az\/wp-content\/uploads\/2025\/10\/\u0130stehsal-menecmenti.pdf\">4. \u0130stehsal menecmenti<\/a><\/div>\n\n\n\n<div class=\"wp-block-file\"><a href=\"https:\/\/iif.gdu.edu.az\/wp-content\/uploads\/2025\/10\/Logistika.pdf\">5. Logistika<\/a><\/div>\n\n\n\n<div class=\"wp-block-file\"><a href=\"https:\/\/iif.gdu.edu.az\/wp-content\/uploads\/2025\/10\/Marketinq-t\u0259dqiqatlar\u0131.pdf\">6. Marketinq t\u0259dqiqatlar\u0131<\/a><\/div>\n\n\n\n<div class=\"wp-block-file\"><a href=\"https:\/\/iif.gdu.edu.az\/wp-content\/uploads\/2025\/10\/Sat\u0131\u015f\u0131n-idar\u0259-edilm\u0259si.pdf\">7. Sat\u0131\u015f\u0131n idar\u0259 edilm\u0259si<\/a><\/div>\n\n\n\n<div class=\"wp-block-file\"><a href=\"https:\/\/iif.gdu.edu.az\/wp-content\/uploads\/2025\/10\/Servis-etikas\u0131.pdf\">8. Servis etikas\u0131<\/a><\/div>\n\n\n\n<div class=\"wp-block-file\"><a href=\"https:\/\/iif.gdu.edu.az\/wp-content\/uploads\/2025\/10\/Turizm-diyar\u015f\u00fcnasl\u0131q-i\u015fin\u0259-b\u0259l\u0259d\u00e7ilik.pdf\">9. Turizm diyar\u015f\u00fcnasl\u0131q i\u015fin\u0259 b\u0259l\u0259d\u00e7ilik<\/a><\/div>\n\n\n\n<div class=\"wp-block-file\"><a href=\"https:\/\/iif.gdu.edu.az\/wp-content\/uploads\/2025\/10\/Turizm-marketinqi.pdf\">10. Turizm marketinqi<\/a><\/div>\n\n\n\n<div class=\"wp-block-file\"><a href=\"https:\/\/iif.gdu.edu.az\/wp-content\/uploads\/2025\/10\/Turizm-mar\u015frutlar\u0131-v\u0259-ekskursiya-i\u015finin-t\u0259\u015fkili.pdf\">11. Turizm mar\u015frutlar\u0131 v\u0259 ekskursiya i\u015finin t\u0259\u015fkili<\/a><\/div>\n\n\n\n<div class=\"wp-block-file\"><a href=\"https:\/\/iif.gdu.edu.az\/wp-content\/uploads\/2025\/10\/Turizm-m\u0259hsulunun-hazirlanmasi.pdf\">12. Turizm m\u0259hsulunun hazirlanmasi<\/a><\/div>\n\n\n\n<div class=\"wp-block-file\"><a href=\"https:\/\/iif.gdu.edu.az\/wp-content\/uploads\/2025\/10\/Turizm-siyas\u0259ti-v\u0259-planla\u015fd\u0131r\u0131lmas\u0131.pdf\">13. Turizm siyas\u0259ti v\u0259 planla\u015fd\u0131r\u0131lmas\u0131<\/a><\/div>\n\n\n\n<div class=\"wp-block-file\"><a href=\"https:\/\/iif.gdu.edu.az\/wp-content\/uploads\/2025\/10\/Turizmd\u0259-n\u0259qliyyat.pdf\">14. Turizmd\u0259 n\u0259qliyyat<\/a><\/div>\n\n\n\n<div class=\"wp-block-file\"><a href=\"https:\/\/iif.gdu.edu.az\/wp-content\/uploads\/2025\/10\/Turizmin-idar\u0259-edilm\u0259si.pdf\">15. Turizmin idar\u0259 edilm\u0259si<\/a><\/div>\n<\/div>\n<\/div>\n\n\n\n<p><\/p>\n","protected":false},"excerpt":{"rendered":"<p>\u0130qtisadiyyat kafedras\u0131 \u0130dar\u0259etm\u0259 kafedras\u0131 Menecment v\u0259 turizm i\u015fi kafedras\u0131<\/p>\n","protected":false},"author":1,"featured_media":0,"parent":0,"menu_order":0,"comment_status":"closed","ping_status":"closed","template":"","meta":{"footnotes":""},"categories":[],"tags":[],"class_list":["post-6790","page","type-page","status-publish","hentry"],"_links":{"self":[{"href":"http:\/\/iif.gdu.edu.az\/index.php?rest_route=\/wp\/v2\/pages\/6790","targetHints":{"allow":["GET"]}}],"collection":[{"href":"http:\/\/iif.gdu.edu.az\/index.php?rest_route=\/wp\/v2\/pages"}],"about":[{"href":"http:\/\/iif.gdu.edu.az\/index.php?rest_route=\/wp\/v2\/types\/page"}],"author":[{"embeddable":true,"href":"http:\/\/iif.gdu.edu.az\/index.php?rest_route=\/wp\/v2\/users\/1"}],"replies":[{"embeddable":true,"href":"http:\/\/iif.gdu.edu.az\/index.php?rest_route=%2Fwp%2Fv2%2Fcomments&post=6790"}],"version-history":[{"count":14,"href":"http:\/\/iif.gdu.edu.az\/index.php?rest_route=\/wp\/v2\/pages\/6790\/revisions"}],"predecessor-version":[{"id":9548,"href":"http:\/\/iif.gdu.edu.az\/index.php?rest_route=\/wp\/v2\/pages\/6790\/revisions\/9548"}],"wp:attachment":[{"href":"http:\/\/iif.gdu.edu.az\/index.php?rest_route=%2Fwp%2Fv2%2Fmedia&parent=6790"}],"wp:term":[{"taxonomy":"category","embeddable":true,"href":"http:\/\/iif.gdu.edu.az\/index.php?rest_route=%2Fwp%2Fv2%2Fcategories&post=6790"},{"taxonomy":"post_tag","embeddable":true,"href":"http:\/\/iif.gdu.edu.az\/index.php?rest_route=%2Fwp%2Fv2%2Ftags&post=6790"}],"curies":[{"name":"wp","href":"https:\/\/api.w.org\/{rel}","templated":true}]}}