{"id":6826,"date":"2024-04-15T19:55:10","date_gmt":"2024-04-15T17:55:10","guid":{"rendered":"http:\/\/iif.gdu.edu.az\/?page_id=6826"},"modified":"2025-11-03T12:19:42","modified_gmt":"2025-11-03T10:19:42","slug":"muhazir%c9%99l%c9%99r-2","status":"publish","type":"page","link":"http:\/\/iif.gdu.edu.az\/?page_id=6826","title":{"rendered":"M\u00fchazir\u0259l\u0259r"},"content":{"rendered":"\n<div class=\"wp-block-group\"><div class=\"wp-block-group__inner-container is-layout-flow wp-block-group-is-layout-flow\">\n<div class=\"wp-block-group is-layout-flow wp-block-group-is-layout-flow\"><div class=\"wp-block-group__inner-container\"><\/div><\/div>\n<\/div><\/div>\n\n\n\n<div class=\"wp-block-columns is-layout-flex wp-container-core-columns-is-layout-9d6595d7 wp-block-columns-is-layout-flex\">\n<div class=\"wp-block-column is-layout-flow wp-block-column-is-layout-flow\">\n<h3 class=\"wp-block-heading\"><strong><span class=\"has-inline-color has-vivid-red-color\">\u0130qtisadiyyat kafedras\u0131<\/span><\/strong><\/h3>\n\n\n\n<ol class=\"wp-block-list\"><li><a href=\"https:\/\/iif.gdu.edu.az\/?page_id=10120\">Qiym\u0259t v\u0259 qiym\u0259tl\u0259ndirm\u0259<\/a>                   <\/li><li><a href=\"https:\/\/iif.gdu.edu.az\/?page_id=10141\">Maliyy\u0259 u\u00e7otu<\/a><\/li><li><a href=\"https:\/\/iif.gdu.edu.az\/?page_id=10172\">\u0130qtisadiyyata giri\u015f<\/a><\/li><li><a href=\"https:\/\/iif.gdu.edu.az\/?page_id=10203\">Maliyy\u0259 bazarlar\u0131<\/a><\/li><li><a href=\"https:\/\/iif.gdu.edu.az\/?page_id=10221\">Mikroiqtisadiyyat<\/a><\/li><li><a href=\"https:\/\/iif.gdu.edu.az\/?page_id=10270\">Vergitutma<\/a><\/li><li><a href=\"https:\/\/iif.gdu.edu.az\/?page_id=10294\">Qiym\u0259t siyas\u0259ti<\/a><\/li><li><a href=\"https:\/\/iif.gdu.edu.az\/?page_id=10317\">Maliyy\u0259<\/a><\/li><li><a href=\"https:\/\/iif.gdu.edu.az\/?page_id=10343\">Sosial sah\u0259l\u0259rin iqtisadiyyat\u0131<\/a><\/li><li><a href=\"https:\/\/iif.gdu.edu.az\/?page_id=10359\">B\u00fcdc\u0259 sistemi<\/a><\/li><li><a href=\"https:\/\/iif.gdu.edu.az\/?page_id=10380\">Audit<\/a><\/li><li><a href=\"https:\/\/iif.gdu.edu.az\/?page_id=10400\">Birja i\u015fi<\/a><\/li><li><a href=\"https:\/\/iif.gdu.edu.az\/?page_id=10419\">\u0130nki\u015faf iqtisadiyyat\u0131<\/a><\/li><li><a href=\"https:\/\/iif.gdu.edu.az\/?page_id=10434\">Az\u0259rbaycan iqtisadiyyat\u0131<\/a><\/li><\/ol>\n<\/div>\n\n\n\n<div class=\"wp-block-column is-layout-flow wp-block-column-is-layout-flow\">\n<h2 class=\"wp-block-heading\"><strong><span class=\"has-inline-color has-vivid-red-color\">\u0130dar\u0259etm\u0259 kafedras\u0131<\/span><\/strong><\/h2>\n\n\n\n<p>1. <a href=\"https:\/\/iif.gdu.edu.az\/?page_id=9566\">Antib\u00f6hran idar\u0259etm\u0259<\/a><\/p>\n\n\n\n<p>2. <a href=\"https:\/\/iif.gdu.edu.az\/?page_id=9587\">Bank i\u015fi<\/a><\/p>\n\n\n\n<div class=\"wp-block-file\"><a href=\"https:\/\/iif.gdu.edu.az\/wp-content\/uploads\/2025\/10\/Biznes-etikas\u0131-2.pdf\">3. Biznes etikas\u0131 v\u0259 sosial m\u0259suliyy\u0259t<\/a><\/div>\n\n\n\n<p>4. <a href=\"https:\/\/iif.gdu.edu.az\/?page_id=9611\">Biznes \u0259laq\u0259l\u0259ri<\/a><\/p>\n\n\n\n<p>5. <a href=\"https:\/\/iif.gdu.edu.az\/?page_id=9621\">Biznes h\u00fcququ<\/a><\/p>\n\n\n\n<p>6. <a href=\"https:\/\/iif.gdu.edu.az\/?page_id=9634\">Biznes infrastrukturu<\/a><\/p>\n\n\n\n<p>7. <a href=\"https:\/\/iif.gdu.edu.az\/?page_id=9657\">Biznesd\u0259 riskl\u0259rin idar\u0259 edilm\u0259si<\/a><\/p>\n\n\n\n<p>8. <a href=\"https:\/\/iif.gdu.edu.az\/?page_id=9679\">Davaml\u0131 v\u0259 inkluziv inki\u015faf\u0131n idar\u0259 edilm\u0259si<\/a><\/p>\n\n\n\n<p>9. <a href=\"https:\/\/iif.gdu.edu.az\/?page_id=9698\">Biznes riyaziyyat\u0131<\/a><\/p>\n\n\n\n<p>10. <a href=\"https:\/\/iif.gdu.edu.az\/?page_id=9719\">Ekonometrika<\/a><\/p>\n\n\n\n<p>11. <a href=\"https:\/\/iif.gdu.edu.az\/?page_id=9741\">\u018fm\u0259liyyatlar\u0131n idar\u0259 edilm\u0259si<\/a><\/p>\n\n\n\n<p>12. <a href=\"https:\/\/iif.gdu.edu.az\/?page_id=9768&amp;preview_id=9768&amp;preview_nonce=a26bf2930c&amp;preview=true\">F\u0259aliyy\u0259tin effektiv idar\u0259 edilm\u0259si<\/a><\/p>\n\n\n\n<p>13. <a href=\"https:\/\/iif.gdu.edu.az\/?page_id=9787\">G\u00f6mr\u00fck i\u015fi<\/a><\/p>\n\n\n\n<p>14.<a href=\"https:\/\/iif.gdu.edu.az\/?page_id=9804\"> \u0130dar\u0259etm\u0259 u\u00e7otu<\/a><\/p>\n\n\n\n<p>15. <a href=\"https:\/\/iif.gdu.edu.az\/?page_id=9819\">\u0130dar\u0259etm\u0259 u\u00e7otu v\u0259 korporativ q\u0259rarlar\u0131n verilm\u0259si<\/a><\/p>\n\n\n\n<p>16. <a href=\"https:\/\/iif.gdu.edu.az\/?page_id=9848\">\u0130stehlak\u00e7\u0131 davran\u0131\u015flar\u0131<\/a><\/p>\n\n\n\n<p>17. <a href=\"https:\/\/iif.gdu.edu.az\/?page_id=9868\">Keyfiyy\u0259tin idar\u0259 edilm\u0259si<\/a><\/p>\n\n\n\n<p>18. <a href=\"https:\/\/iif.gdu.edu.az\/?page_id=9887\">Regional idar\u0259etm\u0259<\/a><\/p>\n\n\n\n<p>19. <a href=\"https:\/\/iif.gdu.edu.az\/?page_id=9907\">Sahikarl\u0131\u011f\u0131n esaslar\u0131 v\u0259 biznes\u0259 giri\u015f<\/a><\/p>\n\n\n\n<p>20. <a href=\"https:\/\/iif.gdu.edu.az\/?page_id=9928\">Statistika<\/a><\/p>\n\n\n\n<p>21. <a href=\"https:\/\/iif.gdu.edu.az\/?page_id=9956\">B\u0259l\u0259diyy\u0259 idar\u0259\u00e7iliyi<\/a><\/p>\n\n\n\n<p>22. <a href=\"https:\/\/iif.gdu.edu.az\/?page_id=9998\">D\u00f6vl\u0259t qullu\u011fu<\/a><\/p>\n\n\n\n<p>23. <a href=\"https:\/\/iif.gdu.edu.az\/?page_id=10021\">D\u00f6vl\u0259t idar\u0259\u00e7ilik n\u0259z\u0259riyy\u0259si<\/a><\/p>\n\n\n\n<p>24. <a href=\"https:\/\/iif.gdu.edu.az\/?page_id=10047\">\u0130dar\u0259etm\u0259 n\u0259z\u0259riyy\u0259si<\/a><\/p>\n\n\n\n<p>25. <a href=\"https:\/\/iif.gdu.edu.az\/?page_id=10056\">Yerli \u00f6z\u00fcn\u00fcidar\u0259etm\u0259 hakimiyy\u0259tinin \u0259saslar\u0131<\/a><\/p>\n<\/div>\n\n\n\n<div class=\"wp-block-column is-layout-flow wp-block-column-is-layout-flow\">\n<h3 class=\"wp-block-heading\"><strong><span class=\"has-inline-color has-vivid-red-color\">Menecment v\u0259 turizm i\u015fi kafedras\u0131<\/span><\/strong><\/h3>\n\n\n\n<p>1. <a href=\"https:\/\/iif.gdu.edu.az\/?page_id=8808\">B\u0259l\u0259d\u00e7iliyin \u0259saslar\u0131<\/a><\/p>\n\n\n\n<p>2. <a href=\"https:\/\/iif.gdu.edu.az\/?page_id=8829\">Bronla\u015fd\u0131rma sisteml\u0259ri<\/a><\/p>\n\n\n\n<p>3. <a href=\"https:\/\/iif.gdu.edu.az\/?page_id=8851\">Destinasiyalar\u0131n idar\u0259 edilm\u0259si<\/a><\/p>\n\n\n\n<p>4. <a href=\"https:\/\/iif.gdu.edu.az\/?page_id=8890\">\u0130nnovasiya menecmenti<\/a><\/p>\n\n\n\n<p>5. <a href=\"https:\/\/iif.gdu.edu.az\/?page_id=8912\">\u0130nsan resurslar\u0131n\u0131n idar\u0259 edilm\u0259si<\/a><\/p>\n\n\n\n<p>6. <a href=\"https:\/\/iif.gdu.edu.az\/?page_id=8933\">Qonaqp\u0259rv\u0259rlik sah\u0259sinin idar\u0259 edilm\u0259si<\/a><\/p>\n\n\n\n<p>7. <a href=\"https:\/\/iif.gdu.edu.az\/?page_id=8955\">Logistika<\/a><\/p>\n\n\n\n<p>8. <a href=\"https:\/\/iif.gdu.edu.az\/?page_id=8976\">Maliyy\u0259 menecmenti<\/a><\/p>\n\n\n\n<p>9. <a href=\"https:\/\/iif.gdu.edu.az\/?page_id=9048\">Marketinq<\/a><\/p>\n\n\n\n<p>10. <a href=\"https:\/\/iif.gdu.edu.az\/?page_id=9069\">Marketinq t\u0259dqiqatlar\u0131<\/a><\/p>\n\n\n\n<p>11.<a href=\"https:\/\/iif.gdu.edu.az\/?page_id=9089\"> Otel menecmenti<\/a><\/p>\n\n\n\n<p>12. <a href=\"https:\/\/iif.gdu.edu.az\/?page_id=9120\">Pe\u015f\u0259 etikas\u0131 v\u0259 etiket qaydalar\u0131<\/a><\/p>\n\n\n\n<p>13. <a href=\"https:\/\/iif.gdu.edu.az\/?page_id=9140\">R\u0259q\u0259msal marketinq<\/a><\/p>\n\n\n\n<p>14. <a href=\"https:\/\/iif.gdu.edu.az\/?page_id=9161\">Ekskursiya biznesind\u0259 reklam<\/a><\/p>\n\n\n\n<p>15. <a href=\"https:\/\/iif.gdu.edu.az\/?page_id=9183\">Sat\u0131\u015f\u0131n idar\u0259 edilm\u0259si<\/a><\/p>\n\n\n\n<p>16. <a href=\"https:\/\/iif.gdu.edu.az\/?page_id=9203\">Strateji marketinq<\/a><\/p>\n\n\n\n<p>17. <a href=\"https:\/\/iif.gdu.edu.az\/?page_id=9224\">T\u0259\u015fkilati davran\u0131\u015f<\/a><\/p>\n\n\n\n<p>18. <a href=\"https:\/\/iif.gdu.edu.az\/?page_id=9238\">Turizm marketinqi<\/a><\/p>\n\n\n\n<p>19. <a href=\"https:\/\/iif.gdu.edu.az\/?page_id=9259\">Turizmin idar\u0259 edilm\u0259si<\/a><\/p>\n\n\n\n<p>20. <a href=\"https:\/\/iif.gdu.edu.az\/?page_id=9280\">Layih\u0259 menecmenti<\/a><\/p>\n\n\n\n<p>21. <a href=\"https:\/\/iif.gdu.edu.az\/?page_id=9302\">Turizm co\u011frafiyas\u0131<\/a><\/p>\n\n\n\n<p>22. <a href=\"https:\/\/iif.gdu.edu.az\/?page_id=9323\">Turizm diyar\u015f\u00fcnasl\u0131q i\u015find\u0259 b\u0259l\u0259d\u00e7ilik<\/a><\/p>\n\n\n\n<p>23. <a href=\"https:\/\/iif.gdu.edu.az\/?page_id=9344\">Turizm mar\u015furutlar\u0131 v\u0259 ekskursiya i\u015finin t\u0259\u015fkili<\/a><\/p>\n\n\n\n<p>24. <a href=\"https:\/\/iif.gdu.edu.az\/?page_id=9366\">Turizm m\u0259hsulunun haz\u0131rlanmas\u0131<\/a><\/p>\n\n\n\n<p>25. <a href=\"https:\/\/iif.gdu.edu.az\/?page_id=9387\">Turizmd\u0259 n\u0259qliyyat<\/a><\/p>\n\n\n\n<p>26. <a href=\"https:\/\/iif.gdu.edu.az\/?page_id=9408\">Turizm b\u0259l\u0259d\u00e7isinin pe\u015f\u0259kar xarakteristikas\u0131<\/a><\/p>\n\n\n\n<p>27. <a href=\"https:\/\/iif.gdu.edu.az\/?page_id=9433\">Layih\u0259l\u0259rin idar\u0259 edilm\u0259si<\/a><\/p>\n\n\n\n<p>28. <a href=\"https:\/\/iif.gdu.edu.az\/?page_id=9455\">Strateji menecment<\/a><\/p>\n\n\n\n<p>29. <a href=\"https:\/\/iif.gdu.edu.az\/?page_id=9483\">Turizmd\u0259 \u0259yl\u0259nc\u0259 i\u015finin t\u0259\u015fkili<\/a><\/p>\n\n\n\n<p>30. <a href=\"https:\/\/iif.gdu.edu.az\/?page_id=9502\">Turizm\u0259 giri\u015f<\/a><\/p>\n<\/div>\n<\/div>\n","protected":false},"excerpt":{"rendered":"<p>\u0130qtisadiyyat kafedras\u0131 Qiym\u0259t v\u0259 qiym\u0259tl\u0259ndirm\u0259 Maliyy\u0259 u\u00e7otu \u0130qtisadiyyata giri\u015f Maliyy\u0259 bazarlar\u0131 Mikroiqtisadiyyat Vergitutma Qiym\u0259t siyas\u0259ti Maliyy\u0259 Sosial sah\u0259l\u0259rin iqtisadiyyat\u0131 B\u00fcdc\u0259 sistemi Audit Birja i\u015fi \u0130nki\u015faf iqtisadiyyat\u0131 Az\u0259rbaycan iqtisadiyyat\u0131 \u0130dar\u0259etm\u0259 kafedras\u0131 1. Antib\u00f6hran idar\u0259etm\u0259 2. Bank i\u015fi 4. Biznes \u0259laq\u0259l\u0259ri 5. Biznes h\u00fcququ 6. Biznes infrastrukturu 7. Biznesd\u0259 riskl\u0259rin idar\u0259 edilm\u0259si 8. Davaml\u0131 v\u0259 inkluziv inki\u015faf\u0131n [&hellip;]<\/p>\n","protected":false},"author":1,"featured_media":0,"parent":0,"menu_order":0,"comment_status":"closed","ping_status":"closed","template":"","meta":{"footnotes":""},"categories":[],"tags":[],"class_list":["post-6826","page","type-page","status-publish","hentry"],"_links":{"self":[{"href":"http:\/\/iif.gdu.edu.az\/index.php?rest_route=\/wp\/v2\/pages\/6826","targetHints":{"allow":["GET"]}}],"collection":[{"href":"http:\/\/iif.gdu.edu.az\/index.php?rest_route=\/wp\/v2\/pages"}],"about":[{"href":"http:\/\/iif.gdu.edu.az\/index.php?rest_route=\/wp\/v2\/types\/page"}],"author":[{"embeddable":true,"href":"http:\/\/iif.gdu.edu.az\/index.php?rest_route=\/wp\/v2\/users\/1"}],"replies":[{"embeddable":true,"href":"http:\/\/iif.gdu.edu.az\/index.php?rest_route=%2Fwp%2Fv2%2Fcomments&post=6826"}],"version-history":[{"count":71,"href":"http:\/\/iif.gdu.edu.az\/index.php?rest_route=\/wp\/v2\/pages\/6826\/revisions"}],"predecessor-version":[{"id":10451,"href":"http:\/\/iif.gdu.edu.az\/index.php?rest_route=\/wp\/v2\/pages\/6826\/revisions\/10451"}],"wp:attachment":[{"href":"http:\/\/iif.gdu.edu.az\/index.php?rest_route=%2Fwp%2Fv2%2Fmedia&parent=6826"}],"wp:term":[{"taxonomy":"category","embeddable":true,"href":"http:\/\/iif.gdu.edu.az\/index.php?rest_route=%2Fwp%2Fv2%2Fcategories&post=6826"},{"taxonomy":"post_tag","embeddable":true,"href":"http:\/\/iif.gdu.edu.az\/index.php?rest_route=%2Fwp%2Fv2%2Ftags&post=6826"}],"curies":[{"name":"wp","href":"https:\/\/api.w.org\/{rel}","templated":true}]}}