{"id":11049,"date":"2026-02-05T09:15:53","date_gmt":"2026-02-05T07:15:53","guid":{"rendered":"http:\/\/iif.gdu.edu.az\/?page_id=11049"},"modified":"2026-02-14T21:16:04","modified_gmt":"2026-02-14T19:16:04","slug":"idar%c9%99etm%c9%99-kafedrasinin-mudiri","status":"publish","type":"page","link":"https:\/\/iif.gdu.edu.az\/?page_id=11049","title":{"rendered":"KAFEDRA M\u00dcD\u0130R\u0130"},"content":{"rendered":"\n<figure class=\"wp-block-image size-large is-resized\"><img loading=\"lazy\" decoding=\"async\" src=\"https:\/\/iif.gdu.edu.az\/wp-content\/uploads\/2026\/02\/af-1.png\" alt=\"\" class=\"wp-image-11638\" width=\"389\" height=\"491\"\/><\/figure>\n\n\n\n<p><strong>QISA B\u0130OQRAF\u0130K M\u018fLUMAT<\/strong>:<\/p>\n\n\n\n<p><strong>Af\u0259ddin Vahid o\u011flu H\u0259midov <\/strong>&#8211; &#8220;\u0130dar\u0259etm\u0259&#8221; kafedras\u0131n\u0131n m\u00fcdiri, iqtisad \u00fczr\u0259 f\u0259ls\u0259f\u0259 doktoru, dosent<\/p>\n\n\n\n<p>14.08.1955-ci ild\u0259 Az\u0259rbaycan Respublikas\u0131n\u0131n Goranboy rayonunun Faxral\u0131 k\u0259ndind\u0259 anadan olmu\u015fdur.<strong>&nbsp;<\/strong><\/p>\n\n\n\n<p><strong>Telefon:<\/strong> (055) 625 -36 -13<\/p>\n\n\n\n<p><strong>&nbsp;E-mail <\/strong>afaddin1984@mail.ru<\/p>\n\n\n\n<p><strong>T\u018fHS\u0130L\u0130,&nbsp;ELM\u0130&nbsp; D\u018fR\u018fC\u018fS\u0130 V\u018f ELM\u0130 ADLARI<\/strong>:<\/p>\n\n\n\n<p>1972 \u2013ci ild\u0259 &nbsp;Faxral\u0131 k\u0259nd orta m\u0259kt\u0259bini f\u0259rql\u0259nm\u0259 diplomu il\u0259 &nbsp;bitirmi\u015fdir.<\/p>\n\n\n\n<p>1972-1977 -ci ill\u0259rd\u0259 S.A\u011famal\u0131o\u011flu ad\u0131na \u201d\u015e\u0259r\u0259f Ni\u015fan\u0131\u201d ordenli Az\u0259rbaycan K\u0259nd T\u0259s\u0259rr\u00fcfat\u0131 \u0130nstitutunun (indiki ADAU) \u0130qtisadiyyat faf\u00fclt\u0259sinin \u201cK\u0259nd t\u0259s\u0259rr\u00fcfat\u0131n\u0131n iqtisadiyyat\u0131\u201d ixtisas\u0131n\u0131 f\u0259rql\u0259nm\u0259 diplomu il\u0259 bitir\u0259r\u0259k \u201ciqtisad\u00e7\u0131-t\u0259\u015fkilat\u00e7\u0131\u201d ixtisas\u0131 alm\u0131\u015fd\u0131r.<\/p>\n\n\n\n<p>1991-ci ild\u0259 dissertasiya i\u015fini m\u00fcdafi\u0259 ed\u0259r\u0259k iqtisad \u00fczr\u0259 f\u0259ls\u0259f\u0259 doktoru elmi d\u0259r\u0259c\u0259si alm\u0131\u015fd\u0131r.<\/p>\n\n\n\n<p><strong>\u018fM\u018fK&nbsp; F\u018fAL\u0130YY\u018fT\u0130<\/strong>:<\/p>\n\n\n\n<p>1977-1978-ci ill\u0259rd\u0259 Kolxozlararas\u0131 k\u00f6k\u0259ltm\u0259 birliyind\u0259 hesablay\u0131c\u0131 kimi \u00e7al\u0131\u015fm\u0131\u015fd\u0131r.<\/p>\n\n\n\n<p>1978-1980-ci ill\u0259rd\u0259&nbsp; 1\u2116 li Yol tikinti idar\u0259sind\u0259 hesablay\u0131c\u0131-x\u0259zin\u0259dar v\u0259zif\u0259sind\u0259 \u00e7al\u0131\u015f\u0131b.<\/p>\n\n\n\n<p>1980-1981-ci ill\u0259rd\u0259&nbsp; Birl\u0259\u015fdirilmi\u015f do\u011fum evind\u0259 b\u00f6y\u00fck m\u00fchasib i\u015fl\u0259mi\u015fdir.<\/p>\n\n\n\n<p>1981-1984-c\u00fc ill\u0259rd\u0259&nbsp; SSR\u0130-nin 50-illiyi ad\u0131na Al\u00fcminium zavodunda Iqtisad\u00e7\u0131-m\u00fch\u0259ndis v\u0259zif\u0259sind\u0259 \u00e7al\u0131\u015f\u0131b.<\/p>\n\n\n\n<p>1984-2002 -ci ill\u0259rd\u0259&nbsp; S.A\u011famal\u0131o\u011flu ad\u0131na\u201d\u015e\u0259r\u0259f Ni\u015fan\u0131\u201dordenli AKT\u0130-nin K\/t\u0131 istehsal\u0131n\u0131n t\u0259\u015fkili kafedras\u0131nda assistent, dosent \u0259v\u0259zi,dosent v\u0259zif\u0259l\u0259rind\u0259 \u00e7al\u0131\u015fm\u0131\u015fd\u0131r.<\/p>\n\n\n\n<p>2002-2009 -cu ill\u0259rd\u0259&nbsp; Aqrar iqtisadiyyat v\u0259 menecment fak\u00fclt\u0259sind\u0259 dekan m\u00fcavini v\u0259zif\u0259sind\u0259 \u00e7al\u0131\u015f\u0131b.<\/p>\n\n\n\n<p>2009-2012 -ci ill\u0259rd\u0259&nbsp; Aqrobiznesin t\u0259\u015fkili v\u0259 idar\u0259 edilm\u0259si kafedras\u0131nda dosent kimi f\u0259aliyy\u0259t g\u00f6st\u0259rmi\u015fdir.<\/p>\n\n\n\n<p>2012-2015 -ci ill\u0259rd\u0259&nbsp; Aqrobiznesin t\u0259\u015fkili v\u0259 idar\u0259 edilm\u0259si kafedras\u0131n\u0131n&nbsp; m\u00fcdiri v\u0259zif\u0259sin\u0259 se\u00e7ilib.<\/p>\n\n\n\n<p>2015-2018 -ci ill\u0259rd\u0259&nbsp; Aqrobiznesin t\u0259\u015fkili v\u0259 idar\u0259 edilm\u0259si kafedras\u0131nda dosent kimi f\u0259aliyy\u0259t g\u00f6st\u0259rib.<\/p>\n\n\n\n<p>2018-2023-c\u00fc ill\u0259rd\u0259&nbsp; G\u0259nc\u0259 D\u00f6vl\u0259t Universitetinin \u201d\u0130qtisadiyat\u201d kafedras\u0131nda dosent kimi f\u0259aliyy\u0259t\u0259 ba\u015flay\u0131b.<\/p>\n\n\n\n<p>2023- c\u00fc ild\u0259n G\u0259nc\u0259 D\u00f6vl\u0259t Universitetinin \u201c\u0130dar\u0259etm\u0259\u201d kafedras\u0131n\u0131n m\u00fcdiri v\u0259zif\u0259sind\u0259 \u00e7al\u0131\u015f\u0131r.<\/p>\n\n\n\n<p><strong>T\u018fDQ\u0130QAT SAH\u018fS\u0130<\/strong>:<\/p>\n\n\n\n<p>Aqrar sah\u0259nin iqtisadiyyat\u0131.<\/p>\n\n\n\n<p><strong>ELM\u0130 \u018fS\u018fRL\u018fR\u0130:<\/strong><\/p>\n\n\n\n<p>52 elmi \u0259s\u0259rin m\u00fc\u0259llifidir.<\/p>\n\n\n\n<p><strong>BEYN\u018fLXALQ SEM\u0130NAR, S\u0130MPOZ\u0130UM V\u018f KONFRANSLARDA \u0130\u015eT\u0130RAKI<\/strong><\/p>\n\n\n\n<p>10-d\u0259n art\u0131q beyn\u0259lxalq v\u0259 respublika s\u0259viyy\u0259li elmi-praktiki konfranslarda m\u00fcxt\u0259lif m\u00f6vzulu m\u0259ruz\u0259l\u0259rl\u0259 \u00e7\u0131x\u0131\u015f etmi\u015fdir.<\/p>\n\n\n\n<p><strong>D\u0130L B\u0130LG\u0130S\u0130:<\/strong> Az\u0259rbaycan,&nbsp; rus dili<\/p>\n\n\n\n<p><strong>PART\u0130YALILI\u011eI:<\/strong> 2002-ci ild\u0259n YAP&nbsp; \u00fczv\u00fcd\u00fcr.<\/p>\n","protected":false},"excerpt":{"rendered":"<p>QISA B\u0130OQRAF\u0130K M\u018fLUMAT: Af\u0259ddin Vahid o\u011flu H\u0259midov &#8211; &#8220;\u0130dar\u0259etm\u0259&#8221; kafedras\u0131n\u0131n m\u00fcdiri, iqtisad \u00fczr\u0259 f\u0259ls\u0259f\u0259 doktoru, dosent 14.08.1955-ci ild\u0259 Az\u0259rbaycan Respublikas\u0131n\u0131n Goranboy rayonunun Faxral\u0131 k\u0259ndind\u0259 anadan olmu\u015fdur.&nbsp; Telefon: (055) 625 -36 -13 &nbsp;E-mail afaddin1984@mail.ru T\u018fHS\u0130L\u0130,&nbsp;ELM\u0130&nbsp; D\u018fR\u018fC\u018fS\u0130 V\u018f ELM\u0130 ADLARI: 1972 \u2013ci ild\u0259 &nbsp;Faxral\u0131 k\u0259nd orta m\u0259kt\u0259bini f\u0259rql\u0259nm\u0259 diplomu il\u0259 &nbsp;bitirmi\u015fdir. 1972-1977 -ci ill\u0259rd\u0259 S.A\u011famal\u0131o\u011flu ad\u0131na \u201d\u015e\u0259r\u0259f [&hellip;]<\/p>\n","protected":false},"author":1,"featured_media":0,"parent":0,"menu_order":0,"comment_status":"closed","ping_status":"closed","template":"","meta":{"footnotes":""},"categories":[],"tags":[],"class_list":["post-11049","page","type-page","status-publish","hentry"],"_links":{"self":[{"href":"https:\/\/iif.gdu.edu.az\/index.php?rest_route=\/wp\/v2\/pages\/11049","targetHints":{"allow":["GET"]}}],"collection":[{"href":"https:\/\/iif.gdu.edu.az\/index.php?rest_route=\/wp\/v2\/pages"}],"about":[{"href":"https:\/\/iif.gdu.edu.az\/index.php?rest_route=\/wp\/v2\/types\/page"}],"author":[{"embeddable":true,"href":"https:\/\/iif.gdu.edu.az\/index.php?rest_route=\/wp\/v2\/users\/1"}],"replies":[{"embeddable":true,"href":"https:\/\/iif.gdu.edu.az\/index.php?rest_route=%2Fwp%2Fv2%2Fcomments&post=11049"}],"version-history":[{"count":3,"href":"https:\/\/iif.gdu.edu.az\/index.php?rest_route=\/wp\/v2\/pages\/11049\/revisions"}],"predecessor-version":[{"id":11639,"href":"https:\/\/iif.gdu.edu.az\/index.php?rest_route=\/wp\/v2\/pages\/11049\/revisions\/11639"}],"wp:attachment":[{"href":"https:\/\/iif.gdu.edu.az\/index.php?rest_route=%2Fwp%2Fv2%2Fmedia&parent=11049"}],"wp:term":[{"taxonomy":"category","embeddable":true,"href":"https:\/\/iif.gdu.edu.az\/index.php?rest_route=%2Fwp%2Fv2%2Fcategories&post=11049"},{"taxonomy":"post_tag","embeddable":true,"href":"https:\/\/iif.gdu.edu.az\/index.php?rest_route=%2Fwp%2Fv2%2Ftags&post=11049"}],"curies":[{"name":"wp","href":"https:\/\/api.w.org\/{rel}","templated":true}]}}