{"id":11193,"date":"2026-02-10T09:37:23","date_gmt":"2026-02-10T07:37:23","guid":{"rendered":"http:\/\/iif.gdu.edu.az\/?page_id=11193"},"modified":"2026-02-11T21:35:11","modified_gmt":"2026-02-11T19:35:11","slug":"%c9%99lizamin-ibrahim-oglu-%c9%99mirov","status":"publish","type":"page","link":"https:\/\/iif.gdu.edu.az\/?page_id=11193","title":{"rendered":"\u018flizamin \u0130brahim o\u011flu \u018fmirov"},"content":{"rendered":"\n<figure class=\"wp-block-image size-large is-resized\"><img loading=\"lazy\" decoding=\"async\" src=\"https:\/\/iif.gdu.edu.az\/wp-content\/uploads\/2026\/02\/\u0421\u043d\u0438\u043c\u043e\u043a1.png\" alt=\"\" class=\"wp-image-11194\" width=\"377\" height=\"390\"\/><\/figure>\n\n\n\n<p><strong>QISA B\u0130OQRAF\u0130K M\u018fLUMAT<\/strong>:<\/p>\n\n\n\n<p>27 mart 1989-cu ild\u0259 K\u0259lb\u0259c\u0259r rayonunda m\u00fc\u0259llim ail\u0259sind\u0259 anadan olub. Evlidir. <\/p>\n\n\n\n<p><strong>Telefon<\/strong>: +99455-221-26-75<\/p>\n\n\n\n<p><strong>E-mail<\/strong>: elizamin.amirov@gdu.edu.az<\/p>\n\n\n\n<p>alizamin_amirov@mail.ru<\/p>\n\n\n\n<p><strong>T\u018fHS\u0130L\u0130, ELM\u0130 D\u018fR\u018fC\u018fS\u0130 V\u018f ELM\u0130 ADI<\/strong>:<\/p>\n\n\n\n<p>2006-c\u0131 ild\u0259 75 sayl\u0131 K\u0259lb\u0259c\u0259r tam Orta M\u0259kt\u0259bini bitirib.<\/p>\n\n\n\n<p>2011-ci ild\u0259 Az\u0259rbaycan D\u00f6vl\u0259t \u0130qtisad Universitetinin (UNEC) \u00dcmumi \u0130qtisadiyyat fak\u00fclt\u0259sinin \u201c\u0130stehsal v\u0259 xidm\u0259t sah\u0259l\u0259rinin iqtisadiyyat\u0131 v\u0259 idar\u0259 edilm\u0259si\u201d ixtisas\u0131 \u00fczr\u0259 bakalavr pill\u0259sini bitirib.<\/p>\n\n\n\n<p>2015-ci ild\u0259 Odlar Yurdu Universitetinin (OYU) \u201cMaliyy\u0259 n\u0259zar\u0259ti v\u0259 audit\u201d (MBA proqram\u0131) ixtisas\u0131 \u00fczr\u0259 magistr d\u0259r\u0259c\u0259si al\u0131b.<\/p>\n\n\n\n<p>Az\u0259rbaycan Respublikas\u0131n\u0131n Prezidenti Yan\u0131nda Ali Attestasiya Komissiyas\u0131n\u0131n 29.12.2023-c\u00fc il tarixli q\u0259rar\u0131 il\u0259 5312.01 \u2013 Sah\u0259 iqtisadiyyat\u0131 ixtisas\u0131nda iqtisad elml\u0259ri elm sah\u0259si \u00fczr\u0259 F\u0259ls\u0259f\u0259 Doktoru elmi d\u0259r\u0259c\u0259si verilmi\u015fdir.<\/p>\n\n\n\n<p><strong>&nbsp;\u018fM\u018fK F\u018fAL\u0130YY\u018fT\u0130<\/strong>:<\/p>\n\n\n\n<p>2013-2015-ci ill\u0259rd\u0259 D\u0259mir Bank ASC-d\u0259 \u201c\u0130stehlak kreditl\u0259ri \u00fczr\u0259 m\u00fct\u0259x\u0259ssis\u201d v\u0259sif\u0259sind\u0259 \u00e7al\u0131\u015f\u0131b.<\/p>\n\n\n\n<p>2016-2017-ci ill\u0259rd\u0259 Az\u0259rbaycan Texnologiya Universitetinin \u201cS\u0259nayenin t\u0259\u015fkili v\u0259 idar\u0259 olunmas\u0131\u201dkafedras\u0131nda Lobarant v\u0259zif\u0259sind\u0259 \u00e7al\u0131\u015f\u0131b.<\/p>\n\n\n\n<p>2017-2018-ci ill\u0259rd\u0259 Kapital Bank ASC-d\u0259 kassa \u00fczr\u0259 ki\u00e7ik m\u00fct\u0259x\u0259ssis v\u0259zif\u0259sind\u0259 \u00e7al\u0131\u015f\u0131b.<\/p>\n\n\n\n<p> 2019-cu ild\u0259n G\u0259nc\u0259 D\u00f6vl\u0259t Universiteti PH\u015e-in \u201cMenecment v\u0259 turizm i\u015fi\u201d kafedras\u0131nda Ba\u015f m\u00fc\u0259llim v\u0259zif\u0259sind\u0259 \u00e7al\u0131\u015f\u0131r.<\/p>\n\n\n\n<p><strong>T\u018fDQ\u0130QAT SAH\u018fS\u0130: <\/strong><\/p>\n\n\n\n<p>\u201cG\u0259nc\u0259-Da\u015fk\u0259s\u0259n iqtisadi rayonunun \u0259m\u0259k resuslar\u0131n\u0131n sosial iqtisadi f\u0259aliyy\u0259t\u0259 c\u0259lb edilm\u0259sinin \u0259sas perspektiv istiqam\u0259tl\u0259ri\u201d m\u00f6vzusu \u00fcz\u0259rind\u0259 \u00e7al\u0131\u015f\u0131r.<\/p>\n\n\n\n<p><strong>BEYN\u018fLXALQ SEM\u0130NAR, S\u0130MPOZ\u0130UM V\u018f KONFRANSLARDA \u0130\u015eT\u0130RAKI<\/strong>:<\/p>\n\n\n\n<p>30-dan art\u0131q beyn\u0259lxalq v\u0259 respublika s\u0259viyy\u0259li elmi-praktiki konfranslarda m\u00fcxt\u0259lif m\u00f6vzulu m\u0259ruz\u0259l\u0259rl\u0259 \u00e7\u0131x\u0131\u015f etmi\u015fdir.<\/p>\n\n\n\n<p><strong>SE\u00c7\u0130LM\u0130\u015e \u018fS\u018fRL\u018fR\u0130: <\/strong><strong><\/strong><\/p>\n\n\n\n<ol class=\"wp-block-list\" type=\"1\"><li>Az\u0259rbaycanda aqrar-emal m\u0259hsullar\u0131n\u0131n art\u0131r\u0131lmas\u0131n\u0131n m\u00f6vcud v\u0259ziyy\u0259ti v\u0259 onun s\u0259m\u0259r\u0259li idar\u0259 olunmas\u0131nda \u015f\u0259ffafl\u0131\u011f\u0131n art\u0131r\u0131lmas\u0131 istiqam\u0259tl\u0259ri\/\/Az\u0259rbaycan Respublikas\u0131 auditorlar Palatas\u0131 \u201cAz\u0259rbaycan \u0130qtisadiyyat\u0131n\u0131n Strateji Yol X\u0259rit\u0259si: Hesabatl\u0131l\u0131q v\u0259 \u015e\u0259ffafl\u0131q probleml\u0259ri\u201d.(Beyn\u0259lxalq elmi-praktiki konfrans) Bak\u0131 2017, 21-23 sentyabr,\u2013 s. 429-435.<\/li><li>Az\u0259rbaycan Respublikas\u0131 k\u0259nd t\u0259s\u0259rr\u00fcfat\u0131n\u0131n istehsal v\u0259 resurs potensial\u0131n\u0131n qiym\u0259tl\u0259ndirilm\u0259si. \/\/ Odlar Yurdu Universitetinin Elmi v\u0259 pedaqoji x\u0259b\u0259rl\u0259ri jurnal\u0131. Bak\u0131&nbsp; 2018, \u211649, \u2013 s.151-162.<\/li><li>Aqrar-\u0259rzaq bazar\u0131 inki\u015faf\u0131n\u0131n \u0259rzaq t\u0259hl\u00fck\u0259sizliyinin s\u0259viyy\u0259sin\u0259 t\u0259sir ed\u0259n amill\u0259ri. \/\/Odlar Yurdu Universitetinin Elmi v\u0259 pedaqoji x\u0259b\u0259rl\u0259ri jurnal\u0131.&nbsp; \u211650 Bak\u0131 2018, \u2013&nbsp; s. 148-161.<\/li><li>Az\u0259rbaycan Respublikas\u0131 k\u0259nd t\u0259s\u0259rr\u00fcfat\u0131n\u0131n istehsal v\u0259 resurs potensial\u0131n\u0131n qiym\u0259tl\u0259ndirilm\u0259si\/\/Az\u0259rbaycan Xalq C\u00fcmhuriyy\u0259tinin 100 illiyi v\u0259 \u00dcmummilli lider Heyd\u0259r \u018fliyevin anadan olmas\u0131n\u0131n 95-ci il d\u00f6n\u00fcm\u00fcn\u0259 h\u0259sr olunmu\u015f \u201cM\u00fcasir d\u00f6vrd\u0259 Heyd\u0259r \u018fliyev d\u00f6vl\u0259t\u00e7ilik modeli: reall\u0131qlar v\u0259 faktlar\u201d m\u00f6vzusunda Respublika Elmi-praktik Konfrans\u0131n\u0131n Materiallar\u0131 8 may 2018, Bak\u0131 2018, \u2013 s. 285-288.<\/li><li>\u0130qtisadi t\u0259hl\u00fck\u0259sizlik v\u0259 \u0259rzaq t\u0259hl\u00fck\u0259sizliyi kateqoriyalar\u0131n\u0131n sosial-iqtisadi mahiyy\u0259ti. \/\/ Odlar Yurdu Universitetinin Elmi v\u0259 pedaqoji x\u0259b\u0259rl\u0259ri jurnal\u0131 \u211651 Bak\u0131 2019, \u2013&nbsp; s. 159-165.<\/li><li>Az\u0259rbaycan\u0131n aqrar b\u00f6lm\u0259sind\u0259 struktur d\u0259yi\u015fiklikl\u0259rin t\u0259hlili v\u0259 idxaldan as\u0131l\u0131l\u0131\u011f\u0131n qiym\u0259tl\u0259ndirilm\u0259si. \/\/Odlar Yurdu Universitetinin Elmi v\u0259 pedaqoji x\u0259b\u0259rl\u0259ri jurnal\u0131 \u211654 Bak\u0131 2020, \u2013&nbsp;&nbsp; s. 75-88.<\/li><li>Aqrar-\u0259rzaq bazar\u0131n\u0131n d\u00f6vl\u0259t t\u0259r\u0259find\u0259n t\u0259nziml\u0259nm\u0259sinin prioritet istiqam\u0259tl\u0259ri. \/\/Odlar Yurdu Universitetinin Elmi v\u0259 pedaqoji x\u0259b\u0259rl\u0259ri jurnal\u0131 \u211656 Bak\u0131 2020, \u2013&nbsp; s. 144-151.<\/li><li>\u0414\u0438\u0430\u0433\u043d\u043e\u0441\u0442\u0438\u043a\u0430 \u0430\u0433\u0440\u043e\u043f\u0440\u043e\u0434\u043e\u0432\u043e\u043b\u044b\u0441\u0442\u0432\u0435\u043d\u043d\u043e\u0433\u043e \u0440\u044c\u043d\u043a\u0430 \u0438 \u043e\u0441\u043d\u043e\u0432\u043d\u044b\u0445 \u0443\u0433\u0440\u043e\u0437 \u043f\u0440\u043e\u0434\u043e\u0432\u043e\u043b\u044c\u0441\u0442\u0432\u0435\u043d\u043d\u043e\u0439 \u0431\u0435\u0437\u043e\u043f\u0430\u0441\u043d\u043e\u0441\u0442\u0438\/\/ The Caucasus SC Scientific Journals Volume 43( Journal indexing ERIHPLUS, AGRIS) Georgia, Tblisi 2021, \u2013 c. 52-60.<\/li><li>Az\u0259rbaycanda aqrar-\u0259rzaq bazar\u0131n\u0131n m\u00f6vcud v\u0259ziyy\u0259ti v\u0259 perspektiv istiqam\u0259tl\u0259rinin m\u00fc\u0259yy\u0259nl\u0259\u015fdirilm\u0259si. \/\/ The Caucasus&nbsp; SC Scientific Journals Volume 47, Tblisi 2021, \u2013 s. 67-73.<\/li><li>\u0412\u043b\u0438\u044f\u043d\u0438\u0435 \u0440\u0430\u0437\u0432\u0438\u0442\u0438\u044f \u0438 \u0443\u043b\u0443\u0447\u0448\u0435\u043d\u0438\u044f \u043f\u0440\u043e\u0434\u043e\u0432\u043e\u043b\u044c\u0441\u0442\u0432\u0435\u043d\u043d\u043e\u0433\u043e \u0440\u044b\u043d\u043a\u0430 \u043d\u0430 \u0443\u0440\u043e\u0432\u0435\u043d\u044c \u0441\u0430\u043c\u043e\u043e\u0431\u0435\u0441\u043f\u0435\u0447\u0435\u043d\u043d\u043e\u0441\u0442\u0438 \u0441\u0435\u043b\u044c\u0441\u043a\u043e\u0445\u043e\u0437\u044f\u0439\u0441\u0442\u0432\u0435\u043d\u043d\u043e\u0439 \u043f\u0440\u043e\u0434\u0443\u043a\u0446\u0438\u0435\u0439. \/\/Az\u0259rbaycan Respublikas\u0131 T\u0259hsil Nazirliyi, Ming\u0259\u00e7evir D\u00f6vl\u0259t Universiteti \u201cDavaml\u0131 inki\u015faf strategiyas\u0131: Qlobal trendl\u0259r, milli t\u0259cr\u00fcb\u0259l\u0259r v\u0259 yeni h\u0259d\u0259fl\u0259r\u201d (Beyn\u0259lxalq elmi konfrans) II hiss\u0259. Ming\u0259\u00e7evir 2021, \u2013 c.380-382.<\/li><li>\u041f\u0440\u043e\u0434\u043e\u0432\u043e\u043b\u044c\u0441\u0442\u0432\u0435\u043d\u043d\u0430\u044f \u0431\u0435\u0437\u043e\u043f\u0430\u0441\u043d\u043e\u0441\u0442\u044c \u0438 \u044d\u043a\u043e\u043d\u043e\u043c\u0438\u0447\u0435\u0441\u043a\u043e\u0435 \u0440\u0435\u0433\u0443\u043b\u0438\u0440\u043e\u0432\u0430\u043d\u0438\u0435 \u0430\u0433\u0440\u043e\u043f\u0440\u043e\u0434\u043e\u0432\u043e\u043b\u044c\u0441\u0442\u0432\u0435\u043d\u043d\u043e\u0433\u043e \u0441\u043d\u0430\u0431\u0436\u0435\u043d\u0438\u044f \u0432 \u0410\u0437\u0435\u0440\u0431\u0430\u0439\u0434\u0436\u0430\u043d\u0435\/\/\u0410\u043a\u0442\u0443\u0430\u043b\u044c\u043d\u044b\u0435 \u043d\u0430\u0443\u0447\u043d\u044b\u0435 \u0438\u0441\u0441\u043b\u0435\u0434\u043e\u0432\u0430\u043d\u0438\u044f \u0432 \u0441\u043e\u0432\u0440\u0435\u043c\u0435\u043d\u043d\u043e\u043c \u043c\u0438\u0440\u0435. \u0412\u044b\u043f\u0443\u0441\u043a 5(73). \u041f\u0435\u0440\u0435\u044f\u0441\u043b\u0430\u0432 2021, \u2013 c.97-100.<\/li><li>Elimination of existing problems to improve food security in Azerbaijan\/\/ scientific research in XXI century Proceedings of the 9 th International Scientific and Practical Conference Ottava, Canada \u2116 62 18-19.06.2021, \u2013 p.79-84.<\/li><li>Az\u0259rbaycanda \u0259halinin aqrar-\u0259rzaq m\u0259hsullar\u0131 il\u0259 t\u0259minat\u0131 s\u0259viyy\u0259si. ADAU-nun&nbsp; Elmi \u0259s\u0259rl\u0259ri. \u21163 G\u0259nc\u0259 2021, \u2013 s. 104-107.<\/li><\/ol>\n\n\n\n<p><strong>Dil bilgisi: <\/strong>az\u0259rbaycan, ingilis<\/p>\n\n\n\n<p><strong>Partiyal\u0131\u011f\u0131:<\/strong> 2009-cu ild\u0259n YAP \u00fczv\u00fcd\u00fcr.<\/p>\n","protected":false},"excerpt":{"rendered":"<p>QISA B\u0130OQRAF\u0130K M\u018fLUMAT: 27 mart 1989-cu ild\u0259 K\u0259lb\u0259c\u0259r rayonunda m\u00fc\u0259llim ail\u0259sind\u0259 anadan olub. Evlidir. Telefon: +99455-221-26-75 E-mail: elizamin.amirov@gdu.edu.az alizamin_amirov@mail.ru T\u018fHS\u0130L\u0130, ELM\u0130 D\u018fR\u018fC\u018fS\u0130 V\u018f ELM\u0130 ADI: 2006-c\u0131 ild\u0259 75 sayl\u0131 K\u0259lb\u0259c\u0259r tam Orta M\u0259kt\u0259bini bitirib. 2011-ci ild\u0259 Az\u0259rbaycan D\u00f6vl\u0259t \u0130qtisad Universitetinin (UNEC) \u00dcmumi \u0130qtisadiyyat fak\u00fclt\u0259sinin \u201c\u0130stehsal v\u0259 xidm\u0259t sah\u0259l\u0259rinin iqtisadiyyat\u0131 v\u0259 idar\u0259 edilm\u0259si\u201d ixtisas\u0131 \u00fczr\u0259 bakalavr [&hellip;]<\/p>\n","protected":false},"author":8,"featured_media":0,"parent":0,"menu_order":0,"comment_status":"closed","ping_status":"closed","template":"","meta":{"footnotes":""},"categories":[],"tags":[],"class_list":["post-11193","page","type-page","status-publish","hentry"],"_links":{"self":[{"href":"https:\/\/iif.gdu.edu.az\/index.php?rest_route=\/wp\/v2\/pages\/11193","targetHints":{"allow":["GET"]}}],"collection":[{"href":"https:\/\/iif.gdu.edu.az\/index.php?rest_route=\/wp\/v2\/pages"}],"about":[{"href":"https:\/\/iif.gdu.edu.az\/index.php?rest_route=\/wp\/v2\/types\/page"}],"author":[{"embeddable":true,"href":"https:\/\/iif.gdu.edu.az\/index.php?rest_route=\/wp\/v2\/users\/8"}],"replies":[{"embeddable":true,"href":"https:\/\/iif.gdu.edu.az\/index.php?rest_route=%2Fwp%2Fv2%2Fcomments&post=11193"}],"version-history":[{"count":3,"href":"https:\/\/iif.gdu.edu.az\/index.php?rest_route=\/wp\/v2\/pages\/11193\/revisions"}],"predecessor-version":[{"id":11381,"href":"https:\/\/iif.gdu.edu.az\/index.php?rest_route=\/wp\/v2\/pages\/11193\/revisions\/11381"}],"wp:attachment":[{"href":"https:\/\/iif.gdu.edu.az\/index.php?rest_route=%2Fwp%2Fv2%2Fmedia&parent=11193"}],"wp:term":[{"taxonomy":"category","embeddable":true,"href":"https:\/\/iif.gdu.edu.az\/index.php?rest_route=%2Fwp%2Fv2%2Fcategories&post=11193"},{"taxonomy":"post_tag","embeddable":true,"href":"https:\/\/iif.gdu.edu.az\/index.php?rest_route=%2Fwp%2Fv2%2Ftags&post=11193"}],"curies":[{"name":"wp","href":"https:\/\/api.w.org\/{rel}","templated":true}]}}