{"id":11217,"date":"2026-02-10T10:10:29","date_gmt":"2026-02-10T08:10:29","guid":{"rendered":"http:\/\/iif.gdu.edu.az\/?page_id=11217"},"modified":"2026-02-11T21:35:36","modified_gmt":"2026-02-11T19:35:36","slug":"nazil%c9%99-ramiz-qizi-isg%c9%99nd%c9%99rova","status":"publish","type":"page","link":"https:\/\/iif.gdu.edu.az\/?page_id=11217","title":{"rendered":"Nazil\u0259 Ramiz q\u0131z\u0131 \u0130sg\u0259nd\u0259rova"},"content":{"rendered":"\n<figure class=\"wp-block-image size-large is-resized\"><img loading=\"lazy\" decoding=\"async\" src=\"https:\/\/iif.gdu.edu.az\/wp-content\/uploads\/2026\/02\/a.png\" alt=\"\" class=\"wp-image-11218\" width=\"331\" height=\"443\"\/><\/figure>\n\n\n\n<p><strong>QISA B\u0130OQRAF\u0130K M\u018fLUMAT<\/strong>:<\/p>\n\n\n\n<p>09.08.1972-ci ild\u0259&nbsp; G\u0259nc\u0259 \u015f\u0259h\u0259rind\u0259 ziyal\u0131 ail\u0259sind\u0259 anadan olmu\u015fdur.<\/p>\n\n\n\n<p><strong>Telefon:<\/strong> (050)&nbsp;544-00-20<\/p>\n\n\n\n<p><strong>E-mail:&nbsp; <\/strong><a href=\"mailto:nazileisgenderova83@gmail.com\">nazileisgenderova83@gmail.com<\/a><\/p>\n\n\n\n<p><strong>T\u018fHS\u0130L\u0130, ELM\u0130&nbsp; D\u018fR\u018fC\u018f V\u018f ELM\u0130 ADLARI<\/strong>:<\/p>\n\n\n\n<p>1988- ci ild\u0259 G\u0259nc\u0259 \u015f\u0259h\u0259ri M.\u018f.Sabir ad\u0131na 5\u2116-li orta m\u0259kt\u0259bini f\u0259rql\u0259nm\u0259 diplomu il\u0259 bitirmi\u015fdir.<\/p>\n\n\n\n<p>1988-1993-c\u00fc ill\u0259rd\u0259 Az\u0259rbaycan Texnologiya \u0130nstitutunun&nbsp; \u201cS\u00fcd v\u0259 s\u00fcd m\u0259hsullar\u0131n\u0131n texnologiyas\u0131i\u201d ixtisas\u0131n\u0131 bitirmi\u015fdir.<\/p>\n\n\n\n<p>2006-c\u0131 ild\u0259 dissertasiya m\u00fcdafi\u0259 ed\u0259r\u0259k texnika elml\u0259ri namiz\u0259di elmi d\u0259r\u0259c\u0259si alm\u0131\u015fd\u0131r.<\/p>\n\n\n\n<p>2008-ci ild\u0259 Qida v\u0259 turizm &nbsp;\u00fczr\u0259 dossent attestat\u0131 alm\u0131\u015fd\u0131r.<\/p>\n\n\n\n<p><strong>\u018fM\u018fK&nbsp; F\u018fAL\u0130YY\u018fT\u0130<\/strong>:<\/p>\n\n\n\n<p>1994-c\u00fc ild\u0259 Az\u0259rbaycan Texnologiya \u0130nstitutunda laborant, 1995-ci il\u0259rd\u0259 assistent, 1998-ci ill\u0259rd\u0259 ba\u015f m\u00fc\u0259llim, 2012-2017-ci ill\u0259rd\u0259 dekan m\u00fcavini v\u0259 &nbsp;dosent i\u015fl\u0259mi\u015fdir.<\/p>\n\n\n\n<p>2017-ci ild\u0259n etibar\u0259n G\u0259nc\u0259 D\u00f6vl\u0259t Universitetinin \u201c\u0130dar\u0259etm\u0259\u201d kafedras\u0131n\u0131n dosenti v\u0259zif\u0259sind\u0259 \u00e7al\u0131\u015fm\u0131\u015fd\u0131r.<\/p>\n\n\n\n<p>2019-cu ild\u0259n is\u0259 G\u0259nc\u0259 D\u00f6vl\u0259t Universitetinin \u201cMenecment v\u0259 Turizm i\u015fi\u201d kafedras\u0131nda dosent v\u0259zif\u0259sind\u0259 \u00e7al\u0131\u015f\u0131r.<\/p>\n\n\n\n<p><strong>ELM\u0130 \u018fS\u018fRL\u018fR\u0130:<\/strong><\/p>\n\n\n\n<p>70 elmi \u0259s\u0259rin m\u00fc\u0259llifidir.<\/p>\n\n\n\n<p><strong>BEYNALXALQ V\u018f RESPUBL\u0130KA S\u0130MPOZ\u0130UM V\u018f KONFRANSLARDA \u0130\u015eT\u0130RAKI:<\/strong><\/p>\n\n\n\n<p>5 beyn\u0259lxalq, yerli elmi konfransda, 3 elmi simpoziumda i\u015ftirak etmi\u015fdir.<\/p>\n\n\n\n<p><strong>D\u0130L B\u0130LG\u0130S\u0130:<\/strong> T\u00fcrk dili &#8211; s\u0259rb\u0259st, rus dili -\u0259la, ingilis dili \u2013 yax\u015f\u0131 s\u0259viyy\u0259d\u0259.<\/p>\n\n\n\n<p><strong>PART\u0130YALILI\u011eI :<\/strong> 2012-ci ild\u0259n YAP&nbsp; \u00fczv\u00fcd\u00fcr.<\/p>\n","protected":false},"excerpt":{"rendered":"<p>QISA B\u0130OQRAF\u0130K M\u018fLUMAT: 09.08.1972-ci ild\u0259&nbsp; G\u0259nc\u0259 \u015f\u0259h\u0259rind\u0259 ziyal\u0131 ail\u0259sind\u0259 anadan olmu\u015fdur. Telefon: (050)&nbsp;544-00-20 E-mail:&nbsp; nazileisgenderova83@gmail.com T\u018fHS\u0130L\u0130, ELM\u0130&nbsp; D\u018fR\u018fC\u018f V\u018f ELM\u0130 ADLARI: 1988- ci ild\u0259 G\u0259nc\u0259 \u015f\u0259h\u0259ri M.\u018f.Sabir ad\u0131na 5\u2116-li orta m\u0259kt\u0259bini f\u0259rql\u0259nm\u0259 diplomu il\u0259 bitirmi\u015fdir. 1988-1993-c\u00fc ill\u0259rd\u0259 Az\u0259rbaycan Texnologiya \u0130nstitutunun&nbsp; \u201cS\u00fcd v\u0259 s\u00fcd m\u0259hsullar\u0131n\u0131n texnologiyas\u0131i\u201d ixtisas\u0131n\u0131 bitirmi\u015fdir. 2006-c\u0131 ild\u0259 dissertasiya m\u00fcdafi\u0259 ed\u0259r\u0259k texnika elml\u0259ri namiz\u0259di [&hellip;]<\/p>\n","protected":false},"author":8,"featured_media":0,"parent":0,"menu_order":0,"comment_status":"closed","ping_status":"closed","template":"","meta":{"footnotes":""},"categories":[],"tags":[],"class_list":["post-11217","page","type-page","status-publish","hentry"],"_links":{"self":[{"href":"https:\/\/iif.gdu.edu.az\/index.php?rest_route=\/wp\/v2\/pages\/11217","targetHints":{"allow":["GET"]}}],"collection":[{"href":"https:\/\/iif.gdu.edu.az\/index.php?rest_route=\/wp\/v2\/pages"}],"about":[{"href":"https:\/\/iif.gdu.edu.az\/index.php?rest_route=\/wp\/v2\/types\/page"}],"author":[{"embeddable":true,"href":"https:\/\/iif.gdu.edu.az\/index.php?rest_route=\/wp\/v2\/users\/8"}],"replies":[{"embeddable":true,"href":"https:\/\/iif.gdu.edu.az\/index.php?rest_route=%2Fwp%2Fv2%2Fcomments&post=11217"}],"version-history":[{"count":3,"href":"https:\/\/iif.gdu.edu.az\/index.php?rest_route=\/wp\/v2\/pages\/11217\/revisions"}],"predecessor-version":[{"id":11382,"href":"https:\/\/iif.gdu.edu.az\/index.php?rest_route=\/wp\/v2\/pages\/11217\/revisions\/11382"}],"wp:attachment":[{"href":"https:\/\/iif.gdu.edu.az\/index.php?rest_route=%2Fwp%2Fv2%2Fmedia&parent=11217"}],"wp:term":[{"taxonomy":"category","embeddable":true,"href":"https:\/\/iif.gdu.edu.az\/index.php?rest_route=%2Fwp%2Fv2%2Fcategories&post=11217"},{"taxonomy":"post_tag","embeddable":true,"href":"https:\/\/iif.gdu.edu.az\/index.php?rest_route=%2Fwp%2Fv2%2Ftags&post=11217"}],"curies":[{"name":"wp","href":"https:\/\/api.w.org\/{rel}","templated":true}]}}