{"id":11244,"date":"2026-02-10T10:42:25","date_gmt":"2026-02-10T08:42:25","guid":{"rendered":"http:\/\/iif.gdu.edu.az\/?page_id=11244"},"modified":"2026-02-10T19:02:56","modified_gmt":"2026-02-10T17:02:56","slug":"azad%c9%99-murad-qizi-v%c9%99liyeva","status":"publish","type":"page","link":"https:\/\/iif.gdu.edu.az\/?page_id=11244","title":{"rendered":"Azad\u0259 Murad q\u0131z\u0131 V\u0259liyeva"},"content":{"rendered":"\n<figure class=\"wp-block-image size-large is-resized\"><img loading=\"lazy\" decoding=\"async\" src=\"https:\/\/iif.gdu.edu.az\/wp-content\/uploads\/2026\/02\/vv.png\" alt=\"\" class=\"wp-image-11245\" width=\"324\" height=\"429\"\/><\/figure>\n\n\n\n<p><strong>QISA B\u0130OQRAF\u0130K M\u018fLUMAT<\/strong>:<\/p>\n\n\n\n<p>22 fevral\u00a0 1973-c\u00fc \u00a0ild\u0259 Goranboy\u00a0 rayonunun\u00a0 Nizami k\u0259ndind\u0259 m\u00fc\u0259llim ail\u0259sind\u0259 anadan olub. Subay. <\/p>\n\n\n\n<p><strong>Telefon: <\/strong>+99455-303-68-09<\/p>\n\n\n\n<p><strong>E-mail: <\/strong>ayxan206@mail.ru<\/p>\n\n\n\n<p><strong>T\u018fHS\u0130L\u0130, ELM\u0130 D\u018fR\u018fC\u018fS\u0130 V\u018f ELM\u0130 ADLARI<\/strong>:<\/p>\n\n\n\n<p>&nbsp;1980-ci ild\u0259 Nizami k\u0259nd orta m\u0259kt\u0259binin 1ci sinifin\u0259 q\u0259bul olub 1990 \u2013ci &nbsp;ild\u0259 h\u0259min m\u0259kt\u0259bi bitirib .&nbsp;&nbsp;&nbsp;&nbsp;&nbsp;&nbsp;&nbsp;&nbsp;&nbsp;&nbsp;&nbsp;&nbsp;&nbsp;&nbsp;&nbsp;&nbsp;&nbsp;&nbsp;&nbsp;&nbsp;&nbsp;&nbsp;&nbsp;&nbsp;&nbsp;&nbsp;&nbsp;&nbsp;&nbsp;&nbsp;&nbsp;&nbsp;&nbsp;&nbsp;&nbsp;&nbsp;&nbsp;&nbsp;&nbsp;&nbsp;&nbsp;&nbsp;&nbsp;&nbsp;&nbsp;&nbsp;&nbsp;&nbsp;&nbsp;&nbsp;&nbsp;&nbsp;&nbsp;&nbsp;&nbsp;&nbsp;&nbsp;&nbsp;&nbsp;&nbsp;&nbsp;&nbsp;&nbsp;&nbsp;&nbsp;&nbsp;&nbsp;&nbsp;&nbsp;&nbsp;&nbsp;&nbsp;&nbsp;&nbsp;&nbsp;&nbsp;&nbsp;&nbsp;&nbsp;&nbsp;&nbsp;&nbsp;&nbsp;&nbsp;&nbsp;&nbsp;&nbsp; <\/p>\n\n\n\n<p>1990-c\u0131 ild\u0259 Az\u0259rbaycan K\u0259nd T\u0259s\u0259rr\u00fcat\u0131 Akademiyas\u0131na daxil olub.<\/p>\n\n\n\n<p> 1995- ci ild\u0259 M\u00fchasibat u\u00e7otu n\u0259zar\u0259t v\u0259 t\u0259s\u0259rr\u00fcfat\u00a0 f\u0259aliyy\u0259tinin t\u0259hlili \u00fczr\u0259 tam kursu bitirib.<\/p>\n\n\n\n<p>1917-ci ild\u0259 G\u0259nc\u0259 D\u00f6vl\u0259t Universitetinin \u00a0&#8220;\u00dcmumi iqtisadiyyat&#8221; \u00a0kafedras\u0131n\u0131n 5308.01 \u201c\u00dcmumi iqtisadiyyat\u201d ixtisas\u0131 \u00fczr\u0259 f\u0259ls\u0259f\u0259 doktoru proqram\u0131 \u0259sas\u0131nda qiyabi dokturanturaya q\u0259bul olub.<\/p>\n\n\n\n<p><strong>\u018fM\u018fK F\u018fAL\u0130YY\u018fT\u0130<\/strong>:<\/p>\n\n\n\n<p>Akademiyan\u0131 bitirdik\u0259n sonra 30.08.1995 ci ild\u0259n 14.10.1997 ci il\u0259 q\u0259d\u0259r G\u0259nc\u0259 \u015f\u0259h\u0259ri Toxuculuq kombinat\u0131nda i\u015fl\u0259mi\u015fdir.<\/p>\n\n\n\n<p> 2002- ci ild\u0259\u00a0 G\u0259nc\u0259 elektrik \u015f\u0259b\u0259k\u0259sind\u0259 i\u015fl\u0259mi\u015fdir.01.09.2011- ci ild\u0259n- 03.03.2014 c\u00fc il\u0259 q\u0259d\u0259r \u201cT\u0259hsil\u201d\u00a0 Respublika \u0130dman\u00a0 M\u0259rk\u0259zinin G\u0259nc\u0259 filial\u0131nda x\u0259zin\u0259dar v\u0259zif\u0259sind\u0259 i\u015fl\u0259mi\u015fdir.<\/p>\n\n\n\n<p>2014-c\u00fc ild\u0259n G\u0259nc\u0259 D\u00f6vl\u0259t\u00a0 Universitetinin &#8220;\u0130qtisadiyyat v\u0259 idar\u0259etm\u0259&#8221; fak\u00fclt\u0259sind\u0259 m\u00fc\u0259llim\u0259 i\u015fl\u0259yir.<\/p>\n\n\n\n<p><strong>T\u018fDQ\u0130QAT SAH\u018fS\u0130: <\/strong><\/p>\n\n\n\n<p>\u201cSahibkarl\u0131q&nbsp; f\u0259aliyy\u0259tinin informasiya t\u0259minat\u0131n\u0131n yax\u015f\u0131la\u015fd\u0131r\u0131lmas\u0131 istiqam\u0259tl\u0259ri \u201c m\u00f6vzusu \u00fczr\u0259 elmi i\u015fin \u00fcz\u0259rind\u0259 \u00e7al\u0131\u015f\u0131r.<\/p>\n\n\n\n<p><strong>SE\u00c7\u0130LM\u0130\u015e \u018fS\u018fRL\u018fR\u0130<\/strong>:<\/p>\n\n\n\n<p><strong>1.<\/strong> M\u00fc\u0259ssis\u0259 \u0259hat\u0259sind\u0259 insan davran\u0131\u015f\u0131n\u0131n meyarlar\u0131 bazas\u0131 (GDU, Elmi x\u0259b\u0259rl\u0259ri, Fundamental,humanitar v\u0259 t\u0259bi\u0259t elml\u0259ri seriyas\u0131.G\u0259nc\u0259 2013)<\/p>\n\n\n\n<p><strong>&nbsp; 2.<\/strong> Ekoloji T\u0259hl\u00fck\u0259sizliyinin \u0130qtisadi \u018fsaslar\u0131 (Akademik \u018f.Mahmudovun anadan olmas\u0131nn\u0131n 91-ci il d\u00f6n\u00fcm\u00fcn\u0259 h\u0259sr olunmu\u015f Elmi-Praktiki Konfrans Material\u0131 G\u0259nc\u0259-ADAU 2014)<\/p>\n\n\n\n<p><strong>&nbsp; 3.<\/strong> Vergi,maliyy\u0259 v\u0259 m\u00fchasibat u\u00e7otu m\u0259qs\u0259dl\u0259ri \u00fc\u00e7\u00fcn iqtisadi subyektin u\u00e7ot siyas\u0259tinin formala\u015fmas\u0131 x\u00fcsusiyy\u0259tl\u0259ri (GDU.Elmi x\u0259b\u0259rl\u0259r. Fundamental,hfumanitar v\u0259 t\u0259bi\u0259t elml\u0259ri seriyas\u0131 2016)<\/p>\n\n\n\n<p><strong>4.<\/strong> Sahibkarl\u0131\u011f\u0131n inormasiya t\u0259minat\u0131n\u0131n \u0259h\u0259miyy\u0259ti (\u00dcmummilli lider H.\u018fliyevin&nbsp; anadan olmas\u0131n\u0131n 95-ci il d\u00f6n\u00fcm\u00fcn\u0259 h\u0259sr olunmu\u015f&nbsp; Beyn\u0259lxalq elmi konfrans\u0131 2018)<strong><\/strong><\/p>\n\n\n\n<p><strong>5.<\/strong> Sahibkarl\u0131\u011f\u0131n inki\u015faf\u0131nda d\u00f6vl\u0259t d\u0259st\u0259yi prezidentin iqtisadi siyas\u0259tinin prioritet istiqam\u0259tl\u0259rind\u0259n biri kimi (\u00dcmummilli lider H.\u018fliyevin&nbsp; anadan olmas\u0131n\u0131n 95-ci il d\u00f6n\u00fcm\u00fcn\u0259 h\u0259sr olunmu\u015f&nbsp;G\u0259nc aliml\u0259rin III&nbsp; Beyn\u0259lxalq elmi konfrans\u0131 2018)<\/p>\n\n\n\n<p><strong>6.<\/strong> Qloballa\u015fan m\u00fcasir \u015f\u0259raitd\u0259 respublikam\u0131zda sahibkarl\u0131q f\u0259aliyy\u0259tinin stimulla\u015fd\u0131r\u0131lmas\u0131 t\u0259dbirl\u0259ri (GDU.Elmi x\u0259b\u0259rl\u0259r. Fundamental,humanitar v\u0259 t\u0259bi\u0259t elml\u0259ri seriyas\u0131 2019)<\/p>\n\n\n\n<p><strong>7.<\/strong> Substant\u0131at\u0131on of the method and effect\u0131ve use of the metod on l\u0131ttle da\u0131ry farms (European Journal of Humanities and Sosial Sciences)<\/p>\n\n\n\n<p><strong>8.<\/strong> Sahibkarl\u0131\u011f\u0131n \u0130nformasiya t\u0259minat\u0131nda m\u0259sl\u0259h\u0259t xidm\u0259tl\u0259rinin rolu (\u00dcmummilli lider H.\u018fliyevin&nbsp; anadan olmas\u0131n\u0131n 99-cu il d\u00f6n\u00fcm\u00fcn\u0259 h\u0259sr olunmu\u015f&nbsp;Beyn\u0259lxalq elmi konfrans\u0131)<\/p>\n\n\n\n<p><strong>9. <\/strong>Modern problems of management in Azerbaijan(Az\u0259rbaycanda menecmentin m\u00fcasir probleml\u0259ri) AB\u015e-2023&nbsp;&nbsp;Konfrans Material\u0131<\/p>\n\n\n\n<p><strong>D\u0130L B\u0130LG\u0130S\u0130:  <\/strong>az\u0259rbaycan, rus<\/p>\n\n\n\n<p><strong>PART\u0130YALILI\u011eI:<\/strong> 2011-ci ild\u0259n YAP \u00fczv\u00fcd\u00fcr.<\/p>\n","protected":false},"excerpt":{"rendered":"<p>QISA B\u0130OQRAF\u0130K M\u018fLUMAT: 22 fevral\u00a0 1973-c\u00fc \u00a0ild\u0259 Goranboy\u00a0 rayonunun\u00a0 Nizami k\u0259ndind\u0259 m\u00fc\u0259llim ail\u0259sind\u0259 anadan olub. Subay. Telefon: +99455-303-68-09 E-mail: ayxan206@mail.ru T\u018fHS\u0130L\u0130, ELM\u0130 D\u018fR\u018fC\u018fS\u0130 V\u018f ELM\u0130 ADLARI: &nbsp;1980-ci ild\u0259 Nizami k\u0259nd orta m\u0259kt\u0259binin 1ci sinifin\u0259 q\u0259bul olub 1990 \u2013ci &nbsp;ild\u0259 h\u0259min m\u0259kt\u0259bi bitirib .&nbsp;&nbsp;&nbsp;&nbsp;&nbsp;&nbsp;&nbsp;&nbsp;&nbsp;&nbsp;&nbsp;&nbsp;&nbsp;&nbsp;&nbsp;&nbsp;&nbsp;&nbsp;&nbsp;&nbsp;&nbsp;&nbsp;&nbsp;&nbsp;&nbsp;&nbsp;&nbsp;&nbsp;&nbsp;&nbsp;&nbsp;&nbsp;&nbsp;&nbsp;&nbsp;&nbsp;&nbsp;&nbsp;&nbsp;&nbsp;&nbsp;&nbsp;&nbsp;&nbsp;&nbsp;&nbsp;&nbsp;&nbsp;&nbsp;&nbsp;&nbsp;&nbsp;&nbsp;&nbsp;&nbsp;&nbsp;&nbsp;&nbsp;&nbsp;&nbsp;&nbsp;&nbsp;&nbsp;&nbsp;&nbsp;&nbsp;&nbsp;&nbsp;&nbsp;&nbsp;&nbsp;&nbsp;&nbsp;&nbsp;&nbsp;&nbsp;&nbsp;&nbsp;&nbsp;&nbsp;&nbsp;&nbsp;&nbsp;&nbsp;&nbsp;&nbsp;&nbsp; 1990-c\u0131 ild\u0259 Az\u0259rbaycan K\u0259nd T\u0259s\u0259rr\u00fcat\u0131 Akademiyas\u0131na daxil olub. 1995- ci ild\u0259 M\u00fchasibat [&hellip;]<\/p>\n","protected":false},"author":8,"featured_media":0,"parent":0,"menu_order":0,"comment_status":"closed","ping_status":"closed","template":"","meta":{"footnotes":""},"categories":[],"tags":[],"class_list":["post-11244","page","type-page","status-publish","hentry"],"_links":{"self":[{"href":"https:\/\/iif.gdu.edu.az\/index.php?rest_route=\/wp\/v2\/pages\/11244","targetHints":{"allow":["GET"]}}],"collection":[{"href":"https:\/\/iif.gdu.edu.az\/index.php?rest_route=\/wp\/v2\/pages"}],"about":[{"href":"https:\/\/iif.gdu.edu.az\/index.php?rest_route=\/wp\/v2\/types\/page"}],"author":[{"embeddable":true,"href":"https:\/\/iif.gdu.edu.az\/index.php?rest_route=\/wp\/v2\/users\/8"}],"replies":[{"embeddable":true,"href":"https:\/\/iif.gdu.edu.az\/index.php?rest_route=%2Fwp%2Fv2%2Fcomments&post=11244"}],"version-history":[{"count":3,"href":"https:\/\/iif.gdu.edu.az\/index.php?rest_route=\/wp\/v2\/pages\/11244\/revisions"}],"predecessor-version":[{"id":11339,"href":"https:\/\/iif.gdu.edu.az\/index.php?rest_route=\/wp\/v2\/pages\/11244\/revisions\/11339"}],"wp:attachment":[{"href":"https:\/\/iif.gdu.edu.az\/index.php?rest_route=%2Fwp%2Fv2%2Fmedia&parent=11244"}],"wp:term":[{"taxonomy":"category","embeddable":true,"href":"https:\/\/iif.gdu.edu.az\/index.php?rest_route=%2Fwp%2Fv2%2Fcategories&post=11244"},{"taxonomy":"post_tag","embeddable":true,"href":"https:\/\/iif.gdu.edu.az\/index.php?rest_route=%2Fwp%2Fv2%2Ftags&post=11244"}],"curies":[{"name":"wp","href":"https:\/\/api.w.org\/{rel}","templated":true}]}}