{"id":11251,"date":"2026-02-10T17:39:18","date_gmt":"2026-02-10T15:39:18","guid":{"rendered":"http:\/\/iif.gdu.edu.az\/?page_id=11251"},"modified":"2026-02-10T18:53:09","modified_gmt":"2026-02-10T16:53:09","slug":"ilah%c9%99-yunis-qizi-sahverdiyeva","status":"publish","type":"page","link":"https:\/\/iif.gdu.edu.az\/?page_id=11251","title":{"rendered":"\u0130lah\u0259 Yunis q\u0131z\u0131 \u015eahverdiyeva"},"content":{"rendered":"\n<figure class=\"wp-block-image size-large is-resized\"><img loading=\"lazy\" decoding=\"async\" src=\"https:\/\/iif.gdu.edu.az\/wp-content\/uploads\/2026\/02\/pp-2.png\" alt=\"\" class=\"wp-image-11252\" width=\"318\" height=\"440\"\/><\/figure>\n\n\n\n<p><strong>QISA B\u0130OQRAF\u0130K M\u018fLUMAT<\/strong>:<\/p>\n\n\n\n<p>10.11.1975ci ild\u0259 G\u0259nc\u0259 \u015f\u0259h\u0259rind\u0259 ziyal\u0131 ail\u0259sind\u0259 anadan olmu\u015fdur.<\/p>\n\n\n\n<p><strong>Telefon:<\/strong> (050)\u00a0391-80-17\u00a0\u00a0\u00a0\u00a0\u00a0\u00a0\u00a0\u00a0\u00a0\u00a0\u00a0\u00a0\u00a0\u00a0\u00a0\u00a0\u00a0\u00a0\u00a0\u00a0\u00a0\u00a0\u00a0\u00a0\u00a0\u00a0\u00a0\u00a0\u00a0\u00a0\u00a0\u00a0\u00a0\u00a0\u00a0\u00a0\u00a0\u00a0\u00a0\u00a0\u00a0\u00a0\u00a0\u00a0\u00a0\u00a0\u00a0<\/p>\n\n\n\n<p><strong>E-mail:\u00a0<\/strong>ilaxa-shahverdiyeva@mail.ru<\/p>\n\n\n\n<p><strong>T\u018fHS\u0130L\u0130, ELM\u0130\u00a0 D\u018fR\u018fC\u018f V\u018f ELM\u0130 ADLARI<\/strong>:<\/p>\n\n\n\n<p>1992- ci ild\u0259 11n\u00f6mr\u0259li\u00a0 orta m\u0259kt\u0259bini bitirmi\u015fdir.<\/p>\n\n\n\n<p>1992-1997-ci ill\u0259rd\u0259 Az\u0259rbaycan Texnologiya \u0130nstitutunun\u00a0 \u201cmetrologiya,standartla\u015fd\u0131rma v\u0259 m\u0259hsulun keyfiyy\u0259tin\u0259 n\u0259zar\u0259t\u201d ixtisas\u0131n\u0131 bitirmi\u015fdir.2012-ci ild\u0259 dissertasiya m\u00fcdafi\u0259 ed\u0259r\u0259k texnika elml\u0259ri namiz\u0259di elmi d\u0259r\u0259c\u0259si alm\u0131\u015fd\u0131r.<\/p>\n\n\n\n<p><strong>\u018fM\u018fK\u00a0 F\u018fAL\u0130YY\u018fT\u0130<\/strong>:<\/p>\n\n\n\n<p>1997-ci Az\u0259rbaycan Texnologiya \u0130nstitutu mexanika kafedras\u0131nda&nbsp; laborant v\u0259zif\u0259sind\u0259 \u00e7al\u0131\u015fm\u0131\u015fd\u0131r.<\/p>\n\n\n\n<p>1998-ci ild\u0259 ill\u0259rd\u0259 dosent i\u015fl\u0259mi\u015fdir.&nbsp;<\/p>\n\n\n\n<p>1999 \u2013cu &nbsp;ild\u0259n etibar\u0259n G\u0259nc\u0259 D\u00f6vl\u0259t Universitetinin ,\u0130btidai , h\u0259rbi haz\u0131rl\u0131q&nbsp; v\u0259 m\u00fclki m\u00fcdafi\u0259 kafedras\u0131nda stajer m\u00fc\u0259llim.<\/p>\n\n\n\n<p>2001-ci ild\u0259n Istehsalat \u0259saslar\u0131&nbsp; v\u0259 \u0259m\u0259k t\u0259limi metodikas\u0131&nbsp; kafedras\u0131nda m\u00fc\u0259llim,<\/p>\n\n\n\n<p>2005 -ci h\u0259min kaf\u0259drada ba\u015f mu\u0259llim<\/p>\n\n\n\n<p>2013-c\u00fc ild\u0259n \u0130qtisadiyyat v\u0259 idar\u0259etm\u0259 kafedras\u0131nda ba\u015f m\u00fc\u0259llim<\/p>\n\n\n\n<p>2013-c\u00fc ild\u0259n t.f.d ba\u015f m\u00fc\u0259llim<\/p>\n\n\n\n<p>2016-c\u0131 ild\u0259n h\u0259min kafedrada dosent \u0259v\u0259zi<\/p>\n\n\n\n<p>2021-ci ild\u0259n Menecment v\u0259 turizm i\u015fi kafedras\u0131nda dosent<\/p>\n\n\n\n<p>2023-c\u00fc ild\u0259 \u201cmenecment v\u0259 turizm i\u015fi\u201d kafedras\u0131nda ba\u015f m\u00fc\u0259llim v\u0259zif\u0259sind\u0259dir.<\/p>\n\n\n\n<p><strong>ELM\u0130 \u018fS\u018fRL\u018fR\u0130:<\/strong><\/p>\n\n\n\n<p>40 elmi \u0259s\u0259rin m\u00fc\u0259llifidir.<\/p>\n\n\n\n<p><strong>BEYNALXALQ V\u018f RESPUBL\u0130KA S\u0130MPOZ\u0130UM V\u018f KONFRANSLARDA \u0130\u015eT\u0130RAKI:<\/strong><\/p>\n\n\n\n<p>20 beyn\u0259lxalq, yerli elmi konfransda.<\/p>\n\n\n\n<p><strong>D\u0130L B\u0130LG\u0130S\u0130:<\/strong> T\u00fcrk dili &#8211; s\u0259rb\u0259st, rus dili -\u0259la, ingilis dili \u2013 yax\u015f\u0131 s\u0259viyy\u0259d\u0259.<\/p>\n\n\n\n<p><strong>PART\u0130YALILI\u011eI :<\/strong> 1999-cu ild\u0259n YAP\u00a0 \u00fczv\u00fcd\u00fcr.<\/p>\n","protected":false},"excerpt":{"rendered":"<p>QISA B\u0130OQRAF\u0130K M\u018fLUMAT: 10.11.1975ci ild\u0259 G\u0259nc\u0259 \u015f\u0259h\u0259rind\u0259 ziyal\u0131 ail\u0259sind\u0259 anadan olmu\u015fdur. Telefon: (050)\u00a0391-80-17\u00a0\u00a0\u00a0\u00a0\u00a0\u00a0\u00a0\u00a0\u00a0\u00a0\u00a0\u00a0\u00a0\u00a0\u00a0\u00a0\u00a0\u00a0\u00a0\u00a0\u00a0\u00a0\u00a0\u00a0\u00a0\u00a0\u00a0\u00a0\u00a0\u00a0\u00a0\u00a0\u00a0\u00a0\u00a0\u00a0\u00a0\u00a0\u00a0\u00a0\u00a0\u00a0\u00a0\u00a0\u00a0\u00a0\u00a0 E-mail:\u00a0ilaxa-shahverdiyeva@mail.ru T\u018fHS\u0130L\u0130, ELM\u0130\u00a0 D\u018fR\u018fC\u018f V\u018f ELM\u0130 ADLARI: 1992- ci ild\u0259 11n\u00f6mr\u0259li\u00a0 orta m\u0259kt\u0259bini bitirmi\u015fdir. 1992-1997-ci ill\u0259rd\u0259 Az\u0259rbaycan Texnologiya \u0130nstitutunun\u00a0 \u201cmetrologiya,standartla\u015fd\u0131rma v\u0259 m\u0259hsulun keyfiyy\u0259tin\u0259 n\u0259zar\u0259t\u201d ixtisas\u0131n\u0131 bitirmi\u015fdir.2012-ci ild\u0259 dissertasiya m\u00fcdafi\u0259 ed\u0259r\u0259k texnika elml\u0259ri namiz\u0259di elmi d\u0259r\u0259c\u0259si alm\u0131\u015fd\u0131r. \u018fM\u018fK\u00a0 F\u018fAL\u0130YY\u018fT\u0130: 1997-ci Az\u0259rbaycan Texnologiya \u0130nstitutu [&hellip;]<\/p>\n","protected":false},"author":8,"featured_media":0,"parent":0,"menu_order":0,"comment_status":"closed","ping_status":"closed","template":"","meta":{"footnotes":""},"categories":[325],"tags":[],"class_list":["post-11251","page","type-page","status-publish","hentry","category-menecment-v-turizm-isi-akademik-heyt"],"_links":{"self":[{"href":"https:\/\/iif.gdu.edu.az\/index.php?rest_route=\/wp\/v2\/pages\/11251","targetHints":{"allow":["GET"]}}],"collection":[{"href":"https:\/\/iif.gdu.edu.az\/index.php?rest_route=\/wp\/v2\/pages"}],"about":[{"href":"https:\/\/iif.gdu.edu.az\/index.php?rest_route=\/wp\/v2\/types\/page"}],"author":[{"embeddable":true,"href":"https:\/\/iif.gdu.edu.az\/index.php?rest_route=\/wp\/v2\/users\/8"}],"replies":[{"embeddable":true,"href":"https:\/\/iif.gdu.edu.az\/index.php?rest_route=%2Fwp%2Fv2%2Fcomments&post=11251"}],"version-history":[{"count":3,"href":"https:\/\/iif.gdu.edu.az\/index.php?rest_route=\/wp\/v2\/pages\/11251\/revisions"}],"predecessor-version":[{"id":11332,"href":"https:\/\/iif.gdu.edu.az\/index.php?rest_route=\/wp\/v2\/pages\/11251\/revisions\/11332"}],"wp:attachment":[{"href":"https:\/\/iif.gdu.edu.az\/index.php?rest_route=%2Fwp%2Fv2%2Fmedia&parent=11251"}],"wp:term":[{"taxonomy":"category","embeddable":true,"href":"https:\/\/iif.gdu.edu.az\/index.php?rest_route=%2Fwp%2Fv2%2Fcategories&post=11251"},{"taxonomy":"post_tag","embeddable":true,"href":"https:\/\/iif.gdu.edu.az\/index.php?rest_route=%2Fwp%2Fv2%2Ftags&post=11251"}],"curies":[{"name":"wp","href":"https:\/\/api.w.org\/{rel}","templated":true}]}}