{"id":11268,"date":"2026-02-10T17:57:07","date_gmt":"2026-02-10T15:57:07","guid":{"rendered":"http:\/\/iif.gdu.edu.az\/?page_id=11268"},"modified":"2026-02-10T19:04:06","modified_gmt":"2026-02-10T17:04:06","slug":"gulnar%c9%99-qosqar-qizi-bagirova","status":"publish","type":"page","link":"https:\/\/iif.gdu.edu.az\/?page_id=11268","title":{"rendered":"G\u00fclnar\u0259 Qo\u015fqar q\u0131z\u0131  Ba\u011f\u0131rova"},"content":{"rendered":"\n<figure class=\"wp-block-image size-large is-resized\"><img loading=\"lazy\" decoding=\"async\" src=\"https:\/\/iif.gdu.edu.az\/wp-content\/uploads\/2026\/02\/G.png\" alt=\"\" class=\"wp-image-11269\" width=\"351\" height=\"479\"\/><\/figure>\n\n\n\n<p><strong>QISA B\u0130OQRAF\u0130K M\u018fLUMAT<\/strong>:<\/p>\n\n\n\n<p>Ba\u011f\u0131rova G\u00fclnar\u0259 Qo\u015fqar q\u0131z\u0131 24 fevral 1967-ci ild\u0259 Xanlar rayonunda\u00a0 (indiki G\u00f6yg\u00f6l rayonu) anadan olmu\u015fam.<\/p>\n\n\n\n<p><strong>Telefon: <\/strong>+99470-252-35-63<strong><\/strong><\/p>\n\n\n\n<p><strong>E-mail: <\/strong><a href=\"mailto:gulnara.bagirova.67@gmail.com\">gulnara.bagirova.67@gmail.com<\/a><\/p>\n\n\n\n<p><strong>T\u018fHS\u0130L\u0130, ELM\u0130 D\u018fR\u018fC\u018fS\u0130 V\u018f ELM\u0130 ADLARI<\/strong>:<\/p>\n\n\n\n<p>1974-c\u00fc ild\u0259 Xanlar rayon 4 sayl\u0131 orta m\u0259kt\u0259bin birinci sinifin\u0259 getmi\u015f\u0259m v\u0259 1984-c\u00fc ild\u0259 h\u0259min m\u0259kt\u0259bi bitirmi\u015f\u0259m. <\/p>\n\n\n\n<p>El\u0259 h\u0259min ild\u0259 S. A\u011famal\u0131o\u011flu ad\u0131na \u201c \u015e\u0259r\u0259f Ni\u015fan\u0131\u201c ordenli Az\u0259rbaycan K\u0259nd T\u0259s\u0259rr\u00fcfat\u0131 institutunun iqtisadiyyat fak\u00fclt\u0259sinin\u00a0 \u201c K\u0259nd t\u0259s\u0259rr\u00fcfat\u0131n\u0131n iqtisadiyyat\u0131 v\u0259 t\u0259\u015fkili\u201c ixtisas\u0131n\u0131n\u00a0 I kursuna daxil olmu\u015fam v\u0259 1989-cu ild\u0259 bitirmi\u015f\u0259m. <\/p>\n\n\n\n<p>El\u0259 h\u0259min ild\u0259 Xanlar Aqrar S\u0259naye Bank\u0131nda\u00a0 u\u00e7ot \u0259m\u0259liyyat \u015f\u00f6b\u0259sin\u0259 iqtisad\u00e7\u0131 v\u0259zif\u0259sin\u0259 q\u0259bul edilmi\u015f\u0259m. <\/p>\n\n\n\n<p>1996-c\u0131 ild\u0259 \u00f6z \u0259riz\u0259m il\u0259 tutdu\u011fum v\u0259zif\u0259d\u0259n azad edilmi\u015f\u0259m.<\/p>\n\n\n\n<p><strong>\u018fM\u018fK F\u018fAL\u0130YY\u018fT\u0130<\/strong>:<\/p>\n\n\n\n<p>2007-ci il tarixind\u0259 G\u0259nc\u0259 D\u00f6vl\u0259t Universiteti \u0130dar\u0259etm\u0259 kafedras\u0131na kabin\u0259 m\u00fcdiri\u00a0 v\u0259zif\u0259sin\u0259 t\u0259yin edilmi\u015f\u0259m. <\/p>\n\n\n\n<p>2009-cu il tarixind\u0259 \u0130dar\u0259etm\u0259\u00a0 kafadras\u0131nda m\u00fc\u0259llim v\u0259zif\u0259sin\u0259 ke\u00e7irilmi\u015f\u0259m v\u0259\u00a0 hal haz\u0131rda Menecment v\u0259 turizm i\u015fi kafedras\u0131nda m\u00fc\u0259llim i\u015fl\u0259yir\u0259m.\u00a0\u00a0\u00a0\u00a0 \u00a0\u00a0\u00a0\u00a0\u00a0\u00a0\u00a0\u00a0\u00a0\u00a0\u00a0\u00a0\u00a0\u00a0\u00a0\u00a0<\/p>\n\n\n\n<p><strong>BEYN\u018fLXALQ SEM\u0130NAR, S\u0130MPOZ\u0130UM V\u018f KONFRANSLARDA \u0130\u015eT\u0130RAKI<\/strong>:<\/p>\n\n\n\n<p>Az\u0259rbaycanda v\u0259 xarici \u00f6lk\u0259l\u0259rd\u0259 d\u0259rc olunan 27-d\u0259n \u00e7ox yax\u0131n elmi \u0259s\u0259rl\u0259rin m\u00fc\u0259llif\u0131dir.<\/p>\n\n\n\n<p><strong>D\u0130L B\u0130LG\u0130S\u0130: <\/strong>az\u0259rbaycan, rus, alman.<\/p>\n\n\n\n<p><strong>PART\u0130YALILI\u011eI:<\/strong> 2009-cu ild\u0259n YAP \u00fczv\u00fcd\u00fcr.<\/p>\n","protected":false},"excerpt":{"rendered":"<p>QISA B\u0130OQRAF\u0130K M\u018fLUMAT: Ba\u011f\u0131rova G\u00fclnar\u0259 Qo\u015fqar q\u0131z\u0131 24 fevral 1967-ci ild\u0259 Xanlar rayonunda\u00a0 (indiki G\u00f6yg\u00f6l rayonu) anadan olmu\u015fam. Telefon: +99470-252-35-63 E-mail: gulnara.bagirova.67@gmail.com T\u018fHS\u0130L\u0130, ELM\u0130 D\u018fR\u018fC\u018fS\u0130 V\u018f ELM\u0130 ADLARI: 1974-c\u00fc ild\u0259 Xanlar rayon 4 sayl\u0131 orta m\u0259kt\u0259bin birinci sinifin\u0259 getmi\u015f\u0259m v\u0259 1984-c\u00fc ild\u0259 h\u0259min m\u0259kt\u0259bi bitirmi\u015f\u0259m. El\u0259 h\u0259min ild\u0259 S. A\u011famal\u0131o\u011flu ad\u0131na \u201c \u015e\u0259r\u0259f Ni\u015fan\u0131\u201c ordenli [&hellip;]<\/p>\n","protected":false},"author":8,"featured_media":0,"parent":0,"menu_order":0,"comment_status":"closed","ping_status":"closed","template":"","meta":{"footnotes":""},"categories":[],"tags":[],"class_list":["post-11268","page","type-page","status-publish","hentry"],"_links":{"self":[{"href":"https:\/\/iif.gdu.edu.az\/index.php?rest_route=\/wp\/v2\/pages\/11268","targetHints":{"allow":["GET"]}}],"collection":[{"href":"https:\/\/iif.gdu.edu.az\/index.php?rest_route=\/wp\/v2\/pages"}],"about":[{"href":"https:\/\/iif.gdu.edu.az\/index.php?rest_route=\/wp\/v2\/types\/page"}],"author":[{"embeddable":true,"href":"https:\/\/iif.gdu.edu.az\/index.php?rest_route=\/wp\/v2\/users\/8"}],"replies":[{"embeddable":true,"href":"https:\/\/iif.gdu.edu.az\/index.php?rest_route=%2Fwp%2Fv2%2Fcomments&post=11268"}],"version-history":[{"count":2,"href":"https:\/\/iif.gdu.edu.az\/index.php?rest_route=\/wp\/v2\/pages\/11268\/revisions"}],"predecessor-version":[{"id":11340,"href":"https:\/\/iif.gdu.edu.az\/index.php?rest_route=\/wp\/v2\/pages\/11268\/revisions\/11340"}],"wp:attachment":[{"href":"https:\/\/iif.gdu.edu.az\/index.php?rest_route=%2Fwp%2Fv2%2Fmedia&parent=11268"}],"wp:term":[{"taxonomy":"category","embeddable":true,"href":"https:\/\/iif.gdu.edu.az\/index.php?rest_route=%2Fwp%2Fv2%2Fcategories&post=11268"},{"taxonomy":"post_tag","embeddable":true,"href":"https:\/\/iif.gdu.edu.az\/index.php?rest_route=%2Fwp%2Fv2%2Ftags&post=11268"}],"curies":[{"name":"wp","href":"https:\/\/api.w.org\/{rel}","templated":true}]}}