{"id":11274,"date":"2026-02-10T18:01:03","date_gmt":"2026-02-10T16:01:03","guid":{"rendered":"http:\/\/iif.gdu.edu.az\/?page_id=11274"},"modified":"2026-02-10T19:04:49","modified_gmt":"2026-02-10T17:04:49","slug":"az%c9%99r-nazim-oglu-tagiyev","status":"publish","type":"page","link":"https:\/\/iif.gdu.edu.az\/?page_id=11274","title":{"rendered":"Az\u0259r Nazim o\u011flu Ta\u011f\u0131yev"},"content":{"rendered":"\n<figure class=\"wp-block-image size-large is-resized\"><img loading=\"lazy\" decoding=\"async\" src=\"https:\/\/iif.gdu.edu.az\/wp-content\/uploads\/2026\/02\/ZZ.png\" alt=\"\" class=\"wp-image-11275\" width=\"379\" height=\"514\"\/><\/figure>\n\n\n\n<p><strong>QISA B\u0130OQRAF\u0130K M\u018fLUMAT<\/strong>:<\/p>\n\n\n\n<p>10 iyun 1992-ci ild\u0259 G\u0259nc\u0259 \u015f\u0259h\u0259rind\u0259 anadan olub. Evlidir .<\/p>\n\n\n\n<p><strong>Telefon: <\/strong>+994557733383<\/p>\n\n\n\n<p><strong>E-mail: <\/strong><a href=\"mailto:azertagiyev@mail.ru\">azertagiyev@mail.ru<\/a><\/p>\n\n\n\n<p><strong>T\u018fHS\u0130L\u0130, ELM\u0130 D\u018fR\u018fC\u018fS\u0130 V\u018f ELM\u0130 ADLARI<\/strong>:<\/p>\n\n\n\n<p>2010-cu ild\u0259 G\u0259nc\u0259 \u015f\u0259h\u0259ri 8 sayl\u0131 tam orta m\u0259kt\u0259bi bitirib.<\/p>\n\n\n\n<p>2014-c\u00fc ild\u0259 Bak\u0131 D\u00f6vl\u0259t Universitetinin Turizm v\u0259 otel\u00e7ilik ixtisas\u0131 \u00fczr\u0259 bakalavr pill\u0259sini bitirb.<\/p>\n\n\n\n<p>2017-ci ild\u0259 Az\u0259rbaycan Texnologiya Universitetinin Turizm v\u0259 sosial-m\u0259d\u0259ni servis xidm\u0259ti ixtisas\u0131 \u00fczr\u0259 magistr d\u0259r\u0259c\u0259si al\u0131b.<\/p>\n\n\n\n<p><strong>\u018fM\u018fK F\u018fAL\u0130YY\u018fT\u0130<\/strong>:<\/p>\n\n\n\n<p>2017-2018-ci ill\u0259rd\u0259 Ticar\u0259t v\u0259 Xidm\u0259t \u00fczr\u0259 G\u0259nc\u0259 D\u00f6vl\u0259t Pe\u015f\u0259 M\u0259rk\u0259zind\u0259 m\u00fc\u0259llim v\u0259zif\u0259sind\u0259 \u00e7al\u0131\u015f\u0131b.<\/p>\n\n\n\n<p>2018-2019-cu ill\u0259rd\u0259 G\u0259nc\u0259 D\u00f6vl\u0259t Universitetinin \u0130dar\u0259etm\u0259 kafedras\u0131nda m\u00fc\u0259llim v\u0259zif\u0259sind\u0259 \u00e7al\u0131\u015f\u0131b.<\/p>\n\n\n\n<p>2019-cu ild\u0259n G\u0259nc\u0259 D\u00f6vl\u0259t Universitetinin Menecment v\u0259 turizm i\u015fi kafedras\u0131nda m\u00fc\u0259llim v\u0259zif\u0259sind\u0259 \u00e7al\u0131\u015f\u0131r.<\/p>\n\n\n\n<p><strong>T\u018fDQ\u0130QAT SAH\u018fS\u0130<\/strong>:<\/p>\n\n\n\n<p>Turizm sektorunun inki\u015faf\u0131 v\u0259 onun m\u0259\u015f\u011fullu\u011fa t\u0259siri<\/p>\n\n\n\n<p><strong>ELM\u0130 \u018fS\u018fRL\u018fR\u0130<\/strong>:<\/p>\n\n\n\n<p>5 m\u0259qal\u0259nin m\u00fc\u0259llifidir<\/p>\n\n\n\n<p><strong>BEYN\u018fLXALQ SEM\u0130NAR,S\u0130MPOZ\u0130UM V\u018f KONFRANSLARDA \u0130\u015eT\u0130RAKI<\/strong>:<\/p>\n\n\n\n<p>Az\u0259rbaycan Respublikas\u0131nda, el\u0259c\u0259 d\u0259 \u00f6lk\u0259 h\u00fcdudlar\u0131ndan k\u0259narda ke\u00e7irilmi\u015f beyn\u0259lxalq v\u0259 respublika elmi konfranslarda i\u015ftirak etmi\u015fdir.<\/p>\n\n\n\n<p><strong>D\u0130L B\u0130LG\u0130S\u0130: <\/strong>az\u0259rbaycan, t\u00fcrk, ingilis<\/p>\n\n\n\n<p><strong>PART\u0130YALILI\u011eI:<\/strong> 2018-ci ild\u0259n YAP \u00fczv\u00fcd\u00fcr .<\/p>\n","protected":false},"excerpt":{"rendered":"<p>QISA B\u0130OQRAF\u0130K M\u018fLUMAT: 10 iyun 1992-ci ild\u0259 G\u0259nc\u0259 \u015f\u0259h\u0259rind\u0259 anadan olub. Evlidir . Telefon: +994557733383 E-mail: azertagiyev@mail.ru T\u018fHS\u0130L\u0130, ELM\u0130 D\u018fR\u018fC\u018fS\u0130 V\u018f ELM\u0130 ADLARI: 2010-cu ild\u0259 G\u0259nc\u0259 \u015f\u0259h\u0259ri 8 sayl\u0131 tam orta m\u0259kt\u0259bi bitirib. 2014-c\u00fc ild\u0259 Bak\u0131 D\u00f6vl\u0259t Universitetinin Turizm v\u0259 otel\u00e7ilik ixtisas\u0131 \u00fczr\u0259 bakalavr pill\u0259sini bitirb. 2017-ci ild\u0259 Az\u0259rbaycan Texnologiya Universitetinin Turizm v\u0259 sosial-m\u0259d\u0259ni servis [&hellip;]<\/p>\n","protected":false},"author":8,"featured_media":0,"parent":0,"menu_order":0,"comment_status":"closed","ping_status":"closed","template":"","meta":{"footnotes":""},"categories":[],"tags":[],"class_list":["post-11274","page","type-page","status-publish","hentry"],"_links":{"self":[{"href":"https:\/\/iif.gdu.edu.az\/index.php?rest_route=\/wp\/v2\/pages\/11274","targetHints":{"allow":["GET"]}}],"collection":[{"href":"https:\/\/iif.gdu.edu.az\/index.php?rest_route=\/wp\/v2\/pages"}],"about":[{"href":"https:\/\/iif.gdu.edu.az\/index.php?rest_route=\/wp\/v2\/types\/page"}],"author":[{"embeddable":true,"href":"https:\/\/iif.gdu.edu.az\/index.php?rest_route=\/wp\/v2\/users\/8"}],"replies":[{"embeddable":true,"href":"https:\/\/iif.gdu.edu.az\/index.php?rest_route=%2Fwp%2Fv2%2Fcomments&post=11274"}],"version-history":[{"count":2,"href":"https:\/\/iif.gdu.edu.az\/index.php?rest_route=\/wp\/v2\/pages\/11274\/revisions"}],"predecessor-version":[{"id":11341,"href":"https:\/\/iif.gdu.edu.az\/index.php?rest_route=\/wp\/v2\/pages\/11274\/revisions\/11341"}],"wp:attachment":[{"href":"https:\/\/iif.gdu.edu.az\/index.php?rest_route=%2Fwp%2Fv2%2Fmedia&parent=11274"}],"wp:term":[{"taxonomy":"category","embeddable":true,"href":"https:\/\/iif.gdu.edu.az\/index.php?rest_route=%2Fwp%2Fv2%2Fcategories&post=11274"},{"taxonomy":"post_tag","embeddable":true,"href":"https:\/\/iif.gdu.edu.az\/index.php?rest_route=%2Fwp%2Fv2%2Ftags&post=11274"}],"curies":[{"name":"wp","href":"https:\/\/api.w.org\/{rel}","templated":true}]}}