{"id":11287,"date":"2026-02-10T18:09:11","date_gmt":"2026-02-10T16:09:11","guid":{"rendered":"http:\/\/iif.gdu.edu.az\/?page_id=11287"},"modified":"2026-02-12T21:11:31","modified_gmt":"2026-02-12T19:11:31","slug":"gunel-alim-qizi-m%c9%99mm%c9%99dli","status":"publish","type":"page","link":"https:\/\/iif.gdu.edu.az\/?page_id=11287","title":{"rendered":"G\u00fcnel Alim q\u0131z\u0131 M\u0259mm\u0259dli"},"content":{"rendered":"\n<figure class=\"wp-block-image size-large is-resized\"><img loading=\"lazy\" decoding=\"async\" src=\"https:\/\/iif.gdu.edu.az\/wp-content\/uploads\/2026\/02\/gm-1.png\" alt=\"\" class=\"wp-image-11540\" width=\"333\" height=\"379\"\/><\/figure>\n\n\n\n<p><strong>QISA B\u0130OQRAF\u0130K M\u018fLUMAT<\/strong>:<\/p>\n\n\n\n<p>11.10.1985-ci ild\u0259 G\u0259nc\u0259 \u015f\u0259h\u0259rind\u0259 ziyal\u0131 ail\u0259sind\u0259 anadan olmu\u015fdur.<\/p>\n\n\n\n<p><strong>Telefon:<\/strong> (055) 395 16 18<\/p>\n\n\n\n<p><strong>E-mail:\u00a0 <\/strong>mammadligunel11@gmail.com<\/p>\n\n\n\n<p><strong>T\u018fHS\u0130L, ELM\u0130&nbsp; D\u018fR\u018fC\u018f V\u018f ELM\u0130 ADLARI:<\/strong><\/p>\n\n\n\n<p>2003-c\u00fc ild\u0259 G\u0259nc\u0259 \u015f\u0259h\u0259r M.\u018f.Sabir ad\u0131na 5\u2116-li tam orta m\u0259kt\u0259bi bitirmi\u015fdir.<br>2003-2007-ci ill\u0259rd\u0259 Az\u0259rbaycan Texnologiya Universitetinin \u201cBiznesin t\u0259\u015fkili v\u0259 idar\u0259 edilm\u0259si\u201d ixtisas\u0131 \u00fczr\u0259 bakalavr t\u0259hsili (f\u0259rql\u0259nm\u0259 diplomu il\u0259 bitirmi\u015fdir) alm\u0131\u015fd\u0131r.<\/p>\n\n\n\n<p>2019-2021-ci il\u0259rd\u0259 Nax\u00e7\u0131van D\u00f6vl\u0259t Universitetinin \u201cTurizm v\u0259 sosial-m\u0259d\u0259ni servis xidm\u0259ti\u201d ixtisas\u0131 \u00fczr\u0259 magistr t\u0259hsili alm\u0131\u015fd\u0131r.<\/p>\n\n\n\n<p><strong>\u018fM\u018fK&nbsp; F\u018fAL\u0130YY\u018fT\u0130<\/strong>:<\/p>\n\n\n\n<p>2011-ci ilin aprel ay\u0131ndan&nbsp; 2016-ci ilin oktyabr ay\u0131na kimi G\u0259nc\u0259 D\u00f6vl\u0259t Universitetinin \u201c\u0130qtisadiyyat\u201d kafedras\u0131n\u0131n laborant\u0131, 2016-c\u0131 ild\u0259n etibar\u0259n G\u0259nc\u0259 D\u00f6vl\u0259t Universitetinin \u201c\u0130qtisadiyyat\u201d kafedras\u0131n\u0131n b\u00f6y\u00fck laborant\u0131 v\u0259zif\u0259sind\u0259 \u00e7al\u0131\u015fm\u0131\u015fd\u0131r.<\/p>\n\n\n\n<p>2022-ci ild\u0259n is\u0259 G\u0259nc\u0259 D\u00f6vl\u0259t Universitetinin \u201cMenecment v\u0259 turizm i\u015fi\u201d kafedras\u0131nda m\u00fc\u0259llim v\u0259zif\u0259sind\u0259 \u00e7al\u0131\u015f\u0131r.<\/p>\n\n\n\n<p>GDU-nun AH\u0130K \u0130dar\u0259 Hey\u0259tinin \u00fczv\u00fcd\u00fcr.<\/p>\n\n\n\n<p><strong>Elmi \u0259s\u0259rl\u0259ri<\/strong><strong>:<\/strong><strong><\/strong><\/p>\n\n\n\n<p>20 m\u0259qal\u0259, 6 f\u0259nn proqram\u0131n\u0131n m\u00fc\u0259llifidir.<\/p>\n\n\n\n<p><strong>BEYNALXALQ V\u018f RESPUBL\u0130KA S\u0130MPOZ\u0130UM V\u018f KONFRANSLARDA \u0130\u015eT\u0130RAKI:<\/strong><\/p>\n\n\n\n<p>Az\u0259rbaycan Respublikas\u0131nda, el\u0259c\u0259 d\u0259 \u00f6lk\u0259 h\u00fcdudlar\u0131ndan k\u0259narda ke\u00e7irilmi\u015f beyn\u0259lxalq v\u0259 respublika elmi konfranslarda i\u015ftirak etmi\u015fdir v\u0259 sertifikatlar\u0131 var.<\/p>\n\n\n\n<p>17 sertifikata sahibdir.<\/p>\n\n\n\n<p><strong>D\u0130L B\u0130LG\u0130S\u0130: <\/strong>az\u0259rbaycan, t\u00fcrk, rus, inglis<\/p>\n\n\n\n<p><strong>PART\u0130YALILI\u011eI : <\/strong>YAP<\/p>\n","protected":false},"excerpt":{"rendered":"<p>QISA B\u0130OQRAF\u0130K M\u018fLUMAT: 11.10.1985-ci ild\u0259 G\u0259nc\u0259 \u015f\u0259h\u0259rind\u0259 ziyal\u0131 ail\u0259sind\u0259 anadan olmu\u015fdur. Telefon: (055) 395 16 18 E-mail:\u00a0 mammadligunel11@gmail.com T\u018fHS\u0130L, ELM\u0130&nbsp; D\u018fR\u018fC\u018f V\u018f ELM\u0130 ADLARI: 2003-c\u00fc ild\u0259 G\u0259nc\u0259 \u015f\u0259h\u0259r M.\u018f.Sabir ad\u0131na 5\u2116-li tam orta m\u0259kt\u0259bi bitirmi\u015fdir.2003-2007-ci ill\u0259rd\u0259 Az\u0259rbaycan Texnologiya Universitetinin \u201cBiznesin t\u0259\u015fkili v\u0259 idar\u0259 edilm\u0259si\u201d ixtisas\u0131 \u00fczr\u0259 bakalavr t\u0259hsili (f\u0259rql\u0259nm\u0259 diplomu il\u0259 bitirmi\u015fdir) alm\u0131\u015fd\u0131r. 2019-2021-ci il\u0259rd\u0259 [&hellip;]<\/p>\n","protected":false},"author":8,"featured_media":0,"parent":0,"menu_order":0,"comment_status":"closed","ping_status":"closed","template":"","meta":{"footnotes":""},"categories":[],"tags":[],"class_list":["post-11287","page","type-page","status-publish","hentry"],"_links":{"self":[{"href":"https:\/\/iif.gdu.edu.az\/index.php?rest_route=\/wp\/v2\/pages\/11287","targetHints":{"allow":["GET"]}}],"collection":[{"href":"https:\/\/iif.gdu.edu.az\/index.php?rest_route=\/wp\/v2\/pages"}],"about":[{"href":"https:\/\/iif.gdu.edu.az\/index.php?rest_route=\/wp\/v2\/types\/page"}],"author":[{"embeddable":true,"href":"https:\/\/iif.gdu.edu.az\/index.php?rest_route=\/wp\/v2\/users\/8"}],"replies":[{"embeddable":true,"href":"https:\/\/iif.gdu.edu.az\/index.php?rest_route=%2Fwp%2Fv2%2Fcomments&post=11287"}],"version-history":[{"count":5,"href":"https:\/\/iif.gdu.edu.az\/index.php?rest_route=\/wp\/v2\/pages\/11287\/revisions"}],"predecessor-version":[{"id":11543,"href":"https:\/\/iif.gdu.edu.az\/index.php?rest_route=\/wp\/v2\/pages\/11287\/revisions\/11543"}],"wp:attachment":[{"href":"https:\/\/iif.gdu.edu.az\/index.php?rest_route=%2Fwp%2Fv2%2Fmedia&parent=11287"}],"wp:term":[{"taxonomy":"category","embeddable":true,"href":"https:\/\/iif.gdu.edu.az\/index.php?rest_route=%2Fwp%2Fv2%2Fcategories&post=11287"},{"taxonomy":"post_tag","embeddable":true,"href":"https:\/\/iif.gdu.edu.az\/index.php?rest_route=%2Fwp%2Fv2%2Ftags&post=11287"}],"curies":[{"name":"wp","href":"https:\/\/api.w.org\/{rel}","templated":true}]}}