{"id":11363,"date":"2026-02-11T21:25:24","date_gmt":"2026-02-11T19:25:24","guid":{"rendered":"http:\/\/iif.gdu.edu.az\/?page_id=11363"},"modified":"2026-02-13T09:45:59","modified_gmt":"2026-02-13T07:45:59","slug":"n%c9%99rmin-xaspolad-qizi-h%c9%99s%c9%99nova","status":"publish","type":"page","link":"https:\/\/iif.gdu.edu.az\/?page_id=11363","title":{"rendered":"N\u0259rmin Xaspolad q\u0131z\u0131 H\u0259s\u0259nova"},"content":{"rendered":"\n<figure class=\"wp-block-image size-large is-resized\"><img loading=\"lazy\" decoding=\"async\" src=\"https:\/\/iif.gdu.edu.az\/wp-content\/uploads\/2026\/02\/\u0421\u043d\u0438\u043c\u043e\u043a-7.png\" alt=\"\" class=\"wp-image-11364\" width=\"407\" height=\"372\"\/><\/figure>\n\n\n\n<p><strong>QISA B\u0130OQRAF\u0130K M\u018fLUMAT<\/strong>:<\/p>\n\n\n\n<p>19.04.1993-c\u0130 ild\u0259 &nbsp;G\u00f6yg\u00f6l rayon, Mixaylovka k\u0259ndi. Ail\u0259lidir.<\/p>\n\n\n\n<p><strong>Telefon:<\/strong> (099)&nbsp;8375868&nbsp;&nbsp;&nbsp;&nbsp;&nbsp;&nbsp;&nbsp;&nbsp;&nbsp;&nbsp;&nbsp;&nbsp;&nbsp;&nbsp;&nbsp;&nbsp;&nbsp;&nbsp;&nbsp;&nbsp;&nbsp;&nbsp;&nbsp;&nbsp;&nbsp;&nbsp;&nbsp;&nbsp;&nbsp;&nbsp;&nbsp;&nbsp;&nbsp;&nbsp;&nbsp;&nbsp;&nbsp;&nbsp;&nbsp;&nbsp;&nbsp;&nbsp;&nbsp;&nbsp;&nbsp;&nbsp;&nbsp;&nbsp;<\/p>\n\n\n\n<p><strong>E-mail:&nbsp; n1000.hasanova@gmail.com<\/strong><\/p>\n\n\n\n<p><strong>T\u018fHS\u0130L\u0130, ELM\u0130&nbsp; D\u018fR\u018fC\u018f V\u018f ELM\u0130 ADLARI:<\/strong><\/p>\n\n\n\n<p>2010-cu ild\u0259 K\u0259lb\u0259c\u0259r rayon, 59 sayl\u0131 orta m\u0259kt\u0259bi bitirmi\u015fdir.<\/p>\n\n\n\n<p>2011-2015-ci ill\u0259rd\u0259 Turizm v\u0259 Menecment Universiteti &#8220;Beyn\u0259lxalq m\u00fcnasib\u0259tl\u0259r\u201d ixtisas\u0131n\u0131 bitirmi\u015fdir.<\/p>\n\n\n\n<p>2022-2024-c\u00fc ill\u0259rd\u0259 &nbsp;G\u0259nc\u0259 D\u00f6vl\u0259t Universiteti \u201cBeyn\u0259lxalq turizm v\u0259 \u00f6lk\u0259\u015f\u00fcnasl\u0131q\u201d&nbsp; ixtisas\u0131n\u0131n magistr d\u0259r\u0259c\u0259sini bitirmi\u015fdir.<\/p>\n\n\n\n<p><strong>\u018fM\u018fK&nbsp; F\u018fAL\u0130YY\u018fT\u0130:<\/strong><\/p>\n\n\n\n<p>2024-c\u00fc ild\u0259n m\u00fc\u0259llim v\u0259zif\u0259sind\u0259 \u00e7al\u0131\u015f\u0131r.<\/p>\n\n\n\n<p><strong>ELM\u0130 \u018fS\u018fRL\u018fR\u0130:<\/strong><\/p>\n\n\n\n<p>6 m\u0259qal\u0259,1 tezis<\/p>\n\n\n\n<p><strong>D\u0130L B\u0130LG\u0130S\u0130: <\/strong>T\u00fcrk dili &#8211; s\u0259rb\u0259st, rus dili -orta, ingilis dili \u2013 orta s\u0259viyy\u0259d\u0259.<\/p>\n\n\n\n<p><strong>PART\u0130YALILI\u011eI : <\/strong>2024-c\u00fc ild\u0259n YAP\u00a0 \u00fczv\u00fcd\u00fcr.<\/p>\n","protected":false},"excerpt":{"rendered":"<p>QISA B\u0130OQRAF\u0130K M\u018fLUMAT: 19.04.1993-c\u0130 ild\u0259 &nbsp;G\u00f6yg\u00f6l rayon, Mixaylovka k\u0259ndi. Ail\u0259lidir. Telefon: (099)&nbsp;8375868&nbsp;&nbsp;&nbsp;&nbsp;&nbsp;&nbsp;&nbsp;&nbsp;&nbsp;&nbsp;&nbsp;&nbsp;&nbsp;&nbsp;&nbsp;&nbsp;&nbsp;&nbsp;&nbsp;&nbsp;&nbsp;&nbsp;&nbsp;&nbsp;&nbsp;&nbsp;&nbsp;&nbsp;&nbsp;&nbsp;&nbsp;&nbsp;&nbsp;&nbsp;&nbsp;&nbsp;&nbsp;&nbsp;&nbsp;&nbsp;&nbsp;&nbsp;&nbsp;&nbsp;&nbsp;&nbsp;&nbsp;&nbsp; E-mail:&nbsp; n1000.hasanova@gmail.com T\u018fHS\u0130L\u0130, ELM\u0130&nbsp; D\u018fR\u018fC\u018f V\u018f ELM\u0130 ADLARI: 2010-cu ild\u0259 K\u0259lb\u0259c\u0259r rayon, 59 sayl\u0131 orta m\u0259kt\u0259bi bitirmi\u015fdir. 2011-2015-ci ill\u0259rd\u0259 Turizm v\u0259 Menecment Universiteti &#8220;Beyn\u0259lxalq m\u00fcnasib\u0259tl\u0259r\u201d ixtisas\u0131n\u0131 bitirmi\u015fdir. 2022-2024-c\u00fc ill\u0259rd\u0259 &nbsp;G\u0259nc\u0259 D\u00f6vl\u0259t Universiteti \u201cBeyn\u0259lxalq turizm v\u0259 \u00f6lk\u0259\u015f\u00fcnasl\u0131q\u201d&nbsp; ixtisas\u0131n\u0131n magistr d\u0259r\u0259c\u0259sini bitirmi\u015fdir. \u018fM\u018fK&nbsp; F\u018fAL\u0130YY\u018fT\u0130: 2024-c\u00fc [&hellip;]<\/p>\n","protected":false},"author":8,"featured_media":0,"parent":0,"menu_order":0,"comment_status":"closed","ping_status":"closed","template":"","meta":{"footnotes":""},"categories":[],"tags":[],"class_list":["post-11363","page","type-page","status-publish","hentry"],"_links":{"self":[{"href":"https:\/\/iif.gdu.edu.az\/index.php?rest_route=\/wp\/v2\/pages\/11363","targetHints":{"allow":["GET"]}}],"collection":[{"href":"https:\/\/iif.gdu.edu.az\/index.php?rest_route=\/wp\/v2\/pages"}],"about":[{"href":"https:\/\/iif.gdu.edu.az\/index.php?rest_route=\/wp\/v2\/types\/page"}],"author":[{"embeddable":true,"href":"https:\/\/iif.gdu.edu.az\/index.php?rest_route=\/wp\/v2\/users\/8"}],"replies":[{"embeddable":true,"href":"https:\/\/iif.gdu.edu.az\/index.php?rest_route=%2Fwp%2Fv2%2Fcomments&post=11363"}],"version-history":[{"count":3,"href":"https:\/\/iif.gdu.edu.az\/index.php?rest_route=\/wp\/v2\/pages\/11363\/revisions"}],"predecessor-version":[{"id":11584,"href":"https:\/\/iif.gdu.edu.az\/index.php?rest_route=\/wp\/v2\/pages\/11363\/revisions\/11584"}],"wp:attachment":[{"href":"https:\/\/iif.gdu.edu.az\/index.php?rest_route=%2Fwp%2Fv2%2Fmedia&parent=11363"}],"wp:term":[{"taxonomy":"category","embeddable":true,"href":"https:\/\/iif.gdu.edu.az\/index.php?rest_route=%2Fwp%2Fv2%2Fcategories&post=11363"},{"taxonomy":"post_tag","embeddable":true,"href":"https:\/\/iif.gdu.edu.az\/index.php?rest_route=%2Fwp%2Fv2%2Ftags&post=11363"}],"curies":[{"name":"wp","href":"https:\/\/api.w.org\/{rel}","templated":true}]}}