{"id":11370,"date":"2026-02-11T21:28:19","date_gmt":"2026-02-11T19:28:19","guid":{"rendered":"http:\/\/iif.gdu.edu.az\/?page_id=11370"},"modified":"2026-03-14T10:19:58","modified_gmt":"2026-03-14T08:19:58","slug":"s%c9%99rqiyy%c9%99-%c9%99v%c9%99z-qizi-namazova","status":"publish","type":"page","link":"https:\/\/iif.gdu.edu.az\/?page_id=11370","title":{"rendered":"\u015e\u0259rqiyy\u0259 \u018fv\u0259z q\u0131z\u0131 Namazova"},"content":{"rendered":"\n<figure class=\"wp-block-image size-full is-resized\"><img loading=\"lazy\" decoding=\"async\" width=\"354\" height=\"472\" src=\"https:\/\/iif.gdu.edu.az\/wp-content\/uploads\/2026\/03\/WhatsApp-Image-2026-03-14-at-10.38.58-1.jpeg\" alt=\"\" class=\"wp-image-12232\" style=\"aspect-ratio:0.7500165530027147;width:388px;height:auto\"\/><\/figure>\n\n\n\n<p><strong>QISA B\u0130OQRAF\u0130K M\u018fLUMAT<\/strong>:<\/p>\n\n\n\n<p>26.01.1997-c\u0130 ild\u0259 &nbsp;G\u0259nc\u0259 \u015f\u0259h\u0259rind\u0259 anadan olmu\u015fdur. Subayd\u0131r.<\/p>\n\n\n\n<p><strong>Telefon:<\/strong> (055)&nbsp;582 96 99&nbsp;&nbsp;&nbsp;&nbsp;&nbsp;&nbsp;&nbsp;&nbsp;&nbsp;&nbsp;&nbsp;&nbsp;&nbsp;&nbsp;&nbsp;&nbsp;&nbsp;&nbsp;&nbsp;&nbsp;&nbsp;&nbsp;&nbsp;&nbsp;&nbsp;&nbsp;&nbsp;&nbsp;&nbsp;&nbsp;&nbsp;&nbsp;&nbsp;&nbsp;&nbsp;&nbsp;&nbsp;&nbsp;&nbsp;&nbsp;&nbsp;&nbsp;&nbsp;<\/p>\n\n\n\n<p><strong>E-mail<\/strong><strong>:&nbsp; <\/strong>namazova.shergiyye@mail.ru<\/p>\n\n\n\n<p><strong>T\u018fHS\u0130L\u0130, ELM\u0130&nbsp; D\u018fR\u018fC\u018f V\u018f ELM\u0130 ADLARI:<\/strong><\/p>\n\n\n\n<p>2014- c\u00fc ild\u0259 G\u0259nc\u0259 \u015f\u0259h\u0259r Mirz\u0259 \u015e\u0259fi Vazeh ad\u0131na 16 n\u00f6mr\u0259li orta m\u0259kt\u0259bi bitirmi\u015fdir.<\/p>\n\n\n\n<p>2014-2018-ci ill\u0259rd\u0259 G\u0259nc\u0259 D\u00f6vl\u0259t Universiteti, \u201cMenecment\u201d ixtisas\u0131n\u0131 bitirmi\u015fdir.<\/p>\n\n\n\n<p>2018-2020-ci ill\u0259rd\u0259 G\u0259nc\u0259 D\u00f6vl\u0259t Universiteti, \u201cMenecment (sah\u0259l\u0259r \u00fczr\u0259)\u201d ixtisas\u0131n\u0131n magistr d\u0259r\u0259c\u0259sini bitirmi\u015fdir.<\/p>\n\n\n\n<p><strong>\u018fM\u018fK&nbsp; F\u018fAL\u0130YY\u018fT\u0130:<\/strong><\/p>\n\n\n\n<p>2022 mart-sentyabr aylar\u0131 \u0259rzind\u0259 lobarant,<\/p>\n\n\n\n<p>2022-ci il sentyabr &#8211; 2025-ci il avqust ay\u0131na q\u0259d\u0259r tyutor (akademik m\u0259sl\u0259h\u0259t\u00e7i) v\u0259zif\u0259sind\u0259 \u00e7al\u0131\u015fm\u0131\u015fd\u0131r.<\/p>\n\n\n\n<p>2025- ci ild\u0259n m\u00fc\u0259llim v\u0259zif\u0259sind\u0259 \u00e7al\u0131\u015f\u0131r.<\/p>\n\n\n\n<p><strong>ELM\u0130 \u018fS\u018fRL\u018fR\u0130:<\/strong><\/p>\n\n\n\n<p>2 m\u0259qal\u0259si var.<\/p>\n\n\n\n<p><strong>D\u0130L B\u0130LG\u0130S\u0130: <\/strong>Rus dili &#8211; orta, ingilis dili \u2013 yax\u015f\u0131 s\u0259viyy\u0259d\u0259.<\/p>\n\n\n\n<p><strong>PART\u0130YALILI\u011eI : Yoxdur<\/strong><\/p>\n","protected":false},"excerpt":{"rendered":"<p>QISA B\u0130OQRAF\u0130K M\u018fLUMAT: 26.01.1997-c\u0130 ild\u0259 &nbsp;G\u0259nc\u0259 \u015f\u0259h\u0259rind\u0259 anadan olmu\u015fdur. Subayd\u0131r. Telefon: (055)&nbsp;582 96 99&nbsp;&nbsp;&nbsp;&nbsp;&nbsp;&nbsp;&nbsp;&nbsp;&nbsp;&nbsp;&nbsp;&nbsp;&nbsp;&nbsp;&nbsp;&nbsp;&nbsp;&nbsp;&nbsp;&nbsp;&nbsp;&nbsp;&nbsp;&nbsp;&nbsp;&nbsp;&nbsp;&nbsp;&nbsp;&nbsp;&nbsp;&nbsp;&nbsp;&nbsp;&nbsp;&nbsp;&nbsp;&nbsp;&nbsp;&nbsp;&nbsp;&nbsp;&nbsp; E-mail:&nbsp; namazova.shergiyye@mail.ru T\u018fHS\u0130L\u0130, ELM\u0130&nbsp; D\u018fR\u018fC\u018f V\u018f ELM\u0130 ADLARI: 2014- c\u00fc ild\u0259 G\u0259nc\u0259 \u015f\u0259h\u0259r Mirz\u0259 \u015e\u0259fi Vazeh ad\u0131na 16 n\u00f6mr\u0259li orta m\u0259kt\u0259bi bitirmi\u015fdir. 2014-2018-ci ill\u0259rd\u0259 G\u0259nc\u0259 D\u00f6vl\u0259t Universiteti, \u201cMenecment\u201d ixtisas\u0131n\u0131 bitirmi\u015fdir. 2018-2020-ci ill\u0259rd\u0259 G\u0259nc\u0259 D\u00f6vl\u0259t Universiteti, \u201cMenecment (sah\u0259l\u0259r \u00fczr\u0259)\u201d ixtisas\u0131n\u0131n magistr d\u0259r\u0259c\u0259sini [&hellip;]<\/p>\n","protected":false},"author":8,"featured_media":0,"parent":0,"menu_order":0,"comment_status":"closed","ping_status":"closed","template":"","meta":{"footnotes":""},"categories":[],"tags":[],"class_list":["post-11370","page","type-page","status-publish","hentry"],"_links":{"self":[{"href":"https:\/\/iif.gdu.edu.az\/index.php?rest_route=\/wp\/v2\/pages\/11370","targetHints":{"allow":["GET"]}}],"collection":[{"href":"https:\/\/iif.gdu.edu.az\/index.php?rest_route=\/wp\/v2\/pages"}],"about":[{"href":"https:\/\/iif.gdu.edu.az\/index.php?rest_route=\/wp\/v2\/types\/page"}],"author":[{"embeddable":true,"href":"https:\/\/iif.gdu.edu.az\/index.php?rest_route=\/wp\/v2\/users\/8"}],"replies":[{"embeddable":true,"href":"https:\/\/iif.gdu.edu.az\/index.php?rest_route=%2Fwp%2Fv2%2Fcomments&post=11370"}],"version-history":[{"count":3,"href":"https:\/\/iif.gdu.edu.az\/index.php?rest_route=\/wp\/v2\/pages\/11370\/revisions"}],"predecessor-version":[{"id":12234,"href":"https:\/\/iif.gdu.edu.az\/index.php?rest_route=\/wp\/v2\/pages\/11370\/revisions\/12234"}],"wp:attachment":[{"href":"https:\/\/iif.gdu.edu.az\/index.php?rest_route=%2Fwp%2Fv2%2Fmedia&parent=11370"}],"wp:term":[{"taxonomy":"category","embeddable":true,"href":"https:\/\/iif.gdu.edu.az\/index.php?rest_route=%2Fwp%2Fv2%2Fcategories&post=11370"},{"taxonomy":"post_tag","embeddable":true,"href":"https:\/\/iif.gdu.edu.az\/index.php?rest_route=%2Fwp%2Fv2%2Ftags&post=11370"}],"curies":[{"name":"wp","href":"https:\/\/api.w.org\/{rel}","templated":true}]}}