{"id":11447,"date":"2026-02-11T22:47:07","date_gmt":"2026-02-11T20:47:07","guid":{"rendered":"http:\/\/iif.gdu.edu.az\/?page_id=11447"},"modified":"2026-02-11T23:06:40","modified_gmt":"2026-02-11T21:06:40","slug":"k%c9%99nan-kamal-oglu-r%c9%99himov","status":"publish","type":"page","link":"https:\/\/iif.gdu.edu.az\/?page_id=11447","title":{"rendered":"K\u0259nan Kamal o\u011flu R\u0259himov"},"content":{"rendered":"\n<figure class=\"wp-block-image size-large is-resized\"><img loading=\"lazy\" decoding=\"async\" src=\"https:\/\/iif.gdu.edu.az\/wp-content\/uploads\/2026\/02\/kn.png\" alt=\"\" class=\"wp-image-11448\" width=\"356\" height=\"410\"\/><\/figure>\n\n\n\n<p><strong>QISA B\u0130OQRAF\u0130K M\u018fLUMAT<\/strong>:<\/p>\n\n\n\n<p>14.07.1995-ci ild\u0259 &nbsp;G\u0259nc\u0259 \u015f\u0259h\u0259rind\u0259 anadan olmu\u015fdur. Subayd\u0131r.<\/p>\n\n\n\n<p><strong>Telefon:<\/strong> (070)&nbsp;3708080&nbsp;&nbsp;&nbsp;&nbsp;&nbsp;&nbsp;&nbsp;&nbsp;&nbsp;&nbsp;&nbsp;&nbsp;&nbsp;&nbsp;&nbsp;&nbsp;&nbsp;&nbsp;&nbsp;&nbsp;&nbsp;&nbsp;&nbsp;&nbsp;&nbsp;&nbsp;&nbsp;&nbsp;&nbsp;&nbsp;&nbsp;&nbsp;&nbsp;&nbsp;&nbsp;&nbsp;&nbsp;&nbsp;&nbsp;&nbsp;&nbsp;&nbsp;&nbsp;&nbsp;&nbsp;&nbsp;&nbsp;&nbsp;&nbsp;<\/p>\n\n\n\n<p><strong>E-mail<\/strong><strong>:&nbsp; <\/strong>kenan.rehimov@gdu.edu.az<\/p>\n\n\n\n<p><strong>T\u018fHS\u0130L\u0130, ELM\u0130\u00a0 D\u018fR\u018fC\u018fS\u0130 V\u018f ELM\u0130 ADLARI:<\/strong><\/p>\n\n\n\n<p>2012- ci ild\u0259 G\u0259nc\u0259 \u015f\u0259h\u0259r 17 sayl\u0131 &nbsp;orta m\u0259kt\u0259bi bitirmi\u015fdir.<\/p>\n\n\n\n<p>2012-2016-ci ill\u0259rd\u0259 Az\u0259rbayca D\u00f6vl\u0259t Aqrar Universitetind\u0259 \u201c\u0130qtisadiyyat\u201d ixtisas\u0131n\u0131 bitirmi\u015fdir.<\/p>\n\n\n\n<p>2016-2018-ci ill\u0259rd\u0259 Az\u0259rbaycan Respublikas\u0131n\u0131n Prezidenti yan\u0131nda D\u00f6vl\u0259t \u0130dar\u0259\u00e7ilik Akademiyas\u0131nda \u201cD\u00f6vl\u0259t proqramlar\u0131n\u0131n v\u0259 layih\u0259l\u0259rin idar\u0259 edilm\u0259si\u201d&nbsp; ixtisas\u0131n\u0131n magistr derecesini bitirmi\u015fdir.<\/p>\n\n\n\n<p>2019-2022-ci ill\u0259rd\u0259 G\u0259nc\u0259 D\u00f6vl\u0259t Universitetind\u0259 \u201c\u00dcmumi iqtisadiyyat\u201d ixtisas\u0131 \u00fczr\u0259 doktorantura t\u0259hsili alm\u0131\u015f, 2023-c\u00fc ild\u0259n etibar\u0259n, Az\u0259rbaycan Respublikas\u0131n\u0131n Prezidenti yan\u0131nda AAK-\u0131n 31.10.2023-c\u00fc il tarixli q\u0259rar il\u0259 iqtisad elml\u0259ri elm sah\u0259si \u00fczr\u0259 f\u0259ls\u0259f\u0259 doktoru elmi d\u0259r\u0259c\u0259si verilmi\u015fdir.<\/p>\n\n\n\n<p><strong>\u018fM\u018fK&nbsp; F\u018fAL\u0130YY\u018fT\u0130:<\/strong><\/p>\n\n\n\n<p>2019-2023-c\u00fc ill\u0259rd\u0259 G\u0259nc\u0259 D\u00f6vl\u0259t Universiteti \u0130qtisadiyyat kafedras\u0131n\u0131n m\u00fc\u0259llimi v\u0259zif\u0259sind\u0259 \u00e7al\u0131\u015fm\u0131\u015fd\u0131r.<\/p>\n\n\n\n<p>2024- c\u00fc ild\u0259n indiy\u0259d\u0259k G\u0259nc\u0259 D\u00f6vl\u0259t Universiteti \u0130qtisadiyyat kafedras\u0131n\u0131n ba\u015f m\u00fc\u0259llimi v\u0259zif\u0259sind\u0259 \u00e7al\u0131\u015f\u0131r.<\/p>\n\n\n\n<p><strong>ELM\u0130 \u018fS\u018fRL\u018fR\u0130:<\/strong><\/p>\n\n\n\n<p>14 elmi \u0259s\u0259rin m\u00fc\u0259llifidir.<\/p>\n\n\n\n<p><strong>BEYNALXALQ V\u018f RESPUBL\u0130KA S\u0130MPOZ\u0130UM V\u018f KONFRANSLARDA \u0130\u015eT\u0130RAKI:<\/strong><\/p>\n\n\n\n<p>8 beyn\u0259lxalq elmi konfransda i\u015ftirak etmi\u015fdir.<\/p>\n\n\n\n<p><strong>D\u0130L B\u0130LG\u0130S\u0130: <\/strong>T\u00fcrk dili &#8211; yax\u015f\u0131, rus dili -z\u0259if, ingilis dili \u2013 yax\u015f\u0131 s\u0259viyy\u0259d\u0259.<\/p>\n\n\n\n<p><strong>PART\u0130YALILI\u011eI : <\/strong>2019-ci ild\u0259n YAP&nbsp; \u00fczv\u00fcd\u00fcr.<\/p>\n","protected":false},"excerpt":{"rendered":"<p>QISA B\u0130OQRAF\u0130K M\u018fLUMAT: 14.07.1995-ci ild\u0259 &nbsp;G\u0259nc\u0259 \u015f\u0259h\u0259rind\u0259 anadan olmu\u015fdur. Subayd\u0131r. Telefon: (070)&nbsp;3708080&nbsp;&nbsp;&nbsp;&nbsp;&nbsp;&nbsp;&nbsp;&nbsp;&nbsp;&nbsp;&nbsp;&nbsp;&nbsp;&nbsp;&nbsp;&nbsp;&nbsp;&nbsp;&nbsp;&nbsp;&nbsp;&nbsp;&nbsp;&nbsp;&nbsp;&nbsp;&nbsp;&nbsp;&nbsp;&nbsp;&nbsp;&nbsp;&nbsp;&nbsp;&nbsp;&nbsp;&nbsp;&nbsp;&nbsp;&nbsp;&nbsp;&nbsp;&nbsp;&nbsp;&nbsp;&nbsp;&nbsp;&nbsp;&nbsp; E-mail:&nbsp; kenan.rehimov@gdu.edu.az T\u018fHS\u0130L\u0130, ELM\u0130\u00a0 D\u018fR\u018fC\u018fS\u0130 V\u018f ELM\u0130 ADLARI: 2012- ci ild\u0259 G\u0259nc\u0259 \u015f\u0259h\u0259r 17 sayl\u0131 &nbsp;orta m\u0259kt\u0259bi bitirmi\u015fdir. 2012-2016-ci ill\u0259rd\u0259 Az\u0259rbayca D\u00f6vl\u0259t Aqrar Universitetind\u0259 \u201c\u0130qtisadiyyat\u201d ixtisas\u0131n\u0131 bitirmi\u015fdir. 2016-2018-ci ill\u0259rd\u0259 Az\u0259rbaycan Respublikas\u0131n\u0131n Prezidenti yan\u0131nda D\u00f6vl\u0259t \u0130dar\u0259\u00e7ilik Akademiyas\u0131nda \u201cD\u00f6vl\u0259t proqramlar\u0131n\u0131n v\u0259 layih\u0259l\u0259rin idar\u0259 edilm\u0259si\u201d&nbsp; ixtisas\u0131n\u0131n [&hellip;]<\/p>\n","protected":false},"author":8,"featured_media":0,"parent":0,"menu_order":0,"comment_status":"closed","ping_status":"closed","template":"","meta":{"footnotes":""},"categories":[],"tags":[],"class_list":["post-11447","page","type-page","status-publish","hentry"],"_links":{"self":[{"href":"https:\/\/iif.gdu.edu.az\/index.php?rest_route=\/wp\/v2\/pages\/11447","targetHints":{"allow":["GET"]}}],"collection":[{"href":"https:\/\/iif.gdu.edu.az\/index.php?rest_route=\/wp\/v2\/pages"}],"about":[{"href":"https:\/\/iif.gdu.edu.az\/index.php?rest_route=\/wp\/v2\/types\/page"}],"author":[{"embeddable":true,"href":"https:\/\/iif.gdu.edu.az\/index.php?rest_route=\/wp\/v2\/users\/8"}],"replies":[{"embeddable":true,"href":"https:\/\/iif.gdu.edu.az\/index.php?rest_route=%2Fwp%2Fv2%2Fcomments&post=11447"}],"version-history":[{"count":2,"href":"https:\/\/iif.gdu.edu.az\/index.php?rest_route=\/wp\/v2\/pages\/11447\/revisions"}],"predecessor-version":[{"id":11475,"href":"https:\/\/iif.gdu.edu.az\/index.php?rest_route=\/wp\/v2\/pages\/11447\/revisions\/11475"}],"wp:attachment":[{"href":"https:\/\/iif.gdu.edu.az\/index.php?rest_route=%2Fwp%2Fv2%2Fmedia&parent=11447"}],"wp:term":[{"taxonomy":"category","embeddable":true,"href":"https:\/\/iif.gdu.edu.az\/index.php?rest_route=%2Fwp%2Fv2%2Fcategories&post=11447"},{"taxonomy":"post_tag","embeddable":true,"href":"https:\/\/iif.gdu.edu.az\/index.php?rest_route=%2Fwp%2Fv2%2Ftags&post=11447"}],"curies":[{"name":"wp","href":"https:\/\/api.w.org\/{rel}","templated":true}]}}