{"id":11455,"date":"2026-02-11T22:53:36","date_gmt":"2026-02-11T20:53:36","guid":{"rendered":"http:\/\/iif.gdu.edu.az\/?page_id=11455"},"modified":"2026-02-11T23:07:17","modified_gmt":"2026-02-11T21:07:17","slug":"kubra-sahil-qizi-c%c9%99f%c9%99rova","status":"publish","type":"page","link":"https:\/\/iif.gdu.edu.az\/?page_id=11455","title":{"rendered":"Kubra Sahil q\u0131z\u0131 C\u0259f\u0259rova"},"content":{"rendered":"\n<figure class=\"wp-block-image size-large is-resized\"><img loading=\"lazy\" decoding=\"async\" src=\"https:\/\/iif.gdu.edu.az\/wp-content\/uploads\/2026\/02\/kb.png\" alt=\"\" class=\"wp-image-11456\" width=\"370\" height=\"500\"\/><\/figure>\n\n\n\n<p><strong>QISA B\u0130OQRAF\u0130K M\u018fLUMAT:&nbsp;&nbsp;&nbsp;&nbsp;&nbsp;&nbsp;&nbsp;&nbsp;&nbsp;&nbsp;&nbsp;&nbsp;&nbsp;&nbsp;&nbsp;&nbsp;&nbsp;<\/strong><\/p>\n\n\n\n<p><strong>&nbsp;<\/strong>16.04.2000-ci ild\u0259 G\u0259nc\u0259 \u015f\u0259h\u0259rind\u0259 anadan olmu\u015fdur.<\/p>\n\n\n\n<p><strong>Telefon:<\/strong> +99455 507 84 65<\/p>\n\n\n\n<p><strong>E-mail:&nbsp; <\/strong>kubra.ceferova.00<a href=\"mailto:qurbanov.shelale@mail.ru\">@mail.ru<\/a><\/p>\n\n\n\n<p><strong>T\u018fHS\u0130L\u0130, ELM\u0130 D\u018fR\u018fC\u018fS\u0130 V\u018f ELM\u0130 ADLARI:<\/strong><\/p>\n\n\n\n<p>2016-ci ild\u0259 M\u0259h\u0259mm\u0259d Hadi ad\u0131na 10 sayl\u0131 orta m\u0259kt\u0259bi bitirmi\u015fdir.<\/p>\n\n\n\n<p>2016-2020-ci ill\u0259rd\u0259 Az\u0259rbaycan Texnologiya Universitetinin \u0130qtisadiyyat v\u0259 \u0130dar\u0259etm\u0259 fak\u00fclt\u0259sinin \u201cMarketinq\u201d ixtisas\u0131 \u00fczr\u0259 bakalavr pill\u0259sini bitirib.<\/p>\n\n\n\n<p>2020-2022-ci ild\u0259 G\u0259nc\u0259 D\u00f6vl\u0259t Universitetinin \u201cTurzim v\u0259 Otel\u00e7ilik\u201d ixtisas\u0131 \u00fczr\u0259 magistr pill\u0259sini bitirib.<\/p>\n\n\n\n<p><strong>\u018fM\u018fK F\u018fAL\u0130YY\u018fT\u0130:<\/strong><\/p>\n\n\n\n<p>2022-2023 \u2013c\u00fc ill\u0259rd\u0259 &nbsp;G\u0259nc\u0259 D\u00f6vl\u0259t Universitetinin \u0130qtisadiyyat fak\u00fclt\u0259sinin &nbsp;\u201c\u0130dar\u0259etm\u0259\u201d kafedras\u0131nda saat hesab\u0131na m\u00fc\u0259llim v\u0259zif\u0259sind\u0259 \u00e7al\u0131\u015fm\u0131\u015fd\u0131r.<\/p>\n\n\n\n<p>2023-c\u00fc ild\u0259n etibar\u0259n G\u0259nc\u0259 D\u00f6vl\u0259t Universitetinin \u0130qtisadiyyat fak\u00fclt\u0259sinin &nbsp;\u201c\u0130dar\u0259etm\u0259\u201d kafedras\u0131nda m\u00fc\u0259llim v\u0259zif\u0259sind\u0259 \u00e7al\u0131\u015f\u0131r.<\/p>\n\n\n\n<p><strong>T\u018fDQ\u0130QAT SAH\u018fS\u0130:<\/strong><\/p>\n\n\n\n<p>\u018fm\u0259liyyatlar\u0131n idar\u0259 edilm\u0259si,ekonometrika,biznes statistikas\u0131,biznes strategiyas\u0131,davaml\u0131 inkluziv inki\u015faf\u0131n idar\u0259 edilm\u0259si, idar\u0259etm\u0259 u\u00e7otu v\u0259 korporativ q\u0259rarlar\u0131n verilm\u0259si.<\/p>\n\n\n\n<p><strong>ELM\u0130 \u018fS\u018fRL\u018fR\u0130:<\/strong><\/p>\n\n\n\n<p>3 elmi m\u0259qal\u0259nin m\u00fc\u0259llifidir.<\/p>\n\n\n\n<p><strong>BEYN\u018fLXALQ SEM\u0130NAR, S\u0130MPOZ\u0130UM V\u018f KONFRANSLARDA \u0130\u015eT\u0130RAKI: <\/strong>Beyn\u0259lxalq v\u0259 respublika miqyasl\u0131 konfranslarda i\u015ftirak etmi\u015fdir<\/p>\n\n\n\n<p><strong>D\u0130L B\u0130LG\u0130S\u0130:<\/strong> T\u00fcrk dili &#8211; s\u0259rb\u0259st, rus dili \u2013z\u0259if, ingilis dili \u2013 yax\u015f\u0131 s\u0259viyy\u0259d\u0259.<\/p>\n\n\n\n<p><strong>PART\u0130YALILI\u011eI:<\/strong>  YAP<\/p>\n","protected":false},"excerpt":{"rendered":"<p>QISA B\u0130OQRAF\u0130K M\u018fLUMAT:&nbsp;&nbsp;&nbsp;&nbsp;&nbsp;&nbsp;&nbsp;&nbsp;&nbsp;&nbsp;&nbsp;&nbsp;&nbsp;&nbsp;&nbsp;&nbsp;&nbsp; &nbsp;16.04.2000-ci ild\u0259 G\u0259nc\u0259 \u015f\u0259h\u0259rind\u0259 anadan olmu\u015fdur. Telefon: +99455 507 84 65 E-mail:&nbsp; kubra.ceferova.00@mail.ru T\u018fHS\u0130L\u0130, ELM\u0130 D\u018fR\u018fC\u018fS\u0130 V\u018f ELM\u0130 ADLARI: 2016-ci ild\u0259 M\u0259h\u0259mm\u0259d Hadi ad\u0131na 10 sayl\u0131 orta m\u0259kt\u0259bi bitirmi\u015fdir. 2016-2020-ci ill\u0259rd\u0259 Az\u0259rbaycan Texnologiya Universitetinin \u0130qtisadiyyat v\u0259 \u0130dar\u0259etm\u0259 fak\u00fclt\u0259sinin \u201cMarketinq\u201d ixtisas\u0131 \u00fczr\u0259 bakalavr pill\u0259sini bitirib. 2020-2022-ci ild\u0259 G\u0259nc\u0259 D\u00f6vl\u0259t Universitetinin \u201cTurzim v\u0259 Otel\u00e7ilik\u201d [&hellip;]<\/p>\n","protected":false},"author":8,"featured_media":0,"parent":0,"menu_order":0,"comment_status":"closed","ping_status":"closed","template":"","meta":{"footnotes":""},"categories":[],"tags":[],"class_list":["post-11455","page","type-page","status-publish","hentry"],"_links":{"self":[{"href":"https:\/\/iif.gdu.edu.az\/index.php?rest_route=\/wp\/v2\/pages\/11455","targetHints":{"allow":["GET"]}}],"collection":[{"href":"https:\/\/iif.gdu.edu.az\/index.php?rest_route=\/wp\/v2\/pages"}],"about":[{"href":"https:\/\/iif.gdu.edu.az\/index.php?rest_route=\/wp\/v2\/types\/page"}],"author":[{"embeddable":true,"href":"https:\/\/iif.gdu.edu.az\/index.php?rest_route=\/wp\/v2\/users\/8"}],"replies":[{"embeddable":true,"href":"https:\/\/iif.gdu.edu.az\/index.php?rest_route=%2Fwp%2Fv2%2Fcomments&post=11455"}],"version-history":[{"count":2,"href":"https:\/\/iif.gdu.edu.az\/index.php?rest_route=\/wp\/v2\/pages\/11455\/revisions"}],"predecessor-version":[{"id":11478,"href":"https:\/\/iif.gdu.edu.az\/index.php?rest_route=\/wp\/v2\/pages\/11455\/revisions\/11478"}],"wp:attachment":[{"href":"https:\/\/iif.gdu.edu.az\/index.php?rest_route=%2Fwp%2Fv2%2Fmedia&parent=11455"}],"wp:term":[{"taxonomy":"category","embeddable":true,"href":"https:\/\/iif.gdu.edu.az\/index.php?rest_route=%2Fwp%2Fv2%2Fcategories&post=11455"},{"taxonomy":"post_tag","embeddable":true,"href":"https:\/\/iif.gdu.edu.az\/index.php?rest_route=%2Fwp%2Fv2%2Ftags&post=11455"}],"curies":[{"name":"wp","href":"https:\/\/api.w.org\/{rel}","templated":true}]}}