{"id":11480,"date":"2026-02-11T23:18:50","date_gmt":"2026-02-11T21:18:50","guid":{"rendered":"http:\/\/iif.gdu.edu.az\/?page_id=11480"},"modified":"2026-02-11T23:18:50","modified_gmt":"2026-02-11T21:18:50","slug":"gulustan-%c9%99rziman-qizi-f%c9%99r%c9%99cova","status":"publish","type":"page","link":"https:\/\/iif.gdu.edu.az\/?page_id=11480","title":{"rendered":"G\u00fcl\u00fcstan \u018frziman q\u0131z\u0131 F\u0259r\u0259cova"},"content":{"rendered":"\n<figure class=\"wp-block-image size-large is-resized\"><img loading=\"lazy\" decoding=\"async\" src=\"https:\/\/iif.gdu.edu.az\/wp-content\/uploads\/2026\/02\/GL.png\" alt=\"\" class=\"wp-image-11481\" width=\"367\" height=\"444\"\/><\/figure>\n\n\n\n<p><strong>QISA B\u0130OQRAF\u0130K M\u018fLUMAT<\/strong>:<\/p>\n\n\n\n<p>\u00a03 yanvar 1994-c\u00fc ild\u0259 A\u011fsu rayonunun Xanbulaq k\u0259ndind\u0259 anadan olubdur.<\/p>\n\n\n\n<p><strong>Telefon:<\/strong> +99451 407 -40 -01<\/p>\n\n\n\n<p><strong>E-mail:<\/strong> gulustan.farajova@gdu.edu.az <\/p>\n\n\n\n<p>gulustan777@mail.ru<\/p>\n\n\n\n<p><strong>T\u018fHS\u0130L\u0130, ELM\u0130 D\u018fR\u018fC\u018fS\u0130 V\u018f ADLARI:<\/strong><\/p>\n\n\n\n<p>2000- ci ild\u0259 Xanbulaq k\u0259nd orta m\u0259kt\u0259bind\u0259\u00a0 birinci sinif\u0259 ba\u015flam\u0131\u015f v\u0259 2011- ci ild\u0259 55 sayl\u0131 K\u0259lb\u0259c\u0259r rayon orta m\u0259kt\u0259bind\u0259n m\u0259zun olmu\u015fdur.<\/p>\n\n\n\n<p>2011- ci ild\u0259 Ming\u0259\u00e7evir Politexnik\u00a0 \u0130nstitunun \u201cS\u0259nayenin t\u0259\u015fkili v\u0259 idar\u0259 ounmas\u0131\u201d ixtisas\u0131na q\u0259bul olmu\u015f v\u0259 2016- c\u0131 ild\u0259 Ming\u0259\u00e7evir D\u00f6vl\u0259t Universitetini bitirmi\u015fdir.\u00a0<\/p>\n\n\n\n<p>2016- c\u0131 ild\u0259 Ming\u0259\u00e7evir D\u00f6vl\u0259t Universitetinin \u201cS\u0259nayenin t\u0259\u015fkili v\u0259 idar\u0259 edilm\u0259si\u201d ixtisas\u0131n\u0131n \u201c\u0130stehsalat v\u0259 xidm\u0259t sah\u0259l\u0259rinin iqtisadiyyat\u0131 v\u0259 idar\u0259 edilm\u0259si (sah\u0259l\u0259r \u00fczr\u0259) ixtisasla\u015fmas\u0131\u201d \u00fczr\u0259 magistratura pill\u0259sin\u0259 q\u0259bul olmu\u015f v\u0259 2018-ci ild\u0259 f\u0259rql\u0259nm\u0259 il\u0259 bitirmi\u015fdir.<\/p>\n\n\n\n<p>2024-c\u00fc ild\u0259 T\u00fcrkiy\u0259nin Yalova Universitetin\u0259 \u201c\u0130\u015fl\u0259tm\u0259\u201d ixtisas\u0131 \u00fczr\u0259 doktorantura t\u0259hsilin\u0259 ba\u015flam\u0131\u015f v\u0259 hal-haz\u0131rda t\u0259hsilini davam etdirir.<\/p>\n\n\n\n<p><strong>\u018fM\u018fK F\u018fALiYY\u018fTi:<\/strong><\/p>\n\n\n\n<p>16.09.2019- cu il tarixd\u0259n G\u0259nc\u0259 D\u00f6vl\u0259t Universitetinin \u0130dar\u0259etm\u0259 kafedras\u0131na saat hesab\u0131 m\u00fc\u0259llim t\u0259yin edilmi\u015f.<\/p>\n\n\n\n<p>15.09.2020- ci il tarixd\u0259n G\u0259nc\u0259 D\u00f6vl\u0259t Universitetinin \u0130dar\u0259etm\u0259 kafedras\u0131nda \u015ftat yerin\u0259 m\u00fc\u0259llim v\u0259zif\u0259sind\u0259 \u00e7al\u0131\u015f\u0131r.<\/p>\n\n\n\n<p><strong>ELM\u0130 \u018fS\u018fRL\u018fR\u0130<\/strong>:<\/p>\n\n\n\n<p>15-d\u0259n \u00e7ox elmi \u0259s\u0259rin m\u00fc\u0259llifidir.<\/p>\n\n\n\n<p><strong>BEYN\u018fLXALQ V\u018f RESPUBL\u0130KA S\u0130MPOZ\u0130UM V\u018f KONFRANSLARDA \u0130\u015eT\u0130RAKI:<\/strong><\/p>\n\n\n\n<p>Az\u0259rbaycan Texnologiya Universiteti, Urbanizasiyal\u0131 s\u0259nayel\u0259\u015fm\u0259 \u015f\u0259raitind\u0259 m\u0259d\u0259ni irsin v\u0259 biom\u00fcxt\u0259lifliyin qorunmas\u0131 (Beyn\u0259lxalq elmi-praktiki konsrans) G\u0259nc\u0259: 2017<\/p>\n\n\n\n<p>Ming\u0259\u00e7evir D\u00f6vl\u0259t Universiteti, \u201cMilli iqtisadiyyat v\u0259 ayr\u0131-ayr\u0131 sektorlar \u00fczr\u0259 Strateji Yol X\u0259rit\u0259si: reall\u0131qlar v\u0259 h\u0259d\u0259fl\u0259r\u201d\u00a0 (Elmi konfrans), Ming\u0259\u00e7evir: 12-13 may\u00a0 2017.<\/p>\n\n\n\n<p>Sumqy\u0131t D\u00f6vl\u0259t Universitetind\u0259 Magistrantlar\u0131n\u00a0 XVII\u00a0 Respublika Elmi Konfras\u0131. Bak\u0131: 17-18 may\u00a0 2018.<\/p>\n\n\n\n<p>G\u0259nc\u0259 D\u00f6vl\u0259t Universitetind\u0259 \u201cM\u00fcasir t\u0259bi\u0259t v\u0259 iqtisad elml\u0259rinin aktual probleml\u0259ri\u201d Beyn\u0259lxalq Elmi Konfrans\u0131,\u00a0 G\u0259nc\u0259 2021<\/p>\n\n\n\n<p>\u201cA\u043a\u0442\u0443\u0430\u043b\u044c\u043d\u044b\u0435\u00a0 \u043d\u0430\u0443\u0447\u043d\u044b\u0435 \u0438\u0441\u0441\u043b\u0435\u0434\u043e\u0432\u0430\u043d\u0438\u044f \u0432 \u0441\u043e\u0432\u0440\u0435\u043c\u0435\u043d\u043d\u043e\u043c \u043c\u0438\u0440\u0435 \u00ab Beyn\u0259lxalq elmi Konfransda, Ukraynan\u0131n Pereyaslav \u015f\u0259h\u0259rind\u0259: 26-27 aprel 2021.<\/p>\n\n\n\n<p>G\u0259nc\u0259 D\u00f6vl\u0259t Universitetind\u0259 \u00dcmummilli Lider Heyd\u0259r \u018fliyevin anadan olmas\u0131n\u0131n 100 illiyin\u0259 h\u0259sr olunmu\u015f \u201cM\u00fcasir t\u0259bi\u0259t v\u0259 iqtisad elml\u0259rinin aktual probleml\u0259ri\u201d m\u00f6vzusunda Beyn\u0259lxalq Elmi Konfrans. G\u0259nc\u0259: 05-06 may 2023.<\/p>\n\n\n\n<p>The problems of green energy and green economy, June 26-28, 2024 in Manchester, United Kingdom.\\sh 9-12<\/p>\n\n\n\n<p>T\u00fcrkiye, Beykoz \u00dcniversitesi, Beyaz \u00dcniversitesinde d\u00fczenlenen 16.Uluslararas\u0131 \u0130stanbul Bilimsel Ara\u015ft\u0131rmalar Kongresinde \u201cY\u00fcksek\u00f6\u011fretim Kurumlar\u0131nda ISO 9000 ve Toplam Kalite Y\u00f6netimi Uygulamas\u0131: Gence Devler \u00dcniversitesi \u00d6rne\u011fi\u201d: \u0130stanbul, T\u00fcrkiye\u00a0 04-06 Temmuz 2025.<\/p>\n\n\n\n<p>T\u00fcrkiye, Yalova \u00dcniversitesi \u201cYe\u015fil \u00dcretim Yeterlikleri: Azerbaycan \u0130\u015fletmeleri \u0130\u00e7in Stratejik Yetkinlik Tabanl\u0131 Yeni Bir \u00c7er\u00e7eve\u201d 7. Uluslararas\u0131 \u0130\u015fletme \u00d6\u011frenciler Kongresi: Yalova, T\u00fcrkiye\u00a0 19-20 Aral\u0131k, 2025<\/p>\n\n\n\n<p><strong>T\u018fLT\u0130FL\u018fR\u0130<\/strong>:<\/p>\n\n\n\n<p>YAP K\u0259lb\u0259c\u0259r rayon t\u0259\u015fkilat\u0131n\u0131n s\u0259dri H\u0259bib Misirov t\u0259r\u0259find\u0259n\u00a0 \u201c\u00d6lk\u0259nin, el\u0259c\u0259d\u0259 K\u0259lb\u0259c\u0259r rayonun ictimai-siyasi h\u0259yat\u0131nda v\u0259 t\u0259hsilimizin inki\u015faf\u0131ndak\u0131 xidm\u0259tl\u0259rin\u0259 g\u00f6r\u0259\u201d\u00a0 F\u0259xri F\u0259rmanla t\u0259ltif olunmu\u015fdur. 22.07.2022<\/p>\n\n\n\n<p>Az\u0259rbaycan Respublikas\u0131n\u0131n Milli M\u0259clisi, Mill\u0259t V\u0259kili Aqil M\u0259mm\u0259dov t\u0259r\u0259find\u0259n \u201cK\u0259lb\u0259c\u0259r rayonun ictimai-siyasi h\u0259yat\u0131nda f\u0259al i\u015ftirak\u0131na g\u00f6r\u0259\u201d F\u0259xri F\u0259rmanla t\u0259ltif olunmu\u015fdur. 08.11.2023<\/p>\n\n\n\n<p>K\u0259lb\u0259c\u0259r Rayon \u0130cra Hakimiyy\u0259tinin ba\u015f\u00e7\u0131s\u0131 Az\u0259r Qocayev t\u0259r\u0259find\u0259n \u201cHeyd\u0259r \u018fliyev ili\u201d \u00e7\u0259r\u00e7iv\u0259sind\u0259 ke\u00e7iril\u0259n t\u0259dbirl\u0259rd\u0259 v\u0259 rayonun ictimai-siyasi h\u0259yat\u0131nda f\u0259al i\u015ftirak\u0131na g\u00f6r\u0259 Diplomla t\u0259ltif olunmu\u015fdur. 06.12.2023, 115 n\u00f6mr\u0259li S\u0259r\u0259ncama \u0259sas\u0259n.<\/p>\n\n\n\n<p>G\u0259nc\u0259 D\u00f6vl\u0259t Universitetinin rektoru Prof. Y.Yusibov t\u0259r\u0259find\u0259n Universitetin inki\u015faf\u0131nda g\u00f6st\u0259rdiyi xidm\u0259tl\u0259r\u0259 g\u00f6r\u0259 \u201c8 Mart Beyn\u0259lxalq Qad\u0131nlar G\u00fcn\u00fc \u201d m\u00fcnasib\u0259ti il\u0259 F\u0259xri F\u0259rmanla t\u0259ltif olunmu\u015fdur. 07.03.2024.<\/p>\n\n\n\n<p>K\u0259lb\u0259c\u0259r Rayon \u0130cra Hakimiyy\u0259tinin ba\u015f\u00e7\u0131s\u0131 Az\u0259r Qocayev t\u0259r\u0259find\u0259n Heyd\u0259r \u018fliyev irsinin t\u0259bli\u011find\u0259 v\u0259 rayonun ictimai-siyasi h\u0259yat\u0131nda f\u0259al i\u015ftirak\u0131na g\u00f6r\u0259 F\u0259xri F\u0259rmanla t\u0259ltif olunmu\u015fdur. 07.05.2024, 29 n\u00f6mr\u0259li S\u0259r\u0259ncama \u0259sas\u0259n.<\/p>\n\n\n\n<p><strong>D\u0130L B\u0130LG\u0130S\u0130:\u00a0<\/strong>Az\u0259rbaycan, T\u00fcrk, \u0130ngilis<\/p>\n\n\n\n<p><strong>PART\u0130YALILI\u011eI: <\/strong>2019-cu ild\u0259n YAP \u00fczv\u00fcd\u00fcr.<\/p>\n\n\n\n<p><strong>\u00a0\u00a0\u00a0\u00a0\u00a0\u00a0\u00a0\u00a0\u00a0\u00a0\u00a0\u00a0\u00a0\u00a0\u00a0\u00a0\u00a0\u00a0\u00a0\u00a0\u00a0\u00a0\u00a0\u00a0\u00a0\u00a0\u00a0\u00a0\u00a0\u00a0\u00a0\u00a0\u00a0\u00a0\u00a0\u00a0\u00a0\u00a0\u00a0\u00a0\u00a0\u00a0\u00a0<\/strong><\/p>\n","protected":false},"excerpt":{"rendered":"<p>QISA B\u0130OQRAF\u0130K M\u018fLUMAT: \u00a03 yanvar 1994-c\u00fc ild\u0259 A\u011fsu rayonunun Xanbulaq k\u0259ndind\u0259 anadan olubdur. Telefon: +99451 407 -40 -01 E-mail: gulustan.farajova@gdu.edu.az gulustan777@mail.ru T\u018fHS\u0130L\u0130, ELM\u0130 D\u018fR\u018fC\u018fS\u0130 V\u018f ADLARI: 2000- ci ild\u0259 Xanbulaq k\u0259nd orta m\u0259kt\u0259bind\u0259\u00a0 birinci sinif\u0259 ba\u015flam\u0131\u015f v\u0259 2011- ci ild\u0259 55 sayl\u0131 K\u0259lb\u0259c\u0259r rayon orta m\u0259kt\u0259bind\u0259n m\u0259zun olmu\u015fdur. 2011- ci ild\u0259 Ming\u0259\u00e7evir Politexnik\u00a0 \u0130nstitunun \u201cS\u0259nayenin [&hellip;]<\/p>\n","protected":false},"author":8,"featured_media":0,"parent":0,"menu_order":0,"comment_status":"closed","ping_status":"closed","template":"","meta":{"footnotes":""},"categories":[],"tags":[],"class_list":["post-11480","page","type-page","status-publish","hentry"],"_links":{"self":[{"href":"https:\/\/iif.gdu.edu.az\/index.php?rest_route=\/wp\/v2\/pages\/11480","targetHints":{"allow":["GET"]}}],"collection":[{"href":"https:\/\/iif.gdu.edu.az\/index.php?rest_route=\/wp\/v2\/pages"}],"about":[{"href":"https:\/\/iif.gdu.edu.az\/index.php?rest_route=\/wp\/v2\/types\/page"}],"author":[{"embeddable":true,"href":"https:\/\/iif.gdu.edu.az\/index.php?rest_route=\/wp\/v2\/users\/8"}],"replies":[{"embeddable":true,"href":"https:\/\/iif.gdu.edu.az\/index.php?rest_route=%2Fwp%2Fv2%2Fcomments&post=11480"}],"version-history":[{"count":1,"href":"https:\/\/iif.gdu.edu.az\/index.php?rest_route=\/wp\/v2\/pages\/11480\/revisions"}],"predecessor-version":[{"id":11485,"href":"https:\/\/iif.gdu.edu.az\/index.php?rest_route=\/wp\/v2\/pages\/11480\/revisions\/11485"}],"wp:attachment":[{"href":"https:\/\/iif.gdu.edu.az\/index.php?rest_route=%2Fwp%2Fv2%2Fmedia&parent=11480"}],"wp:term":[{"taxonomy":"category","embeddable":true,"href":"https:\/\/iif.gdu.edu.az\/index.php?rest_route=%2Fwp%2Fv2%2Fcategories&post=11480"},{"taxonomy":"post_tag","embeddable":true,"href":"https:\/\/iif.gdu.edu.az\/index.php?rest_route=%2Fwp%2Fv2%2Ftags&post=11480"}],"curies":[{"name":"wp","href":"https:\/\/api.w.org\/{rel}","templated":true}]}}