{"id":11493,"date":"2026-02-11T23:34:11","date_gmt":"2026-02-11T21:34:11","guid":{"rendered":"http:\/\/iif.gdu.edu.az\/?page_id=11493"},"modified":"2026-02-11T23:34:11","modified_gmt":"2026-02-11T21:34:11","slug":"r%c9%99hmiyy%c9%99-ramiz-qizi-ibrahimova","status":"publish","type":"page","link":"https:\/\/iif.gdu.edu.az\/?page_id=11493","title":{"rendered":"R\u0259hmiyy\u0259 Ramiz q\u0131z\u0131 \u0130brahimova"},"content":{"rendered":"\n<figure class=\"wp-block-image size-large is-resized\"><img loading=\"lazy\" decoding=\"async\" src=\"https:\/\/iif.gdu.edu.az\/wp-content\/uploads\/2026\/02\/rh.png\" alt=\"\" class=\"wp-image-11494\" width=\"361\" height=\"393\"\/><\/figure>\n\n\n\n<p><strong>QISA B\u0130OQRAF\u0130K M\u018fLUMAT:<\/strong><\/p>\n\n\n\n<p>25 sentyabr 1982-c\u0131 ild\u0259 G\u0259nc\u0259 \u015f\u0259h\u0259rind\u0259 anadan olmu\u015fdur. Evlidir.<\/p>\n\n\n\n<p><strong>Telefon:<\/strong> 055\u00a0284\u00a0 01 47\u00a0\u00a0\u00a0\u00a0\u00a0\u00a0\u00a0\u00a0\u00a0\u00a0\u00a0\u00a0\u00a0\u00a0\u00a0\u00a0\u00a0\u00a0\u00a0\u00a0\u00a0\u00a0\u00a0\u00a0\u00a0\u00a0\u00a0\u00a0\u00a0\u00a0\u00a0\u00a0\u00a0\u00a0\u00a0\u00a0\u00a0\u00a0\u00a0\u00a0\u00a0\u00a0\u00a0\u00a0\u00a0\u00a0\u00a0\u00a0<\/p>\n\n\n\n<p><strong>E-mail:\u00a0<\/strong>Rahmiyya ibrahimova @gdu.edu.az<\/p>\n\n\n\n<p><strong>T\u018fHS\u0130L\u0130, ELM\u0130\u00a0 D\u018fR\u018fC\u018fS\u0130 V\u018f ELM\u0130 ADLARI:<\/strong><\/p>\n\n\n\n<p>1989-c\u00fc ild\u0259 7 sayl\u0131 tam orta m\u0259kt\u0259bin 1-ci sinfin\u0259 daxil olub, 1999-ci ild\u0259 h\u0259min m\u0259kt\u0259bi bitirmi\u015fdir.<\/p>\n\n\n\n<p>2000-ci ild\u0259 G\u0259nc\u0259 D\u00f6vl\u0259t Universitetinin \u201c\u0130qtisadiyyat v\u0259 \u0130dar\u0259etm\u0259\u201d fak\u00fclt\u0259sinin \u201c\u0130qtisadi bilikl\u0259r\u201d ixtisas\u0131n\u0131n bakalavr pill\u0259sin\u0259 \u00a0daxil olub, 2004-cu ild\u0259 h\u0259min ixtisas\u0131\u00a0 \u00a0bitirmi\u015fdir.<\/p>\n\n\n\n<p>2004-ci ild\u0259 G\u0259nc\u0259 D\u00f6vl\u0259t Universitetinin Magistraturas\u0131n\u0131n \u201c\u0130qtisadi n\u0259z\u0259riyy\u0259\u201d ixtisas\u0131n\u0131n magistr\u00a0 pill\u0259sin\u0259 \u00a0daxil olub, 2007-c\u00fc ild\u0259 h\u0259min ixtisas\u0131 f\u0259rql\u0259nm\u0259 diplomu il\u0259 bitirib.<\/p>\n\n\n\n<p> 2012 ci ild\u0259 Az\u0259rbaycan D\u00f6vl\u0259t Aqrar Universitetinin M\u00fchasibat u\u00e7otu ixtisas\u0131 \u00fczr\u0259 doktorantura pill\u0259sin\u0259 q\u0259bul olunmu\u015fdur. <\/p>\n\n\n\n<p>Hal-haz\u0131rda m\u00fcdafi\u0259 \u0259r\u0259f\u0259sind\u0259dir.<\/p>\n\n\n\n<p><strong>\u018fM\u018fK\u00a0 F\u018fAL\u0130YY\u018fT\u0130:<\/strong><\/p>\n\n\n\n<p>2008-ci ild\u0259n G\u0259nc\u0259 D\u00f6vl\u0259t Universitetinin \u0130qtisadiyyat v\u0259 \u0130dar\u0259etm\u0259 fak\u00fclt\u0259sinin \u0130dar\u0259etm\u0259 kafedras\u0131nda m\u00fc\u0259llim, 2013-c\u00fc ild\u0259n ba\u015f m\u00fc\u0259llim v\u0259zif\u0259sind\u0259 \u00e7al\u0131\u015f\u0131r.<\/p>\n\n\n\n<p><strong>ELM\u0130 \u018fS\u018fRL\u018fR\u0130:<\/strong><\/p>\n\n\n\n<p>60-dan \u00e7ox\u00a0 elmi\u00a0 m\u0259qal\u0259 v\u0259 konfrans material\u0131n\u0131n m\u00fc\u0259llifidir.<\/p>\n\n\n\n<p><strong>Se\u00e7ilmi\u015f elmi m\u0259qal\u0259l\u0259r<\/strong>:<\/p>\n\n\n\n<p>\u201cMarketinq\u201d adl\u0131 d\u0259rs v\u0259saitinin m\u00fc\u0259llifl\u0259rind\u0259n biri.<\/p>\n\n\n\n<p>\u201c\u0424\u0438\u043d\u0430\u043d\u0441\u043e\u0432\u0430\u044f \u044d\u043a\u043e\u043d\u043e\u043c\u0438\u043a\u201d \u043d\u0430\u043f\u0440\u0430\u0432\u043b\u0435\u043d\u0438\u044f \u0441\u0442\u0438\u043c\u0443\u043b\u0438\u0440\u043e\u0432\u0430\u043d\u0438\u044f \u043f\u0440\u043e\u0438\u0437\u0432\u043e\u0434\u0441\u0442\u0432\u0430 \u044d\u043a\u0441\u043f\u043e\u0440\u0442\u043d\u043e \u043e\u0440\u0438\u0435\u0442\u0438\u0440\u043e\u0432\u0430\u043d\u043d\u043e\u0439 \u043f\u0440\u043e\u0434\u0443\u043a\u0446\u0438\u0438 \u0432 \u0430\u0433\u0440\u0430\u0440\u043d\u043e\u0439 \u043e\u0442\u0440\u0430\u0441\u043b\u0438 \u201c.\u041d\u0430\u0443\u0447\u043d\u043e \u0430\u043d\u0430\u043b\u0438\u0442\u0438\u0447\u0435\u0441\u043a\u0438\u0439 \u0436\u0443\u0440\u043d\u0430\u043b \u21164 \u0447.3 \u0430\u0432\u0433\u0443\u0441\u0442 2021.<\/p>\n\n\n\n<p>XI international Scientific and Practical conference International forum:Problems and scientific solutions held on april 6-8,2023 in Melbourne,Australia.<\/p>\n\n\n\n<p>\u201cAqrar sferada istehsal potensial\u0131ndan istifad\u0259nin s\u0259m\u0259r\u0259liliyinin metodoloji \u0259saslar\u0131\u201d. Az\u0259rbaycan Kooporasiya Universitetinin \u201cKooperasiya elmi-praktiki\u201d jurnal\u0131.Bak\u0131\u00a0\u00a0 2022, \u2116 3(66)<\/p>\n\n\n\n<p>\u201cAqrar sah\u0259d\u0259 iqtisadi potensial\u0131n regional inki\u015faf\u0131n\u0131n \u0259sas istiqam\u0259tl\u0259ri\u201d Nax\u00e7\u0131van D\u00f6vl\u0259t Universitetinin \u201cElmi \u0259s\u0259rl\u0259r\u201d ictimai elml\u0259r seriyas\u0131\u00a0jurnal\u0131. Nax\u00e7\u0131van. 2022.\u2116 3(27)<\/p>\n\n\n\n<p><strong>BEYNALXALQ V\u018f RESPUBL\u0130KA S\u0130MPOZ\u0130UM V\u018f KONFRANSLARDA \u0130\u015eT\u0130RAKI:<\/strong><\/p>\n\n\n\n<p>Az\u0259rbaycan Turizm v\u0259 Menecment Universiteti \u201cAz\u0259rbaycan Respublikas\u0131nda turizm-rekreasiya zonalar\u0131n\u0131n yarad\u0131lmas\u0131 perspektivl\u0259ri\u201dm\u00f6vzusunda Respublika elmi-praktiki konfrans Bak\u0131 22 dekabr 2018-ci il<\/p>\n\n\n\n<p>\u00dcmummili lider Heyd\u0259r \u018fliyevin anadan olmas\u0131n\u0131n 96-c\u0131 ild\u00f6n\u00fcm\u00fcn\u0259 h\u0259s olunmu\u015f \u201cM\u00fcasir t\u0259bi\u0259t v\u0259 iqtisad elml\u0259rinin probleml\u0259ri. \u201c\u041e\u043f\u0440\u0435\u0434\u0435\u043b\u0435\u043d\u0438\u0435 \u043e\u043f\u0442\u0438\u043c\u0430\u043b\u044c\u043d\u043e\u0439 \u0441\u0442\u0435\u043f\u0435\u043d\u0438 \u0441\u043f\u0435\u0446\u0438\u0430\u043b\u0438\u0437\u0430\u0446\u0438\u0438 \u0438 \u0440\u0430\u0437\u043c\u0435\u0440\u043e\u0432 \u043e\u0442\u0440\u0430\u0441\u043b\u0435\u0439 \u0441\u0435\u043b\u044c\u0441\u043a\u043e\u0445\u043e\u0437\u044f\u0439\u0441\u0442\u0432\u0435\u043d\u043d\u043e\u00ad\u0433\u043e \u043f\u0440\u043e\u0438\u0437\u0432\u043e\u0434\u0441\u0442\u0432\u0430\u201d. Beyn\u0259lxalq Elmi Konfrans\u201dmateriallar\u0131.G\u0259nc\u0259 2019<\/p>\n\n\n\n<p>The impact of production potential usage\u00a0 in agricultural field on economic development . \u201cScience and innovations 2021: development directions and priorities\u201d, Melbourne, Australia May, 26, 2022.<\/p>\n\n\n\n<p>Az\u0259rbaycan Texnologiya Universitetinin \u00dcmummili lider Heyd\u0259r \u018fliyevin anadan olmas\u0131n\u0131n 100-c\u00fc ild\u00f6n\u00fcm\u00fcn\u0259 h\u0259sr olunmu\u015f<\/p>\n\n\n\n<p>\u201cAqrar-s\u0259naye kompleksi sistemind\u0259 xammal istehsal\u0131 sah\u0259l\u0259rinin inki\u015fafi v\u0259 iqtisadi s\u0259m\u0259r\u0259liliyinin m\u00f6vcud v\u0259ziyy\u0259ti\u201d.Beyn\u0259lxalq Elmi-Praktik Konfrans\u00a0 G\u0259nc\u0259 2023<\/p>\n\n\n\n<p><strong>T\u018fLT\u0130FL\u018fR\u0130:<\/strong><\/p>\n\n\n\n<p>2022-ci il 04.10 tarixind\u0259 \u201cMaliyy\u0259 Savadl\u0131l\u0131\u011f\u0131\u201d m\u00f6vzular\u0131 \u00fczr\u0259 vebinarlarda i\u015ftirak etmi\u015fdir v\u0259 M\u0259rk\u0259zi Bank t\u0259r\u0259find\u0259n sertifikatla t\u0259ltif olunmu\u015fdur.<\/p>\n\n\n\n<p>8 Mart \u201cBeyn\u0259lxalq Qad\u0131nlar bayram\u0131\u201d m\u00fcnasib\u0259til\u0259 G\u0259nc\u0259 D\u00f6vl\u0259t Universitetinin rektorunun 03.03.2022-c\u00fc il 2\/28 \u0259mri il\u0259 \u201cF\u0259xri F\u0259rman\u201d il\u0259 t\u0259ltif olunmu\u015fdur.<\/p>\n\n\n\n<p>Ulu \u00d6nd\u0259r Heyd\u0259r \u018fliyevin anadan olmas\u0131n\u0131n 99-cu ild\u00f6n\u00fcm\u00fcn\u0259 h\u0259sr olunmu\u015f konfransda \u201c\u018fn yax\u015f\u0131 t\u0259qdimat\u201d nominasiyas\u0131 \u00fczr\u0259 f\u0259al i\u015ftiraka g\u00f6r\u0259 2022-ci il G\u0259nc\u0259 D\u00f6vl\u0259t Universitetinin rektorunun \u0259mri il\u0259 \u201cT\u0259\u015f\u0259kk\u00fcrnam\u0259\u201d il\u0259 t\u0259ltif olunmu\u015fdur.<\/p>\n\n\n\n<p><strong>T\u018fDQ\u0130QAT SAH\u018fS\u0130:<\/strong><\/p>\n\n\n\n<p>&#8220;Az\u0259rbaycan\u0131n xarici iqtisadi \u0259laq\u0259l\u0259rinin t\u0259hlili v\u0259\u00a0 s\u0259m\u0259r\u0259liliyinin y\u00fcks\u0259ldilm\u0259si istiqam\u0259tl\u0259ri&#8221; (dissertasiya i\u015fi)<\/p>\n\n\n\n<p><strong>D\u0130L B\u0130LG\u0130S\u0130:\u00a0\u00a0\u00a0\u00a0\u00a0<\/strong>\u00a0Az\u0259rbaycan, ingilis, rus\u00a0<\/p>\n\n\n\n<p><strong>PART\u0130YALILI\u011eI<\/strong>:\u00a0\u00a02000-ci ild\u0259n YAP \u00fczv\u00fcd\u00fcr.\u00a0\u00a0\u00a0\u00a0\u00a0\u00a0\u00a0\u00a0\u00a0\u00a0\u00a0\u00a0\u00a0\u00a0\u00a0\u00a0\u00a0\u00a0\u00a0\u00a0\u00a0\u00a0\u00a0\u00a0\u00a0\u00a0\u00a0\u00a0\u00a0\u00a0\u00a0\u00a0\u00a0\u00a0\u00a0<\/p>\n","protected":false},"excerpt":{"rendered":"<p>QISA B\u0130OQRAF\u0130K M\u018fLUMAT: 25 sentyabr 1982-c\u0131 ild\u0259 G\u0259nc\u0259 \u015f\u0259h\u0259rind\u0259 anadan olmu\u015fdur. Evlidir. Telefon: 055\u00a0284\u00a0 01 47\u00a0\u00a0\u00a0\u00a0\u00a0\u00a0\u00a0\u00a0\u00a0\u00a0\u00a0\u00a0\u00a0\u00a0\u00a0\u00a0\u00a0\u00a0\u00a0\u00a0\u00a0\u00a0\u00a0\u00a0\u00a0\u00a0\u00a0\u00a0\u00a0\u00a0\u00a0\u00a0\u00a0\u00a0\u00a0\u00a0\u00a0\u00a0\u00a0\u00a0\u00a0\u00a0\u00a0\u00a0\u00a0\u00a0\u00a0\u00a0 E-mail:\u00a0Rahmiyya ibrahimova @gdu.edu.az T\u018fHS\u0130L\u0130, ELM\u0130\u00a0 D\u018fR\u018fC\u018fS\u0130 V\u018f ELM\u0130 ADLARI: 1989-c\u00fc ild\u0259 7 sayl\u0131 tam orta m\u0259kt\u0259bin 1-ci sinfin\u0259 daxil olub, 1999-ci ild\u0259 h\u0259min m\u0259kt\u0259bi bitirmi\u015fdir. 2000-ci ild\u0259 G\u0259nc\u0259 D\u00f6vl\u0259t Universitetinin \u201c\u0130qtisadiyyat v\u0259 \u0130dar\u0259etm\u0259\u201d fak\u00fclt\u0259sinin \u201c\u0130qtisadi bilikl\u0259r\u201d ixtisas\u0131n\u0131n bakalavr pill\u0259sin\u0259 [&hellip;]<\/p>\n","protected":false},"author":8,"featured_media":0,"parent":0,"menu_order":0,"comment_status":"closed","ping_status":"closed","template":"","meta":{"footnotes":""},"categories":[],"tags":[],"class_list":["post-11493","page","type-page","status-publish","hentry"],"_links":{"self":[{"href":"https:\/\/iif.gdu.edu.az\/index.php?rest_route=\/wp\/v2\/pages\/11493","targetHints":{"allow":["GET"]}}],"collection":[{"href":"https:\/\/iif.gdu.edu.az\/index.php?rest_route=\/wp\/v2\/pages"}],"about":[{"href":"https:\/\/iif.gdu.edu.az\/index.php?rest_route=\/wp\/v2\/types\/page"}],"author":[{"embeddable":true,"href":"https:\/\/iif.gdu.edu.az\/index.php?rest_route=\/wp\/v2\/users\/8"}],"replies":[{"embeddable":true,"href":"https:\/\/iif.gdu.edu.az\/index.php?rest_route=%2Fwp%2Fv2%2Fcomments&post=11493"}],"version-history":[{"count":1,"href":"https:\/\/iif.gdu.edu.az\/index.php?rest_route=\/wp\/v2\/pages\/11493\/revisions"}],"predecessor-version":[{"id":11498,"href":"https:\/\/iif.gdu.edu.az\/index.php?rest_route=\/wp\/v2\/pages\/11493\/revisions\/11498"}],"wp:attachment":[{"href":"https:\/\/iif.gdu.edu.az\/index.php?rest_route=%2Fwp%2Fv2%2Fmedia&parent=11493"}],"wp:term":[{"taxonomy":"category","embeddable":true,"href":"https:\/\/iif.gdu.edu.az\/index.php?rest_route=%2Fwp%2Fv2%2Fcategories&post=11493"},{"taxonomy":"post_tag","embeddable":true,"href":"https:\/\/iif.gdu.edu.az\/index.php?rest_route=%2Fwp%2Fv2%2Ftags&post=11493"}],"curies":[{"name":"wp","href":"https:\/\/api.w.org\/{rel}","templated":true}]}}