{"id":115,"date":"2014-10-27T14:07:26","date_gmt":"2014-10-27T12:07:26","guid":{"rendered":"http:\/\/localhost\/wordpress\/?page_id=115"},"modified":"2026-04-02T10:26:36","modified_gmt":"2026-04-02T08:26:36","slug":"%c9%99laq%c9%99","status":"publish","type":"page","link":"https:\/\/iif.gdu.edu.az\/?page_id=115","title":{"rendered":"\u018flaq\u0259"},"content":{"rendered":"\n<p>\u00dcnvan: G\u0259nc\u0259 \u015f\u0259h\u0259ri, Mikay\u0131l M\u00fc\u015ffiq 19.<\/p>\n\n\n\n<p>Telefon: (022)-266-99-90<\/p>\n\n\n\n<p>E-mail: iif@gdu.edu.az<\/p>\n\n\n\n<p><\/p>\n","protected":false},"excerpt":{"rendered":"<p>\u00dcnvan: G\u0259nc\u0259 \u015f\u0259h\u0259ri, Mikay\u0131l M\u00fc\u015ffiq 19. Telefon: (022)-266-99-90 E-mail: iif@gdu.edu.az<\/p>\n","protected":false},"author":1,"featured_media":0,"parent":0,"menu_order":0,"comment_status":"closed","ping_status":"closed","template":"","meta":{"footnotes":""},"categories":[],"tags":[],"class_list":["post-115","page","type-page","status-publish","hentry"],"_links":{"self":[{"href":"https:\/\/iif.gdu.edu.az\/index.php?rest_route=\/wp\/v2\/pages\/115","targetHints":{"allow":["GET"]}}],"collection":[{"href":"https:\/\/iif.gdu.edu.az\/index.php?rest_route=\/wp\/v2\/pages"}],"about":[{"href":"https:\/\/iif.gdu.edu.az\/index.php?rest_route=\/wp\/v2\/types\/page"}],"author":[{"embeddable":true,"href":"https:\/\/iif.gdu.edu.az\/index.php?rest_route=\/wp\/v2\/users\/1"}],"replies":[{"embeddable":true,"href":"https:\/\/iif.gdu.edu.az\/index.php?rest_route=%2Fwp%2Fv2%2Fcomments&post=115"}],"version-history":[{"count":5,"href":"https:\/\/iif.gdu.edu.az\/index.php?rest_route=\/wp\/v2\/pages\/115\/revisions"}],"predecessor-version":[{"id":12578,"href":"https:\/\/iif.gdu.edu.az\/index.php?rest_route=\/wp\/v2\/pages\/115\/revisions\/12578"}],"wp:attachment":[{"href":"https:\/\/iif.gdu.edu.az\/index.php?rest_route=%2Fwp%2Fv2%2Fmedia&parent=115"}],"wp:term":[{"taxonomy":"category","embeddable":true,"href":"https:\/\/iif.gdu.edu.az\/index.php?rest_route=%2Fwp%2Fv2%2Fcategories&post=115"},{"taxonomy":"post_tag","embeddable":true,"href":"https:\/\/iif.gdu.edu.az\/index.php?rest_route=%2Fwp%2Fv2%2Ftags&post=115"}],"curies":[{"name":"wp","href":"https:\/\/api.w.org\/{rel}","templated":true}]}}