{"id":11507,"date":"2026-02-12T20:24:44","date_gmt":"2026-02-12T18:24:44","guid":{"rendered":"http:\/\/iif.gdu.edu.az\/?page_id=11507"},"modified":"2026-02-12T20:24:44","modified_gmt":"2026-02-12T18:24:44","slug":"elnar%c9%99-sakir-qizi-islamova","status":"publish","type":"page","link":"https:\/\/iif.gdu.edu.az\/?page_id=11507","title":{"rendered":"Elnar\u0259 \u015eakir q\u0131z\u0131 \u0130slamova"},"content":{"rendered":"\n<figure class=\"wp-block-image size-large\"><img loading=\"lazy\" decoding=\"async\" width=\"285\" height=\"399\" src=\"https:\/\/iif.gdu.edu.az\/wp-content\/uploads\/2026\/02\/el.png\" alt=\"\" class=\"wp-image-11508\"\/><\/figure>\n\n\n\n<p><strong>QISA B\u0130OQRAF\u0130K M\u018fLUMAT<\/strong>:<\/p>\n\n\n\n<p>05.10.1985-ci ild\u0259 Az\u0259rbaycan Respublikas\u0131 G\u0259nc\u0259 \u015f\u0259h\u0259rind\u0259 anadan olmu\u015fdur.<\/p>\n\n\n\n<p><strong>Telefon:<\/strong> 055-498-05-96\u00a0\u00a0\u00a0\u00a0\u00a0\u00a0\u00a0\u00a0\u00a0\u00a0\u00a0\u00a0\u00a0\u00a0\u00a0\u00a0\u00a0\u00a0\u00a0\u00a0\u00a0\u00a0\u00a0\u00a0\u00a0\u00a0\u00a0\u00a0\u00a0\u00a0\u00a0\u00a0\u00a0\u00a0\u00a0\u00a0\u00a0\u00a0\u00a0\u00a0\u00a0\u00a0<\/p>\n\n\n\n<p><strong>E-mail:\u00a0<\/strong>e-islamova85@mail.ru<\/p>\n\n\n\n<p><strong>T\u018fHS\u0130L\u0130, ELM\u0130\u00a0 D\u018fR\u018fC\u018f V\u018f ELM\u0130 ADLARI:<\/strong><\/p>\n\n\n\n<p>1992-ci il G\u0259nc\u0259 \u015f\u0259h\u0259r Vaqif \u018fliyev ad\u0131na 12 sayl\u0131 m\u0259kt\u0259bin birinci sinfin\u0259 gedib, 2003-c\u00fc ild\u0259 h\u0259min m\u0259kt\u0259bi bitirmi\u015fdir.<\/p>\n\n\n\n<p>2004-c\u00fc il G\u0259nc\u0259 D\u00f6vl\u0259t Universitetinin &#8220;\u0130qtisadi Bilikl\u0259r&#8221; ixtisas\u0131na q\u0259bul olub, h\u0259min ixtisas\u0131 2008-ci ild\u0259 bitirmi\u015fdir.<\/p>\n\n\n\n<p>2011-ci il G\u0259nc\u0259 D\u00f6vl\u0259t Universitetinin &#8220;\u0130qtisadi N\u0259z\u0259riyy\u0259&#8221; ixtisas\u0131n\u0131n magistr pill\u0259sin\u0259 q\u0259bul olub h\u0259min ixtisas\u0131 2014-c\u00fc ild\u0259 f\u0259rql\u0259nm\u0259 diplomu il\u0259 bitirmi\u015fdir.<\/p>\n\n\n\n<p><strong>\u018fM\u018fK\u00a0 F\u018fAL\u0130YY\u018fT\u0130:<\/strong><\/p>\n\n\n\n<p>2008-ci il noyabr ay\u0131ndan 2016 -c\u0131 il sentyabrad\u0259k \u0130dar\u0259etm\u0259 kafedras\u0131nda laborant v\u0259zif\u0259sind\u0259 i\u015fl\u0259mi\u015fdir. <\/p>\n\n\n\n<p>2016-c\u0131 ild\u0259n G\u0259nc\u0259 D\u00f6vl\u0259t Universitetind\u0259 1 \u015ftat m\u00fc\u0259llim i\u015fl\u0259yir.<\/p>\n\n\n\n<p><strong>ELM\u0130 \u018fS\u018fRL\u018fR\u0130:<\/strong><\/p>\n\n\n\n<p>10-dan \u00e7ox elmi \u0259s\u0259rin m\u00fc\u0259llifidir.<\/p>\n\n\n\n<p><strong>BEYNALXALQ V\u018f RESPUBL\u0130KA S\u0130MPOZ\u0130UM V\u018f KONFRANSLARDA \u0130\u015eT\u0130RAKI:<\/strong><\/p>\n\n\n\n<p>Beyn\u0259lxalq v\u0259 respublika miqyasl\u0131 konfranslarda i\u015ftirak etmi\u015fdir.<\/p>\n\n\n\n<p><strong>T\u018fLT\u0130FL\u018fR\u0130:<\/strong><\/p>\n\n\n\n<p>Universitetin\u00a0 v\u0259 kafedran\u0131n i\u015fl\u0259rind\u0259 f\u0259aliyy\u0259tin\u0259 g\u00f6r\u0259 &#8220;T\u0259\u015f\u0259kk\u00fcrnam\u0259&#8221; il\u0259 qiym\u0259tl\u0259ndirilmi\u015fdir.<\/p>\n\n\n\n<p><strong>T\u018fDQ\u0130QAT SAH\u018fS\u0130:<\/strong><\/p>\n\n\n\n<p>Aqrar sah\u0259d\u0259 sahibkarl\u0131q f\u0259aliyy\u0259tinin t\u0259nziml\u0259nm\u0259si.<\/p>\n\n\n\n<p><strong>D\u0130L B\u0130LG\u0130S\u0130:<\/strong> Rus dili-\u0259la, t\u00fcrk dili \u0259la, ingilis dili -orta<\/p>\n\n\n\n<p><strong>PART\u0130YALILI\u011eI: <\/strong>YAP<\/p>\n","protected":false},"excerpt":{"rendered":"<p>QISA B\u0130OQRAF\u0130K M\u018fLUMAT: 05.10.1985-ci ild\u0259 Az\u0259rbaycan Respublikas\u0131 G\u0259nc\u0259 \u015f\u0259h\u0259rind\u0259 anadan olmu\u015fdur. Telefon: 055-498-05-96\u00a0\u00a0\u00a0\u00a0\u00a0\u00a0\u00a0\u00a0\u00a0\u00a0\u00a0\u00a0\u00a0\u00a0\u00a0\u00a0\u00a0\u00a0\u00a0\u00a0\u00a0\u00a0\u00a0\u00a0\u00a0\u00a0\u00a0\u00a0\u00a0\u00a0\u00a0\u00a0\u00a0\u00a0\u00a0\u00a0\u00a0\u00a0\u00a0\u00a0\u00a0\u00a0 E-mail:\u00a0e-islamova85@mail.ru T\u018fHS\u0130L\u0130, ELM\u0130\u00a0 D\u018fR\u018fC\u018f V\u018f ELM\u0130 ADLARI: 1992-ci il G\u0259nc\u0259 \u015f\u0259h\u0259r Vaqif \u018fliyev ad\u0131na 12 sayl\u0131 m\u0259kt\u0259bin birinci sinfin\u0259 gedib, 2003-c\u00fc ild\u0259 h\u0259min m\u0259kt\u0259bi bitirmi\u015fdir. 2004-c\u00fc il G\u0259nc\u0259 D\u00f6vl\u0259t Universitetinin &#8220;\u0130qtisadi Bilikl\u0259r&#8221; ixtisas\u0131na q\u0259bul olub, h\u0259min ixtisas\u0131 2008-ci ild\u0259 bitirmi\u015fdir. 2011-ci il [&hellip;]<\/p>\n","protected":false},"author":8,"featured_media":0,"parent":0,"menu_order":0,"comment_status":"closed","ping_status":"closed","template":"","meta":{"footnotes":""},"categories":[],"tags":[],"class_list":["post-11507","page","type-page","status-publish","hentry"],"_links":{"self":[{"href":"https:\/\/iif.gdu.edu.az\/index.php?rest_route=\/wp\/v2\/pages\/11507","targetHints":{"allow":["GET"]}}],"collection":[{"href":"https:\/\/iif.gdu.edu.az\/index.php?rest_route=\/wp\/v2\/pages"}],"about":[{"href":"https:\/\/iif.gdu.edu.az\/index.php?rest_route=\/wp\/v2\/types\/page"}],"author":[{"embeddable":true,"href":"https:\/\/iif.gdu.edu.az\/index.php?rest_route=\/wp\/v2\/users\/8"}],"replies":[{"embeddable":true,"href":"https:\/\/iif.gdu.edu.az\/index.php?rest_route=%2Fwp%2Fv2%2Fcomments&post=11507"}],"version-history":[{"count":1,"href":"https:\/\/iif.gdu.edu.az\/index.php?rest_route=\/wp\/v2\/pages\/11507\/revisions"}],"predecessor-version":[{"id":11511,"href":"https:\/\/iif.gdu.edu.az\/index.php?rest_route=\/wp\/v2\/pages\/11507\/revisions\/11511"}],"wp:attachment":[{"href":"https:\/\/iif.gdu.edu.az\/index.php?rest_route=%2Fwp%2Fv2%2Fmedia&parent=11507"}],"wp:term":[{"taxonomy":"category","embeddable":true,"href":"https:\/\/iif.gdu.edu.az\/index.php?rest_route=%2Fwp%2Fv2%2Fcategories&post=11507"},{"taxonomy":"post_tag","embeddable":true,"href":"https:\/\/iif.gdu.edu.az\/index.php?rest_route=%2Fwp%2Fv2%2Ftags&post=11507"}],"curies":[{"name":"wp","href":"https:\/\/api.w.org\/{rel}","templated":true}]}}