{"id":11532,"date":"2026-02-12T20:49:48","date_gmt":"2026-02-12T18:49:48","guid":{"rendered":"http:\/\/iif.gdu.edu.az\/?page_id=11532"},"modified":"2026-02-12T20:57:49","modified_gmt":"2026-02-12T18:57:49","slug":"elsad-abdulla-oglu-f%c9%99rzaliyev","status":"publish","type":"page","link":"https:\/\/iif.gdu.edu.az\/?page_id=11532","title":{"rendered":"El\u015fad Abdulla o\u011flu F\u0259rzal\u0131yev"},"content":{"rendered":"\n<figure class=\"wp-block-image size-large is-resized\"><img loading=\"lazy\" decoding=\"async\" src=\"https:\/\/iif.gdu.edu.az\/wp-content\/uploads\/2026\/02\/WhatsApp-Image-2026-02-12-at-22.55.04-fotor-bg-remover-20260212225658.png\" alt=\"\" class=\"wp-image-11538\" width=\"323\" height=\"330\" srcset=\"https:\/\/iif.gdu.edu.az\/wp-content\/uploads\/2026\/02\/WhatsApp-Image-2026-02-12-at-22.55.04-fotor-bg-remover-20260212225658.png 1104w, https:\/\/iif.gdu.edu.az\/wp-content\/uploads\/2026\/02\/WhatsApp-Image-2026-02-12-at-22.55.04-fotor-bg-remover-20260212225658-768x785.png 768w\" sizes=\"auto, (max-width: 323px) 100vw, 323px\" \/><\/figure>\n\n\n\n<p><strong>QISA B\u0130OQRAF\u0130K M\u018fLUMAT<\/strong>:<\/p>\n\n\n\n<p>23.06.1994\u2013cu ild\u0259 Goranboy rayonunda anadan olmu\u015fdur.&nbsp;<\/p>\n\n\n\n<p><strong>Telefon:<\/strong> 050 862 50 35<\/p>\n\n\n\n<p><strong>E-mail: <\/strong>mr.elshad.farzal\u0131yev@gmail.com<\/p>\n\n\n\n<p><strong>T\u018fHS\u0130L\u0130, ELM\u0130&nbsp; D\u018fR\u018fC\u018fS\u0130 V\u018f ELM\u0130 ADLARI:<\/strong><\/p>\n\n\n\n<p>2011-ci ild\u0259 G\u0259nc\u0259 \u015f\u0259h\u0259ri 24 n\u00f6mr\u0259li tam orta m\u0259kt\u0259bini bitirmi\u015fdir.<\/p>\n\n\n\n<p>2015-ci ild\u0259 G\u0259nc\u0259 D\u00f6vl\u0259t Universitetinin \u0130qtisadiyyat v\u0259 idar\u0259etm\u0259 fak\u00fclt\u0259sinin bakalavr d\u0259r\u0259c\u0259si \u00fczr\u0259 D\u00f6vl\u0259t v\u0259 b\u0259l\u0259diyy\u0259 idar\u0259\u00e7iliyi ixtisas\u0131n\u0131 bitirmi\u015fdir.<\/p>\n\n\n\n<p>2017-ci ild\u0259&nbsp; G\u0259nc\u0259 D\u00f6vl\u0259t Universitetinin Menecment (sah\u0259l\u0259r) \u00fczr\u0259 magistr d\u0259r\u0259c\u0259sini bitirmi\u015fdir.<\/p>\n\n\n\n<p>2019-ci ild\u0259n G\u0259nc\u0259 D\u00f6vl\u0259t Universitetinin Sah\u0259 iqtisadiyyat\u0131 \u00fczr\u0259 dissertant kimi t\u0259hsil al\u0131r.<\/p>\n\n\n\n<p><strong>\u018fM\u018fK&nbsp; F\u018fAL\u0130YY\u018fT\u0130:<\/strong><\/p>\n\n\n\n<p>2018-ci ild\u0259n indiy\u0259d\u0259k G\u0259nc\u0259 D\u00f6vl\u0259t Universitetinin \u0130qtisadiyyat v\u0259 idar\u0259etm\u0259 fak\u00fclt\u0259sinin \u0130dar\u0259etm\u0259 kafedras\u0131nda m\u00fc\u0259llim v\u0259zif\u0259sind\u0259 \u00e7al\u0131\u015f\u0131r.<\/p>\n\n\n\n<p><strong>ELM\u0130 \u018fS\u018fRL\u018fR\u0130:<\/strong><\/p>\n\n\n\n<p>9 elmi \u0259s\u0259r m\u00fc\u0259llifidir.<\/p>\n\n\n\n<p><strong>BEYNALXALQ V\u018f RESPUBL\u0130KA S\u0130MPOZ\u0130UM V\u018f KONFRANSLARDA \u0130\u015eT\u0130RAKI:<\/strong><\/p>\n\n\n\n<p>Beyn\u0259lxalq v\u0259 respublika miqyasl\u0131 konfranslarda i\u015ftirak etmi\u015fdir.<\/p>\n\n\n\n<p><strong>T\u018fDQ\u0130QAT SAH\u018fS\u0130: <\/strong><\/p>\n\n\n\n<p>\u00dcmumi iqtisadiyyat, statistika, idar\u0259etm\u0259 u\u00e7otu, m\u00fchasibat u\u00e7otu.<\/p>\n\n\n\n<p><strong>D\u0130L B\u0130LG\u0130S\u0130: <\/strong>Rus dili \u2013 \u0259la, T\u00fcrk dili \u2013s\u0259rb\u0259st, \u0130ngilis dili &#8211; \u0259la<\/p>\n\n\n\n<p><strong>PART\u0130YALILI\u011eI :<\/strong> YAP<\/p>\n","protected":false},"excerpt":{"rendered":"<p>QISA B\u0130OQRAF\u0130K M\u018fLUMAT: 23.06.1994\u2013cu ild\u0259 Goranboy rayonunda anadan olmu\u015fdur.&nbsp; Telefon: 050 862 50 35 E-mail: mr.elshad.farzal\u0131yev@gmail.com T\u018fHS\u0130L\u0130, ELM\u0130&nbsp; D\u018fR\u018fC\u018fS\u0130 V\u018f ELM\u0130 ADLARI: 2011-ci ild\u0259 G\u0259nc\u0259 \u015f\u0259h\u0259ri 24 n\u00f6mr\u0259li tam orta m\u0259kt\u0259bini bitirmi\u015fdir. 2015-ci ild\u0259 G\u0259nc\u0259 D\u00f6vl\u0259t Universitetinin \u0130qtisadiyyat v\u0259 idar\u0259etm\u0259 fak\u00fclt\u0259sinin bakalavr d\u0259r\u0259c\u0259si \u00fczr\u0259 D\u00f6vl\u0259t v\u0259 b\u0259l\u0259diyy\u0259 idar\u0259\u00e7iliyi ixtisas\u0131n\u0131 bitirmi\u015fdir. 2017-ci ild\u0259&nbsp; G\u0259nc\u0259 D\u00f6vl\u0259t Universitetinin [&hellip;]<\/p>\n","protected":false},"author":8,"featured_media":0,"parent":0,"menu_order":0,"comment_status":"closed","ping_status":"closed","template":"","meta":{"footnotes":""},"categories":[],"tags":[],"class_list":["post-11532","page","type-page","status-publish","hentry"],"_links":{"self":[{"href":"https:\/\/iif.gdu.edu.az\/index.php?rest_route=\/wp\/v2\/pages\/11532","targetHints":{"allow":["GET"]}}],"collection":[{"href":"https:\/\/iif.gdu.edu.az\/index.php?rest_route=\/wp\/v2\/pages"}],"about":[{"href":"https:\/\/iif.gdu.edu.az\/index.php?rest_route=\/wp\/v2\/types\/page"}],"author":[{"embeddable":true,"href":"https:\/\/iif.gdu.edu.az\/index.php?rest_route=\/wp\/v2\/users\/8"}],"replies":[{"embeddable":true,"href":"https:\/\/iif.gdu.edu.az\/index.php?rest_route=%2Fwp%2Fv2%2Fcomments&post=11532"}],"version-history":[{"count":2,"href":"https:\/\/iif.gdu.edu.az\/index.php?rest_route=\/wp\/v2\/pages\/11532\/revisions"}],"predecessor-version":[{"id":11539,"href":"https:\/\/iif.gdu.edu.az\/index.php?rest_route=\/wp\/v2\/pages\/11532\/revisions\/11539"}],"wp:attachment":[{"href":"https:\/\/iif.gdu.edu.az\/index.php?rest_route=%2Fwp%2Fv2%2Fmedia&parent=11532"}],"wp:term":[{"taxonomy":"category","embeddable":true,"href":"https:\/\/iif.gdu.edu.az\/index.php?rest_route=%2Fwp%2Fv2%2Fcategories&post=11532"},{"taxonomy":"post_tag","embeddable":true,"href":"https:\/\/iif.gdu.edu.az\/index.php?rest_route=%2Fwp%2Fv2%2Ftags&post=11532"}],"curies":[{"name":"wp","href":"https:\/\/api.w.org\/{rel}","templated":true}]}}