{"id":11578,"date":"2026-02-13T10:07:35","date_gmt":"2026-02-13T08:07:35","guid":{"rendered":"http:\/\/iif.gdu.edu.az\/?page_id=11578"},"modified":"2026-02-13T10:07:35","modified_gmt":"2026-02-13T08:07:35","slug":"x%c9%99dic%c9%99-fuzuli-qizi-m%c9%99mm%c9%99dova","status":"publish","type":"page","link":"https:\/\/iif.gdu.edu.az\/?page_id=11578","title":{"rendered":"X\u0259dic\u0259 F\u00fczuli q\u0131z\u0131 M\u0259mm\u0259dova"},"content":{"rendered":"\n<figure class=\"wp-block-image size-large is-resized\"><img loading=\"lazy\" decoding=\"async\" src=\"https:\/\/iif.gdu.edu.az\/wp-content\/uploads\/2026\/02\/xd.png\" alt=\"\" class=\"wp-image-11579\" width=\"400\" height=\"495\"\/><\/figure>\n\n\n\n<p><strong>QISA B\u0130OQRAF\u0130K M\u018fLUMAT<\/strong>:<\/p>\n\n\n\n<p>19.10.1986-c\u0131 ild\u0259 \u00a0G\u0259nc\u0259 \u015f\u0259h\u0259rind\u0259 anadan olmu\u015fdur. Evlidir.<\/p>\n\n\n\n<p><strong>Telefon:<\/strong> (055) 662-85-89\u00a0\u00a0\u00a0\u00a0\u00a0\u00a0\u00a0\u00a0\u00a0\u00a0\u00a0\u00a0\u00a0\u00a0\u00a0\u00a0\u00a0\u00a0\u00a0\u00a0\u00a0\u00a0\u00a0\u00a0\u00a0\u00a0\u00a0\u00a0\u00a0\u00a0\u00a0\u00a0\u00a0\u00a0\u00a0\u00a0\u00a0\u00a0\u00a0\u00a0\u00a0\u00a0\u00a0\u00a0<\/p>\n\n\n\n<p><strong>E-mail:\u00a0 <\/strong>xedicememmedova1986@gmail.com<\/p>\n\n\n\n<p><strong>T\u018fHS\u0130L\u0130, ELM\u0130&nbsp; D\u018fR\u018fC\u018f V\u018f ELM\u0130 ADLARI:<\/strong><\/p>\n\n\n\n<p>2002-ci ild\u0259 G\u0259nc\u0259 \u015f\u0259h\u0259r \u0130.Qay\u0131bov ad\u0131na 1 sayl\u0131 tam orta m\u0259kt\u0259bi bitirmi\u015fdir.<\/p>\n\n\n\n<p>2002-2006-c\u0131 ill\u0259rd\u0259 Az\u0259rbaycan Texnologiya Universitetinin \u201c\u0130stehalat v\u0259 xidm\u0259t sah\u0259l\u0259rinin iqtisadiyyat\u0131 v\u0259 idar\u0259 edilm\u0259si\u201d ixtisas\u0131n\u0131 F\u0259rql\u0259nm\u0259 il\u0259  bitirmi\u015fdir.<\/p>\n\n\n\n<p>2010-2013-c\u00fc ill\u0259rd\u0259 ATU \u201c\u0130stehalat v\u0259 xidm\u0259t sah\u0259l\u0259rinin iqtisadiyyat\u0131 v\u0259 idar\u0259edilm\u0259si\u201d\u00a0 ixtisas\u0131n\u0131n magistr d\u0259r\u0259c\u0259sini F\u0259rql\u0259nm\u0259 il\u0259 bitirmi\u015fdir.<\/p>\n\n\n\n<p>2017-ci ild\u0259 m\u00fcdafi\u0259 ed\u0259r\u0259k Az\u0259rbaycan Respublikas\u0131 Prezidenti yan\u0131nda Ali Attestasiya Komissiyas\u0131n\u0131n m\u00fcvafiq q\u0259rar\u0131 il\u0259 iqtisad \u00fczr\u0259 f\u0259ls\u0259f\u0259 doktoru ad\u0131 alm\u0131\u015fd\u0131r.<\/p>\n\n\n\n<p>2021-ci ild\u0259 dosent ad\u0131 alm\u0131\u015fd\u0131r.<\/p>\n\n\n\n<p>2026-c\u0131 ild\u0259 5312.01 &#8220;Sah\u0259 iqtisadiyyat\u0131&#8221; ixtisas\u0131 \u00fczr\u0259 iqtisad elml\u0259ri doktoru elmi d\u0259r\u0259c\u0259sin\u0259 layiq g\u00f6r\u00fcl\u00fcb.<\/p>\n\n\n\n<p><strong>\u018fM\u018fK&nbsp; F\u018fAL\u0130YY\u018fT\u0130:<\/strong><\/p>\n\n\n\n<p>2007-ci ild\u0259n indiy\u0259d\u0259k \u0130qtisadiyyat kafedras\u0131nda \u00e7al\u0131\u015f\u0131r.<\/p>\n\n\n\n<p><strong>ELM\u0130 \u018fS\u018fRL\u018fR\u0130:<\/strong><\/p>\n\n\n\n<p>60-dan \u00e7ox elmi \u0259s\u0259rin, 2 d\u0259rsliyin,  2 monoqrafiyan\u0131n, 2 d\u0259rs v\u0259saitinin, 14 Scopus bazas\u0131na daxil olan elmi m\u0259qal\u0259nin v\u0259 konfrans materiallar\u0131n\u0131n m\u00fc\u0259llifidir.<\/p>\n\n\n\n<p><strong>BEYNALXALQ V\u018f RESPUBL\u0130KA S\u0130MPOZ\u0130UM V\u018f KONFRANSLARDA \u0130\u015eT\u0130RAKI:<\/strong><\/p>\n\n\n\n<p>Yerli v\u0259 beyn\u0259lxalq elmi konfranslarda i\u015ftirak etmi\u015fdir.<\/p>\n\n\n\n<p><strong>D\u0130L B\u0130LG\u0130S\u0130: <\/strong>T\u00fcrk dili &#8211; \u0259la, rus dili -\u0259la, ingilis dili \u2013 \u0259la s\u0259viyy\u0259d\u0259.<\/p>\n\n\n\n<p><strong>PART\u0130YALILI\u011eI :<\/strong> YAP\u00a0 <\/p>\n","protected":false},"excerpt":{"rendered":"<p>QISA B\u0130OQRAF\u0130K M\u018fLUMAT: 19.10.1986-c\u0131 ild\u0259 \u00a0G\u0259nc\u0259 \u015f\u0259h\u0259rind\u0259 anadan olmu\u015fdur. Evlidir. Telefon: (055) 662-85-89\u00a0\u00a0\u00a0\u00a0\u00a0\u00a0\u00a0\u00a0\u00a0\u00a0\u00a0\u00a0\u00a0\u00a0\u00a0\u00a0\u00a0\u00a0\u00a0\u00a0\u00a0\u00a0\u00a0\u00a0\u00a0\u00a0\u00a0\u00a0\u00a0\u00a0\u00a0\u00a0\u00a0\u00a0\u00a0\u00a0\u00a0\u00a0\u00a0\u00a0\u00a0\u00a0\u00a0\u00a0 E-mail:\u00a0 xedicememmedova1986@gmail.com T\u018fHS\u0130L\u0130, ELM\u0130&nbsp; D\u018fR\u018fC\u018f V\u018f ELM\u0130 ADLARI: 2002-ci ild\u0259 G\u0259nc\u0259 \u015f\u0259h\u0259r \u0130.Qay\u0131bov ad\u0131na 1 sayl\u0131 tam orta m\u0259kt\u0259bi bitirmi\u015fdir. 2002-2006-c\u0131 ill\u0259rd\u0259 Az\u0259rbaycan Texnologiya Universitetinin \u201c\u0130stehalat v\u0259 xidm\u0259t sah\u0259l\u0259rinin iqtisadiyyat\u0131 v\u0259 idar\u0259 edilm\u0259si\u201d ixtisas\u0131n\u0131 F\u0259rql\u0259nm\u0259 il\u0259 bitirmi\u015fdir. 2010-2013-c\u00fc ill\u0259rd\u0259 ATU \u201c\u0130stehalat v\u0259 [&hellip;]<\/p>\n","protected":false},"author":8,"featured_media":0,"parent":0,"menu_order":0,"comment_status":"closed","ping_status":"closed","template":"","meta":{"footnotes":""},"categories":[],"tags":[],"class_list":["post-11578","page","type-page","status-publish","hentry"],"_links":{"self":[{"href":"https:\/\/iif.gdu.edu.az\/index.php?rest_route=\/wp\/v2\/pages\/11578","targetHints":{"allow":["GET"]}}],"collection":[{"href":"https:\/\/iif.gdu.edu.az\/index.php?rest_route=\/wp\/v2\/pages"}],"about":[{"href":"https:\/\/iif.gdu.edu.az\/index.php?rest_route=\/wp\/v2\/types\/page"}],"author":[{"embeddable":true,"href":"https:\/\/iif.gdu.edu.az\/index.php?rest_route=\/wp\/v2\/users\/8"}],"replies":[{"embeddable":true,"href":"https:\/\/iif.gdu.edu.az\/index.php?rest_route=%2Fwp%2Fv2%2Fcomments&post=11578"}],"version-history":[{"count":1,"href":"https:\/\/iif.gdu.edu.az\/index.php?rest_route=\/wp\/v2\/pages\/11578\/revisions"}],"predecessor-version":[{"id":11604,"href":"https:\/\/iif.gdu.edu.az\/index.php?rest_route=\/wp\/v2\/pages\/11578\/revisions\/11604"}],"wp:attachment":[{"href":"https:\/\/iif.gdu.edu.az\/index.php?rest_route=%2Fwp%2Fv2%2Fmedia&parent=11578"}],"wp:term":[{"taxonomy":"category","embeddable":true,"href":"https:\/\/iif.gdu.edu.az\/index.php?rest_route=%2Fwp%2Fv2%2Fcategories&post=11578"},{"taxonomy":"post_tag","embeddable":true,"href":"https:\/\/iif.gdu.edu.az\/index.php?rest_route=%2Fwp%2Fv2%2Ftags&post=11578"}],"curies":[{"name":"wp","href":"https:\/\/api.w.org\/{rel}","templated":true}]}}