{"id":11580,"date":"2026-02-13T10:44:58","date_gmt":"2026-02-13T08:44:58","guid":{"rendered":"http:\/\/iif.gdu.edu.az\/?page_id=11580"},"modified":"2026-02-13T11:03:27","modified_gmt":"2026-02-13T09:03:27","slug":"r%c9%99na-modinova","status":"publish","type":"page","link":"https:\/\/iif.gdu.edu.az\/?page_id=11580","title":{"rendered":"R\u0259na Ramazan q\u0131z\u0131 Modinova"},"content":{"rendered":"\n<figure class=\"wp-block-image size-large is-resized\"><img loading=\"lazy\" decoding=\"async\" src=\"https:\/\/iif.gdu.edu.az\/wp-content\/uploads\/2026\/02\/rn.png\" alt=\"\" class=\"wp-image-11581\" width=\"365\" height=\"470\"\/><\/figure>\n\n\n\n<p><strong>QISA B\u0130OQRAF\u0130K M\u018fLUMAT<\/strong>:<\/p>\n\n\n\n<p>007.03.1967-ci  ild\u0259 \u00a0G\u0259nc\u0259 \u015f\u0259h\u0259rind\u0259 anadan olmu\u015fdur.<\/p>\n\n\n\n<p><strong>Telefon:<\/strong> 055-818-73-21\u00a0\u00a0\u00a0\u00a0\u00a0\u00a0\u00a0\u00a0\u00a0\u00a0\u00a0\u00a0\u00a0\u00a0\u00a0\u00a0\u00a0\u00a0\u00a0\u00a0\u00a0\u00a0\u00a0\u00a0\u00a0\u00a0\u00a0\u00a0\u00a0\u00a0\u00a0\u00a0\u00a0\u00a0\u00a0\u00a0\u00a0\u00a0\u00a0\u00a0\u00a0\u00a0\u00a0\u00a0\u00a0\u00a0\u00a0<\/p>\n\n\n\n<p><strong>E-mail:\u00a0 <\/strong>rena-modinova@mail.ru<\/p>\n\n\n\n<p><strong>T\u018fHS\u0130L\u0130, ELM\u0130&nbsp; D\u018fR\u018fC\u018f V\u018f ELM\u0130 ADLARI:<\/strong><\/p>\n\n\n\n<p>1984-c\u00fc ild\u0259 G\u0259nc\u0259 \u015f\u0259h\u0259r 18 sayl\u0131 D\u0259miryolu orta m\u0259kt\u0259bi bitirmi\u015fdir.<\/p>\n\n\n\n<p>1985-1990-c\u0131 ill\u0259rd\u0259 AKTA (indiki ADAU) \u201cK\u0259nd t\u0259s\u0259rr\u00fcfat\u0131n\u0131n iqtisadiyyat\u0131 v\u0259 t\u0259\u015fkili\u201d ixtisas\u0131n\u0131 bitirmi\u015fdir.<\/p>\n\n\n\n<p><strong>\u018fM\u018fK&nbsp; F\u018fAL\u0130YY\u018fT\u0130:<\/strong><\/p>\n\n\n\n<p>1990-c\u0131 ild\u0259n ADAU-da m\u00fc\u0259llim v\u0259zif\u0259sind\u0259 \u00e7al\u0131\u015fm\u0131\u015fd\u0131r.<\/p>\n\n\n\n<p>2016-c\u0131 ild\u0259n \u0130qtisadiyyat kafedrasnda dosent v\u0259zif\u0259sind\u0259 \u00e7al\u0131\u015f\u0131r.<\/p>\n\n\n\n<p><strong>ELM\u0130 \u018fS\u018fRL\u018fR\u0130:<\/strong><\/p>\n\n\n\n<p>90-dan \u00e7ox elmi \u0259s\u0259rin m\u00fc\u0259llifidir.<\/p>\n\n\n\n<p><strong>BEYNALXALQ V\u018f RESPUBL\u0130KA S\u0130MPOZ\u0130UM V\u018f KONFRANSLARDA \u0130\u015eT\u0130RAKI:<\/strong><\/p>\n\n\n\n<p>BEyn\u0259lxalq v\u0259 yerli elmi konfransda i\u015ftirak etmi\u015fdir.<\/p>\n\n\n\n<p><strong>D\u0130L B\u0130LG\u0130S\u0130: <\/strong>rus dili -s\u0259rb\u0259st, ingilis dili \u2013 yax\u015f\u0131 s\u0259viyy\u0259d\u0259.<\/p>\n\n\n\n<p><strong>PART\u0130YALILI\u011eI : <\/strong> YAP\u00a0 <\/p>\n","protected":false},"excerpt":{"rendered":"<p>QISA B\u0130OQRAF\u0130K M\u018fLUMAT: 007.03.1967-ci ild\u0259 \u00a0G\u0259nc\u0259 \u015f\u0259h\u0259rind\u0259 anadan olmu\u015fdur. Telefon: 055-818-73-21\u00a0\u00a0\u00a0\u00a0\u00a0\u00a0\u00a0\u00a0\u00a0\u00a0\u00a0\u00a0\u00a0\u00a0\u00a0\u00a0\u00a0\u00a0\u00a0\u00a0\u00a0\u00a0\u00a0\u00a0\u00a0\u00a0\u00a0\u00a0\u00a0\u00a0\u00a0\u00a0\u00a0\u00a0\u00a0\u00a0\u00a0\u00a0\u00a0\u00a0\u00a0\u00a0\u00a0\u00a0\u00a0\u00a0\u00a0 E-mail:\u00a0 rena-modinova@mail.ru T\u018fHS\u0130L\u0130, ELM\u0130&nbsp; D\u018fR\u018fC\u018f V\u018f ELM\u0130 ADLARI: 1984-c\u00fc ild\u0259 G\u0259nc\u0259 \u015f\u0259h\u0259r 18 sayl\u0131 D\u0259miryolu orta m\u0259kt\u0259bi bitirmi\u015fdir. 1985-1990-c\u0131 ill\u0259rd\u0259 AKTA (indiki ADAU) \u201cK\u0259nd t\u0259s\u0259rr\u00fcfat\u0131n\u0131n iqtisadiyyat\u0131 v\u0259 t\u0259\u015fkili\u201d ixtisas\u0131n\u0131 bitirmi\u015fdir. \u018fM\u018fK&nbsp; F\u018fAL\u0130YY\u018fT\u0130: 1990-c\u0131 ild\u0259n ADAU-da m\u00fc\u0259llim v\u0259zif\u0259sind\u0259 \u00e7al\u0131\u015fm\u0131\u015fd\u0131r. 2016-c\u0131 ild\u0259n \u0130qtisadiyyat kafedrasnda dosent v\u0259zif\u0259sind\u0259 [&hellip;]<\/p>\n","protected":false},"author":8,"featured_media":0,"parent":0,"menu_order":0,"comment_status":"closed","ping_status":"closed","template":"","meta":{"footnotes":""},"categories":[],"tags":[],"class_list":["post-11580","page","type-page","status-publish","hentry"],"_links":{"self":[{"href":"https:\/\/iif.gdu.edu.az\/index.php?rest_route=\/wp\/v2\/pages\/11580","targetHints":{"allow":["GET"]}}],"collection":[{"href":"https:\/\/iif.gdu.edu.az\/index.php?rest_route=\/wp\/v2\/pages"}],"about":[{"href":"https:\/\/iif.gdu.edu.az\/index.php?rest_route=\/wp\/v2\/types\/page"}],"author":[{"embeddable":true,"href":"https:\/\/iif.gdu.edu.az\/index.php?rest_route=\/wp\/v2\/users\/8"}],"replies":[{"embeddable":true,"href":"https:\/\/iif.gdu.edu.az\/index.php?rest_route=%2Fwp%2Fv2%2Fcomments&post=11580"}],"version-history":[{"count":3,"href":"https:\/\/iif.gdu.edu.az\/index.php?rest_route=\/wp\/v2\/pages\/11580\/revisions"}],"predecessor-version":[{"id":11610,"href":"https:\/\/iif.gdu.edu.az\/index.php?rest_route=\/wp\/v2\/pages\/11580\/revisions\/11610"}],"wp:attachment":[{"href":"https:\/\/iif.gdu.edu.az\/index.php?rest_route=%2Fwp%2Fv2%2Fmedia&parent=11580"}],"wp:term":[{"taxonomy":"category","embeddable":true,"href":"https:\/\/iif.gdu.edu.az\/index.php?rest_route=%2Fwp%2Fv2%2Fcategories&post=11580"},{"taxonomy":"post_tag","embeddable":true,"href":"https:\/\/iif.gdu.edu.az\/index.php?rest_route=%2Fwp%2Fv2%2Ftags&post=11580"}],"curies":[{"name":"wp","href":"https:\/\/api.w.org\/{rel}","templated":true}]}}