{"id":11612,"date":"2026-02-14T19:01:13","date_gmt":"2026-02-14T17:01:13","guid":{"rendered":"http:\/\/iif.gdu.edu.az\/?page_id=11612"},"modified":"2026-02-14T19:01:13","modified_gmt":"2026-02-14T17:01:13","slug":"m%c9%99h%c9%99rr%c9%99m-ramiz-oglu-babayev","status":"publish","type":"page","link":"https:\/\/iif.gdu.edu.az\/?page_id=11612","title":{"rendered":"M\u0259h\u0259rr\u0259m Ramiz o\u011flu Babayev"},"content":{"rendered":"\n<figure class=\"wp-block-image size-large\"><img loading=\"lazy\" decoding=\"async\" width=\"405\" height=\"365\" src=\"https:\/\/iif.gdu.edu.az\/wp-content\/uploads\/2026\/02\/mh.png\" alt=\"\" class=\"wp-image-11613\"\/><\/figure>\n\n\n\n<p><strong>QISA B\u0130OQRAF\u0130K M\u018fLUMAT<\/strong>:<\/p>\n\n\n\n<p>1991-ci il ild\u0259 \u015e\u0259mkir \u015f\u0259h\u0259rind\u0259 anadan olmu\u015fdur. Evlidir.<\/p>\n\n\n\n<p><strong>Telefon:<\/strong> 070-641-80-00\u00a0\u00a0\u00a0\u00a0\u00a0\u00a0\u00a0\u00a0\u00a0\u00a0\u00a0\u00a0\u00a0\u00a0\u00a0\u00a0\u00a0\u00a0\u00a0\u00a0\u00a0\u00a0\u00a0\u00a0\u00a0\u00a0\u00a0\u00a0\u00a0\u00a0\u00a0\u00a0\u00a0\u00a0\u00a0\u00a0\u00a0\u00a0\u00a0\u00a0\u00a0\u00a0\u00a0\u00a0\u00a0\u00a0\u00a0\u00a0<\/p>\n\n\n\n<p><strong>E-mail:\u00a0<\/strong>mahar.babayev.91@gmal.com<\/p>\n\n\n\n<p><strong>T\u018fHS\u0130L\u0130, ELM\u0130\u00a0 D\u018fR\u018fC\u018fS\u0130 V\u018f ELM\u0130 ADLARI:<\/strong><\/p>\n\n\n\n<p>1998-2009-cu ild\u0259 tam orta t\u0259hsil;<\/p>\n\n\n\n<p>\u00a02009-cu ild\u0259 G\u0259nc\u0259 D\u00f6vl\u0259t Universitetinin \u0130qtisadiyyat v\u0259 idar\u0259etm\u0259 fak\u00fclt\u0259sind\u0259 Menecment ixtisas\u0131na q\u0259bul olmu\u015f, 2013-c\u00fc ild\u0259 bakalavr t\u0259hsilini m\u00fcv\u0259ff\u0259qiyy\u0259tl\u0259 ba\u015fa vurmu\u015fdur;<\/p>\n\n\n\n<p>2013-c\u00fc ild\u0259 G\u0259nc\u0259 D\u00f6vl\u0259t Universitetind\u0259 \u0130qtisadiyyat\u0131n h\u00fcquqi t\u0259nziml\u0259nmsi ixtisas\u0131 \u00fczr\u0259 magistraturaya q\u0259bul olmu\u015fdur. 2014-c\u00fc ild\u0259 magistr t\u0259hsilini davam etdirmi\u015f v\u0259 2016-c\u0131 ild\u0259 m\u00fcv\u0259f\u0259qiyy\u0259tl\u0259 ba\u015fa vurmu\u015f;<\/p>\n\n\n\n<p>2018-2023-c\u00fc ill\u0259r \u0130qtisadiyyat kafedras\u0131nda \u00dcmumi iqtisadiyyat ixtisas\u0131 \u00fczr\u0259 doktorantura oxumu\u015fdur.<\/p>\n\n\n\n<p>2025-ci ild\u0259 &#8220;Az\u0259rbaycan Respublikas\u0131nda iqtisadiyyat\u0131n t\u0259nziml\u0259nm\u0259si mexanizminin t\u0259kmill\u0259\u015fdirilm\u0259si istiqam\u0259tl\u0259ri&#8221; adl\u0131 dissertasiya i\u015fini m\u00fcdafi\u0259 ed\u0259r\u0259k &#8220;\u00dcmumi \u0130qtisadiyyat&#8221; ixtisas\u0131 \u00fczr\u0259 iqtisad elml\u0259ri elm sah\u0259si \u00fczr\u0259 f\u0259ls\u0259f\u0259 doktoru elmi d\u0259r\u0259c\u0259si alm\u0131\u015fd\u0131r.<\/p>\n\n\n\n<p><strong>\u018fM\u018fK\u00a0 F\u018fAL\u0130YY\u018fT\u0130:<\/strong><\/p>\n\n\n\n<p>2014-2015-ci ill\u0259rd\u0259 Unibank Asc-d\u0259 Mikromaliyy\u0259l\u0259\u015fdirm\u0259 \u00fczr\u0259 kredit m\u00fct\u0259x\u0259ssisi;<\/p>\n\n\n\n<p>2016-2020-ci ill\u0259rd\u0259 G\u0259nc\u0259 D\u00f6vl\u0259t Universitetind\u0259 \u0130dar\u0259etm\u0259 kafedras\u0131nda m\u00fc\u0259llim;<\/p>\n\n\n\n<p>\u00a02020-ci ild\u0259n Menecment v\u0259 turizm i\u015fi kafedras\u0131nda m\u00fc\u0259llim;<\/p>\n\n\n\n<p>2019-cu ild\u0259n D\u00f6vl\u0259t \u0130mtahan M\u0259rk\u0259zinin Zal n\u0259zar\u0259t\u00e7isi;<\/p>\n\n\n\n<p>2021-ci ild\u0259n D\u00f6vl\u0259t \u0130mtahan M\u0259rk\u0259zinin \u0130mtahan r\u0259hb\u0259ri;<\/p>\n\n\n\n<p>TKTA-da ekspert;<\/p>\n\n\n\n<p><strong>BEYNALXALQ V\u018f RESPUBL\u0130KA S\u0130MPOZ\u0130UM V\u018f KONFRANSLARDA \u0130\u015eT\u0130RAKI:<\/strong><\/p>\n\n\n\n<ol class=\"wp-block-list\" type=\"1\"><li>\u0130qtisadiyyat\u0131n t\u0259nziml\u0259nm\u0259sinin yapon modeli. GDU, Beyn\u0259lxalq Elmi Konfrans, M\u00fcasir t\u0259bi\u0259t v\u0259 iqtisadi elml\u0259rinin aktual probleml\u0259ri, G\u0259nc\u0259-2018.<\/li><li>Az\u0259rbaycan Respublikas\u0131nda iqtisadi inki\u015faf\u0131n t\u0259rkib hiss\u0259si kimi regional turizmin t\u0259nziml\u0259nm\u0259sinin \u0259h\u0259miyy\u0259ti. Az\u0259rbaycan Turizm v\u0259 menecment universiteti, Respublika elmi-praktik konfrans\u0131n materiallar\u0131, Bak\u0131-2018.<\/li><li>Menecment sistemind\u0259 sosial m\u0259suliyy\u0259t v\u0259 etikan\u0131n \u0259h\u0259miyy\u0259ti.&nbsp; GDU, Beyn\u0259lxal Elmi Konfrans. G\u0259nc\u0259-2018.<\/li><li>Statistik m\u0259lumatlar\u0131n t\u0259hlilinin iqtisadiyyatda rolu v\u0259 \u0259h\u0259miyy\u0259ti. GDU, Beyn\u0259lxal Elmi Konfrans. G\u0259nc\u0259-2019.<\/li><li>\u041d\u0430\u043f\u0440\u0430\u0432\u043b\u0435\u043d\u0438\u044f \u0432\u043b\u0438\u044f\u043d\u0438\u044f \u0432\u0438\u0442\u0435\u043a\u0430\u044e\u0449\u0438\u0445 \u0438\u0437 \u0442\u0435\u043e\u0440\u0438\u0439 \u0440\u0435\u0433\u0443\u043b\u0430\u0432\u0430\u043d\u0438\u044f \u0442\u0440\u0435\u0431\u043e\u0432\u0430\u043d\u0438\u0439 \u043d\u0430 \u0435\u043a\u043e\u043d\u043e\u043c\u0438\u043a\u0443 \u0410\u0437\u0435\u0440\u044a\u0430\u0439\u0434\u0436\u0430\u043d\u0430. LV\u0406 \u041c\u0435\u0436\u0434\u0443\u043d\u0430\u0440\u043e\u0434\u043d\u043e\u0439 \u043d\u0430\u0443\u0447\u043d\u043e\u0439 \u043a\u043e\u043d\u0444\u0435\u0440\u0435\u043d\u0446\u0438\u0438<strong>, <\/strong>\u0130scinece, \u0410\u043a\u0442\u0443\u0430\u043b\u044c\u043d\u044b\u0435 \u043d\u0430\u0443\u0447\u043d\u044b\u0435 \u0438\u0441\u0441\u043b\u0435\u0434\u043e\u0432\u0430\u043d\u0438\u044f \u0432 \u0441\u043e\u0432\u0440\u0435\u043c\u0435\u043d\u043d\u043e\u043c \u043c\u0438\u0440\u0435 \u0436\u0443\u0440\u043d\u0430\u043b, \u041f\u0435\u0440\u0435\u044f\u0441\u043b\u0430\u0432-2019.<\/li><li>\u0412\u0430\u0436\u043d\u043e\u0441\u0442 \u0433\u043e\u0441\u0443\u0434\u0430\u0440\u0441\u0442\u0432\u0435\u043d\u043d\u043e\u0433\u043e \u0440\u0435\u0433\u0443\u043b\u0438\u0440\u0430\u0432\u0430\u043d\u0438\u044f \u044d\u043a\u043e\u043d\u043e\u043c\u0438\u043a\u0438 \u0438 \u043d\u0430\u043f\u0440\u0430\u0432\u043b\u0435\u043d\u0438\u044f \u0441\u043e\u0432\u0435\u0440\u0448\u0435\u043d\u0441\u0442\u0432\u043e\u0432\u0430\u043d\u0438\u044f \u043c\u0435\u0445\u0430\u043d\u0438\u0437\u043c\u043e\u0432 \u0440\u0435\u0433\u0443\u043b\u0438\u0440\u043e\u0432\u0430\u043d\u0438\u044f. LVI\u0406 \u041c\u0435\u0436\u0434\u0443\u043d\u0430\u0440\u043e\u0434\u043d\u043e\u0439 \u043d\u0430\u0443\u0447\u043d\u043e\u0439 \u043a\u043e\u043d\u0444\u0435\u0440\u0435\u043d\u0446\u0438\u0438<strong>, <\/strong>\u0130scinece, \u0410\u043a\u0442\u0443\u0430\u043b\u044c\u043d\u044b\u0435 \u043d\u0430\u0443\u0447\u043d\u044b\u0435 \u0438\u0441\u0441\u043b\u0435\u0434\u043e\u0432\u0430\u043d\u0438\u044f \u0432 \u0441\u043e\u0432\u0440\u0435\u043c\u0435\u043d\u043d\u043e\u043c \u043c\u0438\u0440\u0435 \u0436\u0443\u0440\u043d\u0430\u043b<strong>, <\/strong>\u041f\u0435\u0440\u0435\u044f\u0441\u043b\u0430\u0432-2020.<\/li><li>\u0130qtisadiyyat\u0131n t\u0259nziml\u0259nm\u0259si mexanizmi v\u0259 t\u0259nziml\u0259nm\u0259 mexanizminin inki\u015faf istiqam\u0259tl\u0259ri.&nbsp; LXXI \u041c\u0435\u0436\u0434\u0443\u043d\u0430\u0440\u043e\u0434\u043d\u043e\u0439 \u043d\u0430\u0443\u0447\u043d\u043e\u0439 \u043a\u043e\u043d\u0444\u0435\u0440\u0435\u043d\u0446\u0438\u0438<strong>, <\/strong>\u0130scinece, \u0410\u043a\u0442\u0443\u0430\u043b\u044c\u043d\u044b\u0435 \u043d\u0430\u0443\u0447\u043d\u044b\u0435 \u0438\u0441\u0441\u043b\u0435\u0434\u043e\u0432\u0430\u043d\u0438\u044f \u0432 \u0441\u043e\u0432\u0440\u0435\u043c\u0435\u043d\u043d\u043e\u043c \u043c\u0438\u0440\u0435 \u0436\u0443\u0440\u043d\u0430\u043b, \u041f\u0435\u0440\u0435\u044f\u0441\u043b\u0430\u0432-2021.<\/li><li>Devolopment directions of the Karabakh economy based on the concept of regulation of regional socio- economic development. VII \u0130nternational Scientific and Practical Conference interconf, international forum: problems and scientific solutions, n-53, Melbourne, Australia-2021.<\/li><\/ol>\n\n\n\n<p><strong>D\u00f6vri n\u0259\u015friyyatlarda n\u0259\u015fr edilmi\u015f m\u0259qal\u0259l\u0259ri<\/strong><\/p>\n\n\n\n<ol class=\"wp-block-list\" type=\"1\"><li>\u0130qtisadiyyat\u0131n t\u0259nziml\u0259nm\u0259sind\u0259 d\u00f6vl\u0259t siyas\u0259ti. ADAU, ADAU-nun elmi \u0259s\u0259rl\u0259ri. G\u0259nc\u0259-2021.<\/li><li>Analysis and trends of the level of econom\u0131c development of azerba\u0131jan.&nbsp; THE CAUCASUS, GEORG\u0130YA, TB\u0130L\u0130S\u0130-2022.<\/li><li>\u0130qtisad\u0131yyat\u0131n d\u00f6vl\u0259t t\u0259nz\u0131ml\u0259nm\u0259s\u0131nd\u0259 verg\u0131l\u0259r\u0131n rolu v\u0259 \u0259h\u0259m\u0131yy\u0259t\u0131. UTECA, \u0130NNOVAS\u0130YALI \u0130QT\u0130SAD\u0130YYAT V\u018f MENECMENT JURNALI, G\u018fNC\u018f-2022.<\/li><li>Priorities of state regulatory policy in achieving economic efficiency. Estonia, Piretc, TALLINN, EESTI<strong>&#8211;<\/strong>2023.<\/li><li>Xarici investisiyalar\u0131n iqtisadi inki\u015fafa t\u0259siri. UTECA, \u0130NNOVAS\u0130YALI \u0130QT\u0130SAD\u0130YYAT V\u018f MENECMENT JURNALI, G\u018fNC\u018f-2023.<\/li><li>Regional t\u0259nziml\u0259m\u0259nin iqtisadi inki\u015fafa t\u0259siri. NAX\u00c7IVAN D\u00d6VL\u018fT UN\u0130VERS\u0130TET\u0130\/ ELM\u0130 \u018fS\u018fRL\u018fR, Nax\u00e7\u0131van-2023.<\/li><li>\u0417\u043d\u0430\u0447\u0435\u043d\u0438\u0435 \u043a\u043b\u0430\u0441\u0442\u0435\u0440\u043e\u0432 \u0432 \u0440\u0435\u0433\u0443\u043b\u0438\u0440\u043e\u0432\u0430\u043d\u0438\u0438 \u044d\u043a\u043e\u043d\u043e\u043c\u0438\u0447\u0435\u0441\u043a\u043e\u0433\u043e \u0440\u0430\u0437\u0432\u0438\u0442\u0438\u044f: \u043a\u043b\u0430\u0441\u0442\u0435\u0440\u044b \u043a\u0430\u043a \u043f\u0443\u0442\u0435\u0432\u043e\u0434\u0438\u0442\u0435\u043b\u044c \u044d\u043a\u043e\u043d\u043e\u043c\u0438\u0447\u0435\u0441\u043a\u043e\u0433\u043e \u0440\u0430\u0437\u0432\u0438\u0442\u0438\u044f. \u042d\u041a\u041e\u041d\u041e\u041c\u0418\u041a\u0410 \u0418 \u041f\u0420\u0415\u0414\u041f\u0420\u0418\u041d\u0418\u041c\u0410\u0422\u0415\u041b\u042c\u0421\u0422\u0412\u041e. \u0420\u043e\u0441\u0441\u0438\u044f-2024.<\/li><\/ol>\n\n\n\n<p><strong>D\u0130L B\u0130LG\u0130S\u0130: <\/strong> rus dili -yax\u015f\u0131, ingilis dili \u2013 yax\u015f\u0131 s\u0259viyy\u0259d\u0259.<\/p>\n","protected":false},"excerpt":{"rendered":"<p>QISA B\u0130OQRAF\u0130K M\u018fLUMAT: 1991-ci il ild\u0259 \u015e\u0259mkir \u015f\u0259h\u0259rind\u0259 anadan olmu\u015fdur. Evlidir. Telefon: 070-641-80-00\u00a0\u00a0\u00a0\u00a0\u00a0\u00a0\u00a0\u00a0\u00a0\u00a0\u00a0\u00a0\u00a0\u00a0\u00a0\u00a0\u00a0\u00a0\u00a0\u00a0\u00a0\u00a0\u00a0\u00a0\u00a0\u00a0\u00a0\u00a0\u00a0\u00a0\u00a0\u00a0\u00a0\u00a0\u00a0\u00a0\u00a0\u00a0\u00a0\u00a0\u00a0\u00a0\u00a0\u00a0\u00a0\u00a0\u00a0\u00a0 E-mail:\u00a0mahar.babayev.91@gmal.com T\u018fHS\u0130L\u0130, ELM\u0130\u00a0 D\u018fR\u018fC\u018fS\u0130 V\u018f ELM\u0130 ADLARI: 1998-2009-cu ild\u0259 tam orta t\u0259hsil; \u00a02009-cu ild\u0259 G\u0259nc\u0259 D\u00f6vl\u0259t Universitetinin \u0130qtisadiyyat v\u0259 idar\u0259etm\u0259 fak\u00fclt\u0259sind\u0259 Menecment ixtisas\u0131na q\u0259bul olmu\u015f, 2013-c\u00fc ild\u0259 bakalavr t\u0259hsilini m\u00fcv\u0259ff\u0259qiyy\u0259tl\u0259 ba\u015fa vurmu\u015fdur; 2013-c\u00fc ild\u0259 G\u0259nc\u0259 D\u00f6vl\u0259t Universitetind\u0259 \u0130qtisadiyyat\u0131n h\u00fcquqi t\u0259nziml\u0259nmsi ixtisas\u0131 \u00fczr\u0259 [&hellip;]<\/p>\n","protected":false},"author":8,"featured_media":0,"parent":0,"menu_order":0,"comment_status":"closed","ping_status":"closed","template":"","meta":{"footnotes":""},"categories":[],"tags":[],"class_list":["post-11612","page","type-page","status-publish","hentry"],"_links":{"self":[{"href":"https:\/\/iif.gdu.edu.az\/index.php?rest_route=\/wp\/v2\/pages\/11612","targetHints":{"allow":["GET"]}}],"collection":[{"href":"https:\/\/iif.gdu.edu.az\/index.php?rest_route=\/wp\/v2\/pages"}],"about":[{"href":"https:\/\/iif.gdu.edu.az\/index.php?rest_route=\/wp\/v2\/types\/page"}],"author":[{"embeddable":true,"href":"https:\/\/iif.gdu.edu.az\/index.php?rest_route=\/wp\/v2\/users\/8"}],"replies":[{"embeddable":true,"href":"https:\/\/iif.gdu.edu.az\/index.php?rest_route=%2Fwp%2Fv2%2Fcomments&post=11612"}],"version-history":[{"count":1,"href":"https:\/\/iif.gdu.edu.az\/index.php?rest_route=\/wp\/v2\/pages\/11612\/revisions"}],"predecessor-version":[{"id":11616,"href":"https:\/\/iif.gdu.edu.az\/index.php?rest_route=\/wp\/v2\/pages\/11612\/revisions\/11616"}],"wp:attachment":[{"href":"https:\/\/iif.gdu.edu.az\/index.php?rest_route=%2Fwp%2Fv2%2Fmedia&parent=11612"}],"wp:term":[{"taxonomy":"category","embeddable":true,"href":"https:\/\/iif.gdu.edu.az\/index.php?rest_route=%2Fwp%2Fv2%2Fcategories&post=11612"},{"taxonomy":"post_tag","embeddable":true,"href":"https:\/\/iif.gdu.edu.az\/index.php?rest_route=%2Fwp%2Fv2%2Ftags&post=11612"}],"curies":[{"name":"wp","href":"https:\/\/api.w.org\/{rel}","templated":true}]}}