{"id":11678,"date":"2026-02-14T22:05:53","date_gmt":"2026-02-14T20:05:53","guid":{"rendered":"http:\/\/iif.gdu.edu.az\/?page_id=11678"},"modified":"2026-02-14T22:05:53","modified_gmt":"2026-02-14T20:05:53","slug":"ulk%c9%99r-sahib-qizi-nagiyeva","status":"publish","type":"page","link":"https:\/\/iif.gdu.edu.az\/?page_id=11678","title":{"rendered":"\u00dclk\u0259r Sahib q\u0131z\u0131 Na\u011f\u0131yeva"},"content":{"rendered":"\n<figure class=\"wp-block-image size-large is-resized\"><img loading=\"lazy\" decoding=\"async\" src=\"https:\/\/iif.gdu.edu.az\/wp-content\/uploads\/2026\/02\/WhatsApp-Image-2026-02-14-at-23.58.58.jpeg\" alt=\"\" class=\"wp-image-11679\" width=\"294\" height=\"412\" srcset=\"https:\/\/iif.gdu.edu.az\/wp-content\/uploads\/2026\/02\/WhatsApp-Image-2026-02-14-at-23.58.58.jpeg 914w, https:\/\/iif.gdu.edu.az\/wp-content\/uploads\/2026\/02\/WhatsApp-Image-2026-02-14-at-23.58.58-768x1076.jpeg 768w\" sizes=\"auto, (max-width: 294px) 100vw, 294px\" \/><\/figure>\n\n\n\n<p><strong>QISA B\u0130OQRAF\u0130K M\u018fLUMAT<\/strong><\/p>\n\n\n\n<p>11.12.1994-c\u00fc ild\u0259\u00a0 G\u0259nc\u0259 \u015f\u0259h\u0259rind\u0259 anadan olmu\u015fdur.<\/p>\n\n\n\n<p><strong>Telefon:<\/strong> 0519927777\u00a0\u00a0\u00a0\u00a0\u00a0\u00a0\u00a0\u00a0\u00a0\u00a0\u00a0\u00a0\u00a0\u00a0\u00a0\u00a0\u00a0\u00a0\u00a0\u00a0\u00a0\u00a0\u00a0\u00a0\u00a0\u00a0\u00a0\u00a0\u00a0\u00a0\u00a0\u00a0\u00a0\u00a0\u00a0\u00a0\u00a0\u00a0\u00a0\u00a0\u00a0\u00a0\u00a0\u00a0\u00a0\u00a0<\/p>\n\n\n\n<p><strong>E-mail:\u00a0<\/strong>ulkarnaghiyeva@gdu.az<\/p>\n\n\n\n<p>ulkar.nagiyeva@gdu.edu.az<\/p>\n\n\n\n<p><strong>T\u018fHS\u0130L\u0130, ELM\u0130&nbsp; D\u018fR\u018fC\u018fS\u0130 V\u018f ELM\u0130 ADLARI:<\/strong><\/p>\n\n\n\n<p>2012-ci ild\u0259 6 sayl\u0131 tam orta m\u0259kt\u0259bi bitirmi\u015fdir.<br>2012 -2016-c\u0131 ill\u0259rd\u0259 G\u0259nc\u0259 D\u00f6v\u0259t Universitetinin \u0130qtisadiyyat v\u0259 idar\u0259etm\u0259 fak\u00fclt\u0259sinin \u0130qtisadiyyat ixtisas\u0131n\u0131 bitirmi\u015fdir.<\/p>\n\n\n\n<p><strong>\u018fM\u018fK&nbsp; F\u018fAL\u0130YY\u018fT\u0130:<\/strong><\/p>\n\n\n\n<p>2021-2022-ci t\u0259dris ilind\u0259n G\u0259nc\u0259 D\u00f6vl\u0259t Universitetind\u0259 \u0259m\u0259k f\u0259aliyy\u0259tin\u0259 ba\u015flam\u0131\u015fd\u0131r. <\/p>\n\n\n\n<p>2022-ci il iyul ay\u0131ndan GDU-nun Keyfiyy\u0259tin T\u0259minat\u0131 M\u0259rk\u0259zind\u0259 m\u00fct\u0259x\u0259ssis v\u0259zif\u0259sind\u0259 \u00e7al\u0131\u015f\u0131r.<\/p>\n\n\n\n<p><strong>ELM\u0130 \u018fS\u018fRL\u018fR\u0130:<\/strong><\/p>\n\n\n\n<p>\u00a02 elmi m\u0259qal\u0259nin m\u00fc\u0259llifidir.<\/p>\n\n\n\n<p><strong>D\u0130L B\u0130LG\u0130S\u0130: <\/strong>T\u00fcrk dili &#8211; s\u0259rb\u0259st, rus dili -\u0259la, ingilis dili \u2013 yax\u015f\u0131 s\u0259viyy\u0259d\u0259.<\/p>\n","protected":false},"excerpt":{"rendered":"<p>QISA B\u0130OQRAF\u0130K M\u018fLUMAT 11.12.1994-c\u00fc ild\u0259\u00a0 G\u0259nc\u0259 \u015f\u0259h\u0259rind\u0259 anadan olmu\u015fdur. Telefon: 0519927777\u00a0\u00a0\u00a0\u00a0\u00a0\u00a0\u00a0\u00a0\u00a0\u00a0\u00a0\u00a0\u00a0\u00a0\u00a0\u00a0\u00a0\u00a0\u00a0\u00a0\u00a0\u00a0\u00a0\u00a0\u00a0\u00a0\u00a0\u00a0\u00a0\u00a0\u00a0\u00a0\u00a0\u00a0\u00a0\u00a0\u00a0\u00a0\u00a0\u00a0\u00a0\u00a0\u00a0\u00a0\u00a0\u00a0 E-mail:\u00a0ulkarnaghiyeva@gdu.az ulkar.nagiyeva@gdu.edu.az T\u018fHS\u0130L\u0130, ELM\u0130&nbsp; D\u018fR\u018fC\u018fS\u0130 V\u018f ELM\u0130 ADLARI: 2012-ci ild\u0259 6 sayl\u0131 tam orta m\u0259kt\u0259bi bitirmi\u015fdir.2012 -2016-c\u0131 ill\u0259rd\u0259 G\u0259nc\u0259 D\u00f6v\u0259t Universitetinin \u0130qtisadiyyat v\u0259 idar\u0259etm\u0259 fak\u00fclt\u0259sinin \u0130qtisadiyyat ixtisas\u0131n\u0131 bitirmi\u015fdir. \u018fM\u018fK&nbsp; F\u018fAL\u0130YY\u018fT\u0130: 2021-2022-ci t\u0259dris ilind\u0259n G\u0259nc\u0259 D\u00f6vl\u0259t Universitetind\u0259 \u0259m\u0259k f\u0259aliyy\u0259tin\u0259 ba\u015flam\u0131\u015fd\u0131r. 2022-ci il iyul ay\u0131ndan GDU-nun [&hellip;]<\/p>\n","protected":false},"author":8,"featured_media":0,"parent":0,"menu_order":0,"comment_status":"closed","ping_status":"closed","template":"","meta":{"footnotes":""},"categories":[],"tags":[],"class_list":["post-11678","page","type-page","status-publish","hentry"],"_links":{"self":[{"href":"https:\/\/iif.gdu.edu.az\/index.php?rest_route=\/wp\/v2\/pages\/11678","targetHints":{"allow":["GET"]}}],"collection":[{"href":"https:\/\/iif.gdu.edu.az\/index.php?rest_route=\/wp\/v2\/pages"}],"about":[{"href":"https:\/\/iif.gdu.edu.az\/index.php?rest_route=\/wp\/v2\/types\/page"}],"author":[{"embeddable":true,"href":"https:\/\/iif.gdu.edu.az\/index.php?rest_route=\/wp\/v2\/users\/8"}],"replies":[{"embeddable":true,"href":"https:\/\/iif.gdu.edu.az\/index.php?rest_route=%2Fwp%2Fv2%2Fcomments&post=11678"}],"version-history":[{"count":1,"href":"https:\/\/iif.gdu.edu.az\/index.php?rest_route=\/wp\/v2\/pages\/11678\/revisions"}],"predecessor-version":[{"id":11683,"href":"https:\/\/iif.gdu.edu.az\/index.php?rest_route=\/wp\/v2\/pages\/11678\/revisions\/11683"}],"wp:attachment":[{"href":"https:\/\/iif.gdu.edu.az\/index.php?rest_route=%2Fwp%2Fv2%2Fmedia&parent=11678"}],"wp:term":[{"taxonomy":"category","embeddable":true,"href":"https:\/\/iif.gdu.edu.az\/index.php?rest_route=%2Fwp%2Fv2%2Fcategories&post=11678"},{"taxonomy":"post_tag","embeddable":true,"href":"https:\/\/iif.gdu.edu.az\/index.php?rest_route=%2Fwp%2Fv2%2Ftags&post=11678"}],"curies":[{"name":"wp","href":"https:\/\/api.w.org\/{rel}","templated":true}]}}