{"id":11789,"date":"2026-02-19T10:22:03","date_gmt":"2026-02-19T08:22:03","guid":{"rendered":"http:\/\/iif.gdu.edu.az\/?page_id=11789"},"modified":"2026-02-19T10:22:03","modified_gmt":"2026-02-19T08:22:03","slug":"yas%c9%99m%c9%99n-kamal-qizi-quliyeva","status":"publish","type":"page","link":"https:\/\/iif.gdu.edu.az\/?page_id=11789","title":{"rendered":"Yas\u0259m\u0259n Kamal q\u0131z\u0131 Quliyeva"},"content":{"rendered":"\n<figure class=\"wp-block-image size-large is-resized\"><img loading=\"lazy\" decoding=\"async\" src=\"https:\/\/iif.gdu.edu.az\/wp-content\/uploads\/2026\/02\/ys.png\" alt=\"\" class=\"wp-image-11790\" width=\"405\" height=\"536\"\/><\/figure>\n\n\n\n<p><strong>QISA B\u0130OQRAF\u0130K M\u018fLUMAT<\/strong>:<\/p>\n\n\n\n<p>2 may 1993-c\u00fc ild\u0259\u00a0 G\u0259nc\u0259 \u015f\u0259h\u0259rind\u0259 anadan olmu\u015fdur. Evlidir.<\/p>\n\n\n\n<p><strong>Telefon:<\/strong> 055\u00a0586\u00a0 28\u00a0 48\u00a0\u00a0\u00a0\u00a0\u00a0\u00a0\u00a0\u00a0\u00a0\u00a0\u00a0\u00a0\u00a0\u00a0\u00a0\u00a0\u00a0\u00a0\u00a0\u00a0\u00a0\u00a0\u00a0\u00a0\u00a0\u00a0\u00a0\u00a0\u00a0\u00a0\u00a0\u00a0\u00a0\u00a0\u00a0\u00a0\u00a0\u00a0\u00a0\u00a0\u00a0\u00a0\u00a0<\/p>\n\n\n\n<p><strong>E-mail:\u00a0<\/strong>yasemenquliyeva1993@gmail.com<\/p>\n\n\n\n<p><strong>T\u018fHS\u0130L\u0130, ELM\u0130\u00a0 D\u018fR\u018fC\u018fS\u0130 V\u018f ELM\u0130 ADLARI:<\/strong><\/p>\n\n\n\n<p>2011\u2013ci ild\u0259 G\u0259nc\u0259 \u015f\u0259h\u0259ri\u00a0 17 sayl\u0131 orta m\u0259kt\u0259bi bitirib.<\/p>\n\n\n\n<p>2012-2016-ci ill\u0259rd\u0259 G\u0259nc\u0259 D\u00f6vl\u0259t \u00a0Universitetinin \u201c\u0130qtisadiyyat\u201d ixtisas\u0131n\u0131 F\u0259rql\u0259nm\u0259 il\u0259 bitirib.<\/p>\n\n\n\n<p>2017-2019-ci ill\u0259rd\u0259 Az\u0259rbaycan Texnologiya Universitetinin Magistraturas\u0131n\u0131n \u201c\u0130stehsalat v\u0259 xidm\u0259t sah\u0259l\u0259rinin iqtisatiyyat\u0131 v\u0259 idar\u0259 edilm\u0259si \u201c ixtisas\u0131n\u0131 bitirib.<\/p>\n\n\n\n<p><strong>\u018fM\u018fK&nbsp; F\u018fAL\u0130YY\u018fT\u0130:<\/strong><\/p>\n\n\n\n<p>2020\u2013ci ild\u0259n indiy\u0259d\u0259k G\u0259nc\u0259 D\u00f6vl\u0259t Universitetinin \u0130qtisadiyyat kafedras\u0131nda m\u00fc\u0259llim v\u0259zif\u0259sind\u0259 \u00e7al\u0131\u015f\u0131r.<\/p>\n\n\n\n<p><strong>ELM\u0130 \u018fS\u018fRL\u018fR\u0130:<\/strong><\/p>\n\n\n\n<p>\u00a010-dan \u00e7ox elmi m\u0259qal\u0259nin m\u00fc\u0259llifidir.<\/p>\n\n\n\n<p><strong>BEYNALXALQ V\u018f RESPUBL\u0130KA S\u0130MPOZ\u0130UM V\u018f KONFRANSLARDA \u0130\u015eT\u0130RAKI:<\/strong><\/p>\n\n\n\n<p>Beyn\u0259lxalq v\u0259 yerli konfranslarda i\u015ftirak etmi\u015fdir. <\/p>\n\n\n\n<p><strong>D\u0130L B\u0130LG\u0130S\u0130: <\/strong>T\u00fcrk dili &#8211; s\u0259rb\u0259st, ingilis dili \u2013 yax\u015f\u0131 s\u0259viyy\u0259d\u0259.<\/p>\n\n\n\n<p><strong>PART\u0130YALILI\u011eI : <\/strong>YAP <\/p>\n","protected":false},"excerpt":{"rendered":"<p>QISA B\u0130OQRAF\u0130K M\u018fLUMAT: 2 may 1993-c\u00fc ild\u0259\u00a0 G\u0259nc\u0259 \u015f\u0259h\u0259rind\u0259 anadan olmu\u015fdur. Evlidir. Telefon: 055\u00a0586\u00a0 28\u00a0 48\u00a0\u00a0\u00a0\u00a0\u00a0\u00a0\u00a0\u00a0\u00a0\u00a0\u00a0\u00a0\u00a0\u00a0\u00a0\u00a0\u00a0\u00a0\u00a0\u00a0\u00a0\u00a0\u00a0\u00a0\u00a0\u00a0\u00a0\u00a0\u00a0\u00a0\u00a0\u00a0\u00a0\u00a0\u00a0\u00a0\u00a0\u00a0\u00a0\u00a0\u00a0\u00a0\u00a0 E-mail:\u00a0yasemenquliyeva1993@gmail.com T\u018fHS\u0130L\u0130, ELM\u0130\u00a0 D\u018fR\u018fC\u018fS\u0130 V\u018f ELM\u0130 ADLARI: 2011\u2013ci ild\u0259 G\u0259nc\u0259 \u015f\u0259h\u0259ri\u00a0 17 sayl\u0131 orta m\u0259kt\u0259bi bitirib. 2012-2016-ci ill\u0259rd\u0259 G\u0259nc\u0259 D\u00f6vl\u0259t \u00a0Universitetinin \u201c\u0130qtisadiyyat\u201d ixtisas\u0131n\u0131 F\u0259rql\u0259nm\u0259 il\u0259 bitirib. 2017-2019-ci ill\u0259rd\u0259 Az\u0259rbaycan Texnologiya Universitetinin Magistraturas\u0131n\u0131n \u201c\u0130stehsalat v\u0259 xidm\u0259t sah\u0259l\u0259rinin iqtisatiyyat\u0131 v\u0259 idar\u0259 [&hellip;]<\/p>\n","protected":false},"author":8,"featured_media":0,"parent":0,"menu_order":0,"comment_status":"closed","ping_status":"closed","template":"","meta":{"footnotes":""},"categories":[],"tags":[],"class_list":["post-11789","page","type-page","status-publish","hentry"],"_links":{"self":[{"href":"https:\/\/iif.gdu.edu.az\/index.php?rest_route=\/wp\/v2\/pages\/11789","targetHints":{"allow":["GET"]}}],"collection":[{"href":"https:\/\/iif.gdu.edu.az\/index.php?rest_route=\/wp\/v2\/pages"}],"about":[{"href":"https:\/\/iif.gdu.edu.az\/index.php?rest_route=\/wp\/v2\/types\/page"}],"author":[{"embeddable":true,"href":"https:\/\/iif.gdu.edu.az\/index.php?rest_route=\/wp\/v2\/users\/8"}],"replies":[{"embeddable":true,"href":"https:\/\/iif.gdu.edu.az\/index.php?rest_route=%2Fwp%2Fv2%2Fcomments&post=11789"}],"version-history":[{"count":1,"href":"https:\/\/iif.gdu.edu.az\/index.php?rest_route=\/wp\/v2\/pages\/11789\/revisions"}],"predecessor-version":[{"id":11816,"href":"https:\/\/iif.gdu.edu.az\/index.php?rest_route=\/wp\/v2\/pages\/11789\/revisions\/11816"}],"wp:attachment":[{"href":"https:\/\/iif.gdu.edu.az\/index.php?rest_route=%2Fwp%2Fv2%2Fmedia&parent=11789"}],"wp:term":[{"taxonomy":"category","embeddable":true,"href":"https:\/\/iif.gdu.edu.az\/index.php?rest_route=%2Fwp%2Fv2%2Fcategories&post=11789"},{"taxonomy":"post_tag","embeddable":true,"href":"https:\/\/iif.gdu.edu.az\/index.php?rest_route=%2Fwp%2Fv2%2Ftags&post=11789"}],"curies":[{"name":"wp","href":"https:\/\/api.w.org\/{rel}","templated":true}]}}