{"id":11791,"date":"2026-02-19T09:14:19","date_gmt":"2026-02-19T07:14:19","guid":{"rendered":"http:\/\/iif.gdu.edu.az\/?page_id=11791"},"modified":"2026-02-19T09:14:19","modified_gmt":"2026-02-19T07:14:19","slug":"xalid%c9%99-r%c9%99sid-qizi-c%c9%99f%c9%99rova-2","status":"publish","type":"page","link":"https:\/\/iif.gdu.edu.az\/?page_id=11791","title":{"rendered":"Xalid\u0259 R\u0259\u015fid q\u0131z\u0131 C\u0259f\u0259rova"},"content":{"rendered":"\n<figure class=\"wp-block-image size-large\"><img loading=\"lazy\" decoding=\"async\" width=\"381\" height=\"484\" src=\"https:\/\/iif.gdu.edu.az\/wp-content\/uploads\/2026\/02\/xl-1.png\" alt=\"\" class=\"wp-image-11792\"\/><\/figure>\n\n\n\n<p><strong>QISA B\u0130OQRAF\u0130K M\u018fLUMAT<\/strong><\/p>\n\n\n\n<p>10.02.1986-c\u0131 ild\u0259\u00a0 G\u0259nc\u0259 \u015f\u0259h\u0259rind\u0259 anadan olmu\u015fdur. Evlidir.<\/p>\n\n\n\n<p><strong>Telefon:<\/strong>055 422-08-98\u00a0\u00a0\u00a0\u00a0\u00a0\u00a0\u00a0\u00a0\u00a0\u00a0\u00a0\u00a0\u00a0\u00a0\u00a0\u00a0\u00a0\u00a0\u00a0\u00a0\u00a0\u00a0\u00a0\u00a0\u00a0\u00a0\u00a0\u00a0\u00a0\u00a0\u00a0\u00a0\u00a0\u00a0\u00a0\u00a0\u00a0\u00a0\u00a0\u00a0\u00a0\u00a0\u00a0\u00a0\u00a0\u00a0\u00a0\u00a0<\/p>\n\n\n\n<p><strong>E-mail:\u00a0<\/strong>ceferovaxalide90@gmail.com<\/p>\n\n\n\n<p><strong>T\u018fHS\u0130L\u0130, ELM\u0130&nbsp; D\u018fR\u018fC\u018fS\u0130 V\u018f ELM\u0130 ADLARI:<\/strong><\/p>\n\n\n\n<p>2004 \u2013c\u00fc ild\u0259 G\u0259nc\u0259 \u015f\u0259h\u0259ri\u00a0 20 sayl\u0131 orta m\u0259kt\u0259bi bitirib.<\/p>\n\n\n\n<p>2004-2008 ci ill\u0259rd\u0259 G\u0259nc\u0259 D\u00f6vl\u0259t\u00a0 Universitetinin \u201c\u0130qtisadiyyat\u201d ixtisas\u0131n\u0131 F\u0259rql\u0259nm\u0259 il\u0259 bitirib.<\/p>\n\n\n\n<p>2019-2021-ci ill\u0259rd\u0259 Bak\u0131 D\u00f6vl\u0259t Universitetinin Magistraturas\u0131n\u0131n \u201c\u0130qtisadi n\u0259z\u0259riyy\u0259\u201c ixtisas\u0131n\u0131 bitirib.<\/p>\n\n\n\n<p><strong>\u018fM\u018fK&nbsp; F\u018fAL\u0130YY\u018fT\u0130:<\/strong><\/p>\n\n\n\n<p>2022\u2013 ci ild\u0259n indiy\u0259d\u0259k G\u0259nc\u0259 D\u00f6vl\u0259t Universitetinin \u0130qtisadiyyat kafedras\u0131nda m\u00fc\u0259llim v\u0259zif\u0259sind\u0259 \u00e7al\u0131\u015f\u0131r.<\/p>\n\n\n\n<p><strong>ELM\u0130 \u018fS\u018fRL\u018fR\u0130:<\/strong><\/p>\n\n\n\n<p>\u00a010-dan \u00e7ox elmi m\u0259qal\u0259nin m\u00fc\u0259llifidir.<\/p>\n\n\n\n<p><strong>BEYNALXALQ V\u018f RESPUBL\u0130KA S\u0130MPOZ\u0130UM V\u018f KONFRANSLARDA \u0130\u015eT\u0130RAKI:<\/strong><\/p>\n\n\n\n<p>Yerli v\u0259 beyn\u0259lxalq konfranslarda i\u015ftirak etmi\u015fdir.<\/p>\n\n\n\n<p><strong>D\u0130L B\u0130LG\u0130S\u0130: <\/strong>rus dili -yax\u015f\u0131, ingilis dili \u2013 yax\u015f\u0131 s\u0259viyy\u0259d\u0259.<\/p>\n\n\n\n<p><strong>PART\u0130YALILI\u011eI : <\/strong>YAP\u00a0 <\/p>\n","protected":false},"excerpt":{"rendered":"<p>QISA B\u0130OQRAF\u0130K M\u018fLUMAT 10.02.1986-c\u0131 ild\u0259\u00a0 G\u0259nc\u0259 \u015f\u0259h\u0259rind\u0259 anadan olmu\u015fdur. Evlidir. Telefon:055 422-08-98\u00a0\u00a0\u00a0\u00a0\u00a0\u00a0\u00a0\u00a0\u00a0\u00a0\u00a0\u00a0\u00a0\u00a0\u00a0\u00a0\u00a0\u00a0\u00a0\u00a0\u00a0\u00a0\u00a0\u00a0\u00a0\u00a0\u00a0\u00a0\u00a0\u00a0\u00a0\u00a0\u00a0\u00a0\u00a0\u00a0\u00a0\u00a0\u00a0\u00a0\u00a0\u00a0\u00a0\u00a0\u00a0\u00a0\u00a0\u00a0 E-mail:\u00a0ceferovaxalide90@gmail.com T\u018fHS\u0130L\u0130, ELM\u0130&nbsp; D\u018fR\u018fC\u018fS\u0130 V\u018f ELM\u0130 ADLARI: 2004 \u2013c\u00fc ild\u0259 G\u0259nc\u0259 \u015f\u0259h\u0259ri\u00a0 20 sayl\u0131 orta m\u0259kt\u0259bi bitirib. 2004-2008 ci ill\u0259rd\u0259 G\u0259nc\u0259 D\u00f6vl\u0259t\u00a0 Universitetinin \u201c\u0130qtisadiyyat\u201d ixtisas\u0131n\u0131 F\u0259rql\u0259nm\u0259 il\u0259 bitirib. 2019-2021-ci ill\u0259rd\u0259 Bak\u0131 D\u00f6vl\u0259t Universitetinin Magistraturas\u0131n\u0131n \u201c\u0130qtisadi n\u0259z\u0259riyy\u0259\u201c ixtisas\u0131n\u0131 bitirib. \u018fM\u018fK&nbsp; F\u018fAL\u0130YY\u018fT\u0130: 2022\u2013 ci ild\u0259n [&hellip;]<\/p>\n","protected":false},"author":8,"featured_media":0,"parent":0,"menu_order":0,"comment_status":"closed","ping_status":"closed","template":"","meta":{"footnotes":""},"categories":[],"tags":[],"class_list":["post-11791","page","type-page","status-publish","hentry"],"_links":{"self":[{"href":"https:\/\/iif.gdu.edu.az\/index.php?rest_route=\/wp\/v2\/pages\/11791","targetHints":{"allow":["GET"]}}],"collection":[{"href":"https:\/\/iif.gdu.edu.az\/index.php?rest_route=\/wp\/v2\/pages"}],"about":[{"href":"https:\/\/iif.gdu.edu.az\/index.php?rest_route=\/wp\/v2\/types\/page"}],"author":[{"embeddable":true,"href":"https:\/\/iif.gdu.edu.az\/index.php?rest_route=\/wp\/v2\/users\/8"}],"replies":[{"embeddable":true,"href":"https:\/\/iif.gdu.edu.az\/index.php?rest_route=%2Fwp%2Fv2%2Fcomments&post=11791"}],"version-history":[{"count":1,"href":"https:\/\/iif.gdu.edu.az\/index.php?rest_route=\/wp\/v2\/pages\/11791\/revisions"}],"predecessor-version":[{"id":11796,"href":"https:\/\/iif.gdu.edu.az\/index.php?rest_route=\/wp\/v2\/pages\/11791\/revisions\/11796"}],"wp:attachment":[{"href":"https:\/\/iif.gdu.edu.az\/index.php?rest_route=%2Fwp%2Fv2%2Fmedia&parent=11791"}],"wp:term":[{"taxonomy":"category","embeddable":true,"href":"https:\/\/iif.gdu.edu.az\/index.php?rest_route=%2Fwp%2Fv2%2Fcategories&post=11791"},{"taxonomy":"post_tag","embeddable":true,"href":"https:\/\/iif.gdu.edu.az\/index.php?rest_route=%2Fwp%2Fv2%2Ftags&post=11791"}],"curies":[{"name":"wp","href":"https:\/\/api.w.org\/{rel}","templated":true}]}}