{"id":11876,"date":"2026-02-24T10:16:38","date_gmt":"2026-02-24T08:16:38","guid":{"rendered":"http:\/\/iif.gdu.edu.az\/?page_id=11876"},"modified":"2026-02-25T09:41:34","modified_gmt":"2026-02-25T07:41:34","slug":"sahin-nadir-oglu-xursudov","status":"publish","type":"page","link":"https:\/\/iif.gdu.edu.az\/?page_id=11876","title":{"rendered":"\u015eahin Nadir o\u011flu  Xur\u015fudov"},"content":{"rendered":"\n<figure class=\"wp-block-image size-large is-resized\"><img loading=\"lazy\" decoding=\"async\" src=\"https:\/\/iif.gdu.edu.az\/wp-content\/uploads\/2026\/02\/WhatsApp-Image-2026-02-24-at-12.09.06.jpeg\" alt=\"\" class=\"wp-image-11877\" width=\"494\" height=\"450\"\/><\/figure>\n\n\n\n<p><strong>QISA B\u0130OQRAF\u0130K M\u018fLUMAT<\/strong>:<\/p>\n\n\n\n<p>2 sentyabr 1970-ci ild\u0259 Tovuz rayonunun \u018flim\u0259rdanl\u0131 k\u0259ndind\u0259 ziyal\u0131&nbsp;&nbsp; ail\u0259sind\u0259 anadan olmu\u015fdur. Ail\u0259lidir.<\/p>\n\n\n\n<p><strong>Telefon:<\/strong> &nbsp;&nbsp;&nbsp;(055) 932 00 60&nbsp;&nbsp;&nbsp;&nbsp;&nbsp;&nbsp;&nbsp;&nbsp;&nbsp;&nbsp;&nbsp;&nbsp;&nbsp;&nbsp;&nbsp;&nbsp;&nbsp;&nbsp;&nbsp;&nbsp;&nbsp;&nbsp;&nbsp;&nbsp;&nbsp;&nbsp;&nbsp;&nbsp;&nbsp;&nbsp;&nbsp;&nbsp;&nbsp;&nbsp;&nbsp;&nbsp;&nbsp;&nbsp;&nbsp;&nbsp;<\/p>\n\n\n\n<p><strong>E-mail:&nbsp;<\/strong>xursudovsahin18@gmail.com<\/p>\n\n\n\n<p><strong>T\u018fHS\u0130L\u0130, ELM\u0130&nbsp; D\u018fR\u018fC\u018fS\u0130 V\u018f ELM\u0130 ADLARI:<\/strong><\/p>\n\n\n\n<p>1987-ci ild\u0259 h\u0259min k\u0259ndd\u0259ki orta m\u0259kt\u0259bi \u0259la qiym\u0259tl\u0259rl\u0259 bitirmi\u015fdir.<\/p>\n\n\n\n<p>H\u0259min ild\u0259 Az\u0259rbaycan Texnologiya \u0130nstitutuna (indiki Az\u0259rbaycan Texnologiya Universiteti) daxil olmu\u015f v\u0259 1992-ci ild\u0259 oran\u0131 Lenin t\u0259qa\u00fcd\u00fc v\u0259 f\u0259rql\u0259nm\u0259 diploma il\u0259 bitirmi\u015fdir.<\/p>\n\n\n\n<p><strong>\u018fM\u018fK&nbsp; F\u018fAL\u0130YY\u018fT\u0130:<\/strong><\/p>\n\n\n\n<p>H\u0259min ild\u0259n Elmi \u015euran\u0131n q\u0259rar\u0131 il\u0259 Az\u0259rbaycan Texnologiya Universitetind\u0259 laborant v\u0259zif\u0259sind\u0259 \u00e7al\u0131\u015fm\u0131\u015fd\u0131r. <\/p>\n\n\n\n<p>1994-2000-ci ill\u0259rd\u0259 G\u0259nc\u0259 Elm-T\u0259hsil M\u0259rk\u0259zinin Yeyinti S\u0259naye \u0130nstitunda dekan m\u00fcavini, kafedra m\u00fcdiri v\u0259zif\u0259l\u0259rind\u0259 i\u015fl\u0259mi\u015fdir. <\/p>\n\n\n\n<p>1998-ci ild\u0259 Az\u0259rbaycan Elmi-T\u0259dqiqat K\u0259nd T\u0259s\u0259rr\u00fcfat\u0131n\u0131n iqtisadiyyat\u0131 v\u0259 t\u0259\u015fkili \u0130nstitunda \u201cAqrar-s\u0259naye kompleksinin iqtisadi s\u0259m\u0259r\u0259liliyinin y\u00fcks\u0259ldilm\u0259si\u201d m\u00f6vzusunda dissertasiya m\u00fcdafi\u0259 ed\u0259r\u0259k iqtisad elml\u0259ri \u00fczr\u0259 f\u0259ls\u0259f\u0259 doktoru \u00fczr\u0259 elmi d\u0259r\u0259c\u0259si alm\u0131\u015fd\u0131r.<\/p>\n\n\n\n<p>2001-2007-ci ill\u0259rd\u0259 Az\u0259rbaycan Texnologiya Universitetind\u0259 ba\u015f m\u00fc\u0259llim, dosent \u0259v\u0259zi v\u0259 dosent v\u0259zif\u0259l\u0259rind\u0259 \u00e7al\u0131\u015fm\u0131\u015fd\u0131r.<\/p>\n\n\n\n<p>2007-ci ild\u0259n G\u0259nc\u0259 D\u00f6vl\u0259t Universitetind\u0259 dekan m\u00fcavini, \u201cT\u0259cr\u00fcb\u0259 v\u0259 karyera\u201d \u015f\u00f6b\u0259sinin m\u00fcdiri v\u0259 2013-c\u00fc ild\u0259 \u0130qtisadiyyat v\u0259 idar\u0259etm\u0259 fak\u00fclt\u0259sinin dekan\u0131 v\u0259zif\u0259sind\u0259 \u00e7al\u0131\u015fm\u0131\u015fd\u0131r.<\/p>\n\n\n\n<p>2013-c\u00fc ild\u0259n ADAU-nun&nbsp; \u201cAqrobiznesin t\u0259\u015fkili v\u0259 idar\u0259edilm\u0259si\u201d kafedras\u0131n\u0131n doktorant\u0131d\u0131r. <\/p>\n\n\n\n<p>\u201cAqrobiznesin idar\u0259 edilm\u0259sinin t\u0259kmill\u0259\u015fdirilm\u0259si probleml\u0259ri\u201d m\u00f6vzusu \u00fcz\u0259rind\u0259 doktorluq dissertasiyas\u0131n\u0131 yerin\u0259 yetirm\u0259y\u0259 \u00e7al\u0131\u015f\u0131r.<\/p>\n\n\n\n<p><strong>ELM\u0130 \u018fS\u018fRL\u018fR\u0130:<\/strong><\/p>\n\n\n\n<p>83 elmi m\u0259qal\u0259, 2 d\u0259rslik v\u0259 1 d\u0259rs v\u0259saiti m\u00fc\u0259llifidir.<\/p>\n\n\n\n<p><strong>BEYNALXALQ V\u018f RESPUBL\u0130KA S\u0130MPOZ\u0130UM V\u018f KONFRANSLARDA \u0130\u015eT\u0130RAKI:<\/strong><\/p>\n\n\n\n<p>2014-c\u00fc ild\u0259 T\u00fcrkiy\u0259 v\u0259 Orta Do\u011fu Amme idar\u0259si Enst\u00fct\u00fcs\u00fc t\u0259r\u0259find\u0259n \u201cY\u00fcksek \u00f6\u011fretim y\u00f6netimi\u201d seminar\u0131nda i\u015ftirak etmi\u015f v\u0259 sertifikat alm\u0131\u015fd\u0131r.<\/p>\n\n\n\n<p><strong>T\u018fLT\u0130FL\u018fR\u0130:<\/strong> <\/p>\n\n\n\n<p>Az\u0259rbaycan Respublikas\u0131 Prezidentinin 2018-ci il 31 oktyabr tarixli 634 \u2116-li s\u0259r\u0259ncam\u0131 il\u0259 \u201cT\u0259r\u0259qqi medal\u0131\u201d il\u0259 t\u0259ltif olunmu\u015fdur.<\/p>\n\n\n\n<p><strong>D\u0130L B\u0130LG\u0130S\u0130: <\/strong>Rus dili -\u0259la, ingilis dili-yax\u015f\u0131 s\u0259viyy\u0259d\u0259.<\/p>\n\n\n\n<p><strong>PART\u0130YALILI\u011eI : <\/strong>1998-ci ild\u0259n YAP&nbsp; \u00fczv\u00fcd\u00fcr.<\/p>\n","protected":false},"excerpt":{"rendered":"<p>QISA B\u0130OQRAF\u0130K M\u018fLUMAT: 2 sentyabr 1970-ci ild\u0259 Tovuz rayonunun \u018flim\u0259rdanl\u0131 k\u0259ndind\u0259 ziyal\u0131&nbsp;&nbsp; ail\u0259sind\u0259 anadan olmu\u015fdur. Ail\u0259lidir. Telefon: &nbsp;&nbsp;&nbsp;(055) 932 00 60&nbsp;&nbsp;&nbsp;&nbsp;&nbsp;&nbsp;&nbsp;&nbsp;&nbsp;&nbsp;&nbsp;&nbsp;&nbsp;&nbsp;&nbsp;&nbsp;&nbsp;&nbsp;&nbsp;&nbsp;&nbsp;&nbsp;&nbsp;&nbsp;&nbsp;&nbsp;&nbsp;&nbsp;&nbsp;&nbsp;&nbsp;&nbsp;&nbsp;&nbsp;&nbsp;&nbsp;&nbsp;&nbsp;&nbsp;&nbsp; E-mail:&nbsp;xursudovsahin18@gmail.com T\u018fHS\u0130L\u0130, ELM\u0130&nbsp; D\u018fR\u018fC\u018fS\u0130 V\u018f ELM\u0130 ADLARI: 1987-ci ild\u0259 h\u0259min k\u0259ndd\u0259ki orta m\u0259kt\u0259bi \u0259la qiym\u0259tl\u0259rl\u0259 bitirmi\u015fdir. H\u0259min ild\u0259 Az\u0259rbaycan Texnologiya \u0130nstitutuna (indiki Az\u0259rbaycan Texnologiya Universiteti) daxil olmu\u015f v\u0259 1992-ci ild\u0259 oran\u0131 Lenin t\u0259qa\u00fcd\u00fc v\u0259 [&hellip;]<\/p>\n","protected":false},"author":8,"featured_media":0,"parent":0,"menu_order":0,"comment_status":"closed","ping_status":"closed","template":"","meta":{"footnotes":""},"categories":[],"tags":[],"class_list":["post-11876","page","type-page","status-publish","hentry"],"_links":{"self":[{"href":"https:\/\/iif.gdu.edu.az\/index.php?rest_route=\/wp\/v2\/pages\/11876","targetHints":{"allow":["GET"]}}],"collection":[{"href":"https:\/\/iif.gdu.edu.az\/index.php?rest_route=\/wp\/v2\/pages"}],"about":[{"href":"https:\/\/iif.gdu.edu.az\/index.php?rest_route=\/wp\/v2\/types\/page"}],"author":[{"embeddable":true,"href":"https:\/\/iif.gdu.edu.az\/index.php?rest_route=\/wp\/v2\/users\/8"}],"replies":[{"embeddable":true,"href":"https:\/\/iif.gdu.edu.az\/index.php?rest_route=%2Fwp%2Fv2%2Fcomments&post=11876"}],"version-history":[{"count":7,"href":"https:\/\/iif.gdu.edu.az\/index.php?rest_route=\/wp\/v2\/pages\/11876\/revisions"}],"predecessor-version":[{"id":11967,"href":"https:\/\/iif.gdu.edu.az\/index.php?rest_route=\/wp\/v2\/pages\/11876\/revisions\/11967"}],"wp:attachment":[{"href":"https:\/\/iif.gdu.edu.az\/index.php?rest_route=%2Fwp%2Fv2%2Fmedia&parent=11876"}],"wp:term":[{"taxonomy":"category","embeddable":true,"href":"https:\/\/iif.gdu.edu.az\/index.php?rest_route=%2Fwp%2Fv2%2Fcategories&post=11876"},{"taxonomy":"post_tag","embeddable":true,"href":"https:\/\/iif.gdu.edu.az\/index.php?rest_route=%2Fwp%2Fv2%2Ftags&post=11876"}],"curies":[{"name":"wp","href":"https:\/\/api.w.org\/{rel}","templated":true}]}}