{"id":12530,"date":"2026-04-01T07:14:38","date_gmt":"2026-04-01T05:14:38","guid":{"rendered":"https:\/\/iif.gdu.edu.az\/?page_id=12530"},"modified":"2026-04-05T17:20:02","modified_gmt":"2026-04-05T15:20:02","slug":"eduman-2","status":"publish","type":"page","link":"https:\/\/iif.gdu.edu.az\/?page_id=12530","title":{"rendered":"Eduman"},"content":{"rendered":"\n<figure class=\"wp-block-image size-full is-resized\"><img loading=\"lazy\" decoding=\"async\" width=\"847\" height=\"1024\" src=\"http:\/\/iif.gdu.edu.az\/wp-content\/uploads\/2026\/04\/WhatsApp-Image-2026-04-05-at-19.08.48.jpeg\" alt=\"\" class=\"wp-image-12587\" style=\"aspect-ratio:0.8271698113207547;width:314px;height:auto\" srcset=\"https:\/\/iif.gdu.edu.az\/wp-content\/uploads\/2026\/04\/WhatsApp-Image-2026-04-05-at-19.08.48.jpeg 847w, https:\/\/iif.gdu.edu.az\/wp-content\/uploads\/2026\/04\/WhatsApp-Image-2026-04-05-at-19.08.48-768x928.jpeg 768w\" sizes=\"auto, (max-width: 847px) 100vw, 847px\" \/><\/figure>\n\n\n\n<p> <strong><em>S\u0259bin\u0259 Dilq\u0259m q\u0131z\u0131 Ad\u0131g\u00f6z\u0259lova<\/em><\/strong> &#8211; 7 fevral 1998-ci il G\u0259nc\u0259 \u015f\u0259h\u0259rind\u0259 anadan olmu\u015fdur. 2005-2016-c\u0131 ill\u0259rd\u0259 G\u0259nc\u0259 \u015f\u0259h\u0259r 7 sayl\u0131 tam orta m\u0259kt\u0259bd\u0259 t\u0259hsil alm\u0131\u015fd\u0131r. 2016-c\u0131 ild\u0259 G\u0259nc\u0259 D\u00f6vl\u0259t Universitetinin Filologiya fak\u00fclt\u0259sin\u0259 daxil olmu\u015f, 2020-ci ild\u0259 bakalavriat t\u0259hsil s\u0259viyy\u0259si \u00fczr\u0259 bitirmi\u015fdir. 2021-ci ild\u0259 \u0259lav\u0259 t\u0259hsil alaraq, Filologiya (Az\u0259rbaycan dili ve \u0259d\u0259biyyat m\u00fc\u0259llimliyi) t\u0259hsil alm\u0131\u015fd\u0131r. 2023-c\u00fc ild\u0259 G\u0259nc\u0259 D\u00f6vl\u0259t Universitetind\u0259 \u00dcmumi \u015f\u00f6b\u0259d\u0259 operator kimi f\u0259aliyy\u0259t\u0259 ba\u015flam\u0131\u015f, haz\u0131rda &#8220;\u0130qtisadiyyat ve idar\u0259etm\u0259&#8221; fak\u00fclt\u0259sind\u0259 Eduman admini olaraq \u00e7al\u0131\u015f\u0131r.<\/p>\n","protected":false},"excerpt":{"rendered":"<p>S\u0259bin\u0259 Dilq\u0259m q\u0131z\u0131 Ad\u0131g\u00f6z\u0259lova &#8211; 7 fevral 1998-ci il G\u0259nc\u0259 \u015f\u0259h\u0259rind\u0259 anadan olmu\u015fdur. 2005-2016-c\u0131 ill\u0259rd\u0259 G\u0259nc\u0259 \u015f\u0259h\u0259r 7 sayl\u0131 tam orta m\u0259kt\u0259bd\u0259 t\u0259hsil alm\u0131\u015fd\u0131r. 2016-c\u0131 ild\u0259 G\u0259nc\u0259 D\u00f6vl\u0259t Universitetinin Filologiya fak\u00fclt\u0259sin\u0259 daxil olmu\u015f, 2020-ci ild\u0259 bakalavriat t\u0259hsil s\u0259viyy\u0259si \u00fczr\u0259 bitirmi\u015fdir. 2021-ci ild\u0259 \u0259lav\u0259 t\u0259hsil alaraq, Filologiya (Az\u0259rbaycan dili ve \u0259d\u0259biyyat m\u00fc\u0259llimliyi) t\u0259hsil alm\u0131\u015fd\u0131r. 2023-c\u00fc ild\u0259 [&hellip;]<\/p>\n","protected":false},"author":8,"featured_media":0,"parent":0,"menu_order":0,"comment_status":"closed","ping_status":"closed","template":"","meta":{"footnotes":""},"categories":[],"tags":[],"class_list":["post-12530","page","type-page","status-publish","hentry"],"_links":{"self":[{"href":"https:\/\/iif.gdu.edu.az\/index.php?rest_route=\/wp\/v2\/pages\/12530","targetHints":{"allow":["GET"]}}],"collection":[{"href":"https:\/\/iif.gdu.edu.az\/index.php?rest_route=\/wp\/v2\/pages"}],"about":[{"href":"https:\/\/iif.gdu.edu.az\/index.php?rest_route=\/wp\/v2\/types\/page"}],"author":[{"embeddable":true,"href":"https:\/\/iif.gdu.edu.az\/index.php?rest_route=\/wp\/v2\/users\/8"}],"replies":[{"embeddable":true,"href":"https:\/\/iif.gdu.edu.az\/index.php?rest_route=%2Fwp%2Fv2%2Fcomments&post=12530"}],"version-history":[{"count":2,"href":"https:\/\/iif.gdu.edu.az\/index.php?rest_route=\/wp\/v2\/pages\/12530\/revisions"}],"predecessor-version":[{"id":12588,"href":"https:\/\/iif.gdu.edu.az\/index.php?rest_route=\/wp\/v2\/pages\/12530\/revisions\/12588"}],"wp:attachment":[{"href":"https:\/\/iif.gdu.edu.az\/index.php?rest_route=%2Fwp%2Fv2%2Fmedia&parent=12530"}],"wp:term":[{"taxonomy":"category","embeddable":true,"href":"https:\/\/iif.gdu.edu.az\/index.php?rest_route=%2Fwp%2Fv2%2Fcategories&post=12530"},{"taxonomy":"post_tag","embeddable":true,"href":"https:\/\/iif.gdu.edu.az\/index.php?rest_route=%2Fwp%2Fv2%2Ftags&post=12530"}],"curies":[{"name":"wp","href":"https:\/\/api.w.org\/{rel}","templated":true}]}}