{"id":12603,"date":"2026-04-05T17:33:06","date_gmt":"2026-04-05T15:33:06","guid":{"rendered":"https:\/\/iif.gdu.edu.az\/?page_id=12603"},"modified":"2026-04-09T08:25:48","modified_gmt":"2026-04-09T06:25:48","slug":"12-fevral-2026-ci-il","status":"publish","type":"page","link":"https:\/\/iif.gdu.edu.az\/?page_id=12603","title":{"rendered":"12\u00a0fevral 2026-c\u0131 \u00a0il"},"content":{"rendered":"\n<p>&#8220;\u0130qtisadiyyat v\u0259 idar\u0259etm\u0259&#8221; fak\u00fclt\u0259sind\u0259 12&nbsp;fevral 2026-c\u0131 &nbsp;il tarixd\u0259 Elmi \u015euran\u0131n n\u00f6vb\u0259ti iclas\u0131 ke\u00e7irilmi\u015fdir. \u0130clasda fak\u00fclt\u0259nin 2025\/2026-c\u0131 t\u0259dris ilinin&nbsp; q\u0131\u015f imtahan sessiyalar\u0131n\u0131n yekunlar\u0131 v\u0259 fak\u00fclt\u0259nin qar\u015f\u0131s\u0131nda duran v\u0259zif\u0259l\u0259r, &nbsp;\u201cTurizm i\u015finin t\u0259\u015fkili\u201d ixtisas\u0131 IV kurs t\u0259l\u0259b\u0259l\u0259rinin burax\u0131l\u0131\u015f i\u015fl\u0259rinin&nbsp; icra v\u0259ziyy\u0259ti,&nbsp;cari t\u0259dris ilinin q\u0131\u015f imtahan sessiyas\u0131nda yaranm\u0131\u015f akademik &nbsp;borclar\u0131n v\u0259 kreditl\u0259rin \u00f6d\u0259nilm\u0259sinin t\u0259\u015fkili, m\u00fcsabiq\u0259 yolu il\u0259 professor-m\u00fc\u0259llim hey\u0259tinin se\u00e7kisi, 2025\/2026-c\u0131 t\u0259dris ilinin ikinci yar\u0131s\u0131 \u00fc\u00e7\u00fcn t\u0259qa\u00fcd\u0259 d\u00fc\u015f\u0259n namiz\u0259dl\u0259rin&nbsp; verilm\u0259si, qar\u015f\u0131da duran prioritet m\u0259s\u0259l\u0259l\u0259r v\u0259 inki\u015faf istiqam\u0259tl\u0259ri m\u00fczakir\u0259 olunmu\u015fdur.<\/p>\n\n\n\n<p>Elmi \u015eura \u00e7\u0259r\u00e7iv\u0259sind\u0259 t\u0259drisin keyfiyy\u0259tinin y\u00fcks\u0259ldilm\u0259si, elmi n\u0259\u015frl\u0259rin art\u0131r\u0131lmas\u0131, m\u00fc\u0259llim v\u0259 t\u0259l\u0259b\u0259l\u0259rin elmi f\u0259aliyy\u0259t\u0259 c\u0259lb olunmas\u0131, el\u0259c\u0259 d\u0259 2025\/2026-c\u0131 t\u0259dris ili \u00fczr\u0259 planla\u015fd\u0131r\u0131lan t\u0259dbirl\u0259r \u0259traf\u0131nda fikir m\u00fcbadil\u0259si apar\u0131lm\u0131\u015fd\u0131r.<\/p>\n\n\n\n<p>Elmi \u015eura fak\u00fclt\u0259d\u0259 elmi m\u00fchitin g\u00fccl\u0259ndirilm\u0259si, innovativ yana\u015fmalar\u0131n t\u0259tbiqi v\u0259 t\u0259hsil-elm inteqrasiyas\u0131n\u0131n t\u0259min olunmas\u0131 bax\u0131m\u0131ndan m\u00fch\u00fcm \u0259h\u0259miyy\u0259t k\u0259sb edir.<\/p>\n","protected":false},"excerpt":{"rendered":"<p>&#8220;\u0130qtisadiyyat v\u0259 idar\u0259etm\u0259&#8221; fak\u00fclt\u0259sind\u0259 12&nbsp;fevral 2026-c\u0131 &nbsp;il tarixd\u0259 Elmi \u015euran\u0131n n\u00f6vb\u0259ti iclas\u0131 ke\u00e7irilmi\u015fdir. \u0130clasda fak\u00fclt\u0259nin 2025\/2026-c\u0131 t\u0259dris ilinin&nbsp; q\u0131\u015f imtahan sessiyalar\u0131n\u0131n yekunlar\u0131 v\u0259 fak\u00fclt\u0259nin qar\u015f\u0131s\u0131nda duran v\u0259zif\u0259l\u0259r, &nbsp;\u201cTurizm i\u015finin t\u0259\u015fkili\u201d ixtisas\u0131 IV kurs t\u0259l\u0259b\u0259l\u0259rinin burax\u0131l\u0131\u015f i\u015fl\u0259rinin&nbsp; icra v\u0259ziyy\u0259ti,&nbsp;cari t\u0259dris ilinin q\u0131\u015f imtahan sessiyas\u0131nda yaranm\u0131\u015f akademik &nbsp;borclar\u0131n v\u0259 kreditl\u0259rin \u00f6d\u0259nilm\u0259sinin t\u0259\u015fkili, m\u00fcsabiq\u0259 yolu il\u0259 professor-m\u00fc\u0259llim hey\u0259tinin [&hellip;]<\/p>\n","protected":false},"author":8,"featured_media":12596,"parent":0,"menu_order":0,"comment_status":"closed","ping_status":"closed","template":"","meta":{"footnotes":""},"categories":[330],"tags":[],"class_list":["post-12603","page","type-page","status-publish","has-post-thumbnail","hentry","category-elmi-sura"],"_links":{"self":[{"href":"https:\/\/iif.gdu.edu.az\/index.php?rest_route=\/wp\/v2\/pages\/12603","targetHints":{"allow":["GET"]}}],"collection":[{"href":"https:\/\/iif.gdu.edu.az\/index.php?rest_route=\/wp\/v2\/pages"}],"about":[{"href":"https:\/\/iif.gdu.edu.az\/index.php?rest_route=\/wp\/v2\/types\/page"}],"author":[{"embeddable":true,"href":"https:\/\/iif.gdu.edu.az\/index.php?rest_route=\/wp\/v2\/users\/8"}],"replies":[{"embeddable":true,"href":"https:\/\/iif.gdu.edu.az\/index.php?rest_route=%2Fwp%2Fv2%2Fcomments&post=12603"}],"version-history":[{"count":1,"href":"https:\/\/iif.gdu.edu.az\/index.php?rest_route=\/wp\/v2\/pages\/12603\/revisions"}],"predecessor-version":[{"id":12606,"href":"https:\/\/iif.gdu.edu.az\/index.php?rest_route=\/wp\/v2\/pages\/12603\/revisions\/12606"}],"wp:featuredmedia":[{"embeddable":true,"href":"https:\/\/iif.gdu.edu.az\/index.php?rest_route=\/wp\/v2\/media\/12596"}],"wp:attachment":[{"href":"https:\/\/iif.gdu.edu.az\/index.php?rest_route=%2Fwp%2Fv2%2Fmedia&parent=12603"}],"wp:term":[{"taxonomy":"category","embeddable":true,"href":"https:\/\/iif.gdu.edu.az\/index.php?rest_route=%2Fwp%2Fv2%2Fcategories&post=12603"},{"taxonomy":"post_tag","embeddable":true,"href":"https:\/\/iif.gdu.edu.az\/index.php?rest_route=%2Fwp%2Fv2%2Ftags&post=12603"}],"curies":[{"name":"wp","href":"https:\/\/api.w.org\/{rel}","templated":true}]}}