{"id":734,"date":"2023-09-15T09:43:00","date_gmt":"2023-09-15T07:43:00","guid":{"rendered":"http:\/\/ii.gdu.edu.az\/?page_id=734"},"modified":"2026-03-31T06:37:01","modified_gmt":"2026-03-31T04:37:01","slug":"t%c9%99l%c9%99b%c9%99-elmi-c%c9%99miyy%c9%99ti","status":"publish","type":"page","link":"https:\/\/iif.gdu.edu.az\/?page_id=734","title":{"rendered":"T\u0259l\u0259b\u0259 Elmi C\u0259miyy\u0259ti"},"content":{"rendered":"<p>M\u0259lumdur ki, \u201c \u0130qtisadiyyat v\u0259 idar\u0259etm\u0259 \u201c fak\u00fclt\u0259sind\u0259 t\u0259l\u0259b\u0259l\u0259rin elmi d\u00fcnya g\u00f6r\u00fc\u015fl\u0259rinin art\u0131r\u0131lmas\u0131 \u00f6nd\u0259 duran m\u0259s\u0259l\u0259l\u0259rd\u0259nir. Fakult\u0259 daxilind\u0259 f\u0259aliyy\u0259t g\u00f6st\u0259r\u0259n T\u0259l\u0259b\u0259 Elmi C\u0259miyy\u0259ti d\u0259 bu s\u0259pgid\u0259 g\u00f6r\u00fcl\u0259n i\u015fl\u0259r\u0259 yax\u0131ndan k\u00f6m\u0259k edir. H\u0259r t\u0259dris ilind\u0259 oldu\u011fu kimi cari t\u0259dris ilind\u0259 d\u0259 TEC \u2013 in i\u015f plan\u0131 v\u0259 t\u0259l\u0259b\u0259l\u0259rl\u0259 \u0259laq\u0259l\u0259rin g\u00fccl\u0259ndirilm\u0259si kimi m\u0259s\u0259l\u0259l\u0259rin h\u0259llin\u0259 bax\u0131lm\u0131\u015fd\u0131r.\u00a0 TEC\u00a0 t\u0259l\u0259b\u0259l\u0259ri d\u0259 elm\u0259 olan marag\u0131 , m\u00fcnasib\u0259ti yax\u015f\u0131 istiqam\u0259td\u0259 d\u0259yi\u015fm\u0259yi qar\u015f\u0131s\u0131nda \u0259sas m\u0259qs\u0259d kimi qoymu\u015fdur.\u00a0 TEC-in\u00a0 q\u0259bul edilmi\u015f i\u015f plan\u0131nda g\u0259l\u0259c\u0259k d\u00f6vrl\u0259rd\u0259 g\u00f6r\u00fcl\u0259c\u0259k i\u015fl\u0259rin siyah\u0131s\u0131, t\u0259\u015fkili vaxtlar\u0131 g\u00f6st\u0259rilmi\u015fdir.<\/p>\n<p>Qeyd etm\u0259liyik ki, TEC h\u0259r birinci v\u0259 ikinci yar\u0131mild\u0259 fak\u00fclt\u0259 elmi \u015furas\u0131na hesabat verir. Hesabatda t\u0259l\u0259b\u0259 v\u0259 magistrantlar il\u0259\u00a0 elmi r\u0259hb\u0259rl\u0259ri aras\u0131nda\u00a0 aktiv i\u015f m\u00fchitinin yarad\u0131lmas\u0131 , h\u0259m\u00e7inin onlar\u0131n elmi t\u0259dqiqat i\u015fl\u0259rinin se\u00e7ilm\u0259sin\u0259 n\u0259zar\u0259t etm\u0259k, bu sah\u0259d\u0259 elmi- t\u0259dqiqat i\u015fl\u0259rin\u0259 r\u0259hb\u0259rlik ed\u0259nl\u0259rl\u0259 m\u00fczakir\u0259l\u0259r aparmaq , fak\u00fclt\u0259 TEC \u00fczvl\u0259ri il\u0259 m\u00fcnt\u0259z\u0259m elmi seminarlar ke\u00e7irm\u0259k , fak\u00fclt\u0259 daxili v\u0259 fak\u00fclt\u0259 xarici m\u00fcxt\u0259lif m\u00fcnt\u0259z\u0259m\u00a0 bilik yar\u0131\u015flar\u0131n\u0131 ke\u00e7irm\u0259k , planla\u015fd\u0131r\u0131lm\u0131\u015f i\u015fl\u0259r v\u0259\u00a0 onlar\u0131n icras\u0131na n\u0259zar\u0259t etm\u0259k kimi m\u0259s\u0259l\u0259l\u0259r a\u00e7\u0131qlanm\u0131\u015fd\u0131r.<\/p>\n<p>Ham\u0131ya m\u0259lumdur ki,\u00a0 TEC\u2013in \u0259sas v\u0259zif\u0259l\u0259rind\u0259n biri t\u0259l\u0259b\u0259l\u0259rin elmi t\u0259dqiqat i\u015fl\u0259rinin \u00fcz\u0259 \u00e7\u0131xar\u0131lmas\u0131n\u0131 t\u0259min etm\u0259kd\u0259n ibar\u0259tdir.<\/p>\n<p>Fak\u00fclt\u0259 T\u0259l\u0259b\u0259 Elmi C\u0259miyy\u0259tinin yerin\u0259 yetirdiyi i\u015fl\u0259r s\u0131ras\u0131nda universitet\u00a0 v\u0259 fak\u00fclt\u0259 daxilind\u0259 h\u0259yata ke\u00e7iril\u0259n ( bu yar\u0131\u015flar h\u0259r il h\u0259yata ke\u00e7irilir) ixtisas\u00a0 bilik yar\u0131\u015flar\u0131n\u0131n b\u00f6y\u00fck \u00f6n\u0259mi vard\u0131r. Ke\u00e7iril\u0259n bilik yar\u0131\u015flar\u0131nda \u0259sas m\u0259qs\u0259d t\u0259l\u0259b\u0259l\u0259rin elm\u0259 olan m\u00fcnasib\u0259tl\u0259rini bir daha\u00a0 d\u0259yi\u015fm\u0259k olmu\u015fdur. Bel\u0259 ki, ke\u00e7irilmi\u015f bilik yar\u0131\u015f\u0131nda fak\u00fclt\u0259nin \u0259n bilikli t\u0259l\u0259b\u0259l\u0259ri y\u00fcks\u0259k yerl\u0259r\u0259 layiq g\u00f6r\u00fclm\u00fc\u015fd\u00fcr. Onlara m\u00fckafatlar v\u0259 diplomlar t\u0259ltif\u00a0 olunmu\u015fdur.<\/p>\n<p>2023\/2024 \u2013 c\u00fc t\u0259dris ilind\u0259 d\u0259 t\u0259l\u0259b\u0259l\u0259rimiz Respublikada ke\u00e7iril\u0259n \u201cVergi\u201d olimpiadas\u0131nda i\u015ftirak etmi\u015fl\u0259r. T\u0259l\u0259b\u0259l\u0259rimizin orada g\u00f6st\u0259rdikl\u0259i n\u0259tic\u0259l\u0259r \u0259vv\u0259lki ill\u0259r\u0259 g\u00f6r\u0259 daha yax\u015f\u0131 olmu\u015fdur.<\/p>\n<p style=\"text-align: center;\"><strong><span style=\"color: #0000ff;\">G\u0259nc\u0259\u00a0 D\u00f6vl\u0259t\u00a0 Universiteti\u00a0 \u0130qtisadiyyat v\u0259 \u0130dar\u0259etm\u0259 fak\u00fclt\u0259si<\/span><\/strong><\/p>\n<p style=\"text-align: center;\"><strong><span style=\"color: #0000ff;\">T\u0259l\u0259b\u0259 Elmi C\u0259miyy\u0259tinin\u00a0 2024\/2025 \u2013 ci\u00a0 ill\u0259r \u00fc\u00e7\u00fcn<\/span><\/strong><\/p>\n<h2 style=\"text-align: center;\"><span style=\"color: #ff0000;\">\u0130\u015e PLANI<\/span><\/h2>\n<table style=\"height: 1069px;\" width=\"597\">\n<tbody>\n<tr>\n<td width=\"76\"><span style=\"color: #008000;\"><strong>S\u0131ra \u2116 si<\/strong><\/span><\/td>\n<td width=\"289\"><span style=\"color: #008000;\"><strong>G\u00f6r\u00fcl\u0259c\u0259k i\u015fl\u0259rin q\u0131sa m\u0259zmunu<\/strong><\/span><\/td>\n<td width=\"129\"><span style=\"color: #008000;\"><strong>Icra vaxt\u0131<\/strong><\/span><\/td>\n<td width=\"151\"><span style=\"color: #008000;\"><strong>Icraya m\u0259sul \u015f\u0259xs<\/strong><\/span><\/td>\n<\/tr>\n<tr>\n<td width=\"76\"><span style=\"color: #008000;\"><strong>1.<\/strong><\/span><\/td>\n<td width=\"289\"><span style=\"color: #008000;\"><strong>2.<\/strong><\/span><\/td>\n<td width=\"129\"><span style=\"color: #008000;\"><strong>3.<\/strong><\/span><\/td>\n<td width=\"151\"><span style=\"color: #008000;\"><strong>4.<\/strong><\/span><\/td>\n<\/tr>\n<tr>\n<td width=\"76\"><span style=\"color: #008000;\"><strong>1.<\/strong><\/span><\/td>\n<td width=\"289\"><span style=\"color: #008000;\"><strong>Fak\u00fclt\u0259 \u00fczr\u0259\u00a0 TEC \u2013 in yeni hey\u0259tinin se\u00e7kisi<\/strong><\/span><span style=\"color: #008000;\"><strong>\u00a0<\/strong><\/span><\/td>\n<td width=\"129\"><span style=\"color: #008000;\"><strong>noyabr\u00a0 2024<\/strong><\/span><\/td>\n<td width=\"151\"><span style=\"color: #008000;\"><strong>Fakult\u0259 dekan\u0131 , fak. TEC -in s\u0259dri<\/strong><\/span><\/td>\n<\/tr>\n<tr>\n<td width=\"76\"><span style=\"color: #008000;\"><strong>2.<\/strong><\/span><\/td>\n<td width=\"289\"><span style=\"color: #008000;\"><strong>Fakult\u0259nin \u0130qtisadiyyat v\u0259 \u0130dar\u0259etm\u0259 kafedralar\u0131n\u0131 TEC x\u0259tti il\u0259 apar\u0131lan i\u015fl\u0259r\u0259 c\u0259lb edilm\u0259sinin g\u00fccl\u0259ndirilm\u0259si<\/strong><\/span><\/td>\n<td width=\"129\"><span style=\"color: #008000;\"><b>il \u0259rzind\u0259<\/b><\/span><\/td>\n<td width=\"151\"><span style=\"color: #008000;\"><strong>Fak. Elmi \u015furas\u0131,TEC s\u0259dri<\/strong><\/span><\/td>\n<\/tr>\n<tr>\n<td width=\"76\"><span style=\"color: #008000;\"><strong>3.<\/strong><\/span><\/td>\n<td width=\"289\"><span style=\"color: #008000;\"><strong>T\u0259l\u0259b\u0259 v\u0259 magistrantlar il\u0259 onlar\u0131n r\u0259hb\u0259rl\u0259ri aras\u0131nda elmi aktiv i\u015f m\u00fchitini geni\u015fl\u0259ndirm\u0259k<\/strong><\/span><\/td>\n<td width=\"129\"><span style=\"color: #008000;\"><strong>Il \u0259rzind\u0259<\/strong><\/span><\/td>\n<td width=\"151\"><span style=\"color: #008000;\"><strong>Kaf . m\u00fcdirl\u0259ri, fakult\u0259 TEC s\u0259dri , elmi r\u0259hb\u0259rl\u0259r<\/strong><\/span><\/td>\n<\/tr>\n<tr>\n<td width=\"76\"><span style=\"color: #008000;\"><strong>4.<\/strong><\/span><\/td>\n<td width=\"289\"><span style=\"color: #008000;\"><strong>T\u0259l\u0259b\u0259 v\u0259 magistrl\u0259rin , g\u0259nc t\u0259dqiqat\u00e7\u0131lar\u0131n elmi- t\u0259dqiqat i\u015fl\u0259rinin v\u0259 onlar\u0131n r\u0259hb\u0259rl\u0259rinin m\u00fc\u0259yy\u0259nl\u0259\u015fdirilm\u0259si v\u0259 onlar\u0131n gedi\u015fat\u0131na n\u0259zar\u0259t etm\u0259k<\/strong><\/span><\/td>\n<td width=\"129\"><span style=\"color: #008000;\"><strong>Noyabr\u00a0 &#8211; Dekabr<\/strong><\/span><span style=\"color: #008000;\"><strong>2024<\/strong><\/span><\/td>\n<td width=\"151\"><span style=\"color: #008000;\"><strong>Kaf . m\u00fcdirl\u0259ri, fakult\u0259 TEC s\u0259dri , elmi r\u0259hb\u0259rl\u0259r, TEC \u2013in \u00fczvl\u0259ri<\/strong><\/span><\/td>\n<\/tr>\n<tr>\n<td width=\"76\"><span style=\"color: #008000;\"><strong>5.<\/strong><\/span><\/td>\n<td width=\"289\"><span style=\"color: #008000;\"><strong>T\u0259l\u0259b\u0259l\u0259rin elmi m\u0259qal\u0259l\u0259rinin ha z\u0131rlanmmas\u0131nda\u00a0 onlara yax\u0131ndan k\u00f6m\u0259k etm\u0259k v\u0259 h\u0259min m\u0259qal\u0259l\u0259rin g\u0259nc t\u0259dqiqat\u00e7\u0131lar\u0131n elmi m\u0259qal\u0259l\u0259ri toplusunda n\u0259\u015frin\u0259 nail olmaq<\/strong><\/span><\/td>\n<td width=\"129\"><span style=\"color: #008000;\"><strong>Dekabr 2024,<\/strong><\/span><span style=\"color: #008000;\"><strong>Aprel 2025<\/strong><\/span><\/td>\n<td width=\"151\"><span style=\"color: #008000;\"><strong>Universitet TEC nin\u00a0 s\u0259dri, elmi hiss\u0259 , TEC s\u0259dri<\/strong><\/span><\/td>\n<\/tr>\n<tr>\n<td width=\"76\"><span style=\"color: #008000;\"><strong>6.<\/strong><\/span><\/td>\n<td width=\"289\"><span style=\"color: #008000;\"><strong>\u00a0Universitet v\u0259 fakult\u0259 daxilind\u0259 konfranslar t\u0259\u015fkil etm\u0259k,\u00a0 rayon, \u015f\u0259h\u0259r v\u0259 Respublika daxillind\u0259 ke\u00e7iril\u0259c\u0259k elmi konfraslarda i\u015ftirak etm\u0259k<\/strong><\/span><\/td>\n<td width=\"129\"><span style=\"color: #008000;\"><strong>Il \u0259rzind\u0259, (mart 2024-c\u00fc ild\u0259 )<\/strong><\/span><\/td>\n<td width=\"151\"><span style=\"color: #008000;\"><strong>TEC \u2013in \u00fczvl\u0259ri,<\/strong><\/span><span style=\"color: #008000;\"><strong>TEC s\u0259dri, elmi hiss\u0259<\/strong><\/span><\/td>\n<\/tr>\n<tr>\n<td width=\"76\"><span style=\"color: #008000;\"><strong>7.<\/strong><\/span><\/td>\n<td width=\"289\"><span style=\"color: #008000;\"><strong>\u00a0Fakut\u0259 daxilind\u0259 v\u0259 Universitet s\u0259viyy\u0259sind\u0259\u00a0 ke\u00e7iril\u0259c\u0259k bilik yar\u0131\u015flar\u0131n\u0131, olimpiadalar\u0131 t\u0259\u015fkil etm\u0259k v\u0259 orada yax\u015f\u0131 t\u0259msil olunmaq<\/strong><\/span><\/td>\n<td width=\"129\"><span style=\"color: #008000;\"><strong>Aprel \u2013 May 2025<\/strong><\/span><\/td>\n<td width=\"151\"><span style=\"color: #008000;\"><strong>TEC s\u0259dri, TEC \u2013in \u00fczvl\u0259ri, fak. Dekanl\u0131\u011f\u0131<\/strong><\/span><\/td>\n<\/tr>\n<\/tbody>\n<\/table>\n<table style=\"height: 241px;\" width=\"594\">\n<tbody>\n<tr>\n<td width=\"55\"><span style=\"color: #008000;\"><strong>8.<\/strong><\/span><\/td>\n<td width=\"261\"><span style=\"color: #008000;\"><strong>Fakult\u0259 TEC \u2013 nin i\u015ftirak\u0131 il\u0259 daim\u00a0 elmi seminarlar ke\u00e7irm\u0259k<\/strong><\/span><\/td>\n<td width=\"158\"><span style=\"color: #008000;\"><strong>H\u0259r t\u0259dris ilinin I v\u0259 II yar\u0131s\u0131nda az\u0131 bir d\u0259f\u0259<\/strong><\/span><\/td>\n<td width=\"158\"><span style=\"color: #008000;\"><strong>Kafedralar, TEC s\u0259dri<\/strong><\/span><\/td>\n<\/tr>\n<tr>\n<td width=\"55\"><span style=\"color: #008000;\"><strong>9.<\/strong><\/span><\/td>\n<td width=\"261\"><span style=\"color: #008000;\"><strong>TEC \u2013in f\u0259aliyy\u0259ti bar\u0259d\u0259 fakult\u0259 dekanl\u0131\u011f\u0131na , Universitet TEC \u2013 nin s\u0259drin\u0259 m\u00fcnt\u0259z\u0259m hesabat verm\u0259k<\/strong><\/span><\/td>\n<td width=\"158\"><span style=\"color: #008000;\"><strong>Dekabr \u2013 yanvar 2024, may \u2013 iyun 2025<\/strong><\/span><\/td>\n<td width=\"158\"><span style=\"color: #008000;\"><strong>TEC \u2013in \u00fczvl\u0259ri,<\/strong><\/span><span style=\"color: #008000;\"><strong>TEC \u00fczvl\u0259ri<\/strong><\/span><\/td>\n<\/tr>\n<\/tbody>\n<\/table>\n<h4><\/h4>\n","protected":false},"excerpt":{"rendered":"<p>M\u0259lumdur ki, \u201c \u0130qtisadiyyat v\u0259 idar\u0259etm\u0259 \u201c fak\u00fclt\u0259sind\u0259 t\u0259l\u0259b\u0259l\u0259rin elmi d\u00fcnya g\u00f6r\u00fc\u015fl\u0259rinin art\u0131r\u0131lmas\u0131 \u00f6nd\u0259 duran m\u0259s\u0259l\u0259l\u0259rd\u0259nir. Fakult\u0259 daxilind\u0259 f\u0259aliyy\u0259t g\u00f6st\u0259r\u0259n T\u0259l\u0259b\u0259 Elmi C\u0259miyy\u0259ti d\u0259 bu s\u0259pgid\u0259 g\u00f6r\u00fcl\u0259n i\u015fl\u0259r\u0259 yax\u0131ndan k\u00f6m\u0259k edir. H\u0259r t\u0259dris ilind\u0259 oldu\u011fu kimi cari t\u0259dris ilind\u0259 d\u0259 TEC \u2013 in i\u015f plan\u0131 v\u0259 t\u0259l\u0259b\u0259l\u0259rl\u0259 \u0259laq\u0259l\u0259rin g\u00fccl\u0259ndirilm\u0259si kimi m\u0259s\u0259l\u0259l\u0259rin h\u0259llin\u0259 bax\u0131lm\u0131\u015fd\u0131r.\u00a0 TEC\u00a0 t\u0259l\u0259b\u0259l\u0259ri [&hellip;]<\/p>\n","protected":false},"author":6,"featured_media":6454,"parent":0,"menu_order":0,"comment_status":"closed","ping_status":"closed","template":"","meta":{"footnotes":""},"categories":[20],"tags":[],"class_list":["post-734","page","type-page","status-publish","has-post-thumbnail","hentry","category-fakult-haqqinda"],"_links":{"self":[{"href":"https:\/\/iif.gdu.edu.az\/index.php?rest_route=\/wp\/v2\/pages\/734","targetHints":{"allow":["GET"]}}],"collection":[{"href":"https:\/\/iif.gdu.edu.az\/index.php?rest_route=\/wp\/v2\/pages"}],"about":[{"href":"https:\/\/iif.gdu.edu.az\/index.php?rest_route=\/wp\/v2\/types\/page"}],"author":[{"embeddable":true,"href":"https:\/\/iif.gdu.edu.az\/index.php?rest_route=\/wp\/v2\/users\/6"}],"replies":[{"embeddable":true,"href":"https:\/\/iif.gdu.edu.az\/index.php?rest_route=%2Fwp%2Fv2%2Fcomments&post=734"}],"version-history":[{"count":10,"href":"https:\/\/iif.gdu.edu.az\/index.php?rest_route=\/wp\/v2\/pages\/734\/revisions"}],"predecessor-version":[{"id":12487,"href":"https:\/\/iif.gdu.edu.az\/index.php?rest_route=\/wp\/v2\/pages\/734\/revisions\/12487"}],"wp:featuredmedia":[{"embeddable":true,"href":"https:\/\/iif.gdu.edu.az\/index.php?rest_route=\/wp\/v2\/media\/6454"}],"wp:attachment":[{"href":"https:\/\/iif.gdu.edu.az\/index.php?rest_route=%2Fwp%2Fv2%2Fmedia&parent=734"}],"wp:term":[{"taxonomy":"category","embeddable":true,"href":"https:\/\/iif.gdu.edu.az\/index.php?rest_route=%2Fwp%2Fv2%2Fcategories&post=734"},{"taxonomy":"post_tag","embeddable":true,"href":"https:\/\/iif.gdu.edu.az\/index.php?rest_route=%2Fwp%2Fv2%2Ftags&post=734"}],"curies":[{"name":"wp","href":"https:\/\/api.w.org\/{rel}","templated":true}]}}