{"id":9183,"date":"2025-10-24T08:12:58","date_gmt":"2025-10-24T06:12:58","guid":{"rendered":"http:\/\/iif.gdu.edu.az\/?page_id=9183"},"modified":"2025-10-24T08:12:58","modified_gmt":"2025-10-24T06:12:58","slug":"satisin-idar%c9%99-edilm%c9%99si","status":"publish","type":"page","link":"https:\/\/iif.gdu.edu.az\/?page_id=9183","title":{"rendered":"Sat\u0131\u015f\u0131n idar\u0259 edilm\u0259si"},"content":{"rendered":"\n<div class=\"wp-block-file\"><a href=\"https:\/\/iif.gdu.edu.az\/wp-content\/uploads\/2025\/10\/muhazire-1.pdf\">muhazire-1<\/a><\/div>\n\n\n\n<div class=\"wp-block-file\"><a href=\"https:\/\/iif.gdu.edu.az\/wp-content\/uploads\/2025\/10\/muhazir\u0259-2.pdf\">muhazir\u0259-2<\/a><\/div>\n\n\n\n<div class=\"wp-block-file\"><a href=\"https:\/\/iif.gdu.edu.az\/wp-content\/uploads\/2025\/10\/muhazir\u0259-3.pdf\">muhazir\u0259-3<\/a><\/div>\n\n\n\n<div class=\"wp-block-file\"><a href=\"https:\/\/iif.gdu.edu.az\/wp-content\/uploads\/2025\/10\/muhazir\u0259-4.pdf\">muhazir\u0259-4<\/a><\/div>\n\n\n\n<div class=\"wp-block-file\"><a href=\"https:\/\/iif.gdu.edu.az\/wp-content\/uploads\/2025\/10\/muhazir\u0259-5.pdf\">muhazir\u0259-5<\/a><\/div>\n\n\n\n<div class=\"wp-block-file\"><a href=\"https:\/\/iif.gdu.edu.az\/wp-content\/uploads\/2025\/10\/muhazir\u0259-6.pdf\">muhazir\u0259-6<\/a><\/div>\n\n\n\n<div class=\"wp-block-file\"><a href=\"https:\/\/iif.gdu.edu.az\/wp-content\/uploads\/2025\/10\/muhazir\u0259-7.pdf\">muhazir\u0259-7<\/a><\/div>\n\n\n\n<div class=\"wp-block-file\"><a href=\"https:\/\/iif.gdu.edu.az\/wp-content\/uploads\/2025\/10\/muhazir\u0259-8.pdf\">muhazir\u0259-8<\/a><\/div>\n\n\n\n<div class=\"wp-block-file\"><a href=\"https:\/\/iif.gdu.edu.az\/wp-content\/uploads\/2025\/10\/muhazir\u0259-9.pdf\">muhazir\u0259-9<\/a><\/div>\n\n\n\n<div class=\"wp-block-file\"><a href=\"https:\/\/iif.gdu.edu.az\/wp-content\/uploads\/2025\/10\/muhazir\u0259-10.pdf\">muhazir\u0259-10<\/a><\/div>\n\n\n\n<div class=\"wp-block-file\"><a href=\"https:\/\/iif.gdu.edu.az\/wp-content\/uploads\/2025\/10\/muhazir\u0259-11.pdf\">muhazir\u0259-11<\/a><\/div>\n\n\n\n<div class=\"wp-block-file\"><a href=\"https:\/\/iif.gdu.edu.az\/wp-content\/uploads\/2025\/10\/muhazir\u0259-12.pdf\">muhazir\u0259-12<\/a><\/div>\n\n\n\n<div class=\"wp-block-file\"><a href=\"https:\/\/iif.gdu.edu.az\/wp-content\/uploads\/2025\/10\/muhazir\u0259-13.pdf\">muhazir\u0259-13<\/a><\/div>\n\n\n\n<div class=\"wp-block-file\"><a href=\"https:\/\/iif.gdu.edu.az\/wp-content\/uploads\/2025\/10\/muhazir\u0259-14.pdf\">muhazir\u0259-14<\/a><\/div>\n\n\n\n<div class=\"wp-block-file\"><a href=\"https:\/\/iif.gdu.edu.az\/wp-content\/uploads\/2025\/10\/muhazir\u0259-15.pdf\">muhazir\u0259-15<\/a><\/div>\n","protected":false},"excerpt":{"rendered":"","protected":false},"author":7,"featured_media":0,"parent":0,"menu_order":0,"comment_status":"closed","ping_status":"closed","template":"","meta":{"footnotes":""},"categories":[],"tags":[],"class_list":["post-9183","page","type-page","status-publish","hentry"],"_links":{"self":[{"href":"https:\/\/iif.gdu.edu.az\/index.php?rest_route=\/wp\/v2\/pages\/9183","targetHints":{"allow":["GET"]}}],"collection":[{"href":"https:\/\/iif.gdu.edu.az\/index.php?rest_route=\/wp\/v2\/pages"}],"about":[{"href":"https:\/\/iif.gdu.edu.az\/index.php?rest_route=\/wp\/v2\/types\/page"}],"author":[{"embeddable":true,"href":"https:\/\/iif.gdu.edu.az\/index.php?rest_route=\/wp\/v2\/users\/7"}],"replies":[{"embeddable":true,"href":"https:\/\/iif.gdu.edu.az\/index.php?rest_route=%2Fwp%2Fv2%2Fcomments&post=9183"}],"version-history":[{"count":1,"href":"https:\/\/iif.gdu.edu.az\/index.php?rest_route=\/wp\/v2\/pages\/9183\/revisions"}],"predecessor-version":[{"id":9201,"href":"https:\/\/iif.gdu.edu.az\/index.php?rest_route=\/wp\/v2\/pages\/9183\/revisions\/9201"}],"wp:attachment":[{"href":"https:\/\/iif.gdu.edu.az\/index.php?rest_route=%2Fwp%2Fv2%2Fmedia&parent=9183"}],"wp:term":[{"taxonomy":"category","embeddable":true,"href":"https:\/\/iif.gdu.edu.az\/index.php?rest_route=%2Fwp%2Fv2%2Fcategories&post=9183"},{"taxonomy":"post_tag","embeddable":true,"href":"https:\/\/iif.gdu.edu.az\/index.php?rest_route=%2Fwp%2Fv2%2Ftags&post=9183"}],"curies":[{"name":"wp","href":"https:\/\/api.w.org\/{rel}","templated":true}]}}