{"id":9323,"date":"2025-10-24T09:33:53","date_gmt":"2025-10-24T07:33:53","guid":{"rendered":"http:\/\/iif.gdu.edu.az\/?page_id=9323"},"modified":"2025-10-24T09:33:54","modified_gmt":"2025-10-24T07:33:54","slug":"turizm-diyarsunasliq-isind%c9%99-b%c9%99l%c9%99dcilik","status":"publish","type":"page","link":"https:\/\/iif.gdu.edu.az\/?page_id=9323","title":{"rendered":"Turizm diyar\u015f\u00fcnasl\u0131q i\u015find\u0259 b\u0259l\u0259d\u00e7ilik"},"content":{"rendered":"\n<div class=\"wp-block-file\"><a href=\"https:\/\/iif.gdu.edu.az\/wp-content\/uploads\/2025\/10\/M1.Turizm-diyar\u015f\u00fcnasl\u0131\u011f\u0131na-giri\u015f.pdf\">M1.Turizm-diyar\u015f\u00fcnasl\u0131\u011f\u0131na-giri\u015f<\/a><\/div>\n\n\n\n<div class=\"wp-block-file\"><a href=\"https:\/\/iif.gdu.edu.az\/wp-content\/uploads\/2025\/10\/M2.Diyar\u015f\u00fcnasl\u0131q-ara\u015fd\u0131rmalar\u0131n\u0131n-\u0259sas-metodlar\u0131.pdf\">M2.Diyar\u015f\u00fcnasl\u0131q-ara\u015fd\u0131rmalar\u0131n\u0131n-\u0259sas-metodlar\u0131<\/a><\/div>\n\n\n\n<div class=\"wp-block-file\"><a href=\"https:\/\/iif.gdu.edu.az\/wp-content\/uploads\/2025\/10\/M3.Diyar\u015f\u00fcnasl\u0131\u011f\u0131n-turizmd\u0259-yeri-v\u0259-\u0259h\u0259miyy\u0259ti.pdf\">M3.Diyar\u015f\u00fcnasl\u0131\u011f\u0131n-turizmd\u0259-yeri-v\u0259-\u0259h\u0259miyy\u0259ti<\/a><\/div>\n\n\n\n<div class=\"wp-block-file\"><a href=\"https:\/\/iif.gdu.edu.az\/wp-content\/uploads\/2025\/10\/M4.B\u0259l\u0259d\u00e7iliyin-Tarixi-v\u0259-inki\u015faf-m\u0259rh\u0259l\u0259l\u0259ri.pdf\">M4.B\u0259l\u0259d\u00e7iliyin-Tarixi-v\u0259-inki\u015faf-m\u0259rh\u0259l\u0259l\u0259ri<\/a><\/div>\n\n\n\n<div class=\"wp-block-file\"><a href=\"https:\/\/iif.gdu.edu.az\/wp-content\/uploads\/2025\/10\/M5.Az\u0259rbaycanda-b\u0259l\u0259d\u00e7iliyin-formala\u015fmas\u0131.pdf\">M5.Az\u0259rbaycanda-b\u0259l\u0259d\u00e7iliyin-formala\u015fmas\u0131<\/a><\/div>\n\n\n\n<div class=\"wp-block-file\"><a href=\"https:\/\/iif.gdu.edu.az\/wp-content\/uploads\/2025\/10\/M6.Turizmd\u0259-b\u0259l\u0259d\u00e7inin-rolu-v\u0259-v\u0259zif\u0259l\u0259ri.pdf\">M6.Turizmd\u0259-b\u0259l\u0259d\u00e7inin-rolu-v\u0259-v\u0259zif\u0259l\u0259ri<\/a><\/div>\n\n\n\n<div class=\"wp-block-file\"><a href=\"https:\/\/iif.gdu.edu.az\/wp-content\/uploads\/2025\/10\/M7.Turizm-Mar\u015frutlar\u0131n-planla\u015fd\u0131r\u0131lmas\u0131-v\u0259-haz\u0131rlanmas\u0131.pdf\">M7.Turizm-Mar\u015frutlar\u0131n-planla\u015fd\u0131r\u0131lmas\u0131-v\u0259-haz\u0131rlanmas\u0131<\/a><\/div>\n\n\n\n<div class=\"wp-block-file\"><a href=\"https:\/\/iif.gdu.edu.az\/wp-content\/uploads\/2025\/10\/M8.ekskursiya-proqramlar\u0131n\u0131n-haz\u0131rlanmas\u0131.pdf\">M8.ekskursiya-proqramlar\u0131n\u0131n-haz\u0131rlanmas\u0131<\/a><\/div>\n\n\n\n<div class=\"wp-block-file\"><a href=\"https:\/\/iif.gdu.edu.az\/wp-content\/uploads\/2025\/10\/M9.B\u0259l\u0259d\u00e7inin-\u00fcnsiyy\u0259t-v\u0259-t\u0259qdimat-bacar\u0131qlar\u0131.pdf\">M9.B\u0259l\u0259d\u00e7inin-\u00fcnsiyy\u0259t-v\u0259-t\u0259qdimat-bacar\u0131qlar\u0131<\/a><\/div>\n\n\n\n<div class=\"wp-block-file\"><a href=\"https:\/\/iif.gdu.edu.az\/wp-content\/uploads\/2025\/10\/M10.B\u0259l\u0259d\u00e7inin-etikas\u0131-v\u0259-pe\u015f\u0259-davran\u0131\u015f\u0131.pdf\">M10.B\u0259l\u0259d\u00e7inin-etikas\u0131-v\u0259-pe\u015f\u0259-davran\u0131\u015f\u0131<\/a><\/div>\n\n\n\n<div class=\"wp-block-file\"><a href=\"https:\/\/iif.gdu.edu.az\/wp-content\/uploads\/2025\/10\/M11.Tarixi-v\u0259-m\u0259d\u0259ni-irsin-tan\u0131d\u0131lmas\u0131.pdf\">M11.Tarixi-v\u0259-m\u0259d\u0259ni-irsin-tan\u0131d\u0131lmas\u0131<\/a><\/div>\n\n\n\n<div class=\"wp-block-file\"><a href=\"https:\/\/iif.gdu.edu.az\/wp-content\/uploads\/2025\/10\/M12.T\u0259bi\u0259t-v\u0259-ekoturizm-ekskursiyalar\u0131.pdf\">M12.T\u0259bi\u0259t-v\u0259-ekoturizm-ekskursiyalar\u0131<\/a><\/div>\n\n\n\n<div class=\"wp-block-file\"><a href=\"https:\/\/iif.gdu.edu.az\/wp-content\/uploads\/2025\/10\/M13.Tematik-v\u0259-ixtisasla\u015fm\u0131\u015f-ekskursiyalar.pdf\">M13.Tematik-v\u0259-ixtisasla\u015fm\u0131\u015f-ekskursiyalar<\/a><\/div>\n\n\n\n<div class=\"wp-block-file\"><a href=\"https:\/\/iif.gdu.edu.az\/wp-content\/uploads\/2025\/10\/M14.R\u0259q\u0259msal-texnologiya-v\u0259-b\u0259l\u0259d\u00e7ilik.pdf\">M14.R\u0259q\u0259msal-texnologiya-v\u0259-b\u0259l\u0259d\u00e7ilik<\/a><\/div>\n\n\n\n<div class=\"wp-block-file\"><a href=\"https:\/\/iif.gdu.edu.az\/wp-content\/uploads\/2025\/10\/M15.Turizmd\u0259-T\u0259hl\u00fck\u0259sizlik-v\u0259-riskl\u0259rin-idar\u0259-olunmas\u0131.pdf\">M15.Turizmd\u0259-T\u0259hl\u00fck\u0259sizlik-v\u0259-riskl\u0259rin-idar\u0259-olunmas\u0131<\/a><\/div>\n","protected":false},"excerpt":{"rendered":"","protected":false},"author":7,"featured_media":0,"parent":0,"menu_order":0,"comment_status":"closed","ping_status":"closed","template":"","meta":{"footnotes":""},"categories":[],"tags":[],"class_list":["post-9323","page","type-page","status-publish","hentry"],"_links":{"self":[{"href":"https:\/\/iif.gdu.edu.az\/index.php?rest_route=\/wp\/v2\/pages\/9323","targetHints":{"allow":["GET"]}}],"collection":[{"href":"https:\/\/iif.gdu.edu.az\/index.php?rest_route=\/wp\/v2\/pages"}],"about":[{"href":"https:\/\/iif.gdu.edu.az\/index.php?rest_route=\/wp\/v2\/types\/page"}],"author":[{"embeddable":true,"href":"https:\/\/iif.gdu.edu.az\/index.php?rest_route=\/wp\/v2\/users\/7"}],"replies":[{"embeddable":true,"href":"https:\/\/iif.gdu.edu.az\/index.php?rest_route=%2Fwp%2Fv2%2Fcomments&post=9323"}],"version-history":[{"count":1,"href":"https:\/\/iif.gdu.edu.az\/index.php?rest_route=\/wp\/v2\/pages\/9323\/revisions"}],"predecessor-version":[{"id":9342,"href":"https:\/\/iif.gdu.edu.az\/index.php?rest_route=\/wp\/v2\/pages\/9323\/revisions\/9342"}],"wp:attachment":[{"href":"https:\/\/iif.gdu.edu.az\/index.php?rest_route=%2Fwp%2Fv2%2Fmedia&parent=9323"}],"wp:term":[{"taxonomy":"category","embeddable":true,"href":"https:\/\/iif.gdu.edu.az\/index.php?rest_route=%2Fwp%2Fv2%2Fcategories&post=9323"},{"taxonomy":"post_tag","embeddable":true,"href":"https:\/\/iif.gdu.edu.az\/index.php?rest_route=%2Fwp%2Fv2%2Ftags&post=9323"}],"curies":[{"name":"wp","href":"https:\/\/api.w.org\/{rel}","templated":true}]}}