{"id":9502,"date":"2025-10-24T10:23:56","date_gmt":"2025-10-24T08:23:56","guid":{"rendered":"http:\/\/iif.gdu.edu.az\/?page_id=9502"},"modified":"2025-10-24T10:23:58","modified_gmt":"2025-10-24T08:23:58","slug":"turizm%c9%99-giris","status":"publish","type":"page","link":"https:\/\/iif.gdu.edu.az\/?page_id=9502","title":{"rendered":"Turizm\u0259 giri\u015f"},"content":{"rendered":"\n<div class=\"wp-block-file\"><a href=\"https:\/\/iif.gdu.edu.az\/wp-content\/uploads\/2025\/10\/M\u00d6VZU-1.Giri\u015f.-Turizmd\u0259-\u0259sas-termin-v\u0259-anlay\u0131\u015flar..pdf\">M\u00d6VZU-1.Giri\u015f.-Turizmd\u0259-\u0259sas-termin-v\u0259-anlay\u0131\u015flar.<\/a><\/div>\n\n\n\n<div class=\"wp-block-file\"><a href=\"https:\/\/iif.gdu.edu.az\/wp-content\/uploads\/2025\/10\/M\u00d6VZU-2.-Qonaqp\u0259rv\u0259rlik-anlay\u0131\u015f\u0131.-Turizmin-\u2014-\u043a\u043e\u043f\u0438\u044f.pdf\">M\u00d6VZU-2.-Qonaqp\u0259rv\u0259rlik-anlay\u0131\u015f\u0131.-Turizmin-\u2014-\u043a\u043e\u043f\u0438\u044f<\/a><\/div>\n\n\n\n<div class=\"wp-block-file\"><a href=\"https:\/\/iif.gdu.edu.az\/wp-content\/uploads\/2025\/10\/M\u00f6vzu-3.M\u00fcxt\u0259lif-amill\u0259rin-qonaqp\u0259rv\u0259rlik-v\u0259-turizm-maraqlarinin-formala\u015fmasinda-rolu.-\u043a\u043e\u043f\u0438\u044f-\u2014-\u043a\u043e\u043f\u0438\u044f.pdf\">M\u00f6vzu-3.M\u00fcxt\u0259lif-amill\u0259rin-qonaqp\u0259rv\u0259rlik-v\u0259-turizm-maraqlarinin-formala\u015fmasinda-rolu.-\u043a\u043e\u043f\u0438\u044f-\u2014-\u043a\u043e\u043f\u0438\u044f<\/a><\/div>\n\n\n\n<div class=\"wp-block-file\"><a href=\"https:\/\/iif.gdu.edu.az\/wp-content\/uploads\/2025\/10\/M\u00d6VZU-4.Turizmin-forma-v\u0259-n\u00f6vl\u0259ri..pdf\">M\u00d6VZU-4.Turizmin-forma-v\u0259-n\u00f6vl\u0259ri.<\/a><\/div>\n\n\n\n<div class=\"wp-block-file\"><a href=\"https:\/\/iif.gdu.edu.az\/wp-content\/uploads\/2025\/10\/M\u00d6VZU-5.Turizm-s\u0259nayesi-yerl\u0259\u015fm\u0259-m\u00fc\u0259ssis\u0259l\u0259ri.pdf\">M\u00d6VZU-5.Turizm-s\u0259nayesi-yerl\u0259\u015fm\u0259-m\u00fc\u0259ssis\u0259l\u0259ri<\/a><\/div>\n\n\n\n<div class=\"wp-block-file\"><a href=\"https:\/\/iif.gdu.edu.az\/wp-content\/uploads\/2025\/10\/M\u00f6vzu-6.Turizm-s\u0259nayesi-qidalanma-m\u00fc\u0259ssis\u0259l\u0259ri..pdf\">M\u00f6vzu-6.Turizm-s\u0259nayesi-qidalanma-m\u00fc\u0259ssis\u0259l\u0259ri.<\/a><\/div>\n\n\n\n<div class=\"wp-block-file\"><a href=\"https:\/\/iif.gdu.edu.az\/wp-content\/uploads\/2025\/10\/M\u00f6vzu-7.Turizm-s\u0259nayesi-n\u0259qliyyat-v\u0259-transfer-xidm\u0259tl\u0259ri-\u2014-\u043a\u043e\u043f\u0438\u044f.pdf\">M\u00f6vzu-7.Turizm-s\u0259nayesi-n\u0259qliyyat-v\u0259-transfer-xidm\u0259tl\u0259ri-\u2014-\u043a\u043e\u043f\u0438\u044f<\/a><\/div>\n\n\n\n<div class=\"wp-block-file\"><a href=\"https:\/\/iif.gdu.edu.az\/wp-content\/uploads\/2025\/10\/M\u00d6VZU-8.-Turizm-s\u0259nayesi-\u0259yl\u0259nc\u0259-i\u015fi.-\u2014-\u043a\u043e\u043f\u0438\u044f.pdf\">M\u00d6VZU-8.-Turizm-s\u0259nayesi-\u0259yl\u0259nc\u0259-i\u015fi.-\u2014-\u043a\u043e\u043f\u0438\u044f<\/a><\/div>\n\n\n\n<div class=\"wp-block-file\"><a href=\"https:\/\/iif.gdu.edu.az\/wp-content\/uploads\/2025\/10\/M\u00f6vzu-9.urizm-m\u00fc\u0259ssis\u0259l\u0259ri-v\u0259-turizm-t\u0259\u015fkilatlar\u0131.-\u2014-\u043a\u043e\u043f\u0438\u044f.pdf\">M\u00f6vzu-9.urizm-m\u00fc\u0259ssis\u0259l\u0259ri-v\u0259-turizm-t\u0259\u015fkilatlar\u0131.-\u2014-\u043a\u043e\u043f\u0438\u044f<\/a><\/div>\n\n\n\n<div class=\"wp-block-file\"><a href=\"https:\/\/iif.gdu.edu.az\/wp-content\/uploads\/2025\/10\/M\u00f6vzu-10.Turizm-m\u0259hsulu-v\u0259-onu-t\u0259\u015fkil-ed\u0259n-komponentl\u0259r.-\u2014-\u043a\u043e\u043f\u0438\u044f.pdf\">M\u00f6vzu-10.Turizm-m\u0259hsulu-v\u0259-onu-t\u0259\u015fkil-ed\u0259n-komponentl\u0259r.-\u2014-\u043a\u043e\u043f\u0438\u044f<\/a><\/div>\n\n\n\n<div class=\"wp-block-file\"><a href=\"https:\/\/iif.gdu.edu.az\/wp-content\/uploads\/2025\/10\/M\u00f6vzu-11.-Turlarin-formala\u015fmasi-v\u0259-mar\u015frutlarin-t\u0259rtibi-texnologiyasi-\u2014-\u043a\u043e\u043f\u0438\u044f.pdf\">M\u00f6vzu-11.-Turlarin-formala\u015fmasi-v\u0259-mar\u015frutlarin-t\u0259rtibi-texnologiyasi-\u2014-\u043a\u043e\u043f\u0438\u044f<\/a><\/div>\n\n\n\n<div class=\"wp-block-file\"><a href=\"https:\/\/iif.gdu.edu.az\/wp-content\/uploads\/2025\/10\/M\u00f6vzu-12.-Turizm-bazar\u0131-\u2014-\u043a\u043e\u043f\u0438\u044f.pdf\">M\u00f6vzu-12.-Turizm-bazar\u0131-\u2014-\u043a\u043e\u043f\u0438\u044f<\/a><\/div>\n\n\n\n<div class=\"wp-block-file\"><a href=\"https:\/\/iif.gdu.edu.az\/wp-content\/uploads\/2025\/10\/M\u00f6vzu-13.D\u00fcnya-iqtisadiyyatinda-turizmin-yeri-v\u0259-rolu.pdf\">M\u00f6vzu-13.D\u00fcnya-iqtisadiyyatinda-turizmin-yeri-v\u0259-rolu<\/a><\/div>\n\n\n\n<div class=\"wp-block-file\"><a href=\"https:\/\/iif.gdu.edu.az\/wp-content\/uploads\/2025\/10\/M\u00d6VZU-14.Turizmd\u0259-servis-xidm\u0259ti-s\u0259viyy\u0259l\u0259ri.pdf\">M\u00d6VZU-14.Turizmd\u0259-servis-xidm\u0259ti-s\u0259viyy\u0259l\u0259ri<\/a><\/div>\n\n\n\n<div class=\"wp-block-file\"><a href=\"https:\/\/iif.gdu.edu.az\/wp-content\/uploads\/2025\/10\/M\u00f6vzu-15.-Az\u0259rbaycan-Respublikasinda-turizmin-inki\u015faf-m\u0259rh\u0259l\u0259l\u0259ri.pdf\">M\u00f6vzu-15.-Az\u0259rbaycan-Respublikasinda-turizmin-inki\u015faf-m\u0259rh\u0259l\u0259l\u0259ri<\/a><\/div>\n","protected":false},"excerpt":{"rendered":"","protected":false},"author":7,"featured_media":0,"parent":0,"menu_order":0,"comment_status":"closed","ping_status":"closed","template":"","meta":{"footnotes":""},"categories":[],"tags":[],"class_list":["post-9502","page","type-page","status-publish","hentry"],"_links":{"self":[{"href":"https:\/\/iif.gdu.edu.az\/index.php?rest_route=\/wp\/v2\/pages\/9502","targetHints":{"allow":["GET"]}}],"collection":[{"href":"https:\/\/iif.gdu.edu.az\/index.php?rest_route=\/wp\/v2\/pages"}],"about":[{"href":"https:\/\/iif.gdu.edu.az\/index.php?rest_route=\/wp\/v2\/types\/page"}],"author":[{"embeddable":true,"href":"https:\/\/iif.gdu.edu.az\/index.php?rest_route=\/wp\/v2\/users\/7"}],"replies":[{"embeddable":true,"href":"https:\/\/iif.gdu.edu.az\/index.php?rest_route=%2Fwp%2Fv2%2Fcomments&post=9502"}],"version-history":[{"count":1,"href":"https:\/\/iif.gdu.edu.az\/index.php?rest_route=\/wp\/v2\/pages\/9502\/revisions"}],"predecessor-version":[{"id":9521,"href":"https:\/\/iif.gdu.edu.az\/index.php?rest_route=\/wp\/v2\/pages\/9502\/revisions\/9521"}],"wp:attachment":[{"href":"https:\/\/iif.gdu.edu.az\/index.php?rest_route=%2Fwp%2Fv2%2Fmedia&parent=9502"}],"wp:term":[{"taxonomy":"category","embeddable":true,"href":"https:\/\/iif.gdu.edu.az\/index.php?rest_route=%2Fwp%2Fv2%2Fcategories&post=9502"},{"taxonomy":"post_tag","embeddable":true,"href":"https:\/\/iif.gdu.edu.az\/index.php?rest_route=%2Fwp%2Fv2%2Ftags&post=9502"}],"curies":[{"name":"wp","href":"https:\/\/api.w.org\/{rel}","templated":true}]}}